{"id":9000,"date":"2025-02-12T16:34:52","date_gmt":"2025-02-12T16:34:52","guid":{"rendered":"https:\/\/lovelbeauty.mx\/microblading-playa-del-carmen\/"},"modified":"2026-02-15T22:15:31","modified_gmt":"2026-02-15T22:15:31","slug":"microblading-playa-del-carmen","status":"publish","type":"page","link":"https:\/\/lovelbeauty.mx\/de\/microblading-playa-del-carmen\/","title":{"rendered":"MICROBLADING"},"content":{"rendered":"\t\t<div data-elementor-type=\"wp-page\" data-elementor-id=\"9000\" class=\"elementor elementor-9000\">\n\t\t\t\t<div class=\"elementor-element elementor-element-1b5f904 e-flex e-con-boxed e-con e-parent\" data-id=\"1b5f904\" data-element_type=\"container\" data-settings=\"{&quot;background_background&quot;:&quot;classic&quot;}\">\n\t\t\t\t\t<div class=\"e-con-inner\">\n\t\t\t\t<div class=\"elementor-element elementor-element-de05e4a elementor-widget elementor-widget-heading\" data-id=\"de05e4a\" data-element_type=\"widget\" data-widget_type=\"heading.default\">\n\t\t\t\t<div class=\"elementor-widget-container\">\n\t\t\t\t\t<h1 class=\"elementor-heading-title elementor-size-default\">MICROBLADING IN PLAYA DEL CARMEN<\/h1>\t\t\t\t<\/div>\n\t\t\t\t<\/div>\n\t\t\t\t\t<\/div>\n\t\t\t\t<\/div>\n\t\t<div class=\"elementor-element elementor-element-494a75d e-flex e-con-boxed e-con e-parent\" data-id=\"494a75d\" data-element_type=\"container\">\n\t\t\t\t\t<div class=\"e-con-inner\">\n\t\t\t\t<div class=\"elementor-element elementor-element-ba63228 elementor-widget elementor-widget-text-editor\" data-id=\"ba63228\" data-element_type=\"widget\" data-widget_type=\"text-editor.default\">\n\t\t\t\t<div class=\"elementor-widget-container\">\n\t\t\t\t\t\t\t\t\t<p class=\"p1\">M\u00f6chtest du definierte und nat\u00fcrliche Augenbrauen mit <span class=\"s1\">Microblading in Playa del Carmen<\/span>? Bei LOVEL BEAUTY bieten wir dir erstklassige Ergebnisse, um deine nat\u00fcrliche Sch\u00f6nheit zu unterstreichen.<\/p>\n\n<h2 class=\"p1\">DEFINIERTE &#038; NAT\u00dcRLICHE AUGENBRAUEN \u2013 GANZ OHNE AUFWAND<\/h2>\n<p class=\"p1\"><span class=\"s1\">Microblading<\/span> ist die ideale L\u00f6sung f\u00fcr alle, die sich <span class=\"s1\">perfekt geformte Augenbrauen<\/span> mit einem nat\u00fcrlichen Finish w\u00fcnschen \u2013 ganz ohne t\u00e4gliches Nachzeichnen. Durch <span class=\"s1\">ultrafeine H\u00e4rchenzeichnung<\/span>, die echte Brauenhaare imitiert, entsteht ein <span class=\"s1\">individuelles Design<\/span>, das harmonisch zu deinem Gesicht passt und deine Ausstrahlung betont, ohne k\u00fcnstlich zu wirken. Im Gegensatz zu <span class=\"s1\">herk\u00f6mmlichen Augenbrauenstiften oder Pudern<\/span> erm\u00f6glicht diese <span class=\"s1\">semi-permanente<\/span> Technik, <span class=\"s1\">makellose Augenbrauen<\/span> \u00fcber Monate hinweg zu genie\u00dfen \u2013 mit Farbe und Form, die m\u00fchelos erhalten bleiben. Jeder einzelne Strich wird pr\u00e4zise gesetzt, um einen realistischen Effekt zu erzielen, abgestimmt auf deine Augenbrauenform und deinen pers\u00f6nlichen Stil.<\/p>\t\t\t\t\t\t\t\t<\/div>\n\t\t\t\t<\/div>\n\t\t\t\t<div class=\"elementor-element elementor-element-2b85ff1 elementor-widget elementor-widget-image\" data-id=\"2b85ff1\" data-element_type=\"widget\" data-widget_type=\"image.default\">\n\t\t\t\t<div class=\"elementor-widget-container\">\n\t\t\t\t\t\t\t\t\t\t\t\t\t\t\t<img decoding=\"async\" src=\"https:\/\/lovelbeauty.mx\/wp-content\/uploads\/elementor\/thumbs\/microblading-en-playa-del-carmen-r35ff63b8lls5mag0hymyw1nqn400ubt7axa37woso.webp\" title=\"Microblading en Playa del Carmen &#8211; LOVEL BEAUTY\" alt=\"Cejas dise\u00f1adas con microblading en Playa del Carmen\" loading=\"lazy\" \/>\t\t\t\t\t\t\t\t\t\t\t\t\t\t\t<\/div>\n\t\t\t\t<\/div>\n\t\t\t\t<div class=\"elementor-element elementor-element-00cd5c8 elementor-widget elementor-widget-text-editor\" data-id=\"00cd5c8\" data-element_type=\"widget\" data-widget_type=\"text-editor.default\">\n\t\t\t\t<div class=\"elementor-widget-container\">\n\t\t\t\t\t\t\t\t\t<h2 class=\"p3\">WARUM MICROBLADING?<b><\/b><\/h2>\n<p class=\"p1\">\u2714 <span class=\"s1\"><b>Individuell gestaltete Augenbrauen<\/b><\/span> \u2013 abgestimmt auf deine Gesichtsstruktur f\u00fcr ein harmonisches Design.<\/p>\n<p class=\"p1\">\u2714 <span class=\"s1\"><b>Kein t\u00e4gliches Nachzeichnen mehr<\/b><\/span> \u2013 spare Zeit und sieh vom ersten Moment an gepflegt aus.<\/p>\n<p class=\"p1\">\u2714 <span class=\"s1\"><b>Hyperrealistisches Ergebnis<\/b><\/span> mit feinen H\u00e4rchen, die nat\u00fcrliches Brauenhaar imitieren.<\/p>\n<p class=\"p1\">\u2714 <span class=\"s1\"><b>Haltbarkeit von 8 bis 24 Monaten<\/b><\/span>, abh\u00e4ngig von deinem Hauttyp und der Pflege.<\/p>\n<p class=\"p1\">\u2714 <span class=\"s1\"><b>Mehr Selbstvertrauen &#038; Komfort<\/b><\/span> \u2013 genie\u00dfe perfekt definierte Augenbrauen ganz ohne Aufwand.<\/p>\t\t\t\t\t\t\t\t<\/div>\n\t\t\t\t<\/div>\n\t\t\t\t<div class=\"elementor-element elementor-element-4dda8e2 content-align-center art-fadeIn art-anim animate__delay-1s elementor-widget elementor-widget-art-dark-button\" data-id=\"4dda8e2\" data-element_type=\"widget\" data-widget_type=\"art-dark-button.default\">\n\t\t\t\t<div class=\"elementor-widget-container\">\n\t\t\t\t\t\r\n                            <div class=\"art-widget-button art--aliment-center art--aliment-tablet- art--aliment-mobile-\">\r\n                        <a href=\"https:\/\/www.fresha.com\/es\/book-now\/bonita-home-studio-koy6vc12\/all-offer?share&pId=714609\"  rel=\"nofollow\" class=\"art-button art-button-dark\">Buche deinen Termin<\/a>\r\n                    <\/div>\r\n                    \r\n\r\n\r\n\t\t\t\t\t\t<\/div>\n\t\t\t\t<\/div>\n\t\t\t\t\t<\/div>\n\t\t\t\t<\/div>\n\t\t<div class=\"elementor-element elementor-element-32ef46f e-flex e-con-boxed e-con e-parent\" data-id=\"32ef46f\" data-element_type=\"container\">\n\t\t\t\t\t<div class=\"e-con-inner\">\n\t\t\t\t<div class=\"elementor-element elementor-element-53ed5b0 elementor-widget elementor-widget-text-editor\" data-id=\"53ed5b0\" data-element_type=\"widget\" data-widget_type=\"text-editor.default\">\n\t\t\t\t<div class=\"elementor-widget-container\">\n\t\t\t\t\t\t\t\t\t<h2 class=\"p1\">WACHE JEDEN TAG MIT PERFEKTEN AUGENBRAUEN AUF \u2013 DANK UNSEREM MICROBLADING IN PLAYA DEL CARMEN<b><\/b><\/h2>\n<p class=\"p4\">Du wirst das Ergebnis lieben! Vergiss das t\u00e4gliche Nachschminken und genie\u00dfe einen gepflegten Look von morgens bis abends.<\/p>\t\t\t\t\t\t\t\t<\/div>\n\t\t\t\t<\/div>\n\t\t\t\t\t<\/div>\n\t\t\t\t<\/div>\n\t\t<div class=\"elementor-element elementor-element-249c522 e-flex e-con-boxed e-con e-parent\" data-id=\"249c522\" data-element_type=\"container\">\n\t\t\t\t\t<div class=\"e-con-inner\">\n\t\t\t\t<div class=\"elementor-element elementor-element-52e4235 elementor-widget elementor-widget-text-editor\" data-id=\"52e4235\" data-element_type=\"widget\" data-widget_type=\"text-editor.default\">\n\t\t\t\t<div class=\"elementor-widget-container\">\n\t\t\t\t\t\t\t\t\t<strong>Erfahre mehr \u00fcber Micropigmentierung, den Ablauf, die Nachpflege und alle Vorteile<\/strong>\n<a class=\"small-button\" href=\"https:\/\/lovelbeauty.mx\/de\/micropigmentierung-in-playa-del-carmen\/\">hier<\/a>\n\n<style>\n    .small-button {\n        display: inline-block;\n        padding: 0px 12px;\n        font-size: 14px;\n        font-weight: bold;\n        color: white;\n        background-color: #000000; \/* Schwarz *\/\n        border-radius: 50px;\n        text-decoration: none;\n        transition: background 0.3s ease;\n    }\n    .small-button:hover {\n        background-color: #333333; \/* Etwas helleres Schwarz beim Hover *\/\n    }\n<\/style>\t\t\t\t\t\t\t\t<\/div>\n\t\t\t\t<\/div>\n\t\t\t\t\t<\/div>\n\t\t\t\t<\/div>\n\t\t<div class=\"elementor-element elementor-element-c3ebfbe e-flex e-con-boxed e-con e-parent\" data-id=\"c3ebfbe\" data-element_type=\"container\">\n\t\t\t\t\t<div class=\"e-con-inner\">\n\t\t\t\t<div class=\"elementor-element elementor-element-172dded elementor-widget elementor-widget-text-editor\" data-id=\"172dded\" data-element_type=\"widget\" data-widget_type=\"text-editor.default\">\n\t\t\t\t<div class=\"elementor-widget-container\">\n\t\t\t\t\t\t\t\t\t<p><strong>Microblading f\u00fcr Augenbrauen<\/strong> \u2013 $4700<\/p><p><strong>Nachbehandlung nach 1 Monat<\/strong> \u2013 $1700<\/p><p><strong>Auffrischung nach 1 Jahr<\/strong> \u2013 $2700<\/p><p><em>*Nachbehandlungen sind ausschlie\u00dflich f\u00fcr Kundinnen von LOVEL BEAUTY.<\/em><\/p>\t\t\t\t\t\t\t\t<\/div>\n\t\t\t\t<\/div>\n\t\t\t\t\t<\/div>\n\t\t\t\t<\/div>\n\t\t<div class=\"elementor-element elementor-element-ee4029b e-flex e-con-boxed e-con e-parent\" data-id=\"ee4029b\" data-element_type=\"container\">\n\t\t\t\t\t<div class=\"e-con-inner\">\n\t\t\t\t<div class=\"elementor-element elementor-element-ea628d1 content-align-center art-fadeIn art-anim animate__delay-1s elementor-widget elementor-widget-art-dark-button\" data-id=\"ea628d1\" data-element_type=\"widget\" data-widget_type=\"art-dark-button.default\">\n\t\t\t\t<div class=\"elementor-widget-container\">\n\t\t\t\t\t\r\n        \r\n                <div class=\"art-widget-button art--aliment-center art--aliment-tablet- art--aliment-mobile-\">\r\n                    <a href=\"https:\/\/lovelbeauty.mx\/menu-de-servicios\/\" class=\"art-button art-button-dark\">Service-Men\u00fc ansehen<\/a>\r\n                <\/div>\r\n\r\n                \r\n\r\n\r\n\t\t\t\t\t\t<\/div>\n\t\t\t\t<\/div>\n\t\t\t\t\t<\/div>\n\t\t\t\t<\/div>\n\t\t<div class=\"elementor-element elementor-element-0b88ba8 e-flex e-con-boxed e-con e-parent\" data-id=\"0b88ba8\" data-element_type=\"container\">\n\t\t\t\t\t<div class=\"e-con-inner\">\n\t\t<div class=\"elementor-element elementor-element-31fb8bf e-con-full e-flex e-con e-child\" data-id=\"31fb8bf\" data-element_type=\"container\">\n\t\t\t\t<div class=\"elementor-element elementor-element-dcda165 elementor-align-left elementor-invisible elementor-widget elementor-widget-button\" data-id=\"dcda165\" data-element_type=\"widget\" data-settings=\"{&quot;_animation&quot;:&quot;zoomIn&quot;,&quot;_animation_mobile&quot;:&quot;zoomIn&quot;}\" data-widget_type=\"button.default\">\n\t\t\t\t<div class=\"elementor-widget-container\">\n\t\t\t\t\t\t\t\t\t<div class=\"elementor-button-wrapper\">\n\t\t\t\t\t<a class=\"elementor-button elementor-button-link elementor-size-sm\" href=\"https:\/\/lovelbeauty.mx\/de\/micropigmentierung-in-playa-del-carmen\/\">\n\t\t\t\t\t\t<span class=\"elementor-button-content-wrapper\">\n\t\t\t\t\t\t<span class=\"elementor-button-icon\">\n\t\t\t\t<svg aria-hidden=\"true\" class=\"e-font-icon-svg e-far-arrow-alt-circle-left\" viewBox=\"0 0 512 512\" xmlns=\"http:\/\/www.w3.org\/2000\/svg\"><path d=\"M8 256c0 137 111 248 248 248s248-111 248-248S393 8 256 8 8 119 8 256zm448 0c0 110.5-89.5 200-200 200S56 366.5 56 256 145.5 56 256 56s200 89.5 200 200zm-72-20v40c0 6.6-5.4 12-12 12H256v67c0 10.7-12.9 16-20.5 8.5l-99-99c-4.7-4.7-4.7-12.3 0-17l99-99c7.6-7.6 20.5-2.2 20.5 8.5v67h116c6.6 0 12 5.4 12 12z\"><\/path><\/svg>\t\t\t<\/span>\n\t\t\t\t\t\t\t\t\t<span class=\"elementor-button-text\">MICROPIGMENTIERUNG (PERMANENT MAKE-UP)<\/span>\n\t\t\t\t\t<\/span>\n\t\t\t\t\t<\/a>\n\t\t\t\t<\/div>\n\t\t\t\t\t\t\t\t<\/div>\n\t\t\t\t<\/div>\n\t\t\t\t<div class=\"elementor-element elementor-element-cbc25a4 elementor-invisible elementor-widget elementor-widget-button\" data-id=\"cbc25a4\" data-element_type=\"widget\" data-settings=\"{&quot;_animation&quot;:&quot;zoomIn&quot;,&quot;_animation_mobile&quot;:&quot;zoomIn&quot;}\" data-widget_type=\"button.default\">\n\t\t\t\t<div class=\"elementor-widget-container\">\n\t\t\t\t\t\t\t\t\t<div class=\"elementor-button-wrapper\">\n\t\t\t\t\t<a class=\"elementor-button elementor-button-link elementor-size-sm\" href=\"https:\/\/lovelbeauty.mx\/de\/puderbrauen-playa-del-carmen\/\">\n\t\t\t\t\t\t<span class=\"elementor-button-content-wrapper\">\n\t\t\t\t\t\t<span class=\"elementor-button-icon\">\n\t\t\t\t<svg aria-hidden=\"true\" class=\"e-font-icon-svg e-far-arrow-alt-circle-right\" viewBox=\"0 0 512 512\" xmlns=\"http:\/\/www.w3.org\/2000\/svg\"><path d=\"M504 256C504 119 393 8 256 8S8 119 8 256s111 248 248 248 248-111 248-248zm-448 0c0-110.5 89.5-200 200-200s200 89.5 200 200-89.5 200-200 200S56 366.5 56 256zm72 20v-40c0-6.6 5.4-12 12-12h116v-67c0-10.7 12.9-16 20.5-8.5l99 99c4.7 4.7 4.7 12.3 0 17l-99 99c-7.6 7.6-20.5 2.2-20.5-8.5v-67H140c-6.6 0-12-5.4-12-12z\"><\/path><\/svg>\t\t\t<\/span>\n\t\t\t\t\t\t\t\t\t<span class=\"elementor-button-text\">PUDERBRAUEN (POWDER BROWS)<\/span>\n\t\t\t\t\t<\/span>\n\t\t\t\t\t<\/a>\n\t\t\t\t<\/div>\n\t\t\t\t\t\t\t\t<\/div>\n\t\t\t\t<\/div>\n\t\t\t\t<\/div>\n\t\t\t\t\t<\/div>\n\t\t\t\t<\/div>\n\t\t\t\t<\/div>\n\t\t","protected":false},"excerpt":{"rendered":"<p>MICROBLADING IN PLAYA DEL CARMEN M\u00f6chtest du definierte und nat\u00fcrliche Augenbrauen mit Microblading in Playa del Carmen? Bei LOVEL BEAUTY bieten wir dir erstklassige Ergebnisse, um deine nat\u00fcrliche Sch\u00f6nheit zu unterstreichen. DEFINIERTE &#038; NAT\u00dcRLICHE AUGENBRAUEN \u2013 GANZ OHNE AUFWAND Microblading ist die ideale L\u00f6sung f\u00fcr alle, die sich perfekt geformte Augenbrauen mit einem nat\u00fcrlichen Finish [&hellip;]<\/p>\n","protected":false},"author":1,"featured_media":0,"parent":0,"menu_order":0,"comment_status":"closed","ping_status":"closed","template":"elementor-template.php","meta":{"inline_featured_image":false,"_monsterinsights_skip_tracking":false,"_monsterinsights_sitenote_active":false,"_monsterinsights_sitenote_note":"","_monsterinsights_sitenote_category":0,"footnotes":""},"class_list":["post-9000","page","type-page","status-publish","hentry"],"yoast_head":"<!-- This site is optimized with the Yoast SEO plugin v26.6 - https:\/\/yoast.com\/wordpress\/plugins\/seo\/ -->\n<title>MICROBLADING in Playa del Carmen | LOVEL BEAUTY<\/title>\n<meta name=\"description\" content=\"Verleihe deinen Augenbrauen Form und Volumen mit Microblading in Playa del Carmen. Nat\u00fcrliche, semipermanente Ergebnisse.\" \/>\n<meta name=\"robots\" content=\"index, follow, max-snippet:-1, max-image-preview:large, max-video-preview:-1\" \/>\n<link rel=\"canonical\" href=\"https:\/\/lovelbeauty.mx\/microblading-playa-del-carmen\/\" \/>\n<meta property=\"og:locale\" content=\"de_DE\" \/>\n<meta property=\"og:type\" content=\"article\" \/>\n<meta property=\"og:title\" content=\"MICROBLADING in Playa del Carmen | LOVEL BEAUTY\" \/>\n<meta property=\"og:description\" content=\"Verleihe deinen Augenbrauen Form und Volumen mit Microblading in Playa del Carmen. Nat\u00fcrliche, semipermanente Ergebnisse.\" \/>\n<meta property=\"og:url\" content=\"https:\/\/lovelbeauty.mx\/microblading-playa-del-carmen\/\" \/>\n<meta property=\"og:site_name\" content=\"lovelbeauty.mx\" \/>\n<meta property=\"article:publisher\" content=\"https:\/\/www.facebook.com\/share\/1EyUQBTKqT\/?mibextid=wwXIfr\" \/>\n<meta property=\"article:modified_time\" content=\"2026-02-15T22:15:31+00:00\" \/>\n<meta property=\"og:image\" content=\"https:\/\/lovelbeauty.mx\/wp-content\/uploads\/elementor\/thumbs\/microblading-en-playa-del-carmen-r35ff63b8lls5mag0hymyw1nqn400ubt7axa37woso.webp\" \/>\n<meta name=\"twitter:card\" content=\"summary_large_image\" \/>\n<meta name=\"twitter:label1\" content=\"Gesch\u00e4tzte Lesezeit\" \/>\n\t<meta name=\"twitter:data1\" content=\"3\u00a0Minuten\" \/>\n<script type=\"application\/ld+json\" class=\"yoast-schema-graph\">{\"@context\":\"https:\/\/schema.org\",\"@graph\":[{\"@type\":\"WebPage\",\"@id\":\"https:\/\/lovelbeauty.mx\/microblading-playa-del-carmen\/\",\"url\":\"https:\/\/lovelbeauty.mx\/microblading-playa-del-carmen\/\",\"name\":\"MICROBLADING in Playa del Carmen | LOVEL BEAUTY\",\"isPartOf\":{\"@id\":\"https:\/\/lovelbeauty.mx\/#website\"},\"primaryImageOfPage\":{\"@id\":\"https:\/\/lovelbeauty.mx\/microblading-playa-del-carmen\/#primaryimage\"},\"image\":{\"@id\":\"https:\/\/lovelbeauty.mx\/microblading-playa-del-carmen\/#primaryimage\"},\"thumbnailUrl\":\"https:\/\/lovelbeauty.mx\/wp-content\/uploads\/elementor\/thumbs\/microblading-en-playa-del-carmen-r35ff63b8lls5mag0hymyw1nqn400ubt7axa37woso.webp\",\"datePublished\":\"2025-02-12T16:34:52+00:00\",\"dateModified\":\"2026-02-15T22:15:31+00:00\",\"description\":\"Verleihe deinen Augenbrauen Form und Volumen mit Microblading in Playa del Carmen. Nat\u00fcrliche, semipermanente Ergebnisse.\",\"breadcrumb\":{\"@id\":\"https:\/\/lovelbeauty.mx\/microblading-playa-del-carmen\/#breadcrumb\"},\"inLanguage\":\"de\",\"potentialAction\":[{\"@type\":\"ReadAction\",\"target\":[\"https:\/\/lovelbeauty.mx\/microblading-playa-del-carmen\/\"]}]},{\"@type\":\"ImageObject\",\"inLanguage\":\"de\",\"@id\":\"https:\/\/lovelbeauty.mx\/microblading-playa-del-carmen\/#primaryimage\",\"url\":\"https:\/\/lovelbeauty.mx\/wp-content\/uploads\/elementor\/thumbs\/microblading-en-playa-del-carmen-r35ff63b8lls5mag0hymyw1nqn400ubt7axa37woso.webp\",\"contentUrl\":\"https:\/\/lovelbeauty.mx\/wp-content\/uploads\/elementor\/thumbs\/microblading-en-playa-del-carmen-r35ff63b8lls5mag0hymyw1nqn400ubt7axa37woso.webp\"},{\"@type\":\"BreadcrumbList\",\"@id\":\"https:\/\/lovelbeauty.mx\/microblading-playa-del-carmen\/#breadcrumb\",\"itemListElement\":[{\"@type\":\"ListItem\",\"position\":1,\"name\":\"Home\",\"item\":\"https:\/\/lovelbeauty.mx\/\"},{\"@type\":\"ListItem\",\"position\":2,\"name\":\"MICROBLADING\"}]},{\"@type\":\"WebSite\",\"@id\":\"https:\/\/lovelbeauty.mx\/#website\",\"url\":\"https:\/\/lovelbeauty.mx\/\",\"name\":\"Lovel Beauty\",\"description\":\"M\u00e1s Que Belleza... Actos De Amor | Playa Del Carmen\",\"publisher\":{\"@id\":\"https:\/\/lovelbeauty.mx\/#organization\"},\"potentialAction\":[{\"@type\":\"SearchAction\",\"target\":{\"@type\":\"EntryPoint\",\"urlTemplate\":\"https:\/\/lovelbeauty.mx\/?s={search_term_string}\"},\"query-input\":{\"@type\":\"PropertyValueSpecification\",\"valueRequired\":true,\"valueName\":\"search_term_string\"}}],\"inLanguage\":\"de\"},{\"@type\":\"Organization\",\"@id\":\"https:\/\/lovelbeauty.mx\/#organization\",\"name\":\"Lovel Beauty\",\"url\":\"https:\/\/lovelbeauty.mx\/\",\"logo\":{\"@type\":\"ImageObject\",\"inLanguage\":\"de\",\"@id\":\"https:\/\/lovelbeauty.mx\/#\/schema\/logo\/image\/\",\"url\":\"https:\/\/lovelbeauty.mx\/wp-content\/uploads\/2025\/02\/1_1.-Marca-Oficial.png\",\"contentUrl\":\"https:\/\/lovelbeauty.mx\/wp-content\/uploads\/2025\/02\/1_1.-Marca-Oficial.png\",\"width\":2550,\"height\":1930,\"caption\":\"Lovel Beauty\"},\"image\":{\"@id\":\"https:\/\/lovelbeauty.mx\/#\/schema\/logo\/image\/\"},\"sameAs\":[\"https:\/\/www.facebook.com\/share\/1EyUQBTKqT\/?mibextid=wwXIfr\",\"https:\/\/www.instagram.com\/lovelbeauty_\"]}]}<\/script>\n<!-- \/ Yoast SEO plugin. -->","yoast_head_json":{"title":"MICROBLADING in Playa del Carmen | LOVEL BEAUTY","description":"Verleihe deinen Augenbrauen Form und Volumen mit Microblading in Playa del Carmen. Nat\u00fcrliche, semipermanente Ergebnisse.","robots":{"index":"index","follow":"follow","max-snippet":"max-snippet:-1","max-image-preview":"max-image-preview:large","max-video-preview":"max-video-preview:-1"},"canonical":"https:\/\/lovelbeauty.mx\/microblading-playa-del-carmen\/","og_locale":"de_DE","og_type":"article","og_title":"MICROBLADING in Playa del Carmen | LOVEL BEAUTY","og_description":"Verleihe deinen Augenbrauen Form und Volumen mit Microblading in Playa del Carmen. Nat\u00fcrliche, semipermanente Ergebnisse.","og_url":"https:\/\/lovelbeauty.mx\/microblading-playa-del-carmen\/","og_site_name":"lovelbeauty.mx","article_publisher":"https:\/\/www.facebook.com\/share\/1EyUQBTKqT\/?mibextid=wwXIfr","article_modified_time":"2026-02-15T22:15:31+00:00","og_image":[{"url":"https:\/\/lovelbeauty.mx\/wp-content\/uploads\/elementor\/thumbs\/microblading-en-playa-del-carmen-r35ff63b8lls5mag0hymyw1nqn400ubt7axa37woso.webp","type":"","width":"","height":""}],"twitter_card":"summary_large_image","twitter_misc":{"Gesch\u00e4tzte Lesezeit":"3\u00a0Minuten"},"schema":{"@context":"https:\/\/schema.org","@graph":[{"@type":"WebPage","@id":"https:\/\/lovelbeauty.mx\/microblading-playa-del-carmen\/","url":"https:\/\/lovelbeauty.mx\/microblading-playa-del-carmen\/","name":"MICROBLADING in Playa del Carmen | LOVEL BEAUTY","isPartOf":{"@id":"https:\/\/lovelbeauty.mx\/#website"},"primaryImageOfPage":{"@id":"https:\/\/lovelbeauty.mx\/microblading-playa-del-carmen\/#primaryimage"},"image":{"@id":"https:\/\/lovelbeauty.mx\/microblading-playa-del-carmen\/#primaryimage"},"thumbnailUrl":"https:\/\/lovelbeauty.mx\/wp-content\/uploads\/elementor\/thumbs\/microblading-en-playa-del-carmen-r35ff63b8lls5mag0hymyw1nqn400ubt7axa37woso.webp","datePublished":"2025-02-12T16:34:52+00:00","dateModified":"2026-02-15T22:15:31+00:00","description":"Verleihe deinen Augenbrauen Form und Volumen mit Microblading in Playa del Carmen. Nat\u00fcrliche, semipermanente Ergebnisse.","breadcrumb":{"@id":"https:\/\/lovelbeauty.mx\/microblading-playa-del-carmen\/#breadcrumb"},"inLanguage":"de","potentialAction":[{"@type":"ReadAction","target":["https:\/\/lovelbeauty.mx\/microblading-playa-del-carmen\/"]}]},{"@type":"ImageObject","inLanguage":"de","@id":"https:\/\/lovelbeauty.mx\/microblading-playa-del-carmen\/#primaryimage","url":"https:\/\/lovelbeauty.mx\/wp-content\/uploads\/elementor\/thumbs\/microblading-en-playa-del-carmen-r35ff63b8lls5mag0hymyw1nqn400ubt7axa37woso.webp","contentUrl":"https:\/\/lovelbeauty.mx\/wp-content\/uploads\/elementor\/thumbs\/microblading-en-playa-del-carmen-r35ff63b8lls5mag0hymyw1nqn400ubt7axa37woso.webp"},{"@type":"BreadcrumbList","@id":"https:\/\/lovelbeauty.mx\/microblading-playa-del-carmen\/#breadcrumb","itemListElement":[{"@type":"ListItem","position":1,"name":"Home","item":"https:\/\/lovelbeauty.mx\/"},{"@type":"ListItem","position":2,"name":"MICROBLADING"}]},{"@type":"WebSite","@id":"https:\/\/lovelbeauty.mx\/#website","url":"https:\/\/lovelbeauty.mx\/","name":"Lovel Beauty","description":"M\u00e1s Que Belleza... Actos De Amor | Playa Del Carmen","publisher":{"@id":"https:\/\/lovelbeauty.mx\/#organization"},"potentialAction":[{"@type":"SearchAction","target":{"@type":"EntryPoint","urlTemplate":"https:\/\/lovelbeauty.mx\/?s={search_term_string}"},"query-input":{"@type":"PropertyValueSpecification","valueRequired":true,"valueName":"search_term_string"}}],"inLanguage":"de"},{"@type":"Organization","@id":"https:\/\/lovelbeauty.mx\/#organization","name":"Lovel Beauty","url":"https:\/\/lovelbeauty.mx\/","logo":{"@type":"ImageObject","inLanguage":"de","@id":"https:\/\/lovelbeauty.mx\/#\/schema\/logo\/image\/","url":"https:\/\/lovelbeauty.mx\/wp-content\/uploads\/2025\/02\/1_1.-Marca-Oficial.png","contentUrl":"https:\/\/lovelbeauty.mx\/wp-content\/uploads\/2025\/02\/1_1.-Marca-Oficial.png","width":2550,"height":1930,"caption":"Lovel Beauty"},"image":{"@id":"https:\/\/lovelbeauty.mx\/#\/schema\/logo\/image\/"},"sameAs":["https:\/\/www.facebook.com\/share\/1EyUQBTKqT\/?mibextid=wwXIfr","https:\/\/www.instagram.com\/lovelbeauty_"]}]}},"_links":{"self":[{"href":"https:\/\/lovelbeauty.mx\/de\/wp-json\/wp\/v2\/pages\/9000","targetHints":{"allow":["GET"]}}],"collection":[{"href":"https:\/\/lovelbeauty.mx\/de\/wp-json\/wp\/v2\/pages"}],"about":[{"href":"https:\/\/lovelbeauty.mx\/de\/wp-json\/wp\/v2\/types\/page"}],"author":[{"embeddable":true,"href":"https:\/\/lovelbeauty.mx\/de\/wp-json\/wp\/v2\/users\/1"}],"replies":[{"embeddable":true,"href":"https:\/\/lovelbeauty.mx\/de\/wp-json\/wp\/v2\/comments?post=9000"}],"version-history":[{"count":10,"href":"https:\/\/lovelbeauty.mx\/de\/wp-json\/wp\/v2\/pages\/9000\/revisions"}],"predecessor-version":[{"id":9488,"href":"https:\/\/lovelbeauty.mx\/de\/wp-json\/wp\/v2\/pages\/9000\/revisions\/9488"}],"wp:attachment":[{"href":"https:\/\/lovelbeauty.mx\/de\/wp-json\/wp\/v2\/media?parent=9000"}],"curies":[{"name":"wp","href":"https:\/\/api.w.org\/{rel}","templated":true}]}}