{"id":9009,"date":"2025-02-12T22:53:12","date_gmt":"2025-02-12T22:53:12","guid":{"rendered":"https:\/\/lovelbeauty.mx\/latinbrows-playa-del-carmen\/"},"modified":"2026-02-15T22:19:13","modified_gmt":"2026-02-15T22:19:13","slug":"latinbrows-playa-del-carmen","status":"publish","type":"page","link":"https:\/\/lovelbeauty.mx\/de\/latinbrows-playa-del-carmen\/","title":{"rendered":"LATIN BROWS"},"content":{"rendered":"\t\t<div data-elementor-type=\"wp-page\" data-elementor-id=\"9009\" class=\"elementor elementor-9009\">\n\t\t\t\t<div class=\"elementor-element elementor-element-418644b e-flex e-con-boxed e-con e-parent\" data-id=\"418644b\" data-element_type=\"container\" data-settings=\"{&quot;background_background&quot;:&quot;classic&quot;}\">\n\t\t\t\t\t<div class=\"e-con-inner\">\n\t\t\t\t<div class=\"elementor-element elementor-element-b9f1753 elementor-widget elementor-widget-heading\" data-id=\"b9f1753\" data-element_type=\"widget\" data-widget_type=\"heading.default\">\n\t\t\t\t<div class=\"elementor-widget-container\">\n\t\t\t\t\t<h1 class=\"elementor-heading-title elementor-size-default\">LATIN BROWS IN PLAYA DEL CARMEN<\/h1>\t\t\t\t<\/div>\n\t\t\t\t<\/div>\n\t\t\t\t\t<\/div>\n\t\t\t\t<\/div>\n\t\t<div class=\"elementor-element elementor-element-e9f222a e-flex e-con-boxed e-con e-parent\" data-id=\"e9f222a\" data-element_type=\"container\">\n\t\t\t\t\t<div class=\"e-con-inner\">\n\t\t\t\t<div class=\"elementor-element elementor-element-ba63228 elementor-widget elementor-widget-text-editor\" data-id=\"ba63228\" data-element_type=\"widget\" data-widget_type=\"text-editor.default\">\n\t\t\t\t<div class=\"elementor-widget-container\">\n\t\t\t\t\t\t\t\t\t<p class=\"p1\">Suchst du ein einzigartiges Augenbrauendesign mit <span class=\"s1\">Latin Brows in Playa del Carmen<\/span>? Lass uns deinen Blick mit dieser innovativen Micropigmentierungs-Technik verwandeln.<\/p>\n\n<h2 class=\"p1\">MEHR VOLUMEN UND STRUKTUR F\u00dcR DEINE AUGENBRAUEN<\/h2>\n<p class=\"p1\">Latin Brows vereinen das Beste aus <strong>Microblading<\/strong> und <strong>Powder Brows<\/strong>, um ein <strong>hyperrealistisches Ergebnis<\/strong> mit mehr Tiefe und Definition zu erzielen. Diese hybride Technik ist ideal f\u00fcr alle, die sich dichtere, st\u00e4rker definierte Augenbrauen w\u00fcnschen \u2013 ohne dabei an Nat\u00fcrlichkeit zu verlieren. Jeder Strich wird individuell an deine Gesichtsform angepasst und unterstreicht deine Sch\u00f6nheit m\u00fchelos.<\/p>\n\n<p class=\"p1\">Wenn du einen <strong>strukturierteren Look mit einem dezenten Touch<\/strong> magst, sind Latin Brows genau das Richtige f\u00fcr dich. Durch die pr\u00e4zise Kombination aus feinen H\u00e4rchenzeichnungen und sanfter Schattierung entsteht ein <strong>dreidimensionales Design<\/strong>, das Volumen verleiht und sich harmonisch in dein Gesicht einf\u00fcgt \u2013 ausdrucksstark, ohne k\u00fcnstlich zu wirken. Diese Behandlung ist die perfekte L\u00f6sung f\u00fcr alle, die ein makelloses Ergebnis m\u00f6chten, <strong>ohne sich t\u00e4glich schminken zu m\u00fcssen<\/strong>.<\/p>\t\t\t\t\t\t\t\t<\/div>\n\t\t\t\t<\/div>\n\t\t\t\t<div class=\"elementor-element elementor-element-2b85ff1 elementor-widget elementor-widget-image\" data-id=\"2b85ff1\" data-element_type=\"widget\" data-widget_type=\"image.default\">\n\t\t\t\t<div class=\"elementor-widget-container\">\n\t\t\t\t\t\t\t\t\t\t\t\t\t\t\t<img decoding=\"async\" src=\"https:\/\/lovelbeauty.mx\/wp-content\/uploads\/elementor\/thumbs\/latinbrows-en-playa-del-carmen-r35fd5pqmcupbn7kr4od4wb5zz0qk5ch9cow4ww03s.webp\" title=\"Latinbrows en Playa del Carmen &#8211; LOVEL BEAUTY\" alt=\"Cejas con t\u00e9cnica latinbrows en Playa del Carmen\" loading=\"lazy\" \/>\t\t\t\t\t\t\t\t\t\t\t\t\t\t\t<\/div>\n\t\t\t\t<\/div>\n\t\t\t\t\t<\/div>\n\t\t\t\t<\/div>\n\t\t<div class=\"elementor-element elementor-element-55c4aff e-flex e-con-boxed e-con e-parent\" data-id=\"55c4aff\" data-element_type=\"container\">\n\t\t\t\t\t<div class=\"e-con-inner\">\n\t\t\t\t<div class=\"elementor-element elementor-element-e7e8dc7 elementor-widget elementor-widget-text-editor\" data-id=\"e7e8dc7\" data-element_type=\"widget\" data-widget_type=\"text-editor.default\">\n\t\t\t\t<div class=\"elementor-widget-container\">\n\t\t\t\t\t\t\t\t\t<h2 class=\"p1\">WARUM LATIN BROWS?<\/h2>\n\n<p>\u2714 <strong>Mehr Definition und Volumen<\/strong>: Wir kombinieren zwei Techniken f\u00fcr ein nat\u00fcrlicheres Ergebnis mit mehr Tiefe und Dimension.<\/p>\n\n<p>\u2714 <strong>Individuelles Design nach deinem Stil<\/strong> \u2013 von nat\u00fcrlich bis ausdrucksstark.<\/p>\n\n<p>\u2714 <strong>L\u00e4ngere Haltbarkeit<\/strong> als beim Microblading, mit einem Effekt von <strong>12 bis 24 Monaten<\/strong>.<\/p>\n\n<p>\u2714 <strong>Ideal f\u00fcr fettige Haut<\/strong>, bei der sich andere Techniken oft nicht optimal halten.<\/p>\n\n<p>\u2714 <strong>Realistischer und harmonischer Effekt<\/strong> durch eine sanfte Schattierung, die den Blick ausbalanciert.<\/p>\t\t\t\t\t\t\t\t<\/div>\n\t\t\t\t<\/div>\n\t\t\t\t\t<\/div>\n\t\t\t\t<\/div>\n\t\t<div class=\"elementor-element elementor-element-3c2fc28 e-flex e-con-boxed e-con e-parent\" data-id=\"3c2fc28\" data-element_type=\"container\">\n\t\t\t\t\t<div class=\"e-con-inner\">\n\t\t\t\t<div class=\"elementor-element elementor-element-b347637 content-align-center art-fadeIn art-anim animate__delay-1s elementor-widget elementor-widget-art-dark-button\" data-id=\"b347637\" data-element_type=\"widget\" data-widget_type=\"art-dark-button.default\">\n\t\t\t\t<div class=\"elementor-widget-container\">\n\t\t\t\t\t\r\n                            <div class=\"art-widget-button art--aliment-center art--aliment-tablet- art--aliment-mobile-\">\r\n                        <a href=\"https:\/\/www.fresha.com\/es\/book-now\/bonita-home-studio-koy6vc12\/all-offer?share&pId=714609\"  rel=\"nofollow\" class=\"art-button art-button-dark\">Buche deinen Termin<\/a>\r\n                    <\/div>\r\n                    \r\n\r\n\r\n\t\t\t\t\t\t<\/div>\n\t\t\t\t<\/div>\n\t\t\t\t<div class=\"elementor-element elementor-element-925c12d elementor-widget elementor-widget-text-editor\" data-id=\"925c12d\" data-element_type=\"widget\" data-widget_type=\"text-editor.default\">\n\t\t\t\t<div class=\"elementor-widget-container\">\n\t\t\t\t\t\t\t\t\t<h2 class=\"p1\">UNTERSTREICHE DEINE AUSSTRAHLUNG MIT PERFEKTEN AUGENBRAUEN DANK UNSERER LATIN BROWS IN PLAYA DEL CARMEN<\/h2>\n<p class=\"p1\">Du wirst das Ergebnis lieben! Deine Augenbrauen wirken nicht nur gepflegt und perfekt definiert, sondern betonen deinen Blick auf harmonische und elegante Weise. Jeder einzelne Strich wird so gestaltet, dass deine nat\u00fcrliche Sch\u00f6nheit m\u00fchelos hervorgehoben wird \u2013 f\u00fcr einen anspruchsvollen Look, der zu deinem Stil passt. Mit Latin Brows erhalten deine Augenbrauen mehr Ausdruck und eine nat\u00fcrliche Balance, ganz ohne t\u00e4gliche Nachbesserungen. Starte jeden Tag mit perfekt geformten Augenbrauen!<\/p>\t\t\t\t\t\t\t\t<\/div>\n\t\t\t\t<\/div>\n\t\t\t\t\t<\/div>\n\t\t\t\t<\/div>\n\t\t<div class=\"elementor-element elementor-element-3064e0d e-flex e-con-boxed e-con e-parent\" data-id=\"3064e0d\" data-element_type=\"container\">\n\t\t\t\t\t<div class=\"e-con-inner\">\n\t\t\t\t<div class=\"elementor-element elementor-element-a3b5e64 elementor-widget elementor-widget-text-editor\" data-id=\"a3b5e64\" data-element_type=\"widget\" data-widget_type=\"text-editor.default\">\n\t\t\t\t<div class=\"elementor-widget-container\">\n\t\t\t\t\t\t\t\t\t<strong>Erfahre mehr \u00fcber die Micropigmentierung, den Ablauf, die Nachpflege und alle Vorteile<\/strong>\n<a class=\"small-button\" href=\"https:\/\/lovelbeauty.mx\/de\/micropigmentierung-in-playa-del-carmen\/\">hier<\/a>\n\n<style>\n    .small-button {\n        display: inline-block;\n        padding: 0px 12px;\n        font-size: 14px;\n        font-weight: bold;\n        color: white;\n        background-color: #000000; \/* Schwarz *\/\n        border-radius: 50px;\n        text-decoration: none;\n        transition: background 0.3s ease;\n    }\n    .small-button:hover {\n        background-color: #333333; \/* Etwas helleres Schwarz beim Hover *\/\n    }\n<\/style>\t\t\t\t\t\t\t\t<\/div>\n\t\t\t\t<\/div>\n\t\t\t\t\t<\/div>\n\t\t\t\t<\/div>\n\t\t<div class=\"elementor-element elementor-element-e2262ed e-flex e-con-boxed e-con e-parent\" data-id=\"e2262ed\" data-element_type=\"container\">\n\t\t\t\t\t<div class=\"e-con-inner\">\n\t\t\t\t<div class=\"elementor-element elementor-element-efdb827 elementor-widget elementor-widget-text-editor\" data-id=\"efdb827\" data-element_type=\"widget\" data-widget_type=\"text-editor.default\">\n\t\t\t\t<div class=\"elementor-widget-container\">\n\t\t\t\t\t\t\t\t\t<p><strong>Latin Brows<\/strong> \u2013 $5200<\/p><p><strong>Nachbehandlung nach 1 Monat<\/strong> \u2013 $2200<\/p><p><strong>Nachbehandlung nach 1 Jahr<\/strong> \u2013 $3200<\/p><p><em>*Nachbehandlungen sind ausschlie\u00dflich f\u00fcr Kundinnen von LOVEL BEAUTY.<\/em><\/p>\t\t\t\t\t\t\t\t<\/div>\n\t\t\t\t<\/div>\n\t\t\t\t\t<\/div>\n\t\t\t\t<\/div>\n\t\t<div class=\"elementor-element elementor-element-74e7de8 e-flex e-con-boxed e-con e-parent\" data-id=\"74e7de8\" data-element_type=\"container\">\n\t\t\t\t\t<div class=\"e-con-inner\">\n\t\t\t\t<div class=\"elementor-element elementor-element-0a6467f content-align-center art-fadeIn art-anim animate__delay-1s elementor-widget elementor-widget-art-dark-button\" data-id=\"0a6467f\" data-element_type=\"widget\" data-widget_type=\"art-dark-button.default\">\n\t\t\t\t<div class=\"elementor-widget-container\">\n\t\t\t\t\t\r\n        \r\n                <div class=\"art-widget-button art--aliment-center art--aliment-tablet- art--aliment-mobile-\">\r\n                    <a href=\"https:\/\/lovelbeauty.mx\/menu-de-servicios\/\" class=\"art-button art-button-dark\">Service-Men\u00fc ansehen<\/a>\r\n                <\/div>\r\n\r\n                \r\n\r\n\r\n\t\t\t\t\t\t<\/div>\n\t\t\t\t<\/div>\n\t\t\t\t\t<\/div>\n\t\t\t\t<\/div>\n\t\t<div class=\"elementor-element elementor-element-b0d476d e-flex e-con-boxed e-con e-parent\" data-id=\"b0d476d\" data-element_type=\"container\">\n\t\t\t\t\t<div class=\"e-con-inner\">\n\t\t<div class=\"elementor-element elementor-element-405ad81 e-con-full e-flex e-con e-child\" data-id=\"405ad81\" data-element_type=\"container\">\n\t\t<div class=\"elementor-element elementor-element-62951db e-con-full e-flex e-con e-child\" data-id=\"62951db\" data-element_type=\"container\">\n\t\t\t\t<div class=\"elementor-element elementor-element-6b77129 elementor-align-left elementor-invisible elementor-widget elementor-widget-button\" data-id=\"6b77129\" data-element_type=\"widget\" data-settings=\"{&quot;_animation&quot;:&quot;zoomIn&quot;,&quot;_animation_mobile&quot;:&quot;zoomIn&quot;}\" data-widget_type=\"button.default\">\n\t\t\t\t<div class=\"elementor-widget-container\">\n\t\t\t\t\t\t\t\t\t<div class=\"elementor-button-wrapper\">\n\t\t\t\t\t<a class=\"elementor-button elementor-button-link elementor-size-sm\" href=\"https:\/\/lovelbeauty.mx\/de\/puderbrauen-playa-del-carmen\/\">\n\t\t\t\t\t\t<span class=\"elementor-button-content-wrapper\">\n\t\t\t\t\t\t<span class=\"elementor-button-icon\">\n\t\t\t\t<svg aria-hidden=\"true\" class=\"e-font-icon-svg e-far-arrow-alt-circle-left\" viewBox=\"0 0 512 512\" xmlns=\"http:\/\/www.w3.org\/2000\/svg\"><path d=\"M8 256c0 137 111 248 248 248s248-111 248-248S393 8 256 8 8 119 8 256zm448 0c0 110.5-89.5 200-200 200S56 366.5 56 256 145.5 56 256 56s200 89.5 200 200zm-72-20v40c0 6.6-5.4 12-12 12H256v67c0 10.7-12.9 16-20.5 8.5l-99-99c-4.7-4.7-4.7-12.3 0-17l99-99c7.6-7.6 20.5-2.2 20.5 8.5v67h116c6.6 0 12 5.4 12 12z\"><\/path><\/svg>\t\t\t<\/span>\n\t\t\t\t\t\t\t\t\t<span class=\"elementor-button-text\">PUDERBRAUEN (POWDER BROWS)<\/span>\n\t\t\t\t\t<\/span>\n\t\t\t\t\t<\/a>\n\t\t\t\t<\/div>\n\t\t\t\t\t\t\t\t<\/div>\n\t\t\t\t<\/div>\n\t\t\t\t<div class=\"elementor-element elementor-element-59aed4a elementor-invisible elementor-widget elementor-widget-button\" data-id=\"59aed4a\" data-element_type=\"widget\" data-settings=\"{&quot;_animation&quot;:&quot;zoomIn&quot;,&quot;_animation_mobile&quot;:&quot;zoomIn&quot;}\" data-widget_type=\"button.default\">\n\t\t\t\t<div class=\"elementor-widget-container\">\n\t\t\t\t\t\t\t\t\t<div class=\"elementor-button-wrapper\">\n\t\t\t\t\t<a class=\"elementor-button elementor-button-link elementor-size-sm\" href=\"https:\/\/lovelbeauty.mx\/de\/permanent-make-up-lippen-playa-del-carmen\/\">\n\t\t\t\t\t\t<span class=\"elementor-button-content-wrapper\">\n\t\t\t\t\t\t<span class=\"elementor-button-icon\">\n\t\t\t\t<svg aria-hidden=\"true\" class=\"e-font-icon-svg e-far-arrow-alt-circle-right\" viewBox=\"0 0 512 512\" xmlns=\"http:\/\/www.w3.org\/2000\/svg\"><path d=\"M504 256C504 119 393 8 256 8S8 119 8 256s111 248 248 248 248-111 248-248zm-448 0c0-110.5 89.5-200 200-200s200 89.5 200 200-89.5 200-200 200S56 366.5 56 256zm72 20v-40c0-6.6 5.4-12 12-12h116v-67c0-10.7 12.9-16 20.5-8.5l99 99c4.7 4.7 4.7 12.3 0 17l-99 99c-7.6 7.6-20.5 2.2-20.5-8.5v-67H140c-6.6 0-12-5.4-12-12z\"><\/path><\/svg>\t\t\t<\/span>\n\t\t\t\t\t\t\t\t\t<span class=\"elementor-button-text\">LIPPEN-PERMANENT-MAKE-UP (LIP BLUSH)<\/span>\n\t\t\t\t\t<\/span>\n\t\t\t\t\t<\/a>\n\t\t\t\t<\/div>\n\t\t\t\t\t\t\t\t<\/div>\n\t\t\t\t<\/div>\n\t\t\t\t<\/div>\n\t\t\t\t<\/div>\n\t\t\t\t\t<\/div>\n\t\t\t\t<\/div>\n\t\t\t\t<\/div>\n\t\t","protected":false},"excerpt":{"rendered":"<p>LATIN BROWS IN PLAYA DEL CARMEN Suchst du ein einzigartiges Augenbrauendesign mit Latin Brows in Playa del Carmen? Lass uns deinen Blick mit dieser innovativen Micropigmentierungs-Technik verwandeln. MEHR VOLUMEN UND STRUKTUR F\u00dcR DEINE AUGENBRAUEN Latin Brows vereinen das Beste aus Microblading und Powder Brows, um ein hyperrealistisches Ergebnis mit mehr Tiefe und Definition zu erzielen. [&hellip;]<\/p>\n","protected":false},"author":1,"featured_media":0,"parent":0,"menu_order":0,"comment_status":"closed","ping_status":"closed","template":"elementor-template.php","meta":{"inline_featured_image":false,"_monsterinsights_skip_tracking":false,"_monsterinsights_sitenote_active":false,"_monsterinsights_sitenote_note":"","_monsterinsights_sitenote_category":0,"footnotes":""},"class_list":["post-9009","page","type-page","status-publish","hentry"],"yoast_head":"<!-- This site is optimized with the Yoast SEO plugin v26.6 - https:\/\/yoast.com\/wordpress\/plugins\/seo\/ -->\n<title>LATIN BROWS in Playa del Carmen | LOVEL BEAUTY<\/title>\n<meta name=\"description\" content=\"Gib deinen Augenbrauen Struktur und Definition mit der Latin Brows Technik in Playa del Carmen. Pr\u00e4zises, nat\u00fcrliches Design.\" \/>\n<meta name=\"robots\" content=\"index, follow, max-snippet:-1, max-image-preview:large, max-video-preview:-1\" \/>\n<link rel=\"canonical\" href=\"https:\/\/lovelbeauty.mx\/latinbrows-playa-del-carmen\/\" \/>\n<meta property=\"og:locale\" content=\"de_DE\" \/>\n<meta property=\"og:type\" content=\"article\" \/>\n<meta property=\"og:title\" content=\"LATIN BROWS in Playa del Carmen | LOVEL BEAUTY\" \/>\n<meta property=\"og:description\" content=\"Gib deinen Augenbrauen Struktur und Definition mit der Latin Brows Technik in Playa del Carmen. Pr\u00e4zises, nat\u00fcrliches Design.\" \/>\n<meta property=\"og:url\" content=\"https:\/\/lovelbeauty.mx\/latinbrows-playa-del-carmen\/\" \/>\n<meta property=\"og:site_name\" content=\"lovelbeauty.mx\" \/>\n<meta property=\"article:publisher\" content=\"https:\/\/www.facebook.com\/share\/1EyUQBTKqT\/?mibextid=wwXIfr\" \/>\n<meta property=\"article:modified_time\" content=\"2026-02-15T22:19:13+00:00\" \/>\n<meta property=\"og:image\" content=\"https:\/\/lovelbeauty.mx\/wp-content\/uploads\/elementor\/thumbs\/latinbrows-en-playa-del-carmen-r35fd5pqmcupbn7kr4od4wb5zz0qk5ch9cow4ww03s.webp\" \/>\n<meta name=\"twitter:card\" content=\"summary_large_image\" \/>\n<meta name=\"twitter:label1\" content=\"Gesch\u00e4tzte Lesezeit\" \/>\n\t<meta name=\"twitter:data1\" content=\"3\u00a0Minuten\" \/>\n<script type=\"application\/ld+json\" class=\"yoast-schema-graph\">{\"@context\":\"https:\/\/schema.org\",\"@graph\":[{\"@type\":\"WebPage\",\"@id\":\"https:\/\/lovelbeauty.mx\/latinbrows-playa-del-carmen\/\",\"url\":\"https:\/\/lovelbeauty.mx\/latinbrows-playa-del-carmen\/\",\"name\":\"LATIN BROWS in Playa del Carmen | LOVEL BEAUTY\",\"isPartOf\":{\"@id\":\"https:\/\/lovelbeauty.mx\/#website\"},\"primaryImageOfPage\":{\"@id\":\"https:\/\/lovelbeauty.mx\/latinbrows-playa-del-carmen\/#primaryimage\"},\"image\":{\"@id\":\"https:\/\/lovelbeauty.mx\/latinbrows-playa-del-carmen\/#primaryimage\"},\"thumbnailUrl\":\"https:\/\/lovelbeauty.mx\/wp-content\/uploads\/elementor\/thumbs\/latinbrows-en-playa-del-carmen-r35fd5pqmcupbn7kr4od4wb5zz0qk5ch9cow4ww03s.webp\",\"datePublished\":\"2025-02-12T22:53:12+00:00\",\"dateModified\":\"2026-02-15T22:19:13+00:00\",\"description\":\"Gib deinen Augenbrauen Struktur und Definition mit der Latin Brows Technik in Playa del Carmen. Pr\u00e4zises, nat\u00fcrliches Design.\",\"breadcrumb\":{\"@id\":\"https:\/\/lovelbeauty.mx\/latinbrows-playa-del-carmen\/#breadcrumb\"},\"inLanguage\":\"de\",\"potentialAction\":[{\"@type\":\"ReadAction\",\"target\":[\"https:\/\/lovelbeauty.mx\/latinbrows-playa-del-carmen\/\"]}]},{\"@type\":\"ImageObject\",\"inLanguage\":\"de\",\"@id\":\"https:\/\/lovelbeauty.mx\/latinbrows-playa-del-carmen\/#primaryimage\",\"url\":\"https:\/\/lovelbeauty.mx\/wp-content\/uploads\/elementor\/thumbs\/latinbrows-en-playa-del-carmen-r35fd5pqmcupbn7kr4od4wb5zz0qk5ch9cow4ww03s.webp\",\"contentUrl\":\"https:\/\/lovelbeauty.mx\/wp-content\/uploads\/elementor\/thumbs\/latinbrows-en-playa-del-carmen-r35fd5pqmcupbn7kr4od4wb5zz0qk5ch9cow4ww03s.webp\"},{\"@type\":\"BreadcrumbList\",\"@id\":\"https:\/\/lovelbeauty.mx\/latinbrows-playa-del-carmen\/#breadcrumb\",\"itemListElement\":[{\"@type\":\"ListItem\",\"position\":1,\"name\":\"Home\",\"item\":\"https:\/\/lovelbeauty.mx\/\"},{\"@type\":\"ListItem\",\"position\":2,\"name\":\"LATIN BROWS\"}]},{\"@type\":\"WebSite\",\"@id\":\"https:\/\/lovelbeauty.mx\/#website\",\"url\":\"https:\/\/lovelbeauty.mx\/\",\"name\":\"Lovel Beauty\",\"description\":\"M\u00e1s Que Belleza... Actos De Amor | Playa Del Carmen\",\"publisher\":{\"@id\":\"https:\/\/lovelbeauty.mx\/#organization\"},\"potentialAction\":[{\"@type\":\"SearchAction\",\"target\":{\"@type\":\"EntryPoint\",\"urlTemplate\":\"https:\/\/lovelbeauty.mx\/?s={search_term_string}\"},\"query-input\":{\"@type\":\"PropertyValueSpecification\",\"valueRequired\":true,\"valueName\":\"search_term_string\"}}],\"inLanguage\":\"de\"},{\"@type\":\"Organization\",\"@id\":\"https:\/\/lovelbeauty.mx\/#organization\",\"name\":\"Lovel Beauty\",\"url\":\"https:\/\/lovelbeauty.mx\/\",\"logo\":{\"@type\":\"ImageObject\",\"inLanguage\":\"de\",\"@id\":\"https:\/\/lovelbeauty.mx\/#\/schema\/logo\/image\/\",\"url\":\"https:\/\/lovelbeauty.mx\/wp-content\/uploads\/2025\/02\/1_1.-Marca-Oficial.png\",\"contentUrl\":\"https:\/\/lovelbeauty.mx\/wp-content\/uploads\/2025\/02\/1_1.-Marca-Oficial.png\",\"width\":2550,\"height\":1930,\"caption\":\"Lovel Beauty\"},\"image\":{\"@id\":\"https:\/\/lovelbeauty.mx\/#\/schema\/logo\/image\/\"},\"sameAs\":[\"https:\/\/www.facebook.com\/share\/1EyUQBTKqT\/?mibextid=wwXIfr\",\"https:\/\/www.instagram.com\/lovelbeauty_\"]}]}<\/script>\n<!-- \/ Yoast SEO plugin. -->","yoast_head_json":{"title":"LATIN BROWS in Playa del Carmen | LOVEL BEAUTY","description":"Gib deinen Augenbrauen Struktur und Definition mit der Latin Brows Technik in Playa del Carmen. Pr\u00e4zises, nat\u00fcrliches Design.","robots":{"index":"index","follow":"follow","max-snippet":"max-snippet:-1","max-image-preview":"max-image-preview:large","max-video-preview":"max-video-preview:-1"},"canonical":"https:\/\/lovelbeauty.mx\/latinbrows-playa-del-carmen\/","og_locale":"de_DE","og_type":"article","og_title":"LATIN BROWS in Playa del Carmen | LOVEL BEAUTY","og_description":"Gib deinen Augenbrauen Struktur und Definition mit der Latin Brows Technik in Playa del Carmen. Pr\u00e4zises, nat\u00fcrliches Design.","og_url":"https:\/\/lovelbeauty.mx\/latinbrows-playa-del-carmen\/","og_site_name":"lovelbeauty.mx","article_publisher":"https:\/\/www.facebook.com\/share\/1EyUQBTKqT\/?mibextid=wwXIfr","article_modified_time":"2026-02-15T22:19:13+00:00","og_image":[{"url":"https:\/\/lovelbeauty.mx\/wp-content\/uploads\/elementor\/thumbs\/latinbrows-en-playa-del-carmen-r35fd5pqmcupbn7kr4od4wb5zz0qk5ch9cow4ww03s.webp","type":"","width":"","height":""}],"twitter_card":"summary_large_image","twitter_misc":{"Gesch\u00e4tzte Lesezeit":"3\u00a0Minuten"},"schema":{"@context":"https:\/\/schema.org","@graph":[{"@type":"WebPage","@id":"https:\/\/lovelbeauty.mx\/latinbrows-playa-del-carmen\/","url":"https:\/\/lovelbeauty.mx\/latinbrows-playa-del-carmen\/","name":"LATIN BROWS in Playa del Carmen | LOVEL BEAUTY","isPartOf":{"@id":"https:\/\/lovelbeauty.mx\/#website"},"primaryImageOfPage":{"@id":"https:\/\/lovelbeauty.mx\/latinbrows-playa-del-carmen\/#primaryimage"},"image":{"@id":"https:\/\/lovelbeauty.mx\/latinbrows-playa-del-carmen\/#primaryimage"},"thumbnailUrl":"https:\/\/lovelbeauty.mx\/wp-content\/uploads\/elementor\/thumbs\/latinbrows-en-playa-del-carmen-r35fd5pqmcupbn7kr4od4wb5zz0qk5ch9cow4ww03s.webp","datePublished":"2025-02-12T22:53:12+00:00","dateModified":"2026-02-15T22:19:13+00:00","description":"Gib deinen Augenbrauen Struktur und Definition mit der Latin Brows Technik in Playa del Carmen. Pr\u00e4zises, nat\u00fcrliches Design.","breadcrumb":{"@id":"https:\/\/lovelbeauty.mx\/latinbrows-playa-del-carmen\/#breadcrumb"},"inLanguage":"de","potentialAction":[{"@type":"ReadAction","target":["https:\/\/lovelbeauty.mx\/latinbrows-playa-del-carmen\/"]}]},{"@type":"ImageObject","inLanguage":"de","@id":"https:\/\/lovelbeauty.mx\/latinbrows-playa-del-carmen\/#primaryimage","url":"https:\/\/lovelbeauty.mx\/wp-content\/uploads\/elementor\/thumbs\/latinbrows-en-playa-del-carmen-r35fd5pqmcupbn7kr4od4wb5zz0qk5ch9cow4ww03s.webp","contentUrl":"https:\/\/lovelbeauty.mx\/wp-content\/uploads\/elementor\/thumbs\/latinbrows-en-playa-del-carmen-r35fd5pqmcupbn7kr4od4wb5zz0qk5ch9cow4ww03s.webp"},{"@type":"BreadcrumbList","@id":"https:\/\/lovelbeauty.mx\/latinbrows-playa-del-carmen\/#breadcrumb","itemListElement":[{"@type":"ListItem","position":1,"name":"Home","item":"https:\/\/lovelbeauty.mx\/"},{"@type":"ListItem","position":2,"name":"LATIN BROWS"}]},{"@type":"WebSite","@id":"https:\/\/lovelbeauty.mx\/#website","url":"https:\/\/lovelbeauty.mx\/","name":"Lovel Beauty","description":"M\u00e1s Que Belleza... Actos De Amor | Playa Del Carmen","publisher":{"@id":"https:\/\/lovelbeauty.mx\/#organization"},"potentialAction":[{"@type":"SearchAction","target":{"@type":"EntryPoint","urlTemplate":"https:\/\/lovelbeauty.mx\/?s={search_term_string}"},"query-input":{"@type":"PropertyValueSpecification","valueRequired":true,"valueName":"search_term_string"}}],"inLanguage":"de"},{"@type":"Organization","@id":"https:\/\/lovelbeauty.mx\/#organization","name":"Lovel Beauty","url":"https:\/\/lovelbeauty.mx\/","logo":{"@type":"ImageObject","inLanguage":"de","@id":"https:\/\/lovelbeauty.mx\/#\/schema\/logo\/image\/","url":"https:\/\/lovelbeauty.mx\/wp-content\/uploads\/2025\/02\/1_1.-Marca-Oficial.png","contentUrl":"https:\/\/lovelbeauty.mx\/wp-content\/uploads\/2025\/02\/1_1.-Marca-Oficial.png","width":2550,"height":1930,"caption":"Lovel Beauty"},"image":{"@id":"https:\/\/lovelbeauty.mx\/#\/schema\/logo\/image\/"},"sameAs":["https:\/\/www.facebook.com\/share\/1EyUQBTKqT\/?mibextid=wwXIfr","https:\/\/www.instagram.com\/lovelbeauty_"]}]}},"_links":{"self":[{"href":"https:\/\/lovelbeauty.mx\/de\/wp-json\/wp\/v2\/pages\/9009","targetHints":{"allow":["GET"]}}],"collection":[{"href":"https:\/\/lovelbeauty.mx\/de\/wp-json\/wp\/v2\/pages"}],"about":[{"href":"https:\/\/lovelbeauty.mx\/de\/wp-json\/wp\/v2\/types\/page"}],"author":[{"embeddable":true,"href":"https:\/\/lovelbeauty.mx\/de\/wp-json\/wp\/v2\/users\/1"}],"replies":[{"embeddable":true,"href":"https:\/\/lovelbeauty.mx\/de\/wp-json\/wp\/v2\/comments?post=9009"}],"version-history":[{"count":10,"href":"https:\/\/lovelbeauty.mx\/de\/wp-json\/wp\/v2\/pages\/9009\/revisions"}],"predecessor-version":[{"id":9512,"href":"https:\/\/lovelbeauty.mx\/de\/wp-json\/wp\/v2\/pages\/9009\/revisions\/9512"}],"wp:attachment":[{"href":"https:\/\/lovelbeauty.mx\/de\/wp-json\/wp\/v2\/media?parent=9009"}],"curies":[{"name":"wp","href":"https:\/\/api.w.org\/{rel}","templated":true}]}}