{"id":9010,"date":"2025-04-12T00:28:55","date_gmt":"2025-04-12T00:28:55","guid":{"rendered":"https:\/\/lovelbeauty.mx\/maquillaje-permanente-labios-playa-del-carmen\/"},"modified":"2026-02-15T22:21:50","modified_gmt":"2026-02-15T22:21:50","slug":"permanent-make-up-lippen-playa-del-carmen","status":"publish","type":"page","link":"https:\/\/lovelbeauty.mx\/de\/permanent-make-up-lippen-playa-del-carmen\/","title":{"rendered":"PERMANENT MAKE-UP F\u00dcR LIPPEN"},"content":{"rendered":"\t\t<div data-elementor-type=\"wp-page\" data-elementor-id=\"9010\" class=\"elementor elementor-9010\">\n\t\t\t\t<div class=\"elementor-element elementor-element-418644b e-flex e-con-boxed e-con e-parent\" data-id=\"418644b\" data-element_type=\"container\" data-settings=\"{&quot;background_background&quot;:&quot;classic&quot;}\">\n\t\t\t\t\t<div class=\"e-con-inner\">\n\t\t\t\t<div class=\"elementor-element elementor-element-b9f1753 elementor-widget elementor-widget-heading\" data-id=\"b9f1753\" data-element_type=\"widget\" data-widget_type=\"heading.default\">\n\t\t\t\t<div class=\"elementor-widget-container\">\n\t\t\t\t\t<h1 class=\"elementor-heading-title elementor-size-default\">LIPPEN-PERMANENT-MAKE-UP (LIP BLUSH) IN PLAYA DEL CARMEN<\/h1>\t\t\t\t<\/div>\n\t\t\t\t<\/div>\n\t\t\t\t\t<\/div>\n\t\t\t\t<\/div>\n\t\t<div class=\"elementor-element elementor-element-e9f222a e-flex e-con-boxed e-con e-parent\" data-id=\"e9f222a\" data-element_type=\"container\">\n\t\t\t\t\t<div class=\"e-con-inner\">\n\t\t\t\t<div class=\"elementor-element elementor-element-ba63228 elementor-widget elementor-widget-text-editor\" data-id=\"ba63228\" data-element_type=\"widget\" data-widget_type=\"text-editor.default\">\n\t\t\t\t<div class=\"elementor-widget-container\">\n\t\t\t\t\t\t\t\t\t<p class=\"p1\">M\u00f6chtest du dein L\u00e4cheln mit <span class=\"s1\">Permanent Make-up f\u00fcr Lippen (Lip Blush) in Playa del Carmen<\/span> betonen? Erziele eine definierte Farbe und ein nat\u00fcrliches Ergebnis, das lange h\u00e4lt.<\/p>\n\n<h2 class=\"p1\">PERFEKTE FARBE &#038; DEFINIERTE LIPPEN ZU JEDER ZEIT<\/h2>\n<p class=\"p1\">Permanent Make-up f\u00fcr Lippen ist die ideale L\u00f6sung f\u00fcr alle, die Form und nat\u00fcrlichen Farbton ihrer Lippen betonen m\u00f6chten \u2013 ganz ohne t\u00e4gliches Schminken. Mit dieser Micropigmentierungs-Technik erzielen wir eine <strong>gleichm\u00e4\u00dfige Farbe<\/strong>, eine <strong>klar definierte Kontur<\/strong> und einen <strong>optischen Volumeneffekt<\/strong>, ganz ohne Filler.<\/p>\n\n<p class=\"p1\">Wenn du dir <strong>symmetrischere Lippen<\/strong> mit <strong>langanhaltendem Farbton<\/strong> w\u00fcnschst, ist diese Behandlung perfekt f\u00fcr dich. Vergiss Lippenstift, der verl\u00e4uft oder mit der Zeit verblasst, und genie\u00dfe jederzeit <strong>sch\u00f6ne, gepflegte Lippen<\/strong>.<\/p>\t\t\t\t\t\t\t\t<\/div>\n\t\t\t\t<\/div>\n\t\t\t\t<div class=\"elementor-element elementor-element-2b85ff1 elementor-widget elementor-widget-image\" data-id=\"2b85ff1\" data-element_type=\"widget\" data-widget_type=\"image.default\">\n\t\t\t\t<div class=\"elementor-widget-container\">\n\t\t\t\t\t\t\t\t\t\t\t\t\t\t\t<img decoding=\"async\" src=\"https:\/\/lovelbeauty.mx\/wp-content\/uploads\/elementor\/thumbs\/maquillaje-permanente-de-labios-en-playa-del-carmen-r35etd82pxrcv7yibkp5mw3rpwkihkrxve6ud68f48.webp\" title=\"Maquillaje permanente de labios en Playa del Carmen &#8211; LOVEL BEAUTY\" alt=\"Maquillaje permanente de labios en Playa del Carmen\" loading=\"lazy\" \/>\t\t\t\t\t\t\t\t\t\t\t\t\t\t\t<\/div>\n\t\t\t\t<\/div>\n\t\t\t\t\t<\/div>\n\t\t\t\t<\/div>\n\t\t<div class=\"elementor-element elementor-element-d0f9ed3 e-flex e-con-boxed e-con e-parent\" data-id=\"d0f9ed3\" data-element_type=\"container\">\n\t\t\t\t\t<div class=\"e-con-inner\">\n\t\t\t\t<div class=\"elementor-element elementor-element-185bc1b elementor-widget elementor-widget-text-editor\" data-id=\"185bc1b\" data-element_type=\"widget\" data-widget_type=\"text-editor.default\">\n\t\t\t\t<div class=\"elementor-widget-container\">\n\t\t\t\t\t\t\t\t\t<h2 class=\"p1\">WARUM DU PERMANENT MAKE-UP F\u00dcR LIPPEN (LIP BLUSH) LIEBEN WIRST<\/h2>\n\n<p>\u2714 <strong>Individueller Farbton<\/strong> \u2013 von dezent und nat\u00fcrlich bis hin zu intensiver.<\/p>\n\n<p>\u2714 <strong>Perfekt definierte Lippen<\/strong> \u2013 wir gestalten eine pr\u00e4zise, harmonische Kontur, die die nat\u00fcrliche Lippenform unterstreicht.<\/p>\n\n<p>\u2714 <strong>Nat\u00fcrlicher Volumeneffekt<\/strong> \u2013 ganz ohne Hyalurons\u00e4ure.<\/p>\n\n<p>\u2714 <strong>Kein st\u00e4ndiges Nachschminken mehr<\/strong> \u2013 genie\u00dfe \u00fcber Monate hinweg eine gleichm\u00e4\u00dfige Farbe.<\/p>\n\n<p>\u2714 <strong>Mehr Komfort und Selbstbewusstsein<\/strong> \u2013 wache jeden Tag mit perfekt aussehenden Lippen auf.<\/p>\t\t\t\t\t\t\t\t<\/div>\n\t\t\t\t<\/div>\n\t\t\t\t<div class=\"elementor-element elementor-element-72bc58d content-align-center art-fadeIn art-anim animate__delay-1s elementor-widget elementor-widget-art-dark-button\" data-id=\"72bc58d\" data-element_type=\"widget\" data-widget_type=\"art-dark-button.default\">\n\t\t\t\t<div class=\"elementor-widget-container\">\n\t\t\t\t\t\r\n                            <div class=\"art-widget-button art--aliment-center art--aliment-tablet- art--aliment-mobile-\">\r\n                        <a href=\"https:\/\/www.fresha.com\/es\/book-now\/bonita-home-studio-koy6vc12\/all-offer?share&pId=714609\"  rel=\"nofollow\" class=\"art-button art-button-dark\">Buche deinen Termin<\/a>\r\n                    <\/div>\r\n                    \r\n\r\n\r\n\t\t\t\t\t\t<\/div>\n\t\t\t\t<\/div>\n\t\t\t\t\t<\/div>\n\t\t\t\t<\/div>\n\t\t<div class=\"elementor-element elementor-element-408be50 e-flex e-con-boxed e-con e-parent\" data-id=\"408be50\" data-element_type=\"container\">\n\t\t\t\t\t<div class=\"e-con-inner\">\n\t\t\t\t<div class=\"elementor-element elementor-element-3e4c679 elementor-widget elementor-widget-text-editor\" data-id=\"3e4c679\" data-element_type=\"widget\" data-widget_type=\"text-editor.default\">\n\t\t\t\t<div class=\"elementor-widget-container\">\n\t\t\t\t\t\t\t\t\t<h2 class=\"p1\">BETONE DEIN L\u00c4CHELN MIT PERFEKTER FARBE DANK UNSEREM PERMANENT MAKE-UP F\u00dcR LIPPEN (LIP BLUSH) IN PLAYA DEL CARMEN<\/h2>\n<p class=\"p1\"><span class=\"s1\">Trau dich zur Ver\u00e4nderung!<\/span> Entdecke, wie ein kleines Detail einen gro\u00dfen Unterschied f\u00fcr dein Aussehen und dein Selbstbewusstsein machen kann. <span class=\"s1\">Lass deine Sch\u00f6nheit f\u00fcr sich sprechen<\/span> \u2013 mit strahlenden, klar definierten Lippen und einem Farbton, der deine Pers\u00f6nlichkeit unterstreicht. Vergiss das t\u00e4gliche Schminken und genie\u00dfe eine makellose Farbe vom ersten Moment des Tages an. Mit unserem Permanent Make-up f\u00fcr Lippen erh\u00e4ltst du einen frischen, nat\u00fcrlichen und eleganten Look \u2013 ganz ohne Aufwand. <span class=\"s1\">Wenn du dir ein langanhaltendes Ergebnis w\u00fcnschst, das deine Ausstrahlung betont, ist diese Behandlung genau das Richtige f\u00fcr dich.<\/span> Lass dich vom Ergebnis \u00fcberraschen und sieh jederzeit gro\u00dfartig aus!<\/p>\t\t\t\t\t\t\t\t<\/div>\n\t\t\t\t<\/div>\n\t\t\t\t\t<\/div>\n\t\t\t\t<\/div>\n\t\t<div class=\"elementor-element elementor-element-e3f478e e-flex e-con-boxed e-con e-parent\" data-id=\"e3f478e\" data-element_type=\"container\">\n\t\t\t\t\t<div class=\"e-con-inner\">\n\t\t\t\t<div class=\"elementor-element elementor-element-eefc081 elementor-widget elementor-widget-text-editor\" data-id=\"eefc081\" data-element_type=\"widget\" data-widget_type=\"text-editor.default\">\n\t\t\t\t<div class=\"elementor-widget-container\">\n\t\t\t\t\t\t\t\t\t<strong>Erfahre mehr \u00fcber die Micropigmentierung, den Ablauf, die Nachpflege und alle Vorteile<\/strong>\n<a class=\"small-button\" href=\"https:\/\/lovelbeauty.mx\/de\/micropigmentierung-in-playa-del-carmen\/\">hier<\/a>\n\n<style>\n    .small-button {\n        display: inline-block;\n        padding: 0px 12px;\n        font-size: 14px;\n        font-weight: bold;\n        color: white;\n        background-color: #000000; \/* Schwarz *\/\n        border-radius: 50px;\n        text-decoration: none;\n        transition: background 0.3s ease;\n    }\n    .small-button:hover {\n        background-color: #333333; \/* Etwas helleres Schwarz beim Hover *\/\n    }\n<\/style>\t\t\t\t\t\t\t\t<\/div>\n\t\t\t\t<\/div>\n\t\t\t\t\t<\/div>\n\t\t\t\t<\/div>\n\t\t<div class=\"elementor-element elementor-element-83c4c8f e-flex e-con-boxed e-con e-parent\" data-id=\"83c4c8f\" data-element_type=\"container\">\n\t\t\t\t\t<div class=\"e-con-inner\">\n\t\t\t\t<div class=\"elementor-element elementor-element-85664b6 elementor-widget elementor-widget-text-editor\" data-id=\"85664b6\" data-element_type=\"widget\" data-widget_type=\"text-editor.default\">\n\t\t\t\t<div class=\"elementor-widget-container\">\n\t\t\t\t\t\t\t\t\t<p><strong>Permanent Make-up f\u00fcr Lippen (Lip Blush)<\/strong> \u2013 $4200<\/p><p><strong>Nachbehandlung nach 1 Monat<\/strong> \u2013 $1700<\/p><p><strong>Nachbehandlung nach 1 Jahr<\/strong> \u2013 $2700<\/p><p><em>*Nachbehandlungen sind ausschlie\u00dflich f\u00fcr Kundinnen von LOVEL BEAUTY.<\/em><\/p>\t\t\t\t\t\t\t\t<\/div>\n\t\t\t\t<\/div>\n\t\t\t\t\t<\/div>\n\t\t\t\t<\/div>\n\t\t<div class=\"elementor-element elementor-element-74e7de8 e-flex e-con-boxed e-con e-parent\" data-id=\"74e7de8\" data-element_type=\"container\">\n\t\t\t\t\t<div class=\"e-con-inner\">\n\t\t\t\t<div class=\"elementor-element elementor-element-c73a33c content-align-center art-fadeIn art-anim animate__delay-1s elementor-widget elementor-widget-art-dark-button\" data-id=\"c73a33c\" data-element_type=\"widget\" data-widget_type=\"art-dark-button.default\">\n\t\t\t\t<div class=\"elementor-widget-container\">\n\t\t\t\t\t\r\n        \r\n                <div class=\"art-widget-button art--aliment-center art--aliment-tablet- art--aliment-mobile-\">\r\n                    <a href=\"https:\/\/lovelbeauty.mx\/menu-de-servicios\/\" class=\"art-button art-button-dark\">Service-Men\u00fc ansehen<\/a>\r\n                <\/div>\r\n\r\n                \r\n\r\n\r\n\t\t\t\t\t\t<\/div>\n\t\t\t\t<\/div>\n\t\t\t\t\t<\/div>\n\t\t\t\t<\/div>\n\t\t<div class=\"elementor-element elementor-element-1514257 e-flex e-con-boxed e-con e-parent\" data-id=\"1514257\" data-element_type=\"container\">\n\t\t\t\t\t<div class=\"e-con-inner\">\n\t\t<div class=\"elementor-element elementor-element-0181919 e-con-full e-flex e-con e-child\" data-id=\"0181919\" data-element_type=\"container\">\n\t\t<div class=\"elementor-element elementor-element-e626907 e-con-full e-flex e-con e-child\" data-id=\"e626907\" data-element_type=\"container\">\n\t\t<div class=\"elementor-element elementor-element-d624dc6 e-con-full e-flex e-con e-child\" data-id=\"d624dc6\" data-element_type=\"container\">\n\t\t\t\t<div class=\"elementor-element elementor-element-d2b2cfc elementor-align-left elementor-invisible elementor-widget elementor-widget-button\" data-id=\"d2b2cfc\" data-element_type=\"widget\" data-settings=\"{&quot;_animation&quot;:&quot;zoomIn&quot;,&quot;_animation_mobile&quot;:&quot;zoomIn&quot;}\" data-widget_type=\"button.default\">\n\t\t\t\t<div class=\"elementor-widget-container\">\n\t\t\t\t\t\t\t\t\t<div class=\"elementor-button-wrapper\">\n\t\t\t\t\t<a class=\"elementor-button elementor-button-link elementor-size-sm\" href=\"https:\/\/lovelbeauty.mx\/de\/latinbrows-playa-del-carmen\/\">\n\t\t\t\t\t\t<span class=\"elementor-button-content-wrapper\">\n\t\t\t\t\t\t<span class=\"elementor-button-icon\">\n\t\t\t\t<svg aria-hidden=\"true\" class=\"e-font-icon-svg e-far-arrow-alt-circle-left\" viewBox=\"0 0 512 512\" xmlns=\"http:\/\/www.w3.org\/2000\/svg\"><path d=\"M8 256c0 137 111 248 248 248s248-111 248-248S393 8 256 8 8 119 8 256zm448 0c0 110.5-89.5 200-200 200S56 366.5 56 256 145.5 56 256 56s200 89.5 200 200zm-72-20v40c0 6.6-5.4 12-12 12H256v67c0 10.7-12.9 16-20.5 8.5l-99-99c-4.7-4.7-4.7-12.3 0-17l99-99c7.6-7.6 20.5-2.2 20.5 8.5v67h116c6.6 0 12 5.4 12 12z\"><\/path><\/svg>\t\t\t<\/span>\n\t\t\t\t\t\t\t\t\t<span class=\"elementor-button-text\">LATINBROWS<\/span>\n\t\t\t\t\t<\/span>\n\t\t\t\t\t<\/a>\n\t\t\t\t<\/div>\n\t\t\t\t\t\t\t\t<\/div>\n\t\t\t\t<\/div>\n\t\t\t\t<div class=\"elementor-element elementor-element-eed70bd elementor-invisible elementor-widget elementor-widget-button\" data-id=\"eed70bd\" data-element_type=\"widget\" data-settings=\"{&quot;_animation&quot;:&quot;zoomIn&quot;,&quot;_animation_mobile&quot;:&quot;zoomIn&quot;}\" data-widget_type=\"button.default\">\n\t\t\t\t<div class=\"elementor-widget-container\">\n\t\t\t\t\t\t\t\t\t<div class=\"elementor-button-wrapper\">\n\t\t\t\t\t<a class=\"elementor-button elementor-button-link elementor-size-sm\" href=\"https:\/\/lovelbeauty.mx\/de\/wimpernverlangerung-playa-del-carmen\/\">\n\t\t\t\t\t\t<span class=\"elementor-button-content-wrapper\">\n\t\t\t\t\t\t<span class=\"elementor-button-icon\">\n\t\t\t\t<svg aria-hidden=\"true\" class=\"e-font-icon-svg e-far-arrow-alt-circle-right\" viewBox=\"0 0 512 512\" xmlns=\"http:\/\/www.w3.org\/2000\/svg\"><path d=\"M504 256C504 119 393 8 256 8S8 119 8 256s111 248 248 248 248-111 248-248zm-448 0c0-110.5 89.5-200 200-200s200 89.5 200 200-89.5 200-200 200S56 366.5 56 256zm72 20v-40c0-6.6 5.4-12 12-12h116v-67c0-10.7 12.9-16 20.5-8.5l99 99c4.7 4.7 4.7 12.3 0 17l-99 99c-7.6 7.6-20.5 2.2-20.5-8.5v-67H140c-6.6 0-12-5.4-12-12z\"><\/path><\/svg>\t\t\t<\/span>\n\t\t\t\t\t\t\t\t\t<span class=\"elementor-button-text\">WIMPERNVERL\u00c4NGERUNG<\/span>\n\t\t\t\t\t<\/span>\n\t\t\t\t\t<\/a>\n\t\t\t\t<\/div>\n\t\t\t\t\t\t\t\t<\/div>\n\t\t\t\t<\/div>\n\t\t\t\t<\/div>\n\t\t\t\t<\/div>\n\t\t\t\t<\/div>\n\t\t\t\t\t<\/div>\n\t\t\t\t<\/div>\n\t\t\t\t<\/div>\n\t\t","protected":false},"excerpt":{"rendered":"<p>LIPPEN-PERMANENT-MAKE-UP (LIP BLUSH) IN PLAYA DEL CARMEN M\u00f6chtest du dein L\u00e4cheln mit Permanent Make-up f\u00fcr Lippen (Lip Blush) in Playa del Carmen betonen? Erziele eine definierte Farbe und ein nat\u00fcrliches Ergebnis, das lange h\u00e4lt. PERFEKTE FARBE &#038; DEFINIERTE LIPPEN ZU JEDER ZEIT Permanent Make-up f\u00fcr Lippen ist die ideale L\u00f6sung f\u00fcr alle, die Form und [&hellip;]<\/p>\n","protected":false},"author":1,"featured_media":0,"parent":0,"menu_order":0,"comment_status":"closed","ping_status":"closed","template":"elementor-template.php","meta":{"inline_featured_image":false,"_monsterinsights_skip_tracking":false,"_monsterinsights_sitenote_active":false,"_monsterinsights_sitenote_note":"","_monsterinsights_sitenote_category":0,"footnotes":""},"class_list":["post-9010","page","type-page","status-publish","hentry"],"yoast_head":"<!-- This site is optimized with the Yoast SEO plugin v26.6 - https:\/\/yoast.com\/wordpress\/plugins\/seo\/ -->\n<title>Permanent Make Up Lippen in Playa del Carmen | LOVEL BEAUTY<\/title>\n<meta name=\"description\" content=\"Betone die nat\u00fcrliche Lippenfarbe mit Permanent Make-up f\u00fcr Lippen in Playa del Carmen. Definierter, langanhaltender Farbton f\u00fcr einen makellosen Look.\" \/>\n<meta name=\"robots\" content=\"index, follow, max-snippet:-1, max-image-preview:large, max-video-preview:-1\" \/>\n<link rel=\"canonical\" href=\"https:\/\/lovelbeauty.mx\/maquillaje-permanente-labios-playa-del-carmen\/\" \/>\n<meta property=\"og:locale\" content=\"de_DE\" \/>\n<meta property=\"og:type\" content=\"article\" \/>\n<meta property=\"og:title\" content=\"Permanent Make Up Lippen in Playa del Carmen | LOVEL BEAUTY\" \/>\n<meta property=\"og:description\" content=\"Betone die nat\u00fcrliche Lippenfarbe mit Permanent Make-up f\u00fcr Lippen in Playa del Carmen. Definierter, langanhaltender Farbton f\u00fcr einen makellosen Look.\" \/>\n<meta property=\"og:url\" content=\"https:\/\/lovelbeauty.mx\/maquillaje-permanente-labios-playa-del-carmen\/\" \/>\n<meta property=\"og:site_name\" content=\"lovelbeauty.mx\" \/>\n<meta property=\"article:publisher\" content=\"https:\/\/www.facebook.com\/share\/1EyUQBTKqT\/?mibextid=wwXIfr\" \/>\n<meta property=\"article:modified_time\" content=\"2026-02-15T22:21:50+00:00\" \/>\n<meta property=\"og:image\" content=\"https:\/\/lovelbeauty.mx\/wp-content\/uploads\/elementor\/thumbs\/maquillaje-permanente-de-labios-en-playa-del-carmen-r35etd82pxrcv7yibkp5mw3rpwkihkrxve6ud68f48.webp\" \/>\n<meta name=\"twitter:card\" content=\"summary_large_image\" \/>\n<meta name=\"twitter:label1\" content=\"Gesch\u00e4tzte Lesezeit\" \/>\n\t<meta name=\"twitter:data1\" content=\"3\u00a0Minuten\" \/>\n<script type=\"application\/ld+json\" class=\"yoast-schema-graph\">{\"@context\":\"https:\/\/schema.org\",\"@graph\":[{\"@type\":\"WebPage\",\"@id\":\"https:\/\/lovelbeauty.mx\/maquillaje-permanente-labios-playa-del-carmen\/\",\"url\":\"https:\/\/lovelbeauty.mx\/maquillaje-permanente-labios-playa-del-carmen\/\",\"name\":\"Permanent Make Up Lippen in Playa del Carmen | LOVEL BEAUTY\",\"isPartOf\":{\"@id\":\"https:\/\/lovelbeauty.mx\/#website\"},\"primaryImageOfPage\":{\"@id\":\"https:\/\/lovelbeauty.mx\/maquillaje-permanente-labios-playa-del-carmen\/#primaryimage\"},\"image\":{\"@id\":\"https:\/\/lovelbeauty.mx\/maquillaje-permanente-labios-playa-del-carmen\/#primaryimage\"},\"thumbnailUrl\":\"https:\/\/lovelbeauty.mx\/wp-content\/uploads\/elementor\/thumbs\/maquillaje-permanente-de-labios-en-playa-del-carmen-r35etd82pxrcv7yibkp5mw3rpwkihkrxve6ud68f48.webp\",\"datePublished\":\"2025-04-12T00:28:55+00:00\",\"dateModified\":\"2026-02-15T22:21:50+00:00\",\"description\":\"Betone die nat\u00fcrliche Lippenfarbe mit Permanent Make-up f\u00fcr Lippen in Playa del Carmen. Definierter, langanhaltender Farbton f\u00fcr einen makellosen Look.\",\"breadcrumb\":{\"@id\":\"https:\/\/lovelbeauty.mx\/maquillaje-permanente-labios-playa-del-carmen\/#breadcrumb\"},\"inLanguage\":\"de\",\"potentialAction\":[{\"@type\":\"ReadAction\",\"target\":[\"https:\/\/lovelbeauty.mx\/maquillaje-permanente-labios-playa-del-carmen\/\"]}]},{\"@type\":\"ImageObject\",\"inLanguage\":\"de\",\"@id\":\"https:\/\/lovelbeauty.mx\/maquillaje-permanente-labios-playa-del-carmen\/#primaryimage\",\"url\":\"https:\/\/lovelbeauty.mx\/wp-content\/uploads\/elementor\/thumbs\/maquillaje-permanente-de-labios-en-playa-del-carmen-r35etd82pxrcv7yibkp5mw3rpwkihkrxve6ud68f48.webp\",\"contentUrl\":\"https:\/\/lovelbeauty.mx\/wp-content\/uploads\/elementor\/thumbs\/maquillaje-permanente-de-labios-en-playa-del-carmen-r35etd82pxrcv7yibkp5mw3rpwkihkrxve6ud68f48.webp\"},{\"@type\":\"BreadcrumbList\",\"@id\":\"https:\/\/lovelbeauty.mx\/maquillaje-permanente-labios-playa-del-carmen\/#breadcrumb\",\"itemListElement\":[{\"@type\":\"ListItem\",\"position\":1,\"name\":\"Home\",\"item\":\"https:\/\/lovelbeauty.mx\/\"},{\"@type\":\"ListItem\",\"position\":2,\"name\":\"PERMANENT MAKE-UP F\u00dcR LIPPEN\"}]},{\"@type\":\"WebSite\",\"@id\":\"https:\/\/lovelbeauty.mx\/#website\",\"url\":\"https:\/\/lovelbeauty.mx\/\",\"name\":\"Lovel Beauty\",\"description\":\"M\u00e1s Que Belleza... Actos De Amor | Playa Del Carmen\",\"publisher\":{\"@id\":\"https:\/\/lovelbeauty.mx\/#organization\"},\"potentialAction\":[{\"@type\":\"SearchAction\",\"target\":{\"@type\":\"EntryPoint\",\"urlTemplate\":\"https:\/\/lovelbeauty.mx\/?s={search_term_string}\"},\"query-input\":{\"@type\":\"PropertyValueSpecification\",\"valueRequired\":true,\"valueName\":\"search_term_string\"}}],\"inLanguage\":\"de\"},{\"@type\":\"Organization\",\"@id\":\"https:\/\/lovelbeauty.mx\/#organization\",\"name\":\"Lovel Beauty\",\"url\":\"https:\/\/lovelbeauty.mx\/\",\"logo\":{\"@type\":\"ImageObject\",\"inLanguage\":\"de\",\"@id\":\"https:\/\/lovelbeauty.mx\/#\/schema\/logo\/image\/\",\"url\":\"https:\/\/lovelbeauty.mx\/wp-content\/uploads\/2025\/02\/1_1.-Marca-Oficial.png\",\"contentUrl\":\"https:\/\/lovelbeauty.mx\/wp-content\/uploads\/2025\/02\/1_1.-Marca-Oficial.png\",\"width\":2550,\"height\":1930,\"caption\":\"Lovel Beauty\"},\"image\":{\"@id\":\"https:\/\/lovelbeauty.mx\/#\/schema\/logo\/image\/\"},\"sameAs\":[\"https:\/\/www.facebook.com\/share\/1EyUQBTKqT\/?mibextid=wwXIfr\",\"https:\/\/www.instagram.com\/lovelbeauty_\"]}]}<\/script>\n<!-- \/ Yoast SEO plugin. -->","yoast_head_json":{"title":"Permanent Make Up Lippen in Playa del Carmen | LOVEL BEAUTY","description":"Betone die nat\u00fcrliche Lippenfarbe mit Permanent Make-up f\u00fcr Lippen in Playa del Carmen. Definierter, langanhaltender Farbton f\u00fcr einen makellosen Look.","robots":{"index":"index","follow":"follow","max-snippet":"max-snippet:-1","max-image-preview":"max-image-preview:large","max-video-preview":"max-video-preview:-1"},"canonical":"https:\/\/lovelbeauty.mx\/maquillaje-permanente-labios-playa-del-carmen\/","og_locale":"de_DE","og_type":"article","og_title":"Permanent Make Up Lippen in Playa del Carmen | LOVEL BEAUTY","og_description":"Betone die nat\u00fcrliche Lippenfarbe mit Permanent Make-up f\u00fcr Lippen in Playa del Carmen. Definierter, langanhaltender Farbton f\u00fcr einen makellosen Look.","og_url":"https:\/\/lovelbeauty.mx\/maquillaje-permanente-labios-playa-del-carmen\/","og_site_name":"lovelbeauty.mx","article_publisher":"https:\/\/www.facebook.com\/share\/1EyUQBTKqT\/?mibextid=wwXIfr","article_modified_time":"2026-02-15T22:21:50+00:00","og_image":[{"url":"https:\/\/lovelbeauty.mx\/wp-content\/uploads\/elementor\/thumbs\/maquillaje-permanente-de-labios-en-playa-del-carmen-r35etd82pxrcv7yibkp5mw3rpwkihkrxve6ud68f48.webp","type":"","width":"","height":""}],"twitter_card":"summary_large_image","twitter_misc":{"Gesch\u00e4tzte Lesezeit":"3\u00a0Minuten"},"schema":{"@context":"https:\/\/schema.org","@graph":[{"@type":"WebPage","@id":"https:\/\/lovelbeauty.mx\/maquillaje-permanente-labios-playa-del-carmen\/","url":"https:\/\/lovelbeauty.mx\/maquillaje-permanente-labios-playa-del-carmen\/","name":"Permanent Make Up Lippen in Playa del Carmen | LOVEL BEAUTY","isPartOf":{"@id":"https:\/\/lovelbeauty.mx\/#website"},"primaryImageOfPage":{"@id":"https:\/\/lovelbeauty.mx\/maquillaje-permanente-labios-playa-del-carmen\/#primaryimage"},"image":{"@id":"https:\/\/lovelbeauty.mx\/maquillaje-permanente-labios-playa-del-carmen\/#primaryimage"},"thumbnailUrl":"https:\/\/lovelbeauty.mx\/wp-content\/uploads\/elementor\/thumbs\/maquillaje-permanente-de-labios-en-playa-del-carmen-r35etd82pxrcv7yibkp5mw3rpwkihkrxve6ud68f48.webp","datePublished":"2025-04-12T00:28:55+00:00","dateModified":"2026-02-15T22:21:50+00:00","description":"Betone die nat\u00fcrliche Lippenfarbe mit Permanent Make-up f\u00fcr Lippen in Playa del Carmen. Definierter, langanhaltender Farbton f\u00fcr einen makellosen Look.","breadcrumb":{"@id":"https:\/\/lovelbeauty.mx\/maquillaje-permanente-labios-playa-del-carmen\/#breadcrumb"},"inLanguage":"de","potentialAction":[{"@type":"ReadAction","target":["https:\/\/lovelbeauty.mx\/maquillaje-permanente-labios-playa-del-carmen\/"]}]},{"@type":"ImageObject","inLanguage":"de","@id":"https:\/\/lovelbeauty.mx\/maquillaje-permanente-labios-playa-del-carmen\/#primaryimage","url":"https:\/\/lovelbeauty.mx\/wp-content\/uploads\/elementor\/thumbs\/maquillaje-permanente-de-labios-en-playa-del-carmen-r35etd82pxrcv7yibkp5mw3rpwkihkrxve6ud68f48.webp","contentUrl":"https:\/\/lovelbeauty.mx\/wp-content\/uploads\/elementor\/thumbs\/maquillaje-permanente-de-labios-en-playa-del-carmen-r35etd82pxrcv7yibkp5mw3rpwkihkrxve6ud68f48.webp"},{"@type":"BreadcrumbList","@id":"https:\/\/lovelbeauty.mx\/maquillaje-permanente-labios-playa-del-carmen\/#breadcrumb","itemListElement":[{"@type":"ListItem","position":1,"name":"Home","item":"https:\/\/lovelbeauty.mx\/"},{"@type":"ListItem","position":2,"name":"PERMANENT MAKE-UP F\u00dcR LIPPEN"}]},{"@type":"WebSite","@id":"https:\/\/lovelbeauty.mx\/#website","url":"https:\/\/lovelbeauty.mx\/","name":"Lovel Beauty","description":"M\u00e1s Que Belleza... Actos De Amor | Playa Del Carmen","publisher":{"@id":"https:\/\/lovelbeauty.mx\/#organization"},"potentialAction":[{"@type":"SearchAction","target":{"@type":"EntryPoint","urlTemplate":"https:\/\/lovelbeauty.mx\/?s={search_term_string}"},"query-input":{"@type":"PropertyValueSpecification","valueRequired":true,"valueName":"search_term_string"}}],"inLanguage":"de"},{"@type":"Organization","@id":"https:\/\/lovelbeauty.mx\/#organization","name":"Lovel Beauty","url":"https:\/\/lovelbeauty.mx\/","logo":{"@type":"ImageObject","inLanguage":"de","@id":"https:\/\/lovelbeauty.mx\/#\/schema\/logo\/image\/","url":"https:\/\/lovelbeauty.mx\/wp-content\/uploads\/2025\/02\/1_1.-Marca-Oficial.png","contentUrl":"https:\/\/lovelbeauty.mx\/wp-content\/uploads\/2025\/02\/1_1.-Marca-Oficial.png","width":2550,"height":1930,"caption":"Lovel Beauty"},"image":{"@id":"https:\/\/lovelbeauty.mx\/#\/schema\/logo\/image\/"},"sameAs":["https:\/\/www.facebook.com\/share\/1EyUQBTKqT\/?mibextid=wwXIfr","https:\/\/www.instagram.com\/lovelbeauty_"]}]}},"_links":{"self":[{"href":"https:\/\/lovelbeauty.mx\/de\/wp-json\/wp\/v2\/pages\/9010","targetHints":{"allow":["GET"]}}],"collection":[{"href":"https:\/\/lovelbeauty.mx\/de\/wp-json\/wp\/v2\/pages"}],"about":[{"href":"https:\/\/lovelbeauty.mx\/de\/wp-json\/wp\/v2\/types\/page"}],"author":[{"embeddable":true,"href":"https:\/\/lovelbeauty.mx\/de\/wp-json\/wp\/v2\/users\/1"}],"replies":[{"embeddable":true,"href":"https:\/\/lovelbeauty.mx\/de\/wp-json\/wp\/v2\/comments?post=9010"}],"version-history":[{"count":10,"href":"https:\/\/lovelbeauty.mx\/de\/wp-json\/wp\/v2\/pages\/9010\/revisions"}],"predecessor-version":[{"id":9524,"href":"https:\/\/lovelbeauty.mx\/de\/wp-json\/wp\/v2\/pages\/9010\/revisions\/9524"}],"wp:attachment":[{"href":"https:\/\/lovelbeauty.mx\/de\/wp-json\/wp\/v2\/media?parent=9010"}],"curies":[{"name":"wp","href":"https:\/\/api.w.org\/{rel}","templated":true}]}}