{"id":9012,"date":"2025-02-14T00:36:28","date_gmt":"2025-02-14T00:36:28","guid":{"rendered":"https:\/\/lovelbeauty.mx\/lash-lifting-playa-del-carmen\/"},"modified":"2026-02-16T17:51:58","modified_gmt":"2026-02-16T17:51:58","slug":"wimpernlifting-playa-del-carmen","status":"publish","type":"page","link":"https:\/\/lovelbeauty.mx\/de\/wimpernlifting-playa-del-carmen\/","title":{"rendered":"WIMPERNLIFTING"},"content":{"rendered":"\t\t<div data-elementor-type=\"wp-page\" data-elementor-id=\"9012\" class=\"elementor elementor-9012\">\n\t\t\t\t<div class=\"elementor-element elementor-element-418644b e-flex e-con-boxed e-con e-parent\" data-id=\"418644b\" data-element_type=\"container\" data-settings=\"{&quot;background_background&quot;:&quot;classic&quot;}\">\n\t\t\t\t\t<div class=\"e-con-inner\">\n\t\t\t\t<div class=\"elementor-element elementor-element-b9f1753 elementor-widget elementor-widget-heading\" data-id=\"b9f1753\" data-element_type=\"widget\" data-widget_type=\"heading.default\">\n\t\t\t\t<div class=\"elementor-widget-container\">\n\t\t\t\t\t<h1 class=\"elementor-heading-title elementor-size-default\">WIMPERNLIFTING IN PLAYA DEL CARMEN<\/h1>\t\t\t\t<\/div>\n\t\t\t\t<\/div>\n\t\t\t\t\t<\/div>\n\t\t\t\t<\/div>\n\t\t<div class=\"elementor-element elementor-element-e9f222a e-flex e-con-boxed e-con e-parent\" data-id=\"e9f222a\" data-element_type=\"container\">\n\t\t\t\t\t<div class=\"e-con-inner\">\n\t\t\t\t<div class=\"elementor-element elementor-element-ba63228 elementor-widget elementor-widget-text-editor\" data-id=\"ba63228\" data-element_type=\"widget\" data-widget_type=\"text-editor.default\">\n\t\t\t\t<div class=\"elementor-widget-container\">\n\t\t\t\t\t\t\t\t\t<p class=\"p1\">M\u00f6chtest du deine nat\u00fcrlichen Wimpern mit einem <span class=\"s1\">Wimpernlifting in Playa del Carmen<\/span> betonen? Genie\u00dfe perfekt geschwungene und definierte Wimpern \u2013 ganz ohne Extensions.<\/p>\n\n<h2 class=\"p1\">BETONE DEINE NAT\u00dcRLICHEN WIMPERN MIT EINEM PERFEKTEN SCHWUNG<\/h2>\n<p class=\"p1\">Wenn du dir einen offeneren, ausdrucksst\u00e4rkeren Blick w\u00fcnschst, ohne Extensions zu tragen, ist das <strong>Wimpernlifting<\/strong> die ideale Wahl. Mit dieser Technik werden deine nat\u00fcrlichen Wimpern vom Ansatz an sanft angehoben und geformt, wodurch sie l\u00e4nger und geschwungener wirken \u2013 ganz ohne sie zu sch\u00e4digen.<\/p>\n\n<p class=\"p1\">Das Wimpernlifting ist perfekt f\u00fcr alle, die ihre Augen <strong>nat\u00fcrlich betonen<\/strong> m\u00f6chten, ohne aufwendige Pflege. Das Ergebnis h\u00e4lt <strong>4 bis 6 Wochen<\/strong>, spart Zeit in deiner t\u00e4glichen Beauty-Routine und macht den Wimperncurler \u00fcberfl\u00fcssig.<\/p>\t\t\t\t\t\t\t\t<\/div>\n\t\t\t\t<\/div>\n\t\t\t\t<div class=\"elementor-element elementor-element-2b85ff1 elementor-widget elementor-widget-image\" data-id=\"2b85ff1\" data-element_type=\"widget\" data-widget_type=\"image.default\">\n\t\t\t\t<div class=\"elementor-widget-container\">\n\t\t\t\t\t\t\t\t\t\t\t\t\t\t\t<img decoding=\"async\" src=\"https:\/\/lovelbeauty.mx\/wp-content\/uploads\/elementor\/thumbs\/lash-lifting-en-playa-del-carmen-r35e06cih5ssb6cyryg979afl4g5fyw16wtzttikco.webp\" title=\"Lash lifting en Playa del Carmen &#8211; LOVEL BEAUTY\" alt=\"Pesta\u00f1as levantadas con lash lifting en Playa del Carmen\" loading=\"lazy\" \/>\t\t\t\t\t\t\t\t\t\t\t\t\t\t\t<\/div>\n\t\t\t\t<\/div>\n\t\t\t\t\t<\/div>\n\t\t\t\t<\/div>\n\t\t<div class=\"elementor-element elementor-element-1349fc1 e-flex e-con-boxed e-con e-parent\" data-id=\"1349fc1\" data-element_type=\"container\">\n\t\t\t\t\t<div class=\"e-con-inner\">\n\t\t\t\t<div class=\"elementor-element elementor-element-4327e42 elementor-widget elementor-widget-text-editor\" data-id=\"4327e42\" data-element_type=\"widget\" data-widget_type=\"text-editor.default\">\n\t\t\t\t<div class=\"elementor-widget-container\">\n\t\t\t\t\t\t\t\t\t<h2 class=\"p1\">WARUM DU DAS WIMPERNLIFTING LIEBEN WIRST<\/h2>\n\n<p>\u2714 <strong>Sichtbar l\u00e4ngere und geschwungene Wimpern<\/strong> \u2013 ganz ohne Extensions.<\/p>\n\n<p>\u2714 <strong>Nat\u00fcrliches Ergebnis<\/strong> mit einer Haltbarkeit von <strong>bis zu 6 Wochen<\/strong>.<\/p>\n\n<p>\u2714 <strong>Wasserfestes Ergebnis<\/strong>.<\/p>\n\n<p>\u2714 <strong>Offenerer, ausdrucksst\u00e4rkerer Blick<\/strong>.<\/p>\n\n<p>\u2714 <strong>Schnell und angenehm<\/strong> \u2013 in weniger als 2 Stunden sind deine Wimpern fertig.<\/p>\t\t\t\t\t\t\t\t<\/div>\n\t\t\t\t<\/div>\n\t\t\t\t<div class=\"elementor-element elementor-element-fca5d90 content-align-center art-fadeIn art-anim animate__delay-1s elementor-widget elementor-widget-art-dark-button\" data-id=\"fca5d90\" data-element_type=\"widget\" data-widget_type=\"art-dark-button.default\">\n\t\t\t\t<div class=\"elementor-widget-container\">\n\t\t\t\t\t\r\n                            <div class=\"art-widget-button art--aliment-center art--aliment-tablet- art--aliment-mobile-\">\r\n                        <a href=\"https:\/\/www.fresha.com\/es\/book-now\/bonita-home-studio-koy6vc12\/all-offer?share&pId=714609\"  rel=\"nofollow\" class=\"art-button art-button-dark\">Buche deinen Termin<\/a>\r\n                    <\/div>\r\n                    \r\n\r\n\r\n\t\t\t\t\t\t<\/div>\n\t\t\t\t<\/div>\n\t\t\t\t\t<\/div>\n\t\t\t\t<\/div>\n\t\t<div class=\"elementor-element elementor-element-072e3eb e-flex e-con-boxed e-con e-parent\" data-id=\"072e3eb\" data-element_type=\"container\">\n\t\t\t\t\t<div class=\"e-con-inner\">\n\t\t\t\t<div class=\"elementor-element elementor-element-55058fc elementor-widget elementor-widget-text-editor\" data-id=\"55058fc\" data-element_type=\"widget\" data-widget_type=\"text-editor.default\">\n\t\t\t\t<div class=\"elementor-widget-container\">\n\t\t\t\t\t\t\t\t\t<h2 class=\"p1\">WIE L\u00c4UFT DIE BEHANDLUNG AB?<\/h2>\n\n<p>1\ufe0f\u20e3 <strong>Reinigung &#038; Vorbereitung<\/strong>: Wir entfernen Make-up-Reste und bereiten die Wimpern optimal auf die Behandlung vor.<\/p>\n\n<p>2\ufe0f\u20e3 <strong>Anheben &#038; Fixierung<\/strong>: Ein Silikonpad wird angebracht, um den gew\u00fcnschten Schwung zu formen. Anschlie\u00dfend tragen wir das Produkt auf, damit die Wimpern ihre ideale Kr\u00fcmmung erhalten.<\/p>\n\n<p>3\ufe0f\u20e3 <strong>Pflege &#038; Versiegelung<\/strong>: Eine Vitaminpflege wird aufgetragen, um die Wimpern zu st\u00e4rken.<\/p>\n\n<p>4\ufe0f\u20e3 <strong>Nachpflege<\/strong>: Wasche deine Wimpern wie gewohnt. Zum Abschminken verwende bitte einen sanften Make-up-Entferner.<\/p>\n\n<h2 class=\"p1\">GENIESSE EINEN NAT\u00dcRLICHEN UND VERF\u00dcHRERISCHEN BLICK MIT UNSEREM WIMPERNLIFTING IN PLAYA DEL CARMEN<\/h2>\n\n<p>Probiere es aus und \u00fcberzeuge dich selbst vom Unterschied!<\/p>\t\t\t\t\t\t\t\t<\/div>\n\t\t\t\t<\/div>\n\t\t\t\t\t<\/div>\n\t\t\t\t<\/div>\n\t\t<div class=\"elementor-element elementor-element-e2262ed e-flex e-con-boxed e-con e-parent\" data-id=\"e2262ed\" data-element_type=\"container\">\n\t\t\t\t\t<div class=\"e-con-inner\">\n\t\t\t\t<div class=\"elementor-element elementor-element-efdb827 elementor-widget elementor-widget-text-editor\" data-id=\"efdb827\" data-element_type=\"widget\" data-widget_type=\"text-editor.default\">\n\t\t\t\t<div class=\"elementor-widget-container\">\n\t\t\t\t\t\t\t\t\t<p><strong>Basic<\/strong> \u2013 $850<\/p><p><strong>Standard<\/strong> \u2013 $950<\/p><p><em>Wimpernlifting + F\u00e4rben + Vitaminpflege<\/em><\/p><p><strong>Premium<\/strong> \u2013 $1050<\/p><p><em>Wimpernlifting + F\u00e4rben + Vitaminpflege + Augenbrauenformen<\/em><\/p>\t\t\t\t\t\t\t\t<\/div>\n\t\t\t\t<\/div>\n\t\t\t\t\t<\/div>\n\t\t\t\t<\/div>\n\t\t<div class=\"elementor-element elementor-element-74e7de8 e-flex e-con-boxed e-con e-parent\" data-id=\"74e7de8\" data-element_type=\"container\">\n\t\t\t\t\t<div class=\"e-con-inner\">\n\t\t\t\t<div class=\"elementor-element elementor-element-0c8e487 content-align-center art-fadeIn art-anim animate__delay-1s elementor-widget elementor-widget-art-dark-button\" data-id=\"0c8e487\" data-element_type=\"widget\" data-widget_type=\"art-dark-button.default\">\n\t\t\t\t<div class=\"elementor-widget-container\">\n\t\t\t\t\t\r\n        \r\n                <div class=\"art-widget-button art--aliment-center art--aliment-tablet- art--aliment-mobile-\">\r\n                    <a href=\"https:\/\/lovelbeauty.mx\/menu-de-servicios\/\" class=\"art-button art-button-dark\">Service-Men\u00fc ansehen<\/a>\r\n                <\/div>\r\n\r\n                \r\n\r\n\r\n\t\t\t\t\t\t<\/div>\n\t\t\t\t<\/div>\n\t\t\t\t\t<\/div>\n\t\t\t\t<\/div>\n\t\t<div class=\"elementor-element elementor-element-eeef7d9 e-flex e-con-boxed e-con e-parent\" data-id=\"eeef7d9\" data-element_type=\"container\">\n\t\t\t\t\t<div class=\"e-con-inner\">\n\t\t<div class=\"elementor-element elementor-element-8be152c e-con-full e-flex e-con e-child\" data-id=\"8be152c\" data-element_type=\"container\">\n\t\t\t\t<div class=\"elementor-element elementor-element-7f53f3e elementor-align-left elementor-invisible elementor-widget elementor-widget-button\" data-id=\"7f53f3e\" data-element_type=\"widget\" data-settings=\"{&quot;_animation&quot;:&quot;zoomIn&quot;,&quot;_animation_mobile&quot;:&quot;zoomIn&quot;}\" data-widget_type=\"button.default\">\n\t\t\t\t<div class=\"elementor-widget-container\">\n\t\t\t\t\t\t\t\t\t<div class=\"elementor-button-wrapper\">\n\t\t\t\t\t<a class=\"elementor-button elementor-button-link elementor-size-sm\" href=\"https:\/\/lovelbeauty.mx\/extensiones-de-pestanas-playa-del-carmen\/\">\n\t\t\t\t\t\t<span class=\"elementor-button-content-wrapper\">\n\t\t\t\t\t\t<span class=\"elementor-button-icon\">\n\t\t\t\t<svg aria-hidden=\"true\" class=\"e-font-icon-svg e-far-arrow-alt-circle-left\" viewBox=\"0 0 512 512\" xmlns=\"http:\/\/www.w3.org\/2000\/svg\"><path d=\"M8 256c0 137 111 248 248 248s248-111 248-248S393 8 256 8 8 119 8 256zm448 0c0 110.5-89.5 200-200 200S56 366.5 56 256 145.5 56 256 56s200 89.5 200 200zm-72-20v40c0 6.6-5.4 12-12 12H256v67c0 10.7-12.9 16-20.5 8.5l-99-99c-4.7-4.7-4.7-12.3 0-17l99-99c7.6-7.6 20.5-2.2 20.5 8.5v67h116c6.6 0 12 5.4 12 12z\"><\/path><\/svg>\t\t\t<\/span>\n\t\t\t\t\t\t\t\t\t<span class=\"elementor-button-text\">EXTENSIONES DE PESTA\u00d1AS<\/span>\n\t\t\t\t\t<\/span>\n\t\t\t\t\t<\/a>\n\t\t\t\t<\/div>\n\t\t\t\t\t\t\t\t<\/div>\n\t\t\t\t<\/div>\n\t\t\t\t<div class=\"elementor-element elementor-element-ac3240b elementor-invisible elementor-widget elementor-widget-button\" data-id=\"ac3240b\" data-element_type=\"widget\" data-settings=\"{&quot;_animation&quot;:&quot;zoomIn&quot;,&quot;_animation_mobile&quot;:&quot;zoomIn&quot;}\" data-widget_type=\"button.default\">\n\t\t\t\t<div class=\"elementor-widget-container\">\n\t\t\t\t\t\t\t\t\t<div class=\"elementor-button-wrapper\">\n\t\t\t\t\t<a class=\"elementor-button elementor-button-link elementor-size-sm\" href=\"https:\/\/lovelbeauty.mx\/laminacion-de-cejas-playa-del-carmen\/\">\n\t\t\t\t\t\t<span class=\"elementor-button-content-wrapper\">\n\t\t\t\t\t\t<span class=\"elementor-button-icon\">\n\t\t\t\t<svg aria-hidden=\"true\" class=\"e-font-icon-svg e-far-arrow-alt-circle-right\" viewBox=\"0 0 512 512\" xmlns=\"http:\/\/www.w3.org\/2000\/svg\"><path d=\"M504 256C504 119 393 8 256 8S8 119 8 256s111 248 248 248 248-111 248-248zm-448 0c0-110.5 89.5-200 200-200s200 89.5 200 200-89.5 200-200 200S56 366.5 56 256zm72 20v-40c0-6.6 5.4-12 12-12h116v-67c0-10.7 12.9-16 20.5-8.5l99 99c4.7 4.7 4.7 12.3 0 17l-99 99c-7.6 7.6-20.5 2.2-20.5-8.5v-67H140c-6.6 0-12-5.4-12-12z\"><\/path><\/svg>\t\t\t<\/span>\n\t\t\t\t\t\t\t\t\t<span class=\"elementor-button-text\">LAMINACI\u00d3N DE CEJAS<\/span>\n\t\t\t\t\t<\/span>\n\t\t\t\t\t<\/a>\n\t\t\t\t<\/div>\n\t\t\t\t\t\t\t\t<\/div>\n\t\t\t\t<\/div>\n\t\t\t\t<\/div>\n\t\t\t\t\t<\/div>\n\t\t\t\t<\/div>\n\t\t\t\t<\/div>\n\t\t","protected":false},"excerpt":{"rendered":"<p>WIMPERNLIFTING IN PLAYA DEL CARMEN M\u00f6chtest du deine nat\u00fcrlichen Wimpern mit einem Wimpernlifting in Playa del Carmen betonen? Genie\u00dfe perfekt geschwungene und definierte Wimpern \u2013 ganz ohne Extensions. BETONE DEINE NAT\u00dcRLICHEN WIMPERN MIT EINEM PERFEKTEN SCHWUNG Wenn du dir einen offeneren, ausdrucksst\u00e4rkeren Blick w\u00fcnschst, ohne Extensions zu tragen, ist das Wimpernlifting die ideale Wahl. Mit [&hellip;]<\/p>\n","protected":false},"author":1,"featured_media":0,"parent":0,"menu_order":0,"comment_status":"closed","ping_status":"closed","template":"elementor-template.php","meta":{"inline_featured_image":false,"_monsterinsights_skip_tracking":false,"_monsterinsights_sitenote_active":false,"_monsterinsights_sitenote_note":"","_monsterinsights_sitenote_category":0,"footnotes":""},"class_list":["post-9012","page","type-page","status-publish","hentry"],"yoast_head":"<!-- This site is optimized with the Yoast SEO plugin v26.6 - https:\/\/yoast.com\/wordpress\/plugins\/seo\/ -->\n<title>Wimpernlifting in Playa del Carmen | LOVEL BEAUTY<\/title>\n<meta name=\"description\" content=\"Hebe und biege deine nat\u00fcrlichen Wimpern mit unserem Wimpernlifting in Playa del Carmen. Wow-Effekt ganz ohne Extensions.\" \/>\n<meta name=\"robots\" content=\"index, follow, max-snippet:-1, max-image-preview:large, max-video-preview:-1\" \/>\n<link rel=\"canonical\" href=\"https:\/\/lovelbeauty.mx\/lash-lifting-playa-del-carmen\/\" \/>\n<meta property=\"og:locale\" content=\"de_DE\" \/>\n<meta property=\"og:type\" content=\"article\" \/>\n<meta property=\"og:title\" content=\"Wimpernlifting in Playa del Carmen | LOVEL BEAUTY\" \/>\n<meta property=\"og:description\" content=\"Hebe und biege deine nat\u00fcrlichen Wimpern mit unserem Wimpernlifting in Playa del Carmen. Wow-Effekt ganz ohne Extensions.\" \/>\n<meta property=\"og:url\" content=\"https:\/\/lovelbeauty.mx\/lash-lifting-playa-del-carmen\/\" \/>\n<meta property=\"og:site_name\" content=\"lovelbeauty.mx\" \/>\n<meta property=\"article:publisher\" content=\"https:\/\/www.facebook.com\/share\/1EyUQBTKqT\/?mibextid=wwXIfr\" \/>\n<meta property=\"article:modified_time\" content=\"2026-02-16T17:51:58+00:00\" \/>\n<meta property=\"og:image\" content=\"https:\/\/lovelbeauty.mx\/wp-content\/uploads\/elementor\/thumbs\/lash-lifting-en-playa-del-carmen-r35e06cih5ssb6cyryg979afl4g5fyw16wtzttikco.webp\" \/>\n<meta name=\"twitter:card\" content=\"summary_large_image\" \/>\n<meta name=\"twitter:label1\" content=\"Gesch\u00e4tzte Lesezeit\" \/>\n\t<meta name=\"twitter:data1\" content=\"4\u00a0Minuten\" \/>\n<script type=\"application\/ld+json\" class=\"yoast-schema-graph\">{\"@context\":\"https:\/\/schema.org\",\"@graph\":[{\"@type\":\"WebPage\",\"@id\":\"https:\/\/lovelbeauty.mx\/lash-lifting-playa-del-carmen\/\",\"url\":\"https:\/\/lovelbeauty.mx\/lash-lifting-playa-del-carmen\/\",\"name\":\"Wimpernlifting in Playa del Carmen | LOVEL BEAUTY\",\"isPartOf\":{\"@id\":\"https:\/\/lovelbeauty.mx\/#website\"},\"primaryImageOfPage\":{\"@id\":\"https:\/\/lovelbeauty.mx\/lash-lifting-playa-del-carmen\/#primaryimage\"},\"image\":{\"@id\":\"https:\/\/lovelbeauty.mx\/lash-lifting-playa-del-carmen\/#primaryimage\"},\"thumbnailUrl\":\"https:\/\/lovelbeauty.mx\/wp-content\/uploads\/elementor\/thumbs\/lash-lifting-en-playa-del-carmen-r35e06cih5ssb6cyryg979afl4g5fyw16wtzttikco.webp\",\"datePublished\":\"2025-02-14T00:36:28+00:00\",\"dateModified\":\"2026-02-16T17:51:58+00:00\",\"description\":\"Hebe und biege deine nat\u00fcrlichen Wimpern mit unserem Wimpernlifting in Playa del Carmen. Wow-Effekt ganz ohne Extensions.\",\"breadcrumb\":{\"@id\":\"https:\/\/lovelbeauty.mx\/lash-lifting-playa-del-carmen\/#breadcrumb\"},\"inLanguage\":\"de\",\"potentialAction\":[{\"@type\":\"ReadAction\",\"target\":[\"https:\/\/lovelbeauty.mx\/lash-lifting-playa-del-carmen\/\"]}]},{\"@type\":\"ImageObject\",\"inLanguage\":\"de\",\"@id\":\"https:\/\/lovelbeauty.mx\/lash-lifting-playa-del-carmen\/#primaryimage\",\"url\":\"https:\/\/lovelbeauty.mx\/wp-content\/uploads\/elementor\/thumbs\/lash-lifting-en-playa-del-carmen-r35e06cih5ssb6cyryg979afl4g5fyw16wtzttikco.webp\",\"contentUrl\":\"https:\/\/lovelbeauty.mx\/wp-content\/uploads\/elementor\/thumbs\/lash-lifting-en-playa-del-carmen-r35e06cih5ssb6cyryg979afl4g5fyw16wtzttikco.webp\"},{\"@type\":\"BreadcrumbList\",\"@id\":\"https:\/\/lovelbeauty.mx\/lash-lifting-playa-del-carmen\/#breadcrumb\",\"itemListElement\":[{\"@type\":\"ListItem\",\"position\":1,\"name\":\"Home\",\"item\":\"https:\/\/lovelbeauty.mx\/\"},{\"@type\":\"ListItem\",\"position\":2,\"name\":\"WIMPERNLIFTING\"}]},{\"@type\":\"WebSite\",\"@id\":\"https:\/\/lovelbeauty.mx\/#website\",\"url\":\"https:\/\/lovelbeauty.mx\/\",\"name\":\"Lovel Beauty\",\"description\":\"M\u00e1s Que Belleza... Actos De Amor | Playa Del Carmen\",\"publisher\":{\"@id\":\"https:\/\/lovelbeauty.mx\/#organization\"},\"potentialAction\":[{\"@type\":\"SearchAction\",\"target\":{\"@type\":\"EntryPoint\",\"urlTemplate\":\"https:\/\/lovelbeauty.mx\/?s={search_term_string}\"},\"query-input\":{\"@type\":\"PropertyValueSpecification\",\"valueRequired\":true,\"valueName\":\"search_term_string\"}}],\"inLanguage\":\"de\"},{\"@type\":\"Organization\",\"@id\":\"https:\/\/lovelbeauty.mx\/#organization\",\"name\":\"Lovel Beauty\",\"url\":\"https:\/\/lovelbeauty.mx\/\",\"logo\":{\"@type\":\"ImageObject\",\"inLanguage\":\"de\",\"@id\":\"https:\/\/lovelbeauty.mx\/#\/schema\/logo\/image\/\",\"url\":\"https:\/\/lovelbeauty.mx\/wp-content\/uploads\/2025\/02\/1_1.-Marca-Oficial.png\",\"contentUrl\":\"https:\/\/lovelbeauty.mx\/wp-content\/uploads\/2025\/02\/1_1.-Marca-Oficial.png\",\"width\":2550,\"height\":1930,\"caption\":\"Lovel Beauty\"},\"image\":{\"@id\":\"https:\/\/lovelbeauty.mx\/#\/schema\/logo\/image\/\"},\"sameAs\":[\"https:\/\/www.facebook.com\/share\/1EyUQBTKqT\/?mibextid=wwXIfr\",\"https:\/\/www.instagram.com\/lovelbeauty_\"]}]}<\/script>\n<!-- \/ Yoast SEO plugin. -->","yoast_head_json":{"title":"Wimpernlifting in Playa del Carmen | LOVEL BEAUTY","description":"Hebe und biege deine nat\u00fcrlichen Wimpern mit unserem Wimpernlifting in Playa del Carmen. Wow-Effekt ganz ohne Extensions.","robots":{"index":"index","follow":"follow","max-snippet":"max-snippet:-1","max-image-preview":"max-image-preview:large","max-video-preview":"max-video-preview:-1"},"canonical":"https:\/\/lovelbeauty.mx\/lash-lifting-playa-del-carmen\/","og_locale":"de_DE","og_type":"article","og_title":"Wimpernlifting in Playa del Carmen | LOVEL BEAUTY","og_description":"Hebe und biege deine nat\u00fcrlichen Wimpern mit unserem Wimpernlifting in Playa del Carmen. Wow-Effekt ganz ohne Extensions.","og_url":"https:\/\/lovelbeauty.mx\/lash-lifting-playa-del-carmen\/","og_site_name":"lovelbeauty.mx","article_publisher":"https:\/\/www.facebook.com\/share\/1EyUQBTKqT\/?mibextid=wwXIfr","article_modified_time":"2026-02-16T17:51:58+00:00","og_image":[{"url":"https:\/\/lovelbeauty.mx\/wp-content\/uploads\/elementor\/thumbs\/lash-lifting-en-playa-del-carmen-r35e06cih5ssb6cyryg979afl4g5fyw16wtzttikco.webp","type":"","width":"","height":""}],"twitter_card":"summary_large_image","twitter_misc":{"Gesch\u00e4tzte Lesezeit":"4\u00a0Minuten"},"schema":{"@context":"https:\/\/schema.org","@graph":[{"@type":"WebPage","@id":"https:\/\/lovelbeauty.mx\/lash-lifting-playa-del-carmen\/","url":"https:\/\/lovelbeauty.mx\/lash-lifting-playa-del-carmen\/","name":"Wimpernlifting in Playa del Carmen | LOVEL BEAUTY","isPartOf":{"@id":"https:\/\/lovelbeauty.mx\/#website"},"primaryImageOfPage":{"@id":"https:\/\/lovelbeauty.mx\/lash-lifting-playa-del-carmen\/#primaryimage"},"image":{"@id":"https:\/\/lovelbeauty.mx\/lash-lifting-playa-del-carmen\/#primaryimage"},"thumbnailUrl":"https:\/\/lovelbeauty.mx\/wp-content\/uploads\/elementor\/thumbs\/lash-lifting-en-playa-del-carmen-r35e06cih5ssb6cyryg979afl4g5fyw16wtzttikco.webp","datePublished":"2025-02-14T00:36:28+00:00","dateModified":"2026-02-16T17:51:58+00:00","description":"Hebe und biege deine nat\u00fcrlichen Wimpern mit unserem Wimpernlifting in Playa del Carmen. Wow-Effekt ganz ohne Extensions.","breadcrumb":{"@id":"https:\/\/lovelbeauty.mx\/lash-lifting-playa-del-carmen\/#breadcrumb"},"inLanguage":"de","potentialAction":[{"@type":"ReadAction","target":["https:\/\/lovelbeauty.mx\/lash-lifting-playa-del-carmen\/"]}]},{"@type":"ImageObject","inLanguage":"de","@id":"https:\/\/lovelbeauty.mx\/lash-lifting-playa-del-carmen\/#primaryimage","url":"https:\/\/lovelbeauty.mx\/wp-content\/uploads\/elementor\/thumbs\/lash-lifting-en-playa-del-carmen-r35e06cih5ssb6cyryg979afl4g5fyw16wtzttikco.webp","contentUrl":"https:\/\/lovelbeauty.mx\/wp-content\/uploads\/elementor\/thumbs\/lash-lifting-en-playa-del-carmen-r35e06cih5ssb6cyryg979afl4g5fyw16wtzttikco.webp"},{"@type":"BreadcrumbList","@id":"https:\/\/lovelbeauty.mx\/lash-lifting-playa-del-carmen\/#breadcrumb","itemListElement":[{"@type":"ListItem","position":1,"name":"Home","item":"https:\/\/lovelbeauty.mx\/"},{"@type":"ListItem","position":2,"name":"WIMPERNLIFTING"}]},{"@type":"WebSite","@id":"https:\/\/lovelbeauty.mx\/#website","url":"https:\/\/lovelbeauty.mx\/","name":"Lovel Beauty","description":"M\u00e1s Que Belleza... Actos De Amor | Playa Del Carmen","publisher":{"@id":"https:\/\/lovelbeauty.mx\/#organization"},"potentialAction":[{"@type":"SearchAction","target":{"@type":"EntryPoint","urlTemplate":"https:\/\/lovelbeauty.mx\/?s={search_term_string}"},"query-input":{"@type":"PropertyValueSpecification","valueRequired":true,"valueName":"search_term_string"}}],"inLanguage":"de"},{"@type":"Organization","@id":"https:\/\/lovelbeauty.mx\/#organization","name":"Lovel Beauty","url":"https:\/\/lovelbeauty.mx\/","logo":{"@type":"ImageObject","inLanguage":"de","@id":"https:\/\/lovelbeauty.mx\/#\/schema\/logo\/image\/","url":"https:\/\/lovelbeauty.mx\/wp-content\/uploads\/2025\/02\/1_1.-Marca-Oficial.png","contentUrl":"https:\/\/lovelbeauty.mx\/wp-content\/uploads\/2025\/02\/1_1.-Marca-Oficial.png","width":2550,"height":1930,"caption":"Lovel Beauty"},"image":{"@id":"https:\/\/lovelbeauty.mx\/#\/schema\/logo\/image\/"},"sameAs":["https:\/\/www.facebook.com\/share\/1EyUQBTKqT\/?mibextid=wwXIfr","https:\/\/www.instagram.com\/lovelbeauty_"]}]}},"_links":{"self":[{"href":"https:\/\/lovelbeauty.mx\/de\/wp-json\/wp\/v2\/pages\/9012","targetHints":{"allow":["GET"]}}],"collection":[{"href":"https:\/\/lovelbeauty.mx\/de\/wp-json\/wp\/v2\/pages"}],"about":[{"href":"https:\/\/lovelbeauty.mx\/de\/wp-json\/wp\/v2\/types\/page"}],"author":[{"embeddable":true,"href":"https:\/\/lovelbeauty.mx\/de\/wp-json\/wp\/v2\/users\/1"}],"replies":[{"embeddable":true,"href":"https:\/\/lovelbeauty.mx\/de\/wp-json\/wp\/v2\/comments?post=9012"}],"version-history":[{"count":7,"href":"https:\/\/lovelbeauty.mx\/de\/wp-json\/wp\/v2\/pages\/9012\/revisions"}],"predecessor-version":[{"id":9557,"href":"https:\/\/lovelbeauty.mx\/de\/wp-json\/wp\/v2\/pages\/9012\/revisions\/9557"}],"wp:attachment":[{"href":"https:\/\/lovelbeauty.mx\/de\/wp-json\/wp\/v2\/media?parent=9012"}],"curies":[{"name":"wp","href":"https:\/\/api.w.org\/{rel}","templated":true}]}}