{"id":9017,"date":"2025-02-14T00:54:36","date_gmt":"2025-02-14T00:54:36","guid":{"rendered":"https:\/\/lovelbeauty.mx\/henna-o-tinte-en-pestanas-o-cejas-playa-del-carmen\/"},"modified":"2026-02-16T18:03:15","modified_gmt":"2026-02-16T18:03:15","slug":"henna-oder-farbe-fuer-wimpern-oder-augenbrauen-playa-del-carmen","status":"publish","type":"page","link":"https:\/\/lovelbeauty.mx\/de\/henna-oder-farbe-fuer-wimpern-oder-augenbrauen-playa-del-carmen\/","title":{"rendered":"HENNA ODER FARBE F\u00dcR WIMPERN ODER AUGENBRAUEN"},"content":{"rendered":"\t\t<div data-elementor-type=\"wp-page\" data-elementor-id=\"9017\" class=\"elementor elementor-9017\">\n\t\t\t\t<div class=\"elementor-element elementor-element-418644b e-flex e-con-boxed e-con e-parent\" data-id=\"418644b\" data-element_type=\"container\" data-settings=\"{&quot;background_background&quot;:&quot;classic&quot;}\">\n\t\t\t\t\t<div class=\"e-con-inner\">\n\t\t\t\t<div class=\"elementor-element elementor-element-b9f1753 elementor-widget elementor-widget-heading\" data-id=\"b9f1753\" data-element_type=\"widget\" data-widget_type=\"heading.default\">\n\t\t\t\t<div class=\"elementor-widget-container\">\n\t\t\t\t\t<h1 class=\"elementor-heading-title elementor-size-default\">HENNA ODER F\u00c4RBEN VON WIMPERN ODER AUGENBRAUEN IN PLAYA DEL CARMEN<\/h1>\t\t\t\t<\/div>\n\t\t\t\t<\/div>\n\t\t\t\t\t<\/div>\n\t\t\t\t<\/div>\n\t\t<div class=\"elementor-element elementor-element-e9f222a e-flex e-con-boxed e-con e-parent\" data-id=\"e9f222a\" data-element_type=\"container\">\n\t\t\t\t\t<div class=\"e-con-inner\">\n\t\t\t\t<div class=\"elementor-element elementor-element-ba63228 elementor-widget elementor-widget-text-editor\" data-id=\"ba63228\" data-element_type=\"widget\" data-widget_type=\"text-editor.default\">\n\t\t\t\t<div class=\"elementor-widget-container\">\n\t\t\t\t\t\t\t\t\t<p class=\"p1\">M\u00f6chtest du die Farbe deiner Augenbrauen oder Wimpern mit <span class=\"s1\">Henna oder F\u00e4rben in Playa del Carmen<\/span> intensivieren? Erhalte einen definierteren, ausdrucksst\u00e4rkeren Look \u2013 ganz ohne Make-up! Keine blassen Wimpern oder unscharfen Augenbrauen mehr. Mit dieser Behandlung spricht dein Blick f\u00fcr sich.<\/p>\n\n<h2 class=\"p1\">INTENSIVE FARBE &#038; DEFINITION OHNE MAKE-UP<\/h2>\n<p class=\"p1\">Das <span class=\"s1\">F\u00e4rben oder Henna<\/span> von Wimpern und Augenbrauen ist ideal f\u00fcr alle, die sich eine tiefere, klarere Farbe w\u00fcnschen, ohne t\u00e4glich Mascara oder Augenbrauenstift zu verwenden. Es sorgt f\u00fcr einen gleichm\u00e4\u00dfigen Ton, der deinen Blick betont und die Augenbrauen nat\u00fcrlich und langanhaltend strukturiert. So sparst du jeden Morgen Zeit und siehst vom ersten Moment an gepflegt aus.<\/p>\n<p class=\"p1\">Diese Behandlung ist perfekt, wenn du eine <span class=\"s1\">dezente, aber sichtbare Betonung<\/span> suchst. Henna pflegt und st\u00e4rkt die H\u00e4rchen zus\u00e4tzlich und l\u00e4sst sie <span class=\"s1\">dichter und ges\u00fcnder<\/span> wirken. Es ist nicht nur Farbe \u2013 es ist Pflege. Und das Beste: Du kannst den Farbton w\u00e4hlen, der am besten zu deinem Gesicht und Stil passt.<\/p>\t\t\t\t\t\t\t\t<\/div>\n\t\t\t\t<\/div>\n\t\t\t\t<div class=\"elementor-element elementor-element-2b85ff1 elementor-widget elementor-widget-image\" data-id=\"2b85ff1\" data-element_type=\"widget\" data-widget_type=\"image.default\">\n\t\t\t\t<div class=\"elementor-widget-container\">\n\t\t\t\t\t\t\t\t\t\t\t\t\t\t\t<img decoding=\"async\" src=\"https:\/\/lovelbeauty.mx\/wp-content\/uploads\/elementor\/thumbs\/henna-o-tinte-en-pestanas-y-cejas-en-playa-del-carmen-r35ebgeshl8nmpz4wtz34etk7kupt7o2qqnr5cshoo.webp\" title=\"Henna y Tinte en Pesta\u00f1as o Cejas en Playa del Carmen &#8211; LOVEL BEAUTY\" alt=\"Henna o tinte en pesta\u00f1as y cejas en Playa del Carmen para una mirada intensa.\" loading=\"lazy\" \/>\t\t\t\t\t\t\t\t\t\t\t\t\t\t\t<\/div>\n\t\t\t\t<\/div>\n\t\t\t\t\t<\/div>\n\t\t\t\t<\/div>\n\t\t<div class=\"elementor-element elementor-element-24bea54 e-flex e-con-boxed e-con e-parent\" data-id=\"24bea54\" data-element_type=\"container\">\n\t\t\t\t\t<div class=\"e-con-inner\">\n\t\t\t\t<div class=\"elementor-element elementor-element-ae7bdfb elementor-widget elementor-widget-text-editor\" data-id=\"ae7bdfb\" data-element_type=\"widget\" data-widget_type=\"text-editor.default\">\n\t\t\t\t<div class=\"elementor-widget-container\">\n\t\t\t\t\t\t\t\t\t<h2 class=\"p1\">WARUM HENNA ODER F\u00c4RBEN VON WIMPERN ODER AUGENBRAUEN?<\/h2>\n\n<p>\u2714 <strong>Nat\u00fcrlicher Make-up-Effekt<\/strong> ganz ohne t\u00e4gliche Produkte.<\/p>\n\n<p>\u2714 <strong>Intensiviert die Farbwirkung<\/strong> f\u00fcr einen ausdrucksst\u00e4rkeren Blick.<\/p>\n\n<p>\u2714 <strong>H\u00e4lt 2 bis 3 Wochen<\/strong>, je nach Hauttyp.<\/p>\n\n<p>\u2714 Ideal f\u00fcr alle mit <strong>hellen Augenbrauen oder wenig sichtbaren Wimpern<\/strong>.<\/p>\n\n<p class=\"p1\">\u2714 <strong>Perfekte Erg\u00e4nzung<\/strong> zu anderen Behandlungen wie dem <span class=\"s1\"><b>Wimpernlifting<\/b><\/span> oder der <span class=\"s1\"><b>Augenbrauenlaminierung<\/b><\/span>.<\/p>\n\n<p class=\"p1\">\u2714 <strong>Sorgt f\u00fcr einen dezenten Glanz und einen gleichm\u00e4\u00dfigen Farbton<\/strong>, der die Gesichtssymmetrie betont.<\/p>\n\n<p class=\"p1\">Warte nicht l\u00e4nger und verleihe deinem Blick die Intensit\u00e4t, die er verdient. <span class=\"s1\">Komm zu LOVEL BEAUTY und erlebe, wie eine kleine Ver\u00e4nderung einen gro\u00dfen Unterschied machen kann.<\/span> Du brauchst kein Make-up, um dich gro\u00dfartig zu f\u00fchlen. <span class=\"s1\">Verleihe deinem Look noch heute mehr Ausdruck!<\/span><\/p>\t\t\t\t\t\t\t\t<\/div>\n\t\t\t\t<\/div>\n\t\t\t\t\t<\/div>\n\t\t\t\t<\/div>\n\t\t<div class=\"elementor-element elementor-element-e2262ed e-flex e-con-boxed e-con e-parent\" data-id=\"e2262ed\" data-element_type=\"container\">\n\t\t\t\t\t<div class=\"e-con-inner\">\n\t\t\t\t<div class=\"elementor-element elementor-element-fa95ca5 content-align-center art-fadeIn art-anim animate__delay-1s elementor-widget elementor-widget-art-dark-button\" data-id=\"fa95ca5\" data-element_type=\"widget\" data-widget_type=\"art-dark-button.default\">\n\t\t\t\t<div class=\"elementor-widget-container\">\n\t\t\t\t\t\r\n                            <div class=\"art-widget-button art--aliment-center art--aliment-tablet- art--aliment-mobile-\">\r\n                        <a href=\"https:\/\/www.fresha.com\/es\/book-now\/bonita-home-studio-koy6vc12\/all-offer?share&pId=714609\"  rel=\"nofollow\" class=\"art-button art-button-dark\">Buche deinen Termin<\/a>\r\n                    <\/div>\r\n                    \r\n\r\n\r\n\t\t\t\t\t\t<\/div>\n\t\t\t\t<\/div>\n\t\t\t\t<div class=\"elementor-element elementor-element-efdb827 elementor-widget elementor-widget-text-editor\" data-id=\"efdb827\" data-element_type=\"widget\" data-widget_type=\"text-editor.default\">\n\t\t\t\t<div class=\"elementor-widget-container\">\n\t\t\t\t\t\t\t\t\t<p><strong>Henna oder F\u00e4rben von Wimpern oder Augenbrauen<\/strong> \u2013 $390<\/p>\t\t\t\t\t\t\t\t<\/div>\n\t\t\t\t<\/div>\n\t\t\t\t\t<\/div>\n\t\t\t\t<\/div>\n\t\t<div class=\"elementor-element elementor-element-74e7de8 e-flex e-con-boxed e-con e-parent\" data-id=\"74e7de8\" data-element_type=\"container\">\n\t\t\t\t\t<div class=\"e-con-inner\">\n\t\t\t\t<div class=\"elementor-element elementor-element-4a4f83b content-align-center art-fadeIn art-anim animate__delay-1s elementor-widget elementor-widget-art-dark-button\" data-id=\"4a4f83b\" data-element_type=\"widget\" data-widget_type=\"art-dark-button.default\">\n\t\t\t\t<div class=\"elementor-widget-container\">\n\t\t\t\t\t\r\n        \r\n                <div class=\"art-widget-button art--aliment-center art--aliment-tablet- art--aliment-mobile-\">\r\n                    <a href=\"https:\/\/lovelbeauty.mx\/menu-de-servicios\/\" class=\"art-button art-button-dark\">Service-Men\u00fc ansehen<\/a>\r\n                <\/div>\r\n\r\n                \r\n\r\n\r\n\t\t\t\t\t\t<\/div>\n\t\t\t\t<\/div>\n\t\t\t\t\t<\/div>\n\t\t\t\t<\/div>\n\t\t<div class=\"elementor-element elementor-element-8f60a35 e-flex e-con-boxed e-con e-parent\" data-id=\"8f60a35\" data-element_type=\"container\">\n\t\t\t\t\t<div class=\"e-con-inner\">\n\t\t<div class=\"elementor-element elementor-element-5694d45 e-con-full e-flex e-con e-child\" data-id=\"5694d45\" data-element_type=\"container\">\n\t\t\t\t<div class=\"elementor-element elementor-element-82a6aa4 elementor-align-left elementor-invisible elementor-widget elementor-widget-button\" data-id=\"82a6aa4\" data-element_type=\"widget\" data-settings=\"{&quot;_animation&quot;:&quot;zoomIn&quot;,&quot;_animation_mobile&quot;:&quot;zoomIn&quot;}\" data-widget_type=\"button.default\">\n\t\t\t\t<div class=\"elementor-widget-container\">\n\t\t\t\t\t\t\t\t\t<div class=\"elementor-button-wrapper\">\n\t\t\t\t\t<a class=\"elementor-button elementor-button-link elementor-size-sm\" href=\"https:\/\/lovelbeauty.mx\/de\/naegel-playa-del-carmen\/\">\n\t\t\t\t\t\t<span class=\"elementor-button-content-wrapper\">\n\t\t\t\t\t\t<span class=\"elementor-button-icon\">\n\t\t\t\t<svg aria-hidden=\"true\" class=\"e-font-icon-svg e-far-arrow-alt-circle-left\" viewBox=\"0 0 512 512\" xmlns=\"http:\/\/www.w3.org\/2000\/svg\"><path d=\"M8 256c0 137 111 248 248 248s248-111 248-248S393 8 256 8 8 119 8 256zm448 0c0 110.5-89.5 200-200 200S56 366.5 56 256 145.5 56 256 56s200 89.5 200 200zm-72-20v40c0 6.6-5.4 12-12 12H256v67c0 10.7-12.9 16-20.5 8.5l-99-99c-4.7-4.7-4.7-12.3 0-17l99-99c7.6-7.6 20.5-2.2 20.5 8.5v67h116c6.6 0 12 5.4 12 12z\"><\/path><\/svg>\t\t\t<\/span>\n\t\t\t\t\t\t\t\t\t<span class=\"elementor-button-text\">N\u00c4GEL<\/span>\n\t\t\t\t\t<\/span>\n\t\t\t\t\t<\/a>\n\t\t\t\t<\/div>\n\t\t\t\t\t\t\t\t<\/div>\n\t\t\t\t<\/div>\n\t\t\t\t<div class=\"elementor-element elementor-element-c317ac2 elementor-invisible elementor-widget elementor-widget-button\" data-id=\"c317ac2\" data-element_type=\"widget\" data-settings=\"{&quot;_animation&quot;:&quot;zoomIn&quot;,&quot;_animation_mobile&quot;:&quot;zoomIn&quot;}\" data-widget_type=\"button.default\">\n\t\t\t\t<div class=\"elementor-widget-container\">\n\t\t\t\t\t\t\t\t\t<div class=\"elementor-button-wrapper\">\n\t\t\t\t\t<a class=\"elementor-button elementor-button-link elementor-size-sm\" href=\"https:\/\/lovelbeauty.mx\/de\/zuckerhaarentfernung-playa-del-carmen\/\">\n\t\t\t\t\t\t<span class=\"elementor-button-content-wrapper\">\n\t\t\t\t\t\t<span class=\"elementor-button-icon\">\n\t\t\t\t<svg aria-hidden=\"true\" class=\"e-font-icon-svg e-far-arrow-alt-circle-right\" viewBox=\"0 0 512 512\" xmlns=\"http:\/\/www.w3.org\/2000\/svg\"><path d=\"M504 256C504 119 393 8 256 8S8 119 8 256s111 248 248 248 248-111 248-248zm-448 0c0-110.5 89.5-200 200-200s200 89.5 200 200-89.5 200-200 200S56 366.5 56 256zm72 20v-40c0-6.6 5.4-12 12-12h116v-67c0-10.7 12.9-16 20.5-8.5l99 99c4.7 4.7 4.7 12.3 0 17l-99 99c-7.6 7.6-20.5 2.2-20.5-8.5v-67H140c-6.6 0-12-5.4-12-12z\"><\/path><\/svg>\t\t\t<\/span>\n\t\t\t\t\t\t\t\t\t<span class=\"elementor-button-text\">ZUCKERHAARENTFERNUNG (SUGARING)<\/span>\n\t\t\t\t\t<\/span>\n\t\t\t\t\t<\/a>\n\t\t\t\t<\/div>\n\t\t\t\t\t\t\t\t<\/div>\n\t\t\t\t<\/div>\n\t\t\t\t<\/div>\n\t\t\t\t\t<\/div>\n\t\t\t\t<\/div>\n\t\t\t\t<\/div>\n\t\t","protected":false},"excerpt":{"rendered":"<p>HENNA ODER F\u00c4RBEN VON WIMPERN ODER AUGENBRAUEN IN PLAYA DEL CARMEN M\u00f6chtest du die Farbe deiner Augenbrauen oder Wimpern mit Henna oder F\u00e4rben in Playa del Carmen intensivieren? Erhalte einen definierteren, ausdrucksst\u00e4rkeren Look \u2013 ganz ohne Make-up! Keine blassen Wimpern oder unscharfen Augenbrauen mehr. Mit dieser Behandlung spricht dein Blick f\u00fcr sich. INTENSIVE FARBE &#038; [&hellip;]<\/p>\n","protected":false},"author":1,"featured_media":0,"parent":0,"menu_order":0,"comment_status":"closed","ping_status":"closed","template":"elementor-template.php","meta":{"inline_featured_image":false,"_monsterinsights_skip_tracking":false,"_monsterinsights_sitenote_active":false,"_monsterinsights_sitenote_note":"","_monsterinsights_sitenote_category":0,"footnotes":""},"class_list":["post-9017","page","type-page","status-publish","hentry"],"yoast_head":"<!-- This site is optimized with the Yoast SEO plugin v26.6 - https:\/\/yoast.com\/wordpress\/plugins\/seo\/ -->\n<title>Henna oder Farbe f\u00fcr Wimpern &amp; Augenbrauen Playa del Carmen<\/title>\n<meta name=\"description\" content=\"Betone deinen Blick mit Henna oder Farbe f\u00fcr Wimpern &amp; Augenbrauen in Playa del Carmen. Intensivere Farbe ganz ohne t\u00e4gliches Nachschminken.\" \/>\n<meta name=\"robots\" content=\"index, follow, max-snippet:-1, max-image-preview:large, max-video-preview:-1\" \/>\n<link rel=\"canonical\" href=\"https:\/\/lovelbeauty.mx\/henna-o-tinte-en-pestanas-o-cejas-playa-del-carmen\/\" \/>\n<meta property=\"og:locale\" content=\"de_DE\" \/>\n<meta property=\"og:type\" content=\"article\" \/>\n<meta property=\"og:title\" content=\"Henna oder Farbe f\u00fcr Wimpern &amp; Augenbrauen Playa del Carmen\" \/>\n<meta property=\"og:description\" content=\"Betone deinen Blick mit Henna oder Farbe f\u00fcr Wimpern &amp; Augenbrauen in Playa del Carmen. Intensivere Farbe ganz ohne t\u00e4gliches Nachschminken.\" \/>\n<meta property=\"og:url\" content=\"https:\/\/lovelbeauty.mx\/henna-o-tinte-en-pestanas-o-cejas-playa-del-carmen\/\" \/>\n<meta property=\"og:site_name\" content=\"lovelbeauty.mx\" \/>\n<meta property=\"article:publisher\" content=\"https:\/\/www.facebook.com\/share\/1EyUQBTKqT\/?mibextid=wwXIfr\" \/>\n<meta property=\"article:modified_time\" content=\"2026-02-16T18:03:15+00:00\" \/>\n<meta property=\"og:image\" content=\"https:\/\/lovelbeauty.mx\/wp-content\/uploads\/elementor\/thumbs\/henna-o-tinte-en-pestanas-y-cejas-en-playa-del-carmen-r35ebgeshl8nmpz4wtz34etk7kupt7o2qqnr5cshoo.webp\" \/>\n<meta name=\"twitter:card\" content=\"summary_large_image\" \/>\n<meta name=\"twitter:label1\" content=\"Gesch\u00e4tzte Lesezeit\" \/>\n\t<meta name=\"twitter:data1\" content=\"3\u00a0Minuten\" \/>\n<script type=\"application\/ld+json\" class=\"yoast-schema-graph\">{\"@context\":\"https:\/\/schema.org\",\"@graph\":[{\"@type\":\"WebPage\",\"@id\":\"https:\/\/lovelbeauty.mx\/henna-o-tinte-en-pestanas-o-cejas-playa-del-carmen\/\",\"url\":\"https:\/\/lovelbeauty.mx\/henna-o-tinte-en-pestanas-o-cejas-playa-del-carmen\/\",\"name\":\"Henna oder Farbe f\u00fcr Wimpern & Augenbrauen Playa del Carmen\",\"isPartOf\":{\"@id\":\"https:\/\/lovelbeauty.mx\/#website\"},\"primaryImageOfPage\":{\"@id\":\"https:\/\/lovelbeauty.mx\/henna-o-tinte-en-pestanas-o-cejas-playa-del-carmen\/#primaryimage\"},\"image\":{\"@id\":\"https:\/\/lovelbeauty.mx\/henna-o-tinte-en-pestanas-o-cejas-playa-del-carmen\/#primaryimage\"},\"thumbnailUrl\":\"https:\/\/lovelbeauty.mx\/wp-content\/uploads\/elementor\/thumbs\/henna-o-tinte-en-pestanas-y-cejas-en-playa-del-carmen-r35ebgeshl8nmpz4wtz34etk7kupt7o2qqnr5cshoo.webp\",\"datePublished\":\"2025-02-14T00:54:36+00:00\",\"dateModified\":\"2026-02-16T18:03:15+00:00\",\"description\":\"Betone deinen Blick mit Henna oder Farbe f\u00fcr Wimpern & Augenbrauen in Playa del Carmen. Intensivere Farbe ganz ohne t\u00e4gliches Nachschminken.\",\"breadcrumb\":{\"@id\":\"https:\/\/lovelbeauty.mx\/henna-o-tinte-en-pestanas-o-cejas-playa-del-carmen\/#breadcrumb\"},\"inLanguage\":\"de\",\"potentialAction\":[{\"@type\":\"ReadAction\",\"target\":[\"https:\/\/lovelbeauty.mx\/henna-o-tinte-en-pestanas-o-cejas-playa-del-carmen\/\"]}]},{\"@type\":\"ImageObject\",\"inLanguage\":\"de\",\"@id\":\"https:\/\/lovelbeauty.mx\/henna-o-tinte-en-pestanas-o-cejas-playa-del-carmen\/#primaryimage\",\"url\":\"https:\/\/lovelbeauty.mx\/wp-content\/uploads\/elementor\/thumbs\/henna-o-tinte-en-pestanas-y-cejas-en-playa-del-carmen-r35ebgeshl8nmpz4wtz34etk7kupt7o2qqnr5cshoo.webp\",\"contentUrl\":\"https:\/\/lovelbeauty.mx\/wp-content\/uploads\/elementor\/thumbs\/henna-o-tinte-en-pestanas-y-cejas-en-playa-del-carmen-r35ebgeshl8nmpz4wtz34etk7kupt7o2qqnr5cshoo.webp\"},{\"@type\":\"BreadcrumbList\",\"@id\":\"https:\/\/lovelbeauty.mx\/henna-o-tinte-en-pestanas-o-cejas-playa-del-carmen\/#breadcrumb\",\"itemListElement\":[{\"@type\":\"ListItem\",\"position\":1,\"name\":\"Home\",\"item\":\"https:\/\/lovelbeauty.mx\/\"},{\"@type\":\"ListItem\",\"position\":2,\"name\":\"HENNA ODER FARBE F\u00dcR WIMPERN ODER AUGENBRAUEN\"}]},{\"@type\":\"WebSite\",\"@id\":\"https:\/\/lovelbeauty.mx\/#website\",\"url\":\"https:\/\/lovelbeauty.mx\/\",\"name\":\"Lovel Beauty\",\"description\":\"M\u00e1s Que Belleza... Actos De Amor | Playa Del Carmen\",\"publisher\":{\"@id\":\"https:\/\/lovelbeauty.mx\/#organization\"},\"potentialAction\":[{\"@type\":\"SearchAction\",\"target\":{\"@type\":\"EntryPoint\",\"urlTemplate\":\"https:\/\/lovelbeauty.mx\/?s={search_term_string}\"},\"query-input\":{\"@type\":\"PropertyValueSpecification\",\"valueRequired\":true,\"valueName\":\"search_term_string\"}}],\"inLanguage\":\"de\"},{\"@type\":\"Organization\",\"@id\":\"https:\/\/lovelbeauty.mx\/#organization\",\"name\":\"Lovel Beauty\",\"url\":\"https:\/\/lovelbeauty.mx\/\",\"logo\":{\"@type\":\"ImageObject\",\"inLanguage\":\"de\",\"@id\":\"https:\/\/lovelbeauty.mx\/#\/schema\/logo\/image\/\",\"url\":\"https:\/\/lovelbeauty.mx\/wp-content\/uploads\/2025\/02\/1_1.-Marca-Oficial.png\",\"contentUrl\":\"https:\/\/lovelbeauty.mx\/wp-content\/uploads\/2025\/02\/1_1.-Marca-Oficial.png\",\"width\":2550,\"height\":1930,\"caption\":\"Lovel Beauty\"},\"image\":{\"@id\":\"https:\/\/lovelbeauty.mx\/#\/schema\/logo\/image\/\"},\"sameAs\":[\"https:\/\/www.facebook.com\/share\/1EyUQBTKqT\/?mibextid=wwXIfr\",\"https:\/\/www.instagram.com\/lovelbeauty_\"]}]}<\/script>\n<!-- \/ Yoast SEO plugin. -->","yoast_head_json":{"title":"Henna oder Farbe f\u00fcr Wimpern & Augenbrauen Playa del Carmen","description":"Betone deinen Blick mit Henna oder Farbe f\u00fcr Wimpern & Augenbrauen in Playa del Carmen. Intensivere Farbe ganz ohne t\u00e4gliches Nachschminken.","robots":{"index":"index","follow":"follow","max-snippet":"max-snippet:-1","max-image-preview":"max-image-preview:large","max-video-preview":"max-video-preview:-1"},"canonical":"https:\/\/lovelbeauty.mx\/henna-o-tinte-en-pestanas-o-cejas-playa-del-carmen\/","og_locale":"de_DE","og_type":"article","og_title":"Henna oder Farbe f\u00fcr Wimpern & Augenbrauen Playa del Carmen","og_description":"Betone deinen Blick mit Henna oder Farbe f\u00fcr Wimpern & Augenbrauen in Playa del Carmen. Intensivere Farbe ganz ohne t\u00e4gliches Nachschminken.","og_url":"https:\/\/lovelbeauty.mx\/henna-o-tinte-en-pestanas-o-cejas-playa-del-carmen\/","og_site_name":"lovelbeauty.mx","article_publisher":"https:\/\/www.facebook.com\/share\/1EyUQBTKqT\/?mibextid=wwXIfr","article_modified_time":"2026-02-16T18:03:15+00:00","og_image":[{"url":"https:\/\/lovelbeauty.mx\/wp-content\/uploads\/elementor\/thumbs\/henna-o-tinte-en-pestanas-y-cejas-en-playa-del-carmen-r35ebgeshl8nmpz4wtz34etk7kupt7o2qqnr5cshoo.webp","type":"","width":"","height":""}],"twitter_card":"summary_large_image","twitter_misc":{"Gesch\u00e4tzte Lesezeit":"3\u00a0Minuten"},"schema":{"@context":"https:\/\/schema.org","@graph":[{"@type":"WebPage","@id":"https:\/\/lovelbeauty.mx\/henna-o-tinte-en-pestanas-o-cejas-playa-del-carmen\/","url":"https:\/\/lovelbeauty.mx\/henna-o-tinte-en-pestanas-o-cejas-playa-del-carmen\/","name":"Henna oder Farbe f\u00fcr Wimpern & Augenbrauen Playa del Carmen","isPartOf":{"@id":"https:\/\/lovelbeauty.mx\/#website"},"primaryImageOfPage":{"@id":"https:\/\/lovelbeauty.mx\/henna-o-tinte-en-pestanas-o-cejas-playa-del-carmen\/#primaryimage"},"image":{"@id":"https:\/\/lovelbeauty.mx\/henna-o-tinte-en-pestanas-o-cejas-playa-del-carmen\/#primaryimage"},"thumbnailUrl":"https:\/\/lovelbeauty.mx\/wp-content\/uploads\/elementor\/thumbs\/henna-o-tinte-en-pestanas-y-cejas-en-playa-del-carmen-r35ebgeshl8nmpz4wtz34etk7kupt7o2qqnr5cshoo.webp","datePublished":"2025-02-14T00:54:36+00:00","dateModified":"2026-02-16T18:03:15+00:00","description":"Betone deinen Blick mit Henna oder Farbe f\u00fcr Wimpern & Augenbrauen in Playa del Carmen. Intensivere Farbe ganz ohne t\u00e4gliches Nachschminken.","breadcrumb":{"@id":"https:\/\/lovelbeauty.mx\/henna-o-tinte-en-pestanas-o-cejas-playa-del-carmen\/#breadcrumb"},"inLanguage":"de","potentialAction":[{"@type":"ReadAction","target":["https:\/\/lovelbeauty.mx\/henna-o-tinte-en-pestanas-o-cejas-playa-del-carmen\/"]}]},{"@type":"ImageObject","inLanguage":"de","@id":"https:\/\/lovelbeauty.mx\/henna-o-tinte-en-pestanas-o-cejas-playa-del-carmen\/#primaryimage","url":"https:\/\/lovelbeauty.mx\/wp-content\/uploads\/elementor\/thumbs\/henna-o-tinte-en-pestanas-y-cejas-en-playa-del-carmen-r35ebgeshl8nmpz4wtz34etk7kupt7o2qqnr5cshoo.webp","contentUrl":"https:\/\/lovelbeauty.mx\/wp-content\/uploads\/elementor\/thumbs\/henna-o-tinte-en-pestanas-y-cejas-en-playa-del-carmen-r35ebgeshl8nmpz4wtz34etk7kupt7o2qqnr5cshoo.webp"},{"@type":"BreadcrumbList","@id":"https:\/\/lovelbeauty.mx\/henna-o-tinte-en-pestanas-o-cejas-playa-del-carmen\/#breadcrumb","itemListElement":[{"@type":"ListItem","position":1,"name":"Home","item":"https:\/\/lovelbeauty.mx\/"},{"@type":"ListItem","position":2,"name":"HENNA ODER FARBE F\u00dcR WIMPERN ODER AUGENBRAUEN"}]},{"@type":"WebSite","@id":"https:\/\/lovelbeauty.mx\/#website","url":"https:\/\/lovelbeauty.mx\/","name":"Lovel Beauty","description":"M\u00e1s Que Belleza... Actos De Amor | Playa Del Carmen","publisher":{"@id":"https:\/\/lovelbeauty.mx\/#organization"},"potentialAction":[{"@type":"SearchAction","target":{"@type":"EntryPoint","urlTemplate":"https:\/\/lovelbeauty.mx\/?s={search_term_string}"},"query-input":{"@type":"PropertyValueSpecification","valueRequired":true,"valueName":"search_term_string"}}],"inLanguage":"de"},{"@type":"Organization","@id":"https:\/\/lovelbeauty.mx\/#organization","name":"Lovel Beauty","url":"https:\/\/lovelbeauty.mx\/","logo":{"@type":"ImageObject","inLanguage":"de","@id":"https:\/\/lovelbeauty.mx\/#\/schema\/logo\/image\/","url":"https:\/\/lovelbeauty.mx\/wp-content\/uploads\/2025\/02\/1_1.-Marca-Oficial.png","contentUrl":"https:\/\/lovelbeauty.mx\/wp-content\/uploads\/2025\/02\/1_1.-Marca-Oficial.png","width":2550,"height":1930,"caption":"Lovel Beauty"},"image":{"@id":"https:\/\/lovelbeauty.mx\/#\/schema\/logo\/image\/"},"sameAs":["https:\/\/www.facebook.com\/share\/1EyUQBTKqT\/?mibextid=wwXIfr","https:\/\/www.instagram.com\/lovelbeauty_"]}]}},"_links":{"self":[{"href":"https:\/\/lovelbeauty.mx\/de\/wp-json\/wp\/v2\/pages\/9017","targetHints":{"allow":["GET"]}}],"collection":[{"href":"https:\/\/lovelbeauty.mx\/de\/wp-json\/wp\/v2\/pages"}],"about":[{"href":"https:\/\/lovelbeauty.mx\/de\/wp-json\/wp\/v2\/types\/page"}],"author":[{"embeddable":true,"href":"https:\/\/lovelbeauty.mx\/de\/wp-json\/wp\/v2\/users\/1"}],"replies":[{"embeddable":true,"href":"https:\/\/lovelbeauty.mx\/de\/wp-json\/wp\/v2\/comments?post=9017"}],"version-history":[{"count":10,"href":"https:\/\/lovelbeauty.mx\/de\/wp-json\/wp\/v2\/pages\/9017\/revisions"}],"predecessor-version":[{"id":9581,"href":"https:\/\/lovelbeauty.mx\/de\/wp-json\/wp\/v2\/pages\/9017\/revisions\/9581"}],"wp:attachment":[{"href":"https:\/\/lovelbeauty.mx\/de\/wp-json\/wp\/v2\/media?parent=9017"}],"curies":[{"name":"wp","href":"https:\/\/api.w.org\/{rel}","templated":true}]}}