{"id":9018,"date":"2025-02-14T19:57:23","date_gmt":"2025-02-14T19:57:23","guid":{"rendered":"https:\/\/lovelbeauty.mx\/depilacion-con-sugaring-playa-del-carmen\/"},"modified":"2026-02-16T19:31:13","modified_gmt":"2026-02-16T19:31:13","slug":"zuckerhaarentfernung-playa-del-carmen","status":"publish","type":"page","link":"https:\/\/lovelbeauty.mx\/de\/zuckerhaarentfernung-playa-del-carmen\/","title":{"rendered":"ZUCKERHAARENTFERNUNG"},"content":{"rendered":"\t\t<div data-elementor-type=\"wp-page\" data-elementor-id=\"9018\" class=\"elementor elementor-9018\">\n\t\t\t\t<div class=\"elementor-element elementor-element-418644b e-flex e-con-boxed e-con e-parent\" data-id=\"418644b\" data-element_type=\"container\" data-settings=\"{&quot;background_background&quot;:&quot;classic&quot;}\">\n\t\t\t\t\t<div class=\"e-con-inner\">\n\t\t\t\t<div class=\"elementor-element elementor-element-b9f1753 elementor-widget elementor-widget-heading\" data-id=\"b9f1753\" data-element_type=\"widget\" data-widget_type=\"heading.default\">\n\t\t\t\t<div class=\"elementor-widget-container\">\n\t\t\t\t\t<h1 class=\"elementor-heading-title elementor-size-default\">HAARENTFERNUNG MIT ZUCKERPASTE (SUGARING) IN PLAYA DEL CARMEN<\/h1>\t\t\t\t<\/div>\n\t\t\t\t<\/div>\n\t\t\t\t\t<\/div>\n\t\t\t\t<\/div>\n\t\t<div class=\"elementor-element elementor-element-e9f222a e-flex e-con-boxed e-con e-parent\" data-id=\"e9f222a\" data-element_type=\"container\">\n\t\t\t\t\t<div class=\"e-con-inner\">\n\t\t\t\t<div class=\"elementor-element elementor-element-ba63228 elementor-widget elementor-widget-text-editor\" data-id=\"ba63228\" data-element_type=\"widget\" data-widget_type=\"text-editor.default\">\n\t\t\t\t<div class=\"elementor-widget-container\">\n\t\t\t\t\t\t\t\t\t<p class=\"p1\">Suchst du nach einer nat\u00fcrlichen und effektiven Alternative zur Haarentfernung mit <span class=\"s1\">Haarentfernung mit Zuckerpaste (Sugaring) in Playa del Carmen<\/span>? Hier findest du die sanfteste Methode f\u00fcr deine Haut!<\/p>\n\n<h2 class=\"p1\">DIE SANFTESTE NAT\u00dcRLICHE HAARENTFERNUNG F\u00dcR DEINE HAUT<\/h2>\n<p class=\"p1\">Wenn du Haare entfernen m\u00f6chtest, ohne deine Haut durch die Hitze von Warmwachs zu reizen, ist die <span class=\"s1\">Haarentfernung mit Zuckerpaste (Sugaring)<\/span> die beste Wahl. Diese Technik ist <strong>100 % nat\u00fcrlich<\/strong>, basiert auf Zucker und entfernt die Haare <span class=\"s1\">an der Wurzel<\/span>, ohne Allergien oder Hautirritationen zu verursachen.<\/p>\n\n<p class=\"p1\">Diese Methode eignet sich f\u00fcr <span class=\"s1\">alle Hauttypen<\/span>, auch f\u00fcr <span class=\"s1\">empfindliche Haut<\/span> und <span class=\"s1\">Intimbereiche<\/span>. Da sie bei <span class=\"s1\">Raumtemperatur<\/span> angewendet wird, reduziert sie Unannehmlichkeiten und beugt R\u00f6tungen vor. Zus\u00e4tzlich wirkt sie <span class=\"s1\">sanft exfolierend<\/span>, sodass die Haut <span class=\"s1\">glatter, weicher und frei von Unreinheiten<\/span> bleibt.<\/p>\t\t\t\t\t\t\t\t<\/div>\n\t\t\t\t<\/div>\n\t\t\t\t<div class=\"elementor-element elementor-element-2b85ff1 elementor-widget elementor-widget-image\" data-id=\"2b85ff1\" data-element_type=\"widget\" data-widget_type=\"image.default\">\n\t\t\t\t<div class=\"elementor-widget-container\">\n\t\t\t\t\t\t\t\t\t\t\t\t\t\t\t<img decoding=\"async\" src=\"https:\/\/lovelbeauty.mx\/wp-content\/uploads\/elementor\/thumbs\/depilacion-con-sugaring-en-playa-del-carmen-r35epy37un2smaxdalh1296dwfffh873qgq8hxazrc.webp\" title=\"Depilaci\u00f3n con Sugaring en Playa del Carmen &#8211; LOVEL BEAUTY\" alt=\"Depilaci\u00f3n con sugaring en Playa del Carmen - m\u00e9todo natural y efectivo.\" loading=\"lazy\" \/>\t\t\t\t\t\t\t\t\t\t\t\t\t\t\t<\/div>\n\t\t\t\t<\/div>\n\t\t\t\t\t<\/div>\n\t\t\t\t<\/div>\n\t\t<div class=\"elementor-element elementor-element-1b7ca9b e-flex e-con-boxed e-con e-parent\" data-id=\"1b7ca9b\" data-element_type=\"container\">\n\t\t\t\t\t<div class=\"e-con-inner\">\n\t\t\t\t<div class=\"elementor-element elementor-element-1a9e7f6 elementor-widget elementor-widget-text-editor\" data-id=\"1a9e7f6\" data-element_type=\"widget\" data-widget_type=\"text-editor.default\">\n\t\t\t\t<div class=\"elementor-widget-container\">\n\t\t\t\t\t\t\t\t\t<h2 class=\"p1\">WARUM HAARENTFERNUNG MIT ZUCKERPASTE (SUGARING)?<\/h2>\n\n<p>\u2714 <strong>Nat\u00fcrliche Formel<\/strong>.<\/p>\n\n<p>\u2714 <strong>Weniger Hautreizungen<\/strong> und <strong>mehr Geschmeidigkeit<\/strong> der Haut.<\/p>\n\n<p>\u2714 <strong>Entfernt die Haare an der Wurzel<\/strong>, wodurch sie feiner nachwachsen und das Wachstum verlangsamt wird.<\/p>\n\n<p>\u2714 <strong>Ideal f\u00fcr alle Hauttypen<\/strong>, auch f\u00fcr empfindliche Haut und sensible Zonen.<\/p>\n\n<p>\u2714 <strong>Sanfter Peeling-Effekt<\/strong>, der die Haut strahlend und erneuert hinterl\u00e4sst.<\/p>\n\n<p>\u2714 <strong>Langanhaltende Ergebnisse<\/strong>: Die Haut bleibt je nach Haarwachstum <strong>3 bis 6 Wochen<\/strong> haarfrei.<\/p>\n\n<p>\u2714 <strong>Reduziert das Haarwachstum<\/strong>: Bei regelm\u00e4\u00dfiger Anwendung w\u00e4chst das Haar feiner und in geringerer Menge nach \u2013 dadurch wird die Behandlung mit der Zeit <strong>weniger unangenehm<\/strong>.<\/p>\t\t\t\t\t\t\t\t<\/div>\n\t\t\t\t<\/div>\n\t\t\t\t<div class=\"elementor-element elementor-element-868feb3 content-align-center art-fadeIn art-anim animate__delay-1s elementor-widget elementor-widget-art-dark-button\" data-id=\"868feb3\" data-element_type=\"widget\" data-widget_type=\"art-dark-button.default\">\n\t\t\t\t<div class=\"elementor-widget-container\">\n\t\t\t\t\t\r\n                            <div class=\"art-widget-button art--aliment-center art--aliment-tablet- art--aliment-mobile-\">\r\n                        <a href=\"https:\/\/www.fresha.com\/es\/book-now\/bonita-home-studio-koy6vc12\/all-offer?share&pId=714609\"  rel=\"nofollow\" class=\"art-button art-button-dark\">Buche deinen Termin<\/a>\r\n                    <\/div>\r\n                    \r\n\r\n\r\n\t\t\t\t\t\t<\/div>\n\t\t\t\t<\/div>\n\t\t\t\t\t<\/div>\n\t\t\t\t<\/div>\n\t\t<div class=\"elementor-element elementor-element-ae0fe58 e-flex e-con-boxed e-con e-parent\" data-id=\"ae0fe58\" data-element_type=\"container\">\n\t\t\t\t\t<div class=\"e-con-inner\">\n\t\t\t\t<div class=\"elementor-element elementor-element-1b2eb17 elementor-widget elementor-widget-text-editor\" data-id=\"1b2eb17\" data-element_type=\"widget\" data-widget_type=\"text-editor.default\">\n\t\t\t\t<div class=\"elementor-widget-container\">\n\t\t\t\t\t\t\t\t\t<h2 class=\"p1\">WIE L\u00c4UFT DIE BEHANDLUNG AB?<\/h2>\n\n<p>1\ufe0f\u20e3 <strong>Vorbereitung der Haut<\/strong>: Wir reinigen und trocknen die Zone gr\u00fcndlich, um eine effektive Haarentfernung zu gew\u00e4hrleisten.<\/p>\n\n<p>2\ufe0f\u20e3 <strong>Auftragen der Zuckerpaste<\/strong>: Die <span class=\"s1\">Zuckerpaste (Sugaring)<\/span> wird in Wuchsrichtung der Haare aufgetragen.<\/p>\n\n<p>3\ufe0f\u20e3 <strong>Sanfte Entfernung<\/strong>: Die Paste wird entgegen der Wuchsrichtung entfernt, wodurch die Haare <span class=\"s1\">an der Wurzel<\/span> mit weniger Unannehmlichkeiten entfernt werden und das Risiko von <span class=\"s1\">eingewachsenen Haaren<\/span> reduziert wird.<\/p>\n\n<p>4\ufe0f\u20e3 <strong>Pflege<\/strong>: Zum Abschluss tragen wir eine beruhigende Creme auf, um deine Haut zu sch\u00fctzen.<\/p>\n\n<h2 class=\"p1\">GENIESSE GLATTE, HAARFREIE HAUT MIT UNSERER HAARENTFERNUNG MIT ZUCKERPASTE (SUGARING) IN PLAYA DEL CARMEN<\/h2>\n\n<p>Nat\u00fcrlich und effektiv!<\/p>\t\t\t\t\t\t\t\t<\/div>\n\t\t\t\t<\/div>\n\t\t\t\t\t<\/div>\n\t\t\t\t<\/div>\n\t\t<div class=\"elementor-element elementor-element-e2262ed e-flex e-con-boxed e-con e-parent\" data-id=\"e2262ed\" data-element_type=\"container\">\n\t\t\t\t\t<div class=\"e-con-inner\">\n\t\t\t\t<div class=\"elementor-element elementor-element-efdb827 elementor-widget elementor-widget-text-editor\" data-id=\"efdb827\" data-element_type=\"widget\" data-widget_type=\"text-editor.default\">\n\t\t\t\t<div class=\"elementor-widget-container\">\n\t\t\t\t\t\t\t\t\t<p class=\"p1\"><strong>Unterschenkel<\/strong> \u2013 $500<\/p><p class=\"p1\"><strong>Beine komplett<\/strong> \u2013 $900<\/p><p class=\"p1\"><strong>Gesicht komplett<\/strong> \u2013 $600<\/p><p class=\"p1\"><strong>Unterarme<\/strong> \u2013 $400<\/p><p class=\"p1\"><strong>Arme komplett<\/strong> \u2013 $500<\/p><p class=\"p1\"><strong>Achseln<\/strong> \u2013 $320<\/p><p class=\"p1\"><strong>Bikini<\/strong> \u2013 $500<\/p><p class=\"p1\"><strong>Brasilianisch<\/strong> \u2013 $650<\/p>\t\t\t\t\t\t\t\t<\/div>\n\t\t\t\t<\/div>\n\t\t\t\t\t<\/div>\n\t\t\t\t<\/div>\n\t\t<div class=\"elementor-element elementor-element-74e7de8 e-flex e-con-boxed e-con e-parent\" data-id=\"74e7de8\" data-element_type=\"container\">\n\t\t\t\t\t<div class=\"e-con-inner\">\n\t\t\t\t<div class=\"elementor-element elementor-element-47481d4 content-align-center art-fadeIn art-anim animate__delay-1s elementor-widget elementor-widget-art-dark-button\" data-id=\"47481d4\" data-element_type=\"widget\" data-widget_type=\"art-dark-button.default\">\n\t\t\t\t<div class=\"elementor-widget-container\">\n\t\t\t\t\t\r\n        \r\n                <div class=\"art-widget-button art--aliment-center art--aliment-tablet- art--aliment-mobile-\">\r\n                    <a href=\"https:\/\/lovelbeauty.mx\/menu-de-servicios\/\" class=\"art-button art-button-dark\">Service-Men\u00fc ansehen<\/a>\r\n                <\/div>\r\n\r\n                \r\n\r\n\r\n\t\t\t\t\t\t<\/div>\n\t\t\t\t<\/div>\n\t\t\t\t\t<\/div>\n\t\t\t\t<\/div>\n\t\t<div class=\"elementor-element elementor-element-3608b5e e-flex e-con-boxed e-con e-parent\" data-id=\"3608b5e\" data-element_type=\"container\">\n\t\t\t\t\t<div class=\"e-con-inner\">\n\t\t<div class=\"elementor-element elementor-element-1e3d12e e-con-full e-flex e-con e-child\" data-id=\"1e3d12e\" data-element_type=\"container\">\n\t\t\t\t<div class=\"elementor-element elementor-element-ce32091 elementor-align-left elementor-invisible elementor-widget elementor-widget-button\" data-id=\"ce32091\" data-element_type=\"widget\" data-settings=\"{&quot;_animation&quot;:&quot;zoomIn&quot;,&quot;_animation_mobile&quot;:&quot;zoomIn&quot;}\" data-widget_type=\"button.default\">\n\t\t\t\t<div class=\"elementor-widget-container\">\n\t\t\t\t\t\t\t\t\t<div class=\"elementor-button-wrapper\">\n\t\t\t\t\t<a class=\"elementor-button elementor-button-link elementor-size-sm\" href=\"https:\/\/lovelbeauty.mx\/de\/henna-oder-farbe-fuer-wimpern-oder-augenbrauen-playa-del-carmen\/\">\n\t\t\t\t\t\t<span class=\"elementor-button-content-wrapper\">\n\t\t\t\t\t\t<span class=\"elementor-button-icon\">\n\t\t\t\t<svg aria-hidden=\"true\" class=\"e-font-icon-svg e-far-arrow-alt-circle-left\" viewBox=\"0 0 512 512\" xmlns=\"http:\/\/www.w3.org\/2000\/svg\"><path d=\"M8 256c0 137 111 248 248 248s248-111 248-248S393 8 256 8 8 119 8 256zm448 0c0 110.5-89.5 200-200 200S56 366.5 56 256 145.5 56 256 56s200 89.5 200 200zm-72-20v40c0 6.6-5.4 12-12 12H256v67c0 10.7-12.9 16-20.5 8.5l-99-99c-4.7-4.7-4.7-12.3 0-17l99-99c7.6-7.6 20.5-2.2 20.5 8.5v67h116c6.6 0 12 5.4 12 12z\"><\/path><\/svg>\t\t\t<\/span>\n\t\t\t\t\t\t\t\t\t<span class=\"elementor-button-text\">HENNA ODER FARBE F\u00dcR WIMPERN ODER AUGENBRAUEN<\/span>\n\t\t\t\t\t<\/span>\n\t\t\t\t\t<\/a>\n\t\t\t\t<\/div>\n\t\t\t\t\t\t\t\t<\/div>\n\t\t\t\t<\/div>\n\t\t\t\t<div class=\"elementor-element elementor-element-50b72b0 elementor-invisible elementor-widget elementor-widget-button\" data-id=\"50b72b0\" data-element_type=\"widget\" data-settings=\"{&quot;_animation&quot;:&quot;zoomIn&quot;,&quot;_animation_mobile&quot;:&quot;zoomIn&quot;}\" data-widget_type=\"button.default\">\n\t\t\t\t<div class=\"elementor-widget-container\">\n\t\t\t\t\t\t\t\t\t<div class=\"elementor-button-wrapper\">\n\t\t\t\t\t<a class=\"elementor-button elementor-button-link elementor-size-sm\" href=\"https:\/\/lovelbeauty.mx\/de\/haarentfernung-mit-faden-playa-del-carmen\/\">\n\t\t\t\t\t\t<span class=\"elementor-button-content-wrapper\">\n\t\t\t\t\t\t<span class=\"elementor-button-icon\">\n\t\t\t\t<svg aria-hidden=\"true\" class=\"e-font-icon-svg e-far-arrow-alt-circle-right\" viewBox=\"0 0 512 512\" xmlns=\"http:\/\/www.w3.org\/2000\/svg\"><path d=\"M504 256C504 119 393 8 256 8S8 119 8 256s111 248 248 248 248-111 248-248zm-448 0c0-110.5 89.5-200 200-200s200 89.5 200 200-89.5 200-200 200S56 366.5 56 256zm72 20v-40c0-6.6 5.4-12 12-12h116v-67c0-10.7 12.9-16 20.5-8.5l99 99c4.7 4.7 4.7 12.3 0 17l-99 99c-7.6 7.6-20.5 2.2-20.5-8.5v-67H140c-6.6 0-12-5.4-12-12z\"><\/path><\/svg>\t\t\t<\/span>\n\t\t\t\t\t\t\t\t\t<span class=\"elementor-button-text\">FADENHAARENTFERNUNG<\/span>\n\t\t\t\t\t<\/span>\n\t\t\t\t\t<\/a>\n\t\t\t\t<\/div>\n\t\t\t\t\t\t\t\t<\/div>\n\t\t\t\t<\/div>\n\t\t\t\t<\/div>\n\t\t\t\t\t<\/div>\n\t\t\t\t<\/div>\n\t\t\t\t<\/div>\n\t\t","protected":false},"excerpt":{"rendered":"<p>HAARENTFERNUNG MIT ZUCKERPASTE (SUGARING) IN PLAYA DEL CARMEN Suchst du nach einer nat\u00fcrlichen und effektiven Alternative zur Haarentfernung mit Haarentfernung mit Zuckerpaste (Sugaring) in Playa del Carmen? Hier findest du die sanfteste Methode f\u00fcr deine Haut! DIE SANFTESTE NAT\u00dcRLICHE HAARENTFERNUNG F\u00dcR DEINE HAUT Wenn du Haare entfernen m\u00f6chtest, ohne deine Haut durch die Hitze von [&hellip;]<\/p>\n","protected":false},"author":1,"featured_media":0,"parent":0,"menu_order":0,"comment_status":"closed","ping_status":"closed","template":"elementor-template.php","meta":{"inline_featured_image":false,"_monsterinsights_skip_tracking":false,"_monsterinsights_sitenote_active":false,"_monsterinsights_sitenote_note":"","_monsterinsights_sitenote_category":0,"footnotes":""},"class_list":["post-9018","page","type-page","status-publish","hentry"],"yoast_head":"<!-- This site is optimized with the Yoast SEO plugin v26.6 - https:\/\/yoast.com\/wordpress\/plugins\/seo\/ -->\n<title>Zuckerhaarentfernung in Playa del Carmen | LOVEL BEAUTY<\/title>\n<meta name=\"description\" content=\"Entferne Haare sanft und nat\u00fcrlich. Entdecke Zuckerhaarentfernung (Sugaring) in Playa del Carmen f\u00fcr glatte Haut ganz ohne Irritationen.\" \/>\n<meta name=\"robots\" content=\"index, follow, max-snippet:-1, max-image-preview:large, max-video-preview:-1\" \/>\n<link rel=\"canonical\" href=\"https:\/\/lovelbeauty.mx\/depilacion-con-sugaring-playa-del-carmen\/\" \/>\n<meta property=\"og:locale\" content=\"de_DE\" \/>\n<meta property=\"og:type\" content=\"article\" \/>\n<meta property=\"og:title\" content=\"Zuckerhaarentfernung in Playa del Carmen | LOVEL BEAUTY\" \/>\n<meta property=\"og:description\" content=\"Entferne Haare sanft und nat\u00fcrlich. Entdecke Zuckerhaarentfernung (Sugaring) in Playa del Carmen f\u00fcr glatte Haut ganz ohne Irritationen.\" \/>\n<meta property=\"og:url\" content=\"https:\/\/lovelbeauty.mx\/depilacion-con-sugaring-playa-del-carmen\/\" \/>\n<meta property=\"og:site_name\" content=\"lovelbeauty.mx\" \/>\n<meta property=\"article:publisher\" content=\"https:\/\/www.facebook.com\/share\/1EyUQBTKqT\/?mibextid=wwXIfr\" \/>\n<meta property=\"article:modified_time\" content=\"2026-02-16T19:31:13+00:00\" \/>\n<meta property=\"og:image\" content=\"https:\/\/lovelbeauty.mx\/wp-content\/uploads\/elementor\/thumbs\/depilacion-con-sugaring-en-playa-del-carmen-r35epy37un2smaxdalh1296dwfffh873qgq8hxazrc.webp\" \/>\n<meta name=\"twitter:card\" content=\"summary_large_image\" \/>\n<meta name=\"twitter:label1\" content=\"Gesch\u00e4tzte Lesezeit\" \/>\n\t<meta name=\"twitter:data1\" content=\"4\u00a0Minuten\" \/>\n<script type=\"application\/ld+json\" class=\"yoast-schema-graph\">{\"@context\":\"https:\/\/schema.org\",\"@graph\":[{\"@type\":\"WebPage\",\"@id\":\"https:\/\/lovelbeauty.mx\/depilacion-con-sugaring-playa-del-carmen\/\",\"url\":\"https:\/\/lovelbeauty.mx\/depilacion-con-sugaring-playa-del-carmen\/\",\"name\":\"Zuckerhaarentfernung in Playa del Carmen | LOVEL BEAUTY\",\"isPartOf\":{\"@id\":\"https:\/\/lovelbeauty.mx\/#website\"},\"primaryImageOfPage\":{\"@id\":\"https:\/\/lovelbeauty.mx\/depilacion-con-sugaring-playa-del-carmen\/#primaryimage\"},\"image\":{\"@id\":\"https:\/\/lovelbeauty.mx\/depilacion-con-sugaring-playa-del-carmen\/#primaryimage\"},\"thumbnailUrl\":\"https:\/\/lovelbeauty.mx\/wp-content\/uploads\/elementor\/thumbs\/depilacion-con-sugaring-en-playa-del-carmen-r35epy37un2smaxdalh1296dwfffh873qgq8hxazrc.webp\",\"datePublished\":\"2025-02-14T19:57:23+00:00\",\"dateModified\":\"2026-02-16T19:31:13+00:00\",\"description\":\"Entferne Haare sanft und nat\u00fcrlich. Entdecke Zuckerhaarentfernung (Sugaring) in Playa del Carmen f\u00fcr glatte Haut ganz ohne Irritationen.\",\"breadcrumb\":{\"@id\":\"https:\/\/lovelbeauty.mx\/depilacion-con-sugaring-playa-del-carmen\/#breadcrumb\"},\"inLanguage\":\"de\",\"potentialAction\":[{\"@type\":\"ReadAction\",\"target\":[\"https:\/\/lovelbeauty.mx\/depilacion-con-sugaring-playa-del-carmen\/\"]}]},{\"@type\":\"ImageObject\",\"inLanguage\":\"de\",\"@id\":\"https:\/\/lovelbeauty.mx\/depilacion-con-sugaring-playa-del-carmen\/#primaryimage\",\"url\":\"https:\/\/lovelbeauty.mx\/wp-content\/uploads\/elementor\/thumbs\/depilacion-con-sugaring-en-playa-del-carmen-r35epy37un2smaxdalh1296dwfffh873qgq8hxazrc.webp\",\"contentUrl\":\"https:\/\/lovelbeauty.mx\/wp-content\/uploads\/elementor\/thumbs\/depilacion-con-sugaring-en-playa-del-carmen-r35epy37un2smaxdalh1296dwfffh873qgq8hxazrc.webp\"},{\"@type\":\"BreadcrumbList\",\"@id\":\"https:\/\/lovelbeauty.mx\/depilacion-con-sugaring-playa-del-carmen\/#breadcrumb\",\"itemListElement\":[{\"@type\":\"ListItem\",\"position\":1,\"name\":\"Home\",\"item\":\"https:\/\/lovelbeauty.mx\/\"},{\"@type\":\"ListItem\",\"position\":2,\"name\":\"ZUCKERHAARENTFERNUNG\"}]},{\"@type\":\"WebSite\",\"@id\":\"https:\/\/lovelbeauty.mx\/#website\",\"url\":\"https:\/\/lovelbeauty.mx\/\",\"name\":\"Lovel Beauty\",\"description\":\"M\u00e1s Que Belleza... Actos De Amor | Playa Del Carmen\",\"publisher\":{\"@id\":\"https:\/\/lovelbeauty.mx\/#organization\"},\"potentialAction\":[{\"@type\":\"SearchAction\",\"target\":{\"@type\":\"EntryPoint\",\"urlTemplate\":\"https:\/\/lovelbeauty.mx\/?s={search_term_string}\"},\"query-input\":{\"@type\":\"PropertyValueSpecification\",\"valueRequired\":true,\"valueName\":\"search_term_string\"}}],\"inLanguage\":\"de\"},{\"@type\":\"Organization\",\"@id\":\"https:\/\/lovelbeauty.mx\/#organization\",\"name\":\"Lovel Beauty\",\"url\":\"https:\/\/lovelbeauty.mx\/\",\"logo\":{\"@type\":\"ImageObject\",\"inLanguage\":\"de\",\"@id\":\"https:\/\/lovelbeauty.mx\/#\/schema\/logo\/image\/\",\"url\":\"https:\/\/lovelbeauty.mx\/wp-content\/uploads\/2025\/02\/1_1.-Marca-Oficial.png\",\"contentUrl\":\"https:\/\/lovelbeauty.mx\/wp-content\/uploads\/2025\/02\/1_1.-Marca-Oficial.png\",\"width\":2550,\"height\":1930,\"caption\":\"Lovel Beauty\"},\"image\":{\"@id\":\"https:\/\/lovelbeauty.mx\/#\/schema\/logo\/image\/\"},\"sameAs\":[\"https:\/\/www.facebook.com\/share\/1EyUQBTKqT\/?mibextid=wwXIfr\",\"https:\/\/www.instagram.com\/lovelbeauty_\"]}]}<\/script>\n<!-- \/ Yoast SEO plugin. -->","yoast_head_json":{"title":"Zuckerhaarentfernung in Playa del Carmen | LOVEL BEAUTY","description":"Entferne Haare sanft und nat\u00fcrlich. Entdecke Zuckerhaarentfernung (Sugaring) in Playa del Carmen f\u00fcr glatte Haut ganz ohne Irritationen.","robots":{"index":"index","follow":"follow","max-snippet":"max-snippet:-1","max-image-preview":"max-image-preview:large","max-video-preview":"max-video-preview:-1"},"canonical":"https:\/\/lovelbeauty.mx\/depilacion-con-sugaring-playa-del-carmen\/","og_locale":"de_DE","og_type":"article","og_title":"Zuckerhaarentfernung in Playa del Carmen | LOVEL BEAUTY","og_description":"Entferne Haare sanft und nat\u00fcrlich. Entdecke Zuckerhaarentfernung (Sugaring) in Playa del Carmen f\u00fcr glatte Haut ganz ohne Irritationen.","og_url":"https:\/\/lovelbeauty.mx\/depilacion-con-sugaring-playa-del-carmen\/","og_site_name":"lovelbeauty.mx","article_publisher":"https:\/\/www.facebook.com\/share\/1EyUQBTKqT\/?mibextid=wwXIfr","article_modified_time":"2026-02-16T19:31:13+00:00","og_image":[{"url":"https:\/\/lovelbeauty.mx\/wp-content\/uploads\/elementor\/thumbs\/depilacion-con-sugaring-en-playa-del-carmen-r35epy37un2smaxdalh1296dwfffh873qgq8hxazrc.webp","type":"","width":"","height":""}],"twitter_card":"summary_large_image","twitter_misc":{"Gesch\u00e4tzte Lesezeit":"4\u00a0Minuten"},"schema":{"@context":"https:\/\/schema.org","@graph":[{"@type":"WebPage","@id":"https:\/\/lovelbeauty.mx\/depilacion-con-sugaring-playa-del-carmen\/","url":"https:\/\/lovelbeauty.mx\/depilacion-con-sugaring-playa-del-carmen\/","name":"Zuckerhaarentfernung in Playa del Carmen | LOVEL BEAUTY","isPartOf":{"@id":"https:\/\/lovelbeauty.mx\/#website"},"primaryImageOfPage":{"@id":"https:\/\/lovelbeauty.mx\/depilacion-con-sugaring-playa-del-carmen\/#primaryimage"},"image":{"@id":"https:\/\/lovelbeauty.mx\/depilacion-con-sugaring-playa-del-carmen\/#primaryimage"},"thumbnailUrl":"https:\/\/lovelbeauty.mx\/wp-content\/uploads\/elementor\/thumbs\/depilacion-con-sugaring-en-playa-del-carmen-r35epy37un2smaxdalh1296dwfffh873qgq8hxazrc.webp","datePublished":"2025-02-14T19:57:23+00:00","dateModified":"2026-02-16T19:31:13+00:00","description":"Entferne Haare sanft und nat\u00fcrlich. Entdecke Zuckerhaarentfernung (Sugaring) in Playa del Carmen f\u00fcr glatte Haut ganz ohne Irritationen.","breadcrumb":{"@id":"https:\/\/lovelbeauty.mx\/depilacion-con-sugaring-playa-del-carmen\/#breadcrumb"},"inLanguage":"de","potentialAction":[{"@type":"ReadAction","target":["https:\/\/lovelbeauty.mx\/depilacion-con-sugaring-playa-del-carmen\/"]}]},{"@type":"ImageObject","inLanguage":"de","@id":"https:\/\/lovelbeauty.mx\/depilacion-con-sugaring-playa-del-carmen\/#primaryimage","url":"https:\/\/lovelbeauty.mx\/wp-content\/uploads\/elementor\/thumbs\/depilacion-con-sugaring-en-playa-del-carmen-r35epy37un2smaxdalh1296dwfffh873qgq8hxazrc.webp","contentUrl":"https:\/\/lovelbeauty.mx\/wp-content\/uploads\/elementor\/thumbs\/depilacion-con-sugaring-en-playa-del-carmen-r35epy37un2smaxdalh1296dwfffh873qgq8hxazrc.webp"},{"@type":"BreadcrumbList","@id":"https:\/\/lovelbeauty.mx\/depilacion-con-sugaring-playa-del-carmen\/#breadcrumb","itemListElement":[{"@type":"ListItem","position":1,"name":"Home","item":"https:\/\/lovelbeauty.mx\/"},{"@type":"ListItem","position":2,"name":"ZUCKERHAARENTFERNUNG"}]},{"@type":"WebSite","@id":"https:\/\/lovelbeauty.mx\/#website","url":"https:\/\/lovelbeauty.mx\/","name":"Lovel Beauty","description":"M\u00e1s Que Belleza... Actos De Amor | Playa Del Carmen","publisher":{"@id":"https:\/\/lovelbeauty.mx\/#organization"},"potentialAction":[{"@type":"SearchAction","target":{"@type":"EntryPoint","urlTemplate":"https:\/\/lovelbeauty.mx\/?s={search_term_string}"},"query-input":{"@type":"PropertyValueSpecification","valueRequired":true,"valueName":"search_term_string"}}],"inLanguage":"de"},{"@type":"Organization","@id":"https:\/\/lovelbeauty.mx\/#organization","name":"Lovel Beauty","url":"https:\/\/lovelbeauty.mx\/","logo":{"@type":"ImageObject","inLanguage":"de","@id":"https:\/\/lovelbeauty.mx\/#\/schema\/logo\/image\/","url":"https:\/\/lovelbeauty.mx\/wp-content\/uploads\/2025\/02\/1_1.-Marca-Oficial.png","contentUrl":"https:\/\/lovelbeauty.mx\/wp-content\/uploads\/2025\/02\/1_1.-Marca-Oficial.png","width":2550,"height":1930,"caption":"Lovel Beauty"},"image":{"@id":"https:\/\/lovelbeauty.mx\/#\/schema\/logo\/image\/"},"sameAs":["https:\/\/www.facebook.com\/share\/1EyUQBTKqT\/?mibextid=wwXIfr","https:\/\/www.instagram.com\/lovelbeauty_"]}]}},"_links":{"self":[{"href":"https:\/\/lovelbeauty.mx\/de\/wp-json\/wp\/v2\/pages\/9018","targetHints":{"allow":["GET"]}}],"collection":[{"href":"https:\/\/lovelbeauty.mx\/de\/wp-json\/wp\/v2\/pages"}],"about":[{"href":"https:\/\/lovelbeauty.mx\/de\/wp-json\/wp\/v2\/types\/page"}],"author":[{"embeddable":true,"href":"https:\/\/lovelbeauty.mx\/de\/wp-json\/wp\/v2\/users\/1"}],"replies":[{"embeddable":true,"href":"https:\/\/lovelbeauty.mx\/de\/wp-json\/wp\/v2\/comments?post=9018"}],"version-history":[{"count":10,"href":"https:\/\/lovelbeauty.mx\/de\/wp-json\/wp\/v2\/pages\/9018\/revisions"}],"predecessor-version":[{"id":9593,"href":"https:\/\/lovelbeauty.mx\/de\/wp-json\/wp\/v2\/pages\/9018\/revisions\/9593"}],"wp:attachment":[{"href":"https:\/\/lovelbeauty.mx\/de\/wp-json\/wp\/v2\/media?parent=9018"}],"curies":[{"name":"wp","href":"https:\/\/api.w.org\/{rel}","templated":true}]}}