{"id":9019,"date":"2025-02-14T20:01:36","date_gmt":"2025-02-14T20:01:36","guid":{"rendered":"https:\/\/lovelbeauty.mx\/depilacion-con-hilo-playa-del-carmen\/"},"modified":"2026-02-16T19:35:15","modified_gmt":"2026-02-16T19:35:15","slug":"fadenhaarentfernung-playa-del-carmen","status":"publish","type":"page","link":"https:\/\/lovelbeauty.mx\/de\/fadenhaarentfernung-playa-del-carmen\/","title":{"rendered":"FADENHAARENTFERNUNG"},"content":{"rendered":"\t\t<div data-elementor-type=\"wp-page\" data-elementor-id=\"9019\" class=\"elementor elementor-9019\">\n\t\t\t\t<div class=\"elementor-element elementor-element-418644b e-flex e-con-boxed e-con e-parent\" data-id=\"418644b\" data-element_type=\"container\" data-settings=\"{&quot;background_background&quot;:&quot;classic&quot;}\">\n\t\t\t\t\t<div class=\"e-con-inner\">\n\t\t\t\t<div class=\"elementor-element elementor-element-b9f1753 elementor-widget elementor-widget-heading\" data-id=\"b9f1753\" data-element_type=\"widget\" data-widget_type=\"heading.default\">\n\t\t\t\t<div class=\"elementor-widget-container\">\n\t\t\t\t\t<h1 class=\"elementor-heading-title elementor-size-default\">FADENHAARENTFERNUNG(THREADING) IN PLAYA DEL CARMEN<\/h1>\t\t\t\t<\/div>\n\t\t\t\t<\/div>\n\t\t\t\t\t<\/div>\n\t\t\t\t<\/div>\n\t\t<div class=\"elementor-element elementor-element-e9f222a e-flex e-con-boxed e-con e-parent\" data-id=\"e9f222a\" data-element_type=\"container\">\n\t\t\t\t\t<div class=\"e-con-inner\">\n\t\t\t\t<div class=\"elementor-element elementor-element-ba63228 elementor-widget elementor-widget-text-editor\" data-id=\"ba63228\" data-element_type=\"widget\" data-widget_type=\"text-editor.default\">\n\t\t\t\t<div class=\"elementor-widget-container\">\n\t\t\t\t\t\t\t\t\t<p class=\"p1\">M\u00f6chtest du perfekt geformte Augenbrauen mit <span class=\"s1\">Haarentfernung mit Faden (Threading) in Playa del Carmen<\/span>? Diese pr\u00e4zise und nat\u00fcrliche Technik sorgt f\u00fcr ein makelloses Ergebnis!<\/p>\n\n<h2 class=\"p1\">PR\u00c4ZISION &#038; SANFTHEIT F\u00dcR EINE MAKELLOSE HAUT<\/h2>\n<p class=\"p1\">Die <span class=\"s1\">Haarentfernung mit Faden (Threading)<\/span> ist eine besonders pr\u00e4zise und schonende Technik, bei der ein Baumwollfaden verwendet wird, um Haare sauber und effektiv zu entfernen \u2013 mit deutlich weniger Hautreizungen. Sie eignet sich ideal zum <span class=\"s1\">Formen der Augenbrauen<\/span> und zur <span class=\"s1\">Entfernung von Gesichtshaaren<\/span>.<\/p>\n\n<p class=\"p1\">Diese Methode ist perfekt f\u00fcr <span class=\"s1\">empfindliche Haut<\/span>, da sie <span class=\"s1\">keine Allergien oder R\u00f6tungen<\/span> verursacht. Selbst feinste H\u00e4rchen werden <span class=\"s1\">an der Wurzel entfernt<\/span>, wodurch das Nachwachsen verlangsamt wird und die Haut <span class=\"s1\">l\u00e4nger glatt und gepflegt<\/span> bleibt.<\/p>\t\t\t\t\t\t\t\t<\/div>\n\t\t\t\t<\/div>\n\t\t\t\t<div class=\"elementor-element elementor-element-2b85ff1 elementor-widget elementor-widget-image\" data-id=\"2b85ff1\" data-element_type=\"widget\" data-widget_type=\"image.default\">\n\t\t\t\t<div class=\"elementor-widget-container\">\n\t\t\t\t\t\t\t\t\t\t\t\t\t\t\t<img decoding=\"async\" src=\"https:\/\/lovelbeauty.mx\/wp-content\/uploads\/elementor\/thumbs\/depilacion-con-hilo-en-playa-del-carmen-r35edq6r06closocnbbmnc6nw3nnevoq1zezwff8nc.webp\" title=\"Depilaci\u00f3n con Hilo en Playa del Carmen &#8211; LOVEL BEAUTY\" alt=\"Depilaci\u00f3n con hilo en Playa del Carmen para un dise\u00f1o de cejas preciso.\" loading=\"lazy\" \/>\t\t\t\t\t\t\t\t\t\t\t\t\t\t\t<\/div>\n\t\t\t\t<\/div>\n\t\t\t\t\t<\/div>\n\t\t\t\t<\/div>\n\t\t<div class=\"elementor-element elementor-element-9f17df3 e-flex e-con-boxed e-con e-parent\" data-id=\"9f17df3\" data-element_type=\"container\">\n\t\t\t\t\t<div class=\"e-con-inner\">\n\t\t\t\t<div class=\"elementor-element elementor-element-7a762af elementor-widget elementor-widget-text-editor\" data-id=\"7a762af\" data-element_type=\"widget\" data-widget_type=\"text-editor.default\">\n\t\t\t\t<div class=\"elementor-widget-container\">\n\t\t\t\t\t\t\t\t\t<h2 class=\"p1\">WARUM HAARENTFERNUNG MIT FADEN (THREADING)?<\/h2>\n\n<p>\u2714 <strong>H\u00f6chste Pr\u00e4zision<\/strong> zum Formen der Augenbrauen und zur Entfernung von Gesichtshaaren.<\/p>\n\n<p>\u2714 <strong>Reizt die Haut nicht<\/strong> und verursacht keine Allergien.<\/p>\n\n<p>\u2714 <strong>Entfernt die Haare an der Wurzel<\/strong>, wodurch das Nachwachsen verlangsamt wird.<\/p>\n\n<p>\u2714 <strong>Ideal f\u00fcr empfindliche Haut<\/strong> und zu R\u00f6tungen neigende Haut.<\/p>\n\n<p>\u2714 <strong>Makellose und langanhaltende Ergebnisse<\/strong>.<\/p>\t\t\t\t\t\t\t\t<\/div>\n\t\t\t\t<\/div>\n\t\t\t\t<div class=\"elementor-element elementor-element-371098e content-align-center art-fadeIn art-anim animate__delay-1s elementor-widget elementor-widget-art-dark-button\" data-id=\"371098e\" data-element_type=\"widget\" data-widget_type=\"art-dark-button.default\">\n\t\t\t\t<div class=\"elementor-widget-container\">\n\t\t\t\t\t\r\n                            <div class=\"art-widget-button art--aliment-center art--aliment-tablet- art--aliment-mobile-\">\r\n                        <a href=\"https:\/\/www.fresha.com\/es\/book-now\/bonita-home-studio-koy6vc12\/all-offer?share&pId=714609\"  rel=\"nofollow\" class=\"art-button art-button-dark\">Buche deinen Termin<\/a>\r\n                    <\/div>\r\n                    \r\n\r\n\r\n\t\t\t\t\t\t<\/div>\n\t\t\t\t<\/div>\n\t\t\t\t\t<\/div>\n\t\t\t\t<\/div>\n\t\t<div class=\"elementor-element elementor-element-39b5fda e-flex e-con-boxed e-con e-parent\" data-id=\"39b5fda\" data-element_type=\"container\">\n\t\t\t\t\t<div class=\"e-con-inner\">\n\t\t\t\t<div class=\"elementor-element elementor-element-d720867 elementor-widget elementor-widget-text-editor\" data-id=\"d720867\" data-element_type=\"widget\" data-widget_type=\"text-editor.default\">\n\t\t\t\t<div class=\"elementor-widget-container\">\n\t\t\t\t\t\t\t\t\t<h2 class=\"p1\">WIE L\u00c4UFT DIE BEHANDLUNG AB?<\/h2>\n\n<p>1\ufe0f\u20e3 <strong>Definition des Bereichs<\/strong>: Wir analysieren die ideale Form, um deine Gesichtsz\u00fcge optimal zu betonen.<\/p>\n\n<p>2\ufe0f\u20e3 <strong>Haarentfernung mit Faden (Threading)<\/strong>: Mit einem speziellen Faden entfernen wir die Haare pr\u00e4zise.<\/p>\n\n<p>3\ufe0f\u20e3 <strong>Feinarbeit<\/strong>: Feinste H\u00e4rchen werden entfernt, um ein perfektes Finish zu erzielen.<\/p>\n\n<p>4\ufe0f\u20e3 <strong>Pflege<\/strong>: Zum Abschluss tragen wir eine beruhigende Creme auf, um Hautirritationen zu vermeiden.<\/p>\n\n<h2 class=\"p1\">PERFEKT DEFINIERTE AUGENBRAUEN &#038; EIN HAARFREIES GESICHT<\/h2>\n\n<p>Probiere es aus und sp\u00fcre den Unterschied!<\/p>\t\t\t\t\t\t\t\t<\/div>\n\t\t\t\t<\/div>\n\t\t\t\t\t<\/div>\n\t\t\t\t<\/div>\n\t\t<div class=\"elementor-element elementor-element-e2262ed e-flex e-con-boxed e-con e-parent\" data-id=\"e2262ed\" data-element_type=\"container\">\n\t\t\t\t\t<div class=\"e-con-inner\">\n\t\t\t\t<div class=\"elementor-element elementor-element-efdb827 elementor-widget elementor-widget-text-editor\" data-id=\"efdb827\" data-element_type=\"widget\" data-widget_type=\"text-editor.default\">\n\t\t\t\t<div class=\"elementor-widget-container\">\n\t\t\t\t\t\t\t\t\t<p class=\"p1\"><strong>Oberlippe (Damenbart)<\/strong> \u2013 $180<\/p><p class=\"p1\"><strong>Augenbrauen<\/strong> \u2013 $290<\/p><p class=\"p1\"><strong>Gesamtes Gesicht<\/strong> \u2013 $600<\/p>\t\t\t\t\t\t\t\t<\/div>\n\t\t\t\t<\/div>\n\t\t\t\t\t<\/div>\n\t\t\t\t<\/div>\n\t\t<div class=\"elementor-element elementor-element-74e7de8 e-flex e-con-boxed e-con e-parent\" data-id=\"74e7de8\" data-element_type=\"container\">\n\t\t\t\t\t<div class=\"e-con-inner\">\n\t\t\t\t<div class=\"elementor-element elementor-element-5877009 content-align-center art-fadeIn art-anim animate__delay-1s elementor-widget elementor-widget-art-dark-button\" data-id=\"5877009\" data-element_type=\"widget\" data-widget_type=\"art-dark-button.default\">\n\t\t\t\t<div class=\"elementor-widget-container\">\n\t\t\t\t\t\r\n        \r\n                <div class=\"art-widget-button art--aliment-center art--aliment-tablet- art--aliment-mobile-\">\r\n                    <a href=\"https:\/\/lovelbeauty.mx\/menu-de-servicios\/\" class=\"art-button art-button-dark\">Service-Men\u00fc ansehen<\/a>\r\n                <\/div>\r\n\r\n                \r\n\r\n\r\n\t\t\t\t\t\t<\/div>\n\t\t\t\t<\/div>\n\t\t\t\t\t<\/div>\n\t\t\t\t<\/div>\n\t\t<div class=\"elementor-element elementor-element-be75fa5 e-flex e-con-boxed e-con e-parent\" data-id=\"be75fa5\" data-element_type=\"container\">\n\t\t\t\t\t<div class=\"e-con-inner\">\n\t\t<div class=\"elementor-element elementor-element-dc9c0f8 e-con-full e-flex e-con e-child\" data-id=\"dc9c0f8\" data-element_type=\"container\">\n\t\t\t\t<div class=\"elementor-element elementor-element-ab428fa elementor-align-left elementor-invisible elementor-widget elementor-widget-button\" data-id=\"ab428fa\" data-element_type=\"widget\" data-settings=\"{&quot;_animation&quot;:&quot;zoomIn&quot;,&quot;_animation_mobile&quot;:&quot;zoomIn&quot;}\" data-widget_type=\"button.default\">\n\t\t\t\t<div class=\"elementor-widget-container\">\n\t\t\t\t\t\t\t\t\t<div class=\"elementor-button-wrapper\">\n\t\t\t\t\t<a class=\"elementor-button elementor-button-link elementor-size-sm\" href=\"https:\/\/lovelbeauty.mx\/de\/zuckerhaarentfernung-playa-del-carmen\/\">\n\t\t\t\t\t\t<span class=\"elementor-button-content-wrapper\">\n\t\t\t\t\t\t<span class=\"elementor-button-icon\">\n\t\t\t\t<svg aria-hidden=\"true\" class=\"e-font-icon-svg e-far-arrow-alt-circle-left\" viewBox=\"0 0 512 512\" xmlns=\"http:\/\/www.w3.org\/2000\/svg\"><path d=\"M8 256c0 137 111 248 248 248s248-111 248-248S393 8 256 8 8 119 8 256zm448 0c0 110.5-89.5 200-200 200S56 366.5 56 256 145.5 56 256 56s200 89.5 200 200zm-72-20v40c0 6.6-5.4 12-12 12H256v67c0 10.7-12.9 16-20.5 8.5l-99-99c-4.7-4.7-4.7-12.3 0-17l99-99c7.6-7.6 20.5-2.2 20.5 8.5v67h116c6.6 0 12 5.4 12 12z\"><\/path><\/svg>\t\t\t<\/span>\n\t\t\t\t\t\t\t\t\t<span class=\"elementor-button-text\">ZUCKERHAARENTFERNUNG (SUGARING)<\/span>\n\t\t\t\t\t<\/span>\n\t\t\t\t\t<\/a>\n\t\t\t\t<\/div>\n\t\t\t\t\t\t\t\t<\/div>\n\t\t\t\t<\/div>\n\t\t\t\t<div class=\"elementor-element elementor-element-c81d957 elementor-invisible elementor-widget elementor-widget-button\" data-id=\"c81d957\" data-element_type=\"widget\" data-settings=\"{&quot;_animation&quot;:&quot;zoomIn&quot;,&quot;_animation_mobile&quot;:&quot;zoomIn&quot;}\" data-widget_type=\"button.default\">\n\t\t\t\t<div class=\"elementor-widget-container\">\n\t\t\t\t\t\t\t\t\t<div class=\"elementor-button-wrapper\">\n\t\t\t\t\t<a class=\"elementor-button elementor-button-link elementor-size-sm\" href=\"https:\/\/lovelbeauty.mx\/de\/haarentfernung-mit-wachs-playa-del-carmen\/\">\n\t\t\t\t\t\t<span class=\"elementor-button-content-wrapper\">\n\t\t\t\t\t\t<span class=\"elementor-button-icon\">\n\t\t\t\t<svg aria-hidden=\"true\" class=\"e-font-icon-svg e-far-arrow-alt-circle-right\" viewBox=\"0 0 512 512\" xmlns=\"http:\/\/www.w3.org\/2000\/svg\"><path d=\"M504 256C504 119 393 8 256 8S8 119 8 256s111 248 248 248 248-111 248-248zm-448 0c0-110.5 89.5-200 200-200s200 89.5 200 200-89.5 200-200 200S56 366.5 56 256zm72 20v-40c0-6.6 5.4-12 12-12h116v-67c0-10.7 12.9-16 20.5-8.5l99 99c4.7 4.7 4.7 12.3 0 17l-99 99c-7.6 7.6-20.5 2.2-20.5-8.5v-67H140c-6.6 0-12-5.4-12-12z\"><\/path><\/svg>\t\t\t<\/span>\n\t\t\t\t\t\t\t\t\t<span class=\"elementor-button-text\">WACHSHAARENTFERNUNG<\/span>\n\t\t\t\t\t<\/span>\n\t\t\t\t\t<\/a>\n\t\t\t\t<\/div>\n\t\t\t\t\t\t\t\t<\/div>\n\t\t\t\t<\/div>\n\t\t\t\t<\/div>\n\t\t\t\t\t<\/div>\n\t\t\t\t<\/div>\n\t\t\t\t<\/div>\n\t\t","protected":false},"excerpt":{"rendered":"<p>FADENHAARENTFERNUNG(THREADING) IN PLAYA DEL CARMEN M\u00f6chtest du perfekt geformte Augenbrauen mit Haarentfernung mit Faden (Threading) in Playa del Carmen? Diese pr\u00e4zise und nat\u00fcrliche Technik sorgt f\u00fcr ein makelloses Ergebnis! PR\u00c4ZISION &#038; SANFTHEIT F\u00dcR EINE MAKELLOSE HAUT Die Haarentfernung mit Faden (Threading) ist eine besonders pr\u00e4zise und schonende Technik, bei der ein Baumwollfaden verwendet wird, um [&hellip;]<\/p>\n","protected":false},"author":1,"featured_media":0,"parent":0,"menu_order":0,"comment_status":"closed","ping_status":"closed","template":"elementor-template.php","meta":{"inline_featured_image":false,"_monsterinsights_skip_tracking":false,"_monsterinsights_sitenote_active":false,"_monsterinsights_sitenote_note":"","_monsterinsights_sitenote_category":0,"footnotes":""},"class_list":["post-9019","page","type-page","status-publish","hentry"],"yoast_head":"<!-- This site is optimized with the Yoast SEO plugin v26.6 - https:\/\/yoast.com\/wordpress\/plugins\/seo\/ -->\n<title>Haarentfernung mit faden in Playa del Carmen | LOVEL BEAUTY<\/title>\n<meta name=\"description\" content=\"Definiere deine Augenbrauen pr\u00e4zise mit Fadenhaarentfernung in Playa del Carmen. Sanft, exakt und ohne die Haut zu reizen.\" \/>\n<meta name=\"robots\" content=\"index, follow, max-snippet:-1, max-image-preview:large, max-video-preview:-1\" \/>\n<link rel=\"canonical\" href=\"https:\/\/lovelbeauty.mx\/depilacion-con-hilo-playa-del-carmen\/\" \/>\n<meta property=\"og:locale\" content=\"de_DE\" \/>\n<meta property=\"og:type\" content=\"article\" \/>\n<meta property=\"og:title\" content=\"Haarentfernung mit faden in Playa del Carmen | LOVEL BEAUTY\" \/>\n<meta property=\"og:description\" content=\"Definiere deine Augenbrauen pr\u00e4zise mit Fadenhaarentfernung in Playa del Carmen. Sanft, exakt und ohne die Haut zu reizen.\" \/>\n<meta property=\"og:url\" content=\"https:\/\/lovelbeauty.mx\/depilacion-con-hilo-playa-del-carmen\/\" \/>\n<meta property=\"og:site_name\" content=\"lovelbeauty.mx\" \/>\n<meta property=\"article:publisher\" content=\"https:\/\/www.facebook.com\/share\/1EyUQBTKqT\/?mibextid=wwXIfr\" \/>\n<meta property=\"article:modified_time\" content=\"2026-02-16T19:35:15+00:00\" \/>\n<meta property=\"og:image\" content=\"https:\/\/lovelbeauty.mx\/wp-content\/uploads\/elementor\/thumbs\/depilacion-con-hilo-en-playa-del-carmen-r35edq6r06closocnbbmnc6nw3nnevoq1zezwff8nc.webp\" \/>\n<meta name=\"twitter:card\" content=\"summary_large_image\" \/>\n<meta name=\"twitter:label1\" content=\"Gesch\u00e4tzte Lesezeit\" \/>\n\t<meta name=\"twitter:data1\" content=\"4\u00a0Minuten\" \/>\n<script type=\"application\/ld+json\" class=\"yoast-schema-graph\">{\"@context\":\"https:\/\/schema.org\",\"@graph\":[{\"@type\":\"WebPage\",\"@id\":\"https:\/\/lovelbeauty.mx\/depilacion-con-hilo-playa-del-carmen\/\",\"url\":\"https:\/\/lovelbeauty.mx\/depilacion-con-hilo-playa-del-carmen\/\",\"name\":\"Haarentfernung mit faden in Playa del Carmen | LOVEL BEAUTY\",\"isPartOf\":{\"@id\":\"https:\/\/lovelbeauty.mx\/#website\"},\"primaryImageOfPage\":{\"@id\":\"https:\/\/lovelbeauty.mx\/depilacion-con-hilo-playa-del-carmen\/#primaryimage\"},\"image\":{\"@id\":\"https:\/\/lovelbeauty.mx\/depilacion-con-hilo-playa-del-carmen\/#primaryimage\"},\"thumbnailUrl\":\"https:\/\/lovelbeauty.mx\/wp-content\/uploads\/elementor\/thumbs\/depilacion-con-hilo-en-playa-del-carmen-r35edq6r06closocnbbmnc6nw3nnevoq1zezwff8nc.webp\",\"datePublished\":\"2025-02-14T20:01:36+00:00\",\"dateModified\":\"2026-02-16T19:35:15+00:00\",\"description\":\"Definiere deine Augenbrauen pr\u00e4zise mit Fadenhaarentfernung in Playa del Carmen. Sanft, exakt und ohne die Haut zu reizen.\",\"breadcrumb\":{\"@id\":\"https:\/\/lovelbeauty.mx\/depilacion-con-hilo-playa-del-carmen\/#breadcrumb\"},\"inLanguage\":\"de\",\"potentialAction\":[{\"@type\":\"ReadAction\",\"target\":[\"https:\/\/lovelbeauty.mx\/depilacion-con-hilo-playa-del-carmen\/\"]}]},{\"@type\":\"ImageObject\",\"inLanguage\":\"de\",\"@id\":\"https:\/\/lovelbeauty.mx\/depilacion-con-hilo-playa-del-carmen\/#primaryimage\",\"url\":\"https:\/\/lovelbeauty.mx\/wp-content\/uploads\/elementor\/thumbs\/depilacion-con-hilo-en-playa-del-carmen-r35edq6r06closocnbbmnc6nw3nnevoq1zezwff8nc.webp\",\"contentUrl\":\"https:\/\/lovelbeauty.mx\/wp-content\/uploads\/elementor\/thumbs\/depilacion-con-hilo-en-playa-del-carmen-r35edq6r06closocnbbmnc6nw3nnevoq1zezwff8nc.webp\"},{\"@type\":\"BreadcrumbList\",\"@id\":\"https:\/\/lovelbeauty.mx\/depilacion-con-hilo-playa-del-carmen\/#breadcrumb\",\"itemListElement\":[{\"@type\":\"ListItem\",\"position\":1,\"name\":\"Home\",\"item\":\"https:\/\/lovelbeauty.mx\/\"},{\"@type\":\"ListItem\",\"position\":2,\"name\":\"FADENHAARENTFERNUNG\"}]},{\"@type\":\"WebSite\",\"@id\":\"https:\/\/lovelbeauty.mx\/#website\",\"url\":\"https:\/\/lovelbeauty.mx\/\",\"name\":\"Lovel Beauty\",\"description\":\"M\u00e1s Que Belleza... Actos De Amor | Playa Del Carmen\",\"publisher\":{\"@id\":\"https:\/\/lovelbeauty.mx\/#organization\"},\"potentialAction\":[{\"@type\":\"SearchAction\",\"target\":{\"@type\":\"EntryPoint\",\"urlTemplate\":\"https:\/\/lovelbeauty.mx\/?s={search_term_string}\"},\"query-input\":{\"@type\":\"PropertyValueSpecification\",\"valueRequired\":true,\"valueName\":\"search_term_string\"}}],\"inLanguage\":\"de\"},{\"@type\":\"Organization\",\"@id\":\"https:\/\/lovelbeauty.mx\/#organization\",\"name\":\"Lovel Beauty\",\"url\":\"https:\/\/lovelbeauty.mx\/\",\"logo\":{\"@type\":\"ImageObject\",\"inLanguage\":\"de\",\"@id\":\"https:\/\/lovelbeauty.mx\/#\/schema\/logo\/image\/\",\"url\":\"https:\/\/lovelbeauty.mx\/wp-content\/uploads\/2025\/02\/1_1.-Marca-Oficial.png\",\"contentUrl\":\"https:\/\/lovelbeauty.mx\/wp-content\/uploads\/2025\/02\/1_1.-Marca-Oficial.png\",\"width\":2550,\"height\":1930,\"caption\":\"Lovel Beauty\"},\"image\":{\"@id\":\"https:\/\/lovelbeauty.mx\/#\/schema\/logo\/image\/\"},\"sameAs\":[\"https:\/\/www.facebook.com\/share\/1EyUQBTKqT\/?mibextid=wwXIfr\",\"https:\/\/www.instagram.com\/lovelbeauty_\"]}]}<\/script>\n<!-- \/ Yoast SEO plugin. -->","yoast_head_json":{"title":"Haarentfernung mit faden in Playa del Carmen | LOVEL BEAUTY","description":"Definiere deine Augenbrauen pr\u00e4zise mit Fadenhaarentfernung in Playa del Carmen. Sanft, exakt und ohne die Haut zu reizen.","robots":{"index":"index","follow":"follow","max-snippet":"max-snippet:-1","max-image-preview":"max-image-preview:large","max-video-preview":"max-video-preview:-1"},"canonical":"https:\/\/lovelbeauty.mx\/depilacion-con-hilo-playa-del-carmen\/","og_locale":"de_DE","og_type":"article","og_title":"Haarentfernung mit faden in Playa del Carmen | LOVEL BEAUTY","og_description":"Definiere deine Augenbrauen pr\u00e4zise mit Fadenhaarentfernung in Playa del Carmen. Sanft, exakt und ohne die Haut zu reizen.","og_url":"https:\/\/lovelbeauty.mx\/depilacion-con-hilo-playa-del-carmen\/","og_site_name":"lovelbeauty.mx","article_publisher":"https:\/\/www.facebook.com\/share\/1EyUQBTKqT\/?mibextid=wwXIfr","article_modified_time":"2026-02-16T19:35:15+00:00","og_image":[{"url":"https:\/\/lovelbeauty.mx\/wp-content\/uploads\/elementor\/thumbs\/depilacion-con-hilo-en-playa-del-carmen-r35edq6r06closocnbbmnc6nw3nnevoq1zezwff8nc.webp","type":"","width":"","height":""}],"twitter_card":"summary_large_image","twitter_misc":{"Gesch\u00e4tzte Lesezeit":"4\u00a0Minuten"},"schema":{"@context":"https:\/\/schema.org","@graph":[{"@type":"WebPage","@id":"https:\/\/lovelbeauty.mx\/depilacion-con-hilo-playa-del-carmen\/","url":"https:\/\/lovelbeauty.mx\/depilacion-con-hilo-playa-del-carmen\/","name":"Haarentfernung mit faden in Playa del Carmen | LOVEL BEAUTY","isPartOf":{"@id":"https:\/\/lovelbeauty.mx\/#website"},"primaryImageOfPage":{"@id":"https:\/\/lovelbeauty.mx\/depilacion-con-hilo-playa-del-carmen\/#primaryimage"},"image":{"@id":"https:\/\/lovelbeauty.mx\/depilacion-con-hilo-playa-del-carmen\/#primaryimage"},"thumbnailUrl":"https:\/\/lovelbeauty.mx\/wp-content\/uploads\/elementor\/thumbs\/depilacion-con-hilo-en-playa-del-carmen-r35edq6r06closocnbbmnc6nw3nnevoq1zezwff8nc.webp","datePublished":"2025-02-14T20:01:36+00:00","dateModified":"2026-02-16T19:35:15+00:00","description":"Definiere deine Augenbrauen pr\u00e4zise mit Fadenhaarentfernung in Playa del Carmen. Sanft, exakt und ohne die Haut zu reizen.","breadcrumb":{"@id":"https:\/\/lovelbeauty.mx\/depilacion-con-hilo-playa-del-carmen\/#breadcrumb"},"inLanguage":"de","potentialAction":[{"@type":"ReadAction","target":["https:\/\/lovelbeauty.mx\/depilacion-con-hilo-playa-del-carmen\/"]}]},{"@type":"ImageObject","inLanguage":"de","@id":"https:\/\/lovelbeauty.mx\/depilacion-con-hilo-playa-del-carmen\/#primaryimage","url":"https:\/\/lovelbeauty.mx\/wp-content\/uploads\/elementor\/thumbs\/depilacion-con-hilo-en-playa-del-carmen-r35edq6r06closocnbbmnc6nw3nnevoq1zezwff8nc.webp","contentUrl":"https:\/\/lovelbeauty.mx\/wp-content\/uploads\/elementor\/thumbs\/depilacion-con-hilo-en-playa-del-carmen-r35edq6r06closocnbbmnc6nw3nnevoq1zezwff8nc.webp"},{"@type":"BreadcrumbList","@id":"https:\/\/lovelbeauty.mx\/depilacion-con-hilo-playa-del-carmen\/#breadcrumb","itemListElement":[{"@type":"ListItem","position":1,"name":"Home","item":"https:\/\/lovelbeauty.mx\/"},{"@type":"ListItem","position":2,"name":"FADENHAARENTFERNUNG"}]},{"@type":"WebSite","@id":"https:\/\/lovelbeauty.mx\/#website","url":"https:\/\/lovelbeauty.mx\/","name":"Lovel Beauty","description":"M\u00e1s Que Belleza... Actos De Amor | Playa Del Carmen","publisher":{"@id":"https:\/\/lovelbeauty.mx\/#organization"},"potentialAction":[{"@type":"SearchAction","target":{"@type":"EntryPoint","urlTemplate":"https:\/\/lovelbeauty.mx\/?s={search_term_string}"},"query-input":{"@type":"PropertyValueSpecification","valueRequired":true,"valueName":"search_term_string"}}],"inLanguage":"de"},{"@type":"Organization","@id":"https:\/\/lovelbeauty.mx\/#organization","name":"Lovel Beauty","url":"https:\/\/lovelbeauty.mx\/","logo":{"@type":"ImageObject","inLanguage":"de","@id":"https:\/\/lovelbeauty.mx\/#\/schema\/logo\/image\/","url":"https:\/\/lovelbeauty.mx\/wp-content\/uploads\/2025\/02\/1_1.-Marca-Oficial.png","contentUrl":"https:\/\/lovelbeauty.mx\/wp-content\/uploads\/2025\/02\/1_1.-Marca-Oficial.png","width":2550,"height":1930,"caption":"Lovel Beauty"},"image":{"@id":"https:\/\/lovelbeauty.mx\/#\/schema\/logo\/image\/"},"sameAs":["https:\/\/www.facebook.com\/share\/1EyUQBTKqT\/?mibextid=wwXIfr","https:\/\/www.instagram.com\/lovelbeauty_"]}]}},"_links":{"self":[{"href":"https:\/\/lovelbeauty.mx\/de\/wp-json\/wp\/v2\/pages\/9019","targetHints":{"allow":["GET"]}}],"collection":[{"href":"https:\/\/lovelbeauty.mx\/de\/wp-json\/wp\/v2\/pages"}],"about":[{"href":"https:\/\/lovelbeauty.mx\/de\/wp-json\/wp\/v2\/types\/page"}],"author":[{"embeddable":true,"href":"https:\/\/lovelbeauty.mx\/de\/wp-json\/wp\/v2\/users\/1"}],"replies":[{"embeddable":true,"href":"https:\/\/lovelbeauty.mx\/de\/wp-json\/wp\/v2\/comments?post=9019"}],"version-history":[{"count":13,"href":"https:\/\/lovelbeauty.mx\/de\/wp-json\/wp\/v2\/pages\/9019\/revisions"}],"predecessor-version":[{"id":9605,"href":"https:\/\/lovelbeauty.mx\/de\/wp-json\/wp\/v2\/pages\/9019\/revisions\/9605"}],"wp:attachment":[{"href":"https:\/\/lovelbeauty.mx\/de\/wp-json\/wp\/v2\/media?parent=9019"}],"curies":[{"name":"wp","href":"https:\/\/api.w.org\/{rel}","templated":true}]}}