{"id":9020,"date":"2025-02-14T20:04:14","date_gmt":"2025-02-14T20:04:14","guid":{"rendered":"https:\/\/lovelbeauty.mx\/depilacion-con-cera-playa-del-carmen\/"},"modified":"2026-02-17T17:52:50","modified_gmt":"2026-02-17T17:52:50","slug":"wachshaarentfernung-playa-del-carmen","status":"publish","type":"page","link":"https:\/\/lovelbeauty.mx\/de\/wachshaarentfernung-playa-del-carmen\/","title":{"rendered":"WACHSHAARENTFERNUNG"},"content":{"rendered":"\t\t<div data-elementor-type=\"wp-page\" data-elementor-id=\"9020\" class=\"elementor elementor-9020\">\n\t\t\t\t<div class=\"elementor-element elementor-element-418644b e-flex e-con-boxed e-con e-parent\" data-id=\"418644b\" data-element_type=\"container\" data-settings=\"{&quot;background_background&quot;:&quot;classic&quot;}\">\n\t\t\t\t\t<div class=\"e-con-inner\">\n\t\t\t\t<div class=\"elementor-element elementor-element-b9f1753 elementor-widget elementor-widget-heading\" data-id=\"b9f1753\" data-element_type=\"widget\" data-widget_type=\"heading.default\">\n\t\t\t\t<div class=\"elementor-widget-container\">\n\t\t\t\t\t<h1 class=\"elementor-heading-title elementor-size-default\">WACHSHAARENTFERNUNG (WAXING) IN PLAYA DEL CARMEN<\/h1>\t\t\t\t<\/div>\n\t\t\t\t<\/div>\n\t\t\t\t\t<\/div>\n\t\t\t\t<\/div>\n\t\t<div class=\"elementor-element elementor-element-e9f222a e-flex e-con-boxed e-con e-parent\" data-id=\"e9f222a\" data-element_type=\"container\">\n\t\t\t\t\t<div class=\"e-con-inner\">\n\t\t\t\t<div class=\"elementor-element elementor-element-ba63228 elementor-widget elementor-widget-text-editor\" data-id=\"ba63228\" data-element_type=\"widget\" data-widget_type=\"text-editor.default\">\n\t\t\t\t<div class=\"elementor-widget-container\">\n\t\t\t\t\t\t\t\t\t<p class=\"p1\">Suchst du nach <span class=\"s1\">Haarentfernung mit Wachs (Waxing) in Playa del Carmen<\/span>? Dann bist du bei uns genau richtig, um eine glatte, haarfreie Haut mit professionellen Ergebnissen zu genie\u00dfen!<\/p>\n\n<h2 class=\"p1\">GLATTE &#038; HAARFREIE HAUT<\/h2>\n<p class=\"p1\">Die <span class=\"s1\">Haarentfernung mit Wachs (Waxing)<\/span> ist eine effektive Methode, um Haare <span class=\"s1\">direkt an der Wurzel<\/span> zu entfernen und wochenlang eine <span class=\"s1\">glatte Haut<\/span> zu genie\u00dfen. Ideal f\u00fcr <span class=\"s1\">Achseln, Arme und Gesicht<\/span>, mit einem <span class=\"s1\">sanften und langanhaltenden Ergebnis<\/span>. In unserem Studio verwenden wir <span class=\"s1\">hochwertige Wachse<\/span>, die <span class=\"s1\">Hautirritationen minimieren<\/span> und sich f\u00fcr <span class=\"s1\">alle Hauttypen<\/span> eignen. Dank unserer Erfahrung garantieren wir eine <span class=\"s1\">sichere und effektive Behandlung<\/span>. Das Wachs wird auf die ideale Temperatur erhitzt und auf die gew\u00fcnschte Zone aufgetragen, wodurch die <span class=\"s1\">Haarentfernung von der Wurzel<\/span> erleichtert wird. Dieser Prozess sorgt f\u00fcr eine <span class=\"s1\">pr\u00e4zisere und weniger schmerzhafte<\/span> Enthaarung. Mit einem gezielten Zug werden selbst <span class=\"s1\">feine und hartn\u00e4ckige H\u00e4rchen<\/span> entfernt, wodurch sich der Zeitraum zwischen den Behandlungen verl\u00e4ngert. Das Ergebnis: <span class=\"s1\">weiche, glatte und strahlende Haut<\/span>.<\/p>\t\t\t\t\t\t\t\t<\/div>\n\t\t\t\t<\/div>\n\t\t\t\t<div class=\"elementor-element elementor-element-2b85ff1 elementor-widget elementor-widget-image\" data-id=\"2b85ff1\" data-element_type=\"widget\" data-widget_type=\"image.default\">\n\t\t\t\t<div class=\"elementor-widget-container\">\n\t\t\t\t\t\t\t\t\t\t\t\t\t\t\t<img decoding=\"async\" src=\"https:\/\/lovelbeauty.mx\/wp-content\/uploads\/elementor\/thumbs\/depilacion-cera-playa-del-carmen-r1eoz6hhdykn2gvc7ehgyo2inw4hbt4kxx4qa655e0.webp\" title=\"Depilaci\u00f3n con Cera en Playa del Carmen &#8211; LOVEL BEAUTY\" alt=\"Depilaci\u00f3n con cera en Playa del Carmen para una piel suave y sin vello.\" loading=\"lazy\" \/>\t\t\t\t\t\t\t\t\t\t\t\t\t\t\t<\/div>\n\t\t\t\t<\/div>\n\t\t\t\t\t<\/div>\n\t\t\t\t<\/div>\n\t\t<div class=\"elementor-element elementor-element-1732bfb e-flex e-con-boxed e-con e-parent\" data-id=\"1732bfb\" data-element_type=\"container\">\n\t\t\t\t\t<div class=\"e-con-inner\">\n\t\t\t\t<div class=\"elementor-element elementor-element-47ef0ef elementor-widget elementor-widget-text-editor\" data-id=\"47ef0ef\" data-element_type=\"widget\" data-widget_type=\"text-editor.default\">\n\t\t\t\t<div class=\"elementor-widget-container\">\n\t\t\t\t\t\t\t\t\t<h2 class=\"p1\">WARUM HAARENTFERNUNG MIT WACHS (WAXING)?<\/h2>\n\n<p><strong>\u2714 Entfernt die Haare an der Wurzel<\/strong> f\u00fcr eine glatte Haut von <strong>bis zu 4 Wochen<\/strong>.<\/p>\n\n<p><strong>\u2714 Schnelle und effektive Methode<\/strong>, ideal f\u00fcr alle, die sofort sichtbare Ergebnisse m\u00f6chten.<\/p>\n\n<p><strong>\u2714 Hinterl\u00e4sst die Haut weich und gepflegt<\/strong>, da abgestorbene Hautzellen sanft entfernt werden.<\/p>\t\t\t\t\t\t\t\t<\/div>\n\t\t\t\t<\/div>\n\t\t\t\t<div class=\"elementor-element elementor-element-c702a81 content-align-center art-fadeIn art-anim animate__delay-1s elementor-widget elementor-widget-art-dark-button\" data-id=\"c702a81\" data-element_type=\"widget\" data-widget_type=\"art-dark-button.default\">\n\t\t\t\t<div class=\"elementor-widget-container\">\n\t\t\t\t\t\r\n                            <div class=\"art-widget-button art--aliment-center art--aliment-tablet- art--aliment-mobile-\">\r\n                        <a href=\"https:\/\/www.fresha.com\/es\/book-now\/bonita-home-studio-koy6vc12\/all-offer?share&pId=714609\"  rel=\"nofollow\" class=\"art-button art-button-dark\">Buche deinen Termin<\/a>\r\n                    <\/div>\r\n                    \r\n\r\n\r\n\t\t\t\t\t\t<\/div>\n\t\t\t\t<\/div>\n\t\t\t\t\t<\/div>\n\t\t\t\t<\/div>\n\t\t<div class=\"elementor-element elementor-element-3da36bd e-flex e-con-boxed e-con e-parent\" data-id=\"3da36bd\" data-element_type=\"container\">\n\t\t\t\t\t<div class=\"e-con-inner\">\n\t\t\t\t<div class=\"elementor-element elementor-element-8f4c806 elementor-widget elementor-widget-text-editor\" data-id=\"8f4c806\" data-element_type=\"widget\" data-widget_type=\"text-editor.default\">\n\t\t\t\t<div class=\"elementor-widget-container\">\n\t\t\t\t\t\t\t\t\t<h2 class=\"p1\">WIE L\u00c4UFT DIE BEHANDLUNG AB?<\/h2>\n\n<p>1\ufe0f\u20e3 <strong>Vorbereitung der Haut<\/strong>: Wir reinigen die Zone gr\u00fcndlich und tragen ein absorbierendes Puder auf, um Hautirritationen zu vermeiden.<\/p>\n\n<p>2\ufe0f\u20e3 <strong>Auftragen des Wachses<\/strong>: Eine d\u00fcnne, gleichm\u00e4\u00dfige Schicht wird auf die Haut aufgetragen.<\/p>\n\n<p>3\ufe0f\u20e3 <strong>Schnelle &#038; pr\u00e4zise Entfernung<\/strong>: Das Wachs wird mit einer gezielten Bewegung entfernt, um Unannehmlichkeiten zu minimieren.<\/p>\n\n<p>4\ufe0f\u20e3 <strong>Pflege &#038; Frische<\/strong>: Zum Abschluss tragen wir eine beruhigende Creme auf, um die Haut zu pflegen und zu beruhigen.<\/p>\n\n<h2 class=\"p1\">GENIESSE GLATTE, HAARFREIE HAUT MIT UNSERER HAARENTFERNUNG MIT WACHS (WAXING) IN PLAYA DEL CARMEN<\/h2>\n\n<p class=\"p1\">Sp\u00fcre den Unterschied! <span class=\"s1\">Warte nicht l\u00e4nger<\/span> und erlebe unsere Behandlung f\u00fcr <span class=\"s1\">wochenlang glatte und haarfreie Haut<\/span>.<\/p>\t\t\t\t\t\t\t\t<\/div>\n\t\t\t\t<\/div>\n\t\t\t\t\t<\/div>\n\t\t\t\t<\/div>\n\t\t<div class=\"elementor-element elementor-element-e2262ed e-flex e-con-boxed e-con e-parent\" data-id=\"e2262ed\" data-element_type=\"container\">\n\t\t\t\t\t<div class=\"e-con-inner\">\n\t\t\t\t<div class=\"elementor-element elementor-element-efdb827 elementor-widget elementor-widget-text-editor\" data-id=\"efdb827\" data-element_type=\"widget\" data-widget_type=\"text-editor.default\">\n\t\t\t\t<div class=\"elementor-widget-container\">\n\t\t\t\t\t\t\t\t\t<p class=\"p1\"><strong>Oberlippe (Damenbart)<\/strong> \u2013 $180<\/p><p class=\"p1\"><strong>Augenbrauen<\/strong> \u2013 $290<\/p>\t\t\t\t\t\t\t\t<\/div>\n\t\t\t\t<\/div>\n\t\t\t\t\t<\/div>\n\t\t\t\t<\/div>\n\t\t<div class=\"elementor-element elementor-element-74e7de8 e-flex e-con-boxed e-con e-parent\" data-id=\"74e7de8\" data-element_type=\"container\">\n\t\t\t\t\t<div class=\"e-con-inner\">\n\t\t\t\t<div class=\"elementor-element elementor-element-bc11d36 content-align-center art-fadeIn art-anim animate__delay-1s elementor-widget elementor-widget-art-dark-button\" data-id=\"bc11d36\" data-element_type=\"widget\" data-widget_type=\"art-dark-button.default\">\n\t\t\t\t<div class=\"elementor-widget-container\">\n\t\t\t\t\t\r\n        \r\n                <div class=\"art-widget-button art--aliment-center art--aliment-tablet- art--aliment-mobile-\">\r\n                    <a href=\"https:\/\/lovelbeauty.mx\/menu-de-servicios\/\" class=\"art-button art-button-dark\">Service-Men\u00fc ansehen<\/a>\r\n                <\/div>\r\n\r\n                \r\n\r\n\r\n\t\t\t\t\t\t<\/div>\n\t\t\t\t<\/div>\n\t\t\t\t\t<\/div>\n\t\t\t\t<\/div>\n\t\t<div class=\"elementor-element elementor-element-3e3c071 e-flex e-con-boxed e-con e-parent\" data-id=\"3e3c071\" data-element_type=\"container\">\n\t\t\t\t\t<div class=\"e-con-inner\">\n\t\t<div class=\"elementor-element elementor-element-d5a291a e-con-full e-flex e-con e-child\" data-id=\"d5a291a\" data-element_type=\"container\">\n\t\t\t\t<div class=\"elementor-element elementor-element-6f56370 elementor-align-left elementor-invisible elementor-widget elementor-widget-button\" data-id=\"6f56370\" data-element_type=\"widget\" data-settings=\"{&quot;_animation&quot;:&quot;zoomIn&quot;,&quot;_animation_mobile&quot;:&quot;zoomIn&quot;}\" data-widget_type=\"button.default\">\n\t\t\t\t<div class=\"elementor-widget-container\">\n\t\t\t\t\t\t\t\t\t<div class=\"elementor-button-wrapper\">\n\t\t\t\t\t<a class=\"elementor-button elementor-button-link elementor-size-sm\" href=\"https:\/\/lovelbeauty.mx\/de\/haarentfernung-mit-faden-playa-del-carmen\/\">\n\t\t\t\t\t\t<span class=\"elementor-button-content-wrapper\">\n\t\t\t\t\t\t<span class=\"elementor-button-icon\">\n\t\t\t\t<svg aria-hidden=\"true\" class=\"e-font-icon-svg e-far-arrow-alt-circle-left\" viewBox=\"0 0 512 512\" xmlns=\"http:\/\/www.w3.org\/2000\/svg\"><path d=\"M8 256c0 137 111 248 248 248s248-111 248-248S393 8 256 8 8 119 8 256zm448 0c0 110.5-89.5 200-200 200S56 366.5 56 256 145.5 56 256 56s200 89.5 200 200zm-72-20v40c0 6.6-5.4 12-12 12H256v67c0 10.7-12.9 16-20.5 8.5l-99-99c-4.7-4.7-4.7-12.3 0-17l99-99c7.6-7.6 20.5-2.2 20.5 8.5v67h116c6.6 0 12 5.4 12 12z\"><\/path><\/svg>\t\t\t<\/span>\n\t\t\t\t\t\t\t\t\t<span class=\"elementor-button-text\">FADENHAARENTFERNUNG<\/span>\n\t\t\t\t\t<\/span>\n\t\t\t\t\t<\/a>\n\t\t\t\t<\/div>\n\t\t\t\t\t\t\t\t<\/div>\n\t\t\t\t<\/div>\n\t\t\t\t<div class=\"elementor-element elementor-element-b695881 elementor-invisible elementor-widget elementor-widget-button\" data-id=\"b695881\" data-element_type=\"widget\" data-settings=\"{&quot;_animation&quot;:&quot;zoomIn&quot;,&quot;_animation_mobile&quot;:&quot;zoomIn&quot;}\" data-widget_type=\"button.default\">\n\t\t\t\t<div class=\"elementor-widget-container\">\n\t\t\t\t\t\t\t\t\t<div class=\"elementor-button-wrapper\">\n\t\t\t\t\t<a class=\"elementor-button elementor-button-link elementor-size-sm\" href=\"https:\/\/lovelbeauty.mx\/de\/micropigmentierung-in-playa-del-carmen\/\">\n\t\t\t\t\t\t<span class=\"elementor-button-content-wrapper\">\n\t\t\t\t\t\t<span class=\"elementor-button-icon\">\n\t\t\t\t<svg aria-hidden=\"true\" class=\"e-font-icon-svg e-far-arrow-alt-circle-right\" viewBox=\"0 0 512 512\" xmlns=\"http:\/\/www.w3.org\/2000\/svg\"><path d=\"M504 256C504 119 393 8 256 8S8 119 8 256s111 248 248 248 248-111 248-248zm-448 0c0-110.5 89.5-200 200-200s200 89.5 200 200-89.5 200-200 200S56 366.5 56 256zm72 20v-40c0-6.6 5.4-12 12-12h116v-67c0-10.7 12.9-16 20.5-8.5l99 99c4.7 4.7 4.7 12.3 0 17l-99 99c-7.6 7.6-20.5 2.2-20.5-8.5v-67H140c-6.6 0-12-5.4-12-12z\"><\/path><\/svg>\t\t\t<\/span>\n\t\t\t\t\t\t\t\t\t<span class=\"elementor-button-text\">MICROPIGMENTIERUNG<\/span>\n\t\t\t\t\t<\/span>\n\t\t\t\t\t<\/a>\n\t\t\t\t<\/div>\n\t\t\t\t\t\t\t\t<\/div>\n\t\t\t\t<\/div>\n\t\t\t\t<\/div>\n\t\t\t\t\t<\/div>\n\t\t\t\t<\/div>\n\t\t\t\t<\/div>\n\t\t","protected":false},"excerpt":{"rendered":"<p>WACHSHAARENTFERNUNG (WAXING) IN PLAYA DEL CARMEN Suchst du nach Haarentfernung mit Wachs (Waxing) in Playa del Carmen? Dann bist du bei uns genau richtig, um eine glatte, haarfreie Haut mit professionellen Ergebnissen zu genie\u00dfen! GLATTE &#038; HAARFREIE HAUT Die Haarentfernung mit Wachs (Waxing) ist eine effektive Methode, um Haare direkt an der Wurzel zu entfernen [&hellip;]<\/p>\n","protected":false},"author":1,"featured_media":0,"parent":0,"menu_order":0,"comment_status":"closed","ping_status":"closed","template":"elementor-template.php","meta":{"inline_featured_image":false,"_monsterinsights_skip_tracking":false,"_monsterinsights_sitenote_active":false,"_monsterinsights_sitenote_note":"","_monsterinsights_sitenote_category":0,"footnotes":""},"class_list":["post-9020","page","type-page","status-publish","hentry"],"yoast_head":"<!-- This site is optimized with the Yoast SEO plugin v26.6 - https:\/\/yoast.com\/wordpress\/plugins\/seo\/ -->\n<title>Haarentfernung mit Wachs in Playa del Carmen | LOVEL BEAUTY<\/title>\n<meta name=\"description\" content=\"Entferne K\u00f6rperhaare effektiv mit unserer Haarentfernung mit Wachs (Waxing) in Playa del Carmen. Glatte Haut und Ergebnisse, die wochenlang halten.\" \/>\n<meta name=\"robots\" content=\"index, follow, max-snippet:-1, max-image-preview:large, max-video-preview:-1\" \/>\n<link rel=\"canonical\" href=\"https:\/\/lovelbeauty.mx\/depilacion-con-cera-playa-del-carmen\/\" \/>\n<meta property=\"og:locale\" content=\"de_DE\" \/>\n<meta property=\"og:type\" content=\"article\" \/>\n<meta property=\"og:title\" content=\"Haarentfernung mit Wachs in Playa del Carmen | LOVEL BEAUTY\" \/>\n<meta property=\"og:description\" content=\"Entferne K\u00f6rperhaare effektiv mit unserer Haarentfernung mit Wachs (Waxing) in Playa del Carmen. Glatte Haut und Ergebnisse, die wochenlang halten.\" \/>\n<meta property=\"og:url\" content=\"https:\/\/lovelbeauty.mx\/depilacion-con-cera-playa-del-carmen\/\" \/>\n<meta property=\"og:site_name\" content=\"lovelbeauty.mx\" \/>\n<meta property=\"article:publisher\" content=\"https:\/\/www.facebook.com\/share\/1EyUQBTKqT\/?mibextid=wwXIfr\" \/>\n<meta property=\"article:modified_time\" content=\"2026-02-17T17:52:50+00:00\" \/>\n<meta property=\"og:image\" content=\"https:\/\/lovelbeauty.mx\/wp-content\/uploads\/elementor\/thumbs\/depilacion-cera-playa-del-carmen-r1eoz6hhdykn2gvc7ehgyo2inw4hbt4kxx4qa655e0.webp\" \/>\n<meta name=\"twitter:card\" content=\"summary_large_image\" \/>\n<meta name=\"twitter:label1\" content=\"Gesch\u00e4tzte Lesezeit\" \/>\n\t<meta name=\"twitter:data1\" content=\"3\u00a0Minuten\" \/>\n<script type=\"application\/ld+json\" class=\"yoast-schema-graph\">{\"@context\":\"https:\/\/schema.org\",\"@graph\":[{\"@type\":\"WebPage\",\"@id\":\"https:\/\/lovelbeauty.mx\/depilacion-con-cera-playa-del-carmen\/\",\"url\":\"https:\/\/lovelbeauty.mx\/depilacion-con-cera-playa-del-carmen\/\",\"name\":\"Haarentfernung mit Wachs in Playa del Carmen | LOVEL BEAUTY\",\"isPartOf\":{\"@id\":\"https:\/\/lovelbeauty.mx\/#website\"},\"primaryImageOfPage\":{\"@id\":\"https:\/\/lovelbeauty.mx\/depilacion-con-cera-playa-del-carmen\/#primaryimage\"},\"image\":{\"@id\":\"https:\/\/lovelbeauty.mx\/depilacion-con-cera-playa-del-carmen\/#primaryimage\"},\"thumbnailUrl\":\"https:\/\/lovelbeauty.mx\/wp-content\/uploads\/elementor\/thumbs\/depilacion-cera-playa-del-carmen-r1eoz6hhdykn2gvc7ehgyo2inw4hbt4kxx4qa655e0.webp\",\"datePublished\":\"2025-02-14T20:04:14+00:00\",\"dateModified\":\"2026-02-17T17:52:50+00:00\",\"description\":\"Entferne K\u00f6rperhaare effektiv mit unserer Haarentfernung mit Wachs (Waxing) in Playa del Carmen. Glatte Haut und Ergebnisse, die wochenlang halten.\",\"breadcrumb\":{\"@id\":\"https:\/\/lovelbeauty.mx\/depilacion-con-cera-playa-del-carmen\/#breadcrumb\"},\"inLanguage\":\"de\",\"potentialAction\":[{\"@type\":\"ReadAction\",\"target\":[\"https:\/\/lovelbeauty.mx\/depilacion-con-cera-playa-del-carmen\/\"]}]},{\"@type\":\"ImageObject\",\"inLanguage\":\"de\",\"@id\":\"https:\/\/lovelbeauty.mx\/depilacion-con-cera-playa-del-carmen\/#primaryimage\",\"url\":\"https:\/\/lovelbeauty.mx\/wp-content\/uploads\/elementor\/thumbs\/depilacion-cera-playa-del-carmen-r1eoz6hhdykn2gvc7ehgyo2inw4hbt4kxx4qa655e0.webp\",\"contentUrl\":\"https:\/\/lovelbeauty.mx\/wp-content\/uploads\/elementor\/thumbs\/depilacion-cera-playa-del-carmen-r1eoz6hhdykn2gvc7ehgyo2inw4hbt4kxx4qa655e0.webp\"},{\"@type\":\"BreadcrumbList\",\"@id\":\"https:\/\/lovelbeauty.mx\/depilacion-con-cera-playa-del-carmen\/#breadcrumb\",\"itemListElement\":[{\"@type\":\"ListItem\",\"position\":1,\"name\":\"Home\",\"item\":\"https:\/\/lovelbeauty.mx\/\"},{\"@type\":\"ListItem\",\"position\":2,\"name\":\"WACHSHAARENTFERNUNG\"}]},{\"@type\":\"WebSite\",\"@id\":\"https:\/\/lovelbeauty.mx\/#website\",\"url\":\"https:\/\/lovelbeauty.mx\/\",\"name\":\"Lovel Beauty\",\"description\":\"M\u00e1s Que Belleza... Actos De Amor | Playa Del Carmen\",\"publisher\":{\"@id\":\"https:\/\/lovelbeauty.mx\/#organization\"},\"potentialAction\":[{\"@type\":\"SearchAction\",\"target\":{\"@type\":\"EntryPoint\",\"urlTemplate\":\"https:\/\/lovelbeauty.mx\/?s={search_term_string}\"},\"query-input\":{\"@type\":\"PropertyValueSpecification\",\"valueRequired\":true,\"valueName\":\"search_term_string\"}}],\"inLanguage\":\"de\"},{\"@type\":\"Organization\",\"@id\":\"https:\/\/lovelbeauty.mx\/#organization\",\"name\":\"Lovel Beauty\",\"url\":\"https:\/\/lovelbeauty.mx\/\",\"logo\":{\"@type\":\"ImageObject\",\"inLanguage\":\"de\",\"@id\":\"https:\/\/lovelbeauty.mx\/#\/schema\/logo\/image\/\",\"url\":\"https:\/\/lovelbeauty.mx\/wp-content\/uploads\/2025\/02\/1_1.-Marca-Oficial.png\",\"contentUrl\":\"https:\/\/lovelbeauty.mx\/wp-content\/uploads\/2025\/02\/1_1.-Marca-Oficial.png\",\"width\":2550,\"height\":1930,\"caption\":\"Lovel Beauty\"},\"image\":{\"@id\":\"https:\/\/lovelbeauty.mx\/#\/schema\/logo\/image\/\"},\"sameAs\":[\"https:\/\/www.facebook.com\/share\/1EyUQBTKqT\/?mibextid=wwXIfr\",\"https:\/\/www.instagram.com\/lovelbeauty_\"]}]}<\/script>\n<!-- \/ Yoast SEO plugin. -->","yoast_head_json":{"title":"Haarentfernung mit Wachs in Playa del Carmen | LOVEL BEAUTY","description":"Entferne K\u00f6rperhaare effektiv mit unserer Haarentfernung mit Wachs (Waxing) in Playa del Carmen. Glatte Haut und Ergebnisse, die wochenlang halten.","robots":{"index":"index","follow":"follow","max-snippet":"max-snippet:-1","max-image-preview":"max-image-preview:large","max-video-preview":"max-video-preview:-1"},"canonical":"https:\/\/lovelbeauty.mx\/depilacion-con-cera-playa-del-carmen\/","og_locale":"de_DE","og_type":"article","og_title":"Haarentfernung mit Wachs in Playa del Carmen | LOVEL BEAUTY","og_description":"Entferne K\u00f6rperhaare effektiv mit unserer Haarentfernung mit Wachs (Waxing) in Playa del Carmen. Glatte Haut und Ergebnisse, die wochenlang halten.","og_url":"https:\/\/lovelbeauty.mx\/depilacion-con-cera-playa-del-carmen\/","og_site_name":"lovelbeauty.mx","article_publisher":"https:\/\/www.facebook.com\/share\/1EyUQBTKqT\/?mibextid=wwXIfr","article_modified_time":"2026-02-17T17:52:50+00:00","og_image":[{"url":"https:\/\/lovelbeauty.mx\/wp-content\/uploads\/elementor\/thumbs\/depilacion-cera-playa-del-carmen-r1eoz6hhdykn2gvc7ehgyo2inw4hbt4kxx4qa655e0.webp","type":"","width":"","height":""}],"twitter_card":"summary_large_image","twitter_misc":{"Gesch\u00e4tzte Lesezeit":"3\u00a0Minuten"},"schema":{"@context":"https:\/\/schema.org","@graph":[{"@type":"WebPage","@id":"https:\/\/lovelbeauty.mx\/depilacion-con-cera-playa-del-carmen\/","url":"https:\/\/lovelbeauty.mx\/depilacion-con-cera-playa-del-carmen\/","name":"Haarentfernung mit Wachs in Playa del Carmen | LOVEL BEAUTY","isPartOf":{"@id":"https:\/\/lovelbeauty.mx\/#website"},"primaryImageOfPage":{"@id":"https:\/\/lovelbeauty.mx\/depilacion-con-cera-playa-del-carmen\/#primaryimage"},"image":{"@id":"https:\/\/lovelbeauty.mx\/depilacion-con-cera-playa-del-carmen\/#primaryimage"},"thumbnailUrl":"https:\/\/lovelbeauty.mx\/wp-content\/uploads\/elementor\/thumbs\/depilacion-cera-playa-del-carmen-r1eoz6hhdykn2gvc7ehgyo2inw4hbt4kxx4qa655e0.webp","datePublished":"2025-02-14T20:04:14+00:00","dateModified":"2026-02-17T17:52:50+00:00","description":"Entferne K\u00f6rperhaare effektiv mit unserer Haarentfernung mit Wachs (Waxing) in Playa del Carmen. Glatte Haut und Ergebnisse, die wochenlang halten.","breadcrumb":{"@id":"https:\/\/lovelbeauty.mx\/depilacion-con-cera-playa-del-carmen\/#breadcrumb"},"inLanguage":"de","potentialAction":[{"@type":"ReadAction","target":["https:\/\/lovelbeauty.mx\/depilacion-con-cera-playa-del-carmen\/"]}]},{"@type":"ImageObject","inLanguage":"de","@id":"https:\/\/lovelbeauty.mx\/depilacion-con-cera-playa-del-carmen\/#primaryimage","url":"https:\/\/lovelbeauty.mx\/wp-content\/uploads\/elementor\/thumbs\/depilacion-cera-playa-del-carmen-r1eoz6hhdykn2gvc7ehgyo2inw4hbt4kxx4qa655e0.webp","contentUrl":"https:\/\/lovelbeauty.mx\/wp-content\/uploads\/elementor\/thumbs\/depilacion-cera-playa-del-carmen-r1eoz6hhdykn2gvc7ehgyo2inw4hbt4kxx4qa655e0.webp"},{"@type":"BreadcrumbList","@id":"https:\/\/lovelbeauty.mx\/depilacion-con-cera-playa-del-carmen\/#breadcrumb","itemListElement":[{"@type":"ListItem","position":1,"name":"Home","item":"https:\/\/lovelbeauty.mx\/"},{"@type":"ListItem","position":2,"name":"WACHSHAARENTFERNUNG"}]},{"@type":"WebSite","@id":"https:\/\/lovelbeauty.mx\/#website","url":"https:\/\/lovelbeauty.mx\/","name":"Lovel Beauty","description":"M\u00e1s Que Belleza... Actos De Amor | Playa Del Carmen","publisher":{"@id":"https:\/\/lovelbeauty.mx\/#organization"},"potentialAction":[{"@type":"SearchAction","target":{"@type":"EntryPoint","urlTemplate":"https:\/\/lovelbeauty.mx\/?s={search_term_string}"},"query-input":{"@type":"PropertyValueSpecification","valueRequired":true,"valueName":"search_term_string"}}],"inLanguage":"de"},{"@type":"Organization","@id":"https:\/\/lovelbeauty.mx\/#organization","name":"Lovel Beauty","url":"https:\/\/lovelbeauty.mx\/","logo":{"@type":"ImageObject","inLanguage":"de","@id":"https:\/\/lovelbeauty.mx\/#\/schema\/logo\/image\/","url":"https:\/\/lovelbeauty.mx\/wp-content\/uploads\/2025\/02\/1_1.-Marca-Oficial.png","contentUrl":"https:\/\/lovelbeauty.mx\/wp-content\/uploads\/2025\/02\/1_1.-Marca-Oficial.png","width":2550,"height":1930,"caption":"Lovel Beauty"},"image":{"@id":"https:\/\/lovelbeauty.mx\/#\/schema\/logo\/image\/"},"sameAs":["https:\/\/www.facebook.com\/share\/1EyUQBTKqT\/?mibextid=wwXIfr","https:\/\/www.instagram.com\/lovelbeauty_"]}]}},"_links":{"self":[{"href":"https:\/\/lovelbeauty.mx\/de\/wp-json\/wp\/v2\/pages\/9020","targetHints":{"allow":["GET"]}}],"collection":[{"href":"https:\/\/lovelbeauty.mx\/de\/wp-json\/wp\/v2\/pages"}],"about":[{"href":"https:\/\/lovelbeauty.mx\/de\/wp-json\/wp\/v2\/types\/page"}],"author":[{"embeddable":true,"href":"https:\/\/lovelbeauty.mx\/de\/wp-json\/wp\/v2\/users\/1"}],"replies":[{"embeddable":true,"href":"https:\/\/lovelbeauty.mx\/de\/wp-json\/wp\/v2\/comments?post=9020"}],"version-history":[{"count":13,"href":"https:\/\/lovelbeauty.mx\/de\/wp-json\/wp\/v2\/pages\/9020\/revisions"}],"predecessor-version":[{"id":9617,"href":"https:\/\/lovelbeauty.mx\/de\/wp-json\/wp\/v2\/pages\/9020\/revisions\/9617"}],"wp:attachment":[{"href":"https:\/\/lovelbeauty.mx\/de\/wp-json\/wp\/v2\/media?parent=9020"}],"curies":[{"name":"wp","href":"https:\/\/api.w.org\/{rel}","templated":true}]}}