{"id":9147,"date":"2020-07-03T10:56:25","date_gmt":"2020-07-03T10:56:25","guid":{"rendered":"https:\/\/lovelbeauty.mx\/our-story\/"},"modified":"2026-01-28T23:37:00","modified_gmt":"2026-01-28T23:37:00","slug":"wer-wir-sind","status":"publish","type":"page","link":"https:\/\/lovelbeauty.mx\/de\/wer-wir-sind\/","title":{"rendered":"WER WIR SIND"},"content":{"rendered":"\t\t<div data-elementor-type=\"wp-page\" data-elementor-id=\"9147\" class=\"elementor elementor-9147\">\n\t\t\t\t<div class=\"elementor-element elementor-element-1b6e2e9 e-flex e-con-boxed e-con e-parent\" data-id=\"1b6e2e9\" data-element_type=\"container\" data-settings=\"{&quot;background_background&quot;:&quot;classic&quot;}\">\n\t\t\t\t\t<div class=\"e-con-inner\">\n\t\t\t\t<div class=\"elementor-element elementor-element-4e5494d elementor-widget elementor-widget-heading\" data-id=\"4e5494d\" data-element_type=\"widget\" data-widget_type=\"heading.default\">\n\t\t\t\t<div class=\"elementor-widget-container\">\n\t\t\t\t\t<h1 class=\"elementor-heading-title elementor-size-default\">WER WIR SIND<\/h1>\t\t\t\t<\/div>\n\t\t\t\t<\/div>\n\t\t\t\t\t<\/div>\n\t\t\t\t<\/div>\n\t\t\t\t<section class=\"elementor-section elementor-top-section elementor-element elementor-element-eaa711f elementor-section-boxed elementor-section-height-default elementor-section-height-default\" data-id=\"eaa711f\" data-element_type=\"section\">\n\t\t\t\t\t\t\t<div class=\"elementor-background-overlay\"><\/div>\n\t\t\t\t\t\t\t<div class=\"elementor-container elementor-column-gap-default\">\n\t\t\t\t\t<div class=\"elementor-column elementor-col-50 elementor-top-column elementor-element elementor-element-fbeade0\" data-id=\"fbeade0\" data-element_type=\"column\">\n\t\t\t<div class=\"elementor-widget-wrap elementor-element-populated\">\n\t\t\t\t\t\t<div class=\"elementor-element elementor-element-874e2d2 elementor-widget elementor-widget-image\" data-id=\"874e2d2\" data-element_type=\"widget\" data-widget_type=\"image.default\">\n\t\t\t\t<div class=\"elementor-widget-container\">\n\t\t\t\t\t\t\t\t\t\t\t\t\t\t\t<img fetchpriority=\"high\" decoding=\"async\" width=\"819\" height=\"1024\" src=\"https:\/\/lovelbeauty.mx\/wp-content\/uploads\/2025\/04\/quienessomos3-819x1024.webp\" class=\"attachment-large size-large wp-image-6995\" alt=\"\" srcset=\"https:\/\/lovelbeauty.mx\/wp-content\/uploads\/2025\/04\/quienessomos3-819x1024.webp 819w, https:\/\/lovelbeauty.mx\/wp-content\/uploads\/2025\/04\/quienessomos3-240x300.webp 240w, https:\/\/lovelbeauty.mx\/wp-content\/uploads\/2025\/04\/quienessomos3-768x960.webp 768w, https:\/\/lovelbeauty.mx\/wp-content\/uploads\/2025\/04\/quienessomos3-600x750.webp 600w, https:\/\/lovelbeauty.mx\/wp-content\/uploads\/2025\/04\/quienessomos3-120x150.webp 120w, https:\/\/lovelbeauty.mx\/wp-content\/uploads\/2025\/04\/quienessomos3.webp 1080w\" sizes=\"(max-width: 819px) 100vw, 819px\" \/>\t\t\t\t\t\t\t\t\t\t\t\t\t\t\t<\/div>\n\t\t\t\t<\/div>\n\t\t\t\t\t<\/div>\n\t\t<\/div>\n\t\t\t\t<div class=\"elementor-column elementor-col-50 elementor-top-column elementor-element elementor-element-a51993b\" data-id=\"a51993b\" data-element_type=\"column\">\n\t\t\t<div class=\"elementor-widget-wrap elementor-element-populated\">\n\t\t\t\t\t\t<div class=\"elementor-element elementor-element-3ed80e3 elementor-widget elementor-widget-heading\" data-id=\"3ed80e3\" data-element_type=\"widget\" data-widget_type=\"heading.default\">\n\t\t\t\t<div class=\"elementor-widget-container\">\n\t\t\t\t\t<h2 class=\"elementor-heading-title elementor-size-default\">Wer wir sind<\/h2>\t\t\t\t<\/div>\n\t\t\t\t<\/div>\n\t\t\t\t<div class=\"elementor-element elementor-element-4ec737a elementor-widget elementor-widget-text-editor\" data-id=\"4ec737a\" data-element_type=\"widget\" data-widget_type=\"text-editor.default\">\n\t\t\t\t<div class=\"elementor-widget-container\">\n\t\t\t\t\t\t\t\t\t<p class=\"p1\" style=\"text-align: center;\">\nBei <strong>LOVEL BEAUTY<\/strong> sind wir ein leidenschaftliches Team, vereint durch die Liebe zur Selbstpflege und Sch\u00f6nheit. Gemeinsam arbeiten wir daran, dir einzigartige und individuell abgestimmte Erlebnisse zu bieten.<br><br>\n\n<strong>Lorena<\/strong> ist die Spezialistin hinter jeder Behandlung \u2013 mit 7 Jahren Erfahrung und gro\u00dfer Hingabe, um die nat\u00fcrliche Sch\u00f6nheit jeder Person hervorzuheben.<br><br>\n\n<strong>Lukas<\/strong> k\u00fcmmert sich um Administration, Marketing und Social Media und sorgt daf\u00fcr, dass jedes Detail des Studios perfekt organisiert ist und unsere Kundinnen stets gut informiert bleiben.<br><br>\n\nUnser Ansatz verbindet Professionalit\u00e4t, Kreativit\u00e4t und eine warme Atmosph\u00e4re, damit jeder Besuch mehr ist als nur eine Behandlung: ein Moment, um dich zu pflegen und dir etwas Gutes zu tun.<br><br>\n\nBei <strong>LOVEL BEAUTY<\/strong> steht dein Wohlbefinden an erster Stelle.<br>\n<strong>Mehr als Sch\u00f6nheit \u2013 Akte der Liebe.<\/strong>\n<\/p>\t\t\t\t\t\t\t\t<\/div>\n\t\t\t\t<\/div>\n\t\t\t\t\t<\/div>\n\t\t<\/div>\n\t\t\t\t\t<\/div>\n\t\t<\/section>\n\t\t<div class=\"elementor-element elementor-element-4a22f71 e-flex e-con-boxed e-con e-parent\" data-id=\"4a22f71\" data-element_type=\"container\">\n\t\t\t\t\t<div class=\"e-con-inner\">\n\t\t\t\t<div class=\"elementor-element elementor-element-56eb8f0 elementor-widget elementor-widget-text-editor\" data-id=\"56eb8f0\" data-element_type=\"widget\" data-widget_type=\"text-editor.default\">\n\t\t\t\t<div class=\"elementor-widget-container\">\n\t\t\t\t\t\t\t\t\t<p style=\"margin-bottom: 30px;\">\n<span style=\"font-weight: 800; font-size: 30px; display: block; margin-bottom: 18px;\">Mission<\/span>\nBei LOVEL BEAUTY glauben wir, dass Liebe ein wesentlicher Teil des Lebens ist.\nDeshalb ist jede Dienstleistung, die wir anbieten, darauf ausgerichtet, den Menschen, die uns vertrauen, Liebe und F\u00fcrsorge zu schenken \u2013 indem wir ihre nat\u00fcrliche Sch\u00f6nheit mit Qualit\u00e4t, pers\u00f6nlicher Aufmerksamkeit und einem Raum voller Wohlbefinden hervorheben.\nWir helfen Frauen, sich sicher, strahlend und im Einklang mit ihrem eigenen Bild zu f\u00fchlen und ihre t\u00e4gliche Routine in einen Akt der Selbstliebe zu verwandeln.\n<\/p>\n\n<p style=\"margin-top: 35px; margin-bottom: 30px;\">\n<span style=\"font-weight: 800; font-size: 30px; display: block; margin-bottom: 18px;\">Vision<\/span>\nEin Beauty-Studio zu sein, das f\u00fcr Exzellenz, Herzlichkeit und Sinnhaftigkeit steht, in dem jede Behandlung daran erinnert, dass Liebe sich auch durch Selbstpflege ausdr\u00fcckt.\nWir m\u00f6chten jeder Kundin Vertrauen schenken und in Zukunft neue Fachkr\u00e4fte ausbilden, die dieses gleiche Engagement f\u00fcr Sch\u00f6nheit, Detail und Seele weitertragen.\n<\/p>\n\n<p style=\"margin-top: 35px;\">\n<span style=\"font-weight: 800; font-size: 30px; display: block; margin-bottom: 18px;\">Werte<\/span>\nBei LOVEL BEAUTY orientieren wir uns an folgenden Prinzipien:<br>\nRespekt<br>\nEhrlichkeit<br>\nVerantwortung<br>\nP\u00fcnktlichkeit<br>\nFreundlichkeit<br>\nEmpathie<br>\nIntegrit\u00e4t<br><br>\nWir m\u00f6chten, dass diese Werte in jedem Termin, jedem Gespr\u00e4ch, jeder Entscheidung, jedem Lernprozess und an jedem einzelnen Tag sp\u00fcrbar sind.\n<\/p>\t\t\t\t\t\t\t\t<\/div>\n\t\t\t\t<\/div>\n\t\t\t\t\t<\/div>\n\t\t\t\t<\/div>\n\t\t\t\t<section class=\"elementor-section elementor-top-section elementor-element elementor-element-2c13724 elementor-section-boxed elementor-section-height-default elementor-section-height-default\" data-id=\"2c13724\" data-element_type=\"section\">\n\t\t\t\t\t\t<div class=\"elementor-container elementor-column-gap-default\">\n\t\t\t\t\t<div class=\"elementor-column elementor-col-100 elementor-top-column elementor-element elementor-element-db89749\" data-id=\"db89749\" data-element_type=\"column\">\n\t\t\t<div class=\"elementor-widget-wrap elementor-element-populated\">\n\t\t\t\t\t\t<div class=\"elementor-element elementor-element-288393b elementor-widget elementor-widget-heading\" data-id=\"288393b\" data-element_type=\"widget\" data-widget_type=\"heading.default\">\n\t\t\t\t<div class=\"elementor-widget-container\">\n\t\t\t\t\t<h2 class=\"elementor-heading-title elementor-size-default\">Unser Team<\/h2>\t\t\t\t<\/div>\n\t\t\t\t<\/div>\n\t\t\t\t\t<\/div>\n\t\t<\/div>\n\t\t\t\t\t<\/div>\n\t\t<\/section>\n\t\t\t\t<section class=\"elementor-section elementor-top-section elementor-element elementor-element-1c628e5 elementor-section-boxed elementor-section-height-default elementor-section-height-default\" data-id=\"1c628e5\" data-element_type=\"section\">\n\t\t\t\t\t\t<div class=\"elementor-container elementor-column-gap-default\">\n\t\t\t\t\t<div class=\"elementor-column elementor-col-100 elementor-top-column elementor-element elementor-element-e310c5e\" data-id=\"e310c5e\" data-element_type=\"column\">\n\t\t\t<div class=\"elementor-widget-wrap elementor-element-populated\">\n\t\t\t\t\t\t<div class=\"elementor-element elementor-element-f4d1ba1 elementor-widget elementor-widget-team\" data-id=\"f4d1ba1\" data-element_type=\"widget\" data-widget_type=\"team.default\">\n\t\t\t\t<div class=\"elementor-widget-container\">\n\t\t\t\t\t\r\n\r\n\t\t<div class=\"art-widget-team\">\r\n\r\n\r\n\t\t\t<div class=\"art-all-members\">\r\n\r\n\r\n\t\t\t\t\t\t\t\t                \r\n\t\t\t\t\t<div class=\"art-team-member col-sm-6 col-lg-3\">\r\n\r\n\t\t\t\t\t\t<div class=\"art-team-wrap\">\r\n\r\n\t\t\t\t\t\t\t<a href=\"#art-team-member-69e6856b61732-popup-1\" class=\"open-team-popup-link\">\r\n\t\t\t\t\t\t\t\t<img decoding=\"async\" src=\"https:\/\/lovelbeauty.mx\/wp-content\/uploads\/2025\/04\/LOR-233-scaled.webp\" alt=\"Team Member\">\r\n\t\t\t\t\t\t\t<\/a>\r\n\r\n\t\t\t\t\t\t\t<a href=\"#art-team-member-69e6856b61732-popup-1\" class=\"open-team-popup-link art-member-title\">\r\n\t\t\t\t\t\t\t\t<span class=\"art-heading-seven\">Lorena<\/span>\r\n\t\t\t\t\t\t\t<\/a>\r\n\r\n\t\t\t\t\t\t\t<span class=\"art-body-three-font art-member-position\">Beauty-Spezialistin & Gr\u00fcnderin von LOVEL BEAUTY<\/span>\r\n\t\t\t\t\t\t<\/div>\r\n\r\n\t\t\t\t\t\t<div id=\"art-team-member-69e6856b61732-popup-1\" class=\"zoom-anim-dialog art-team-popap mfp-hide\">\r\n\t\t\t\t\t\t\t<div class=\"art-team-widget-popup\">\r\n\r\n\t\t\t\t\t\t\t\t<div class=\"art-team-popup-container\">\r\n\t\t\t\t\t\t\t\t\t<div class=\"art-team-popup-left\">\r\n\t\t\t\t\t\t\t\t\t\t<img decoding=\"async\" src=\"https:\/\/lovelbeauty.mx\/wp-content\/uploads\/2025\/04\/LOR-233-scaled.webp\" alt=\"Team Member\">\r\n\t\t\t\t\t\t\t\t\t<\/div>\r\n\t\t\t\t\t\t\t\t\t<div class=\"art-team-popup-right\">\r\n\t\t\t\t\t\t\t\t\t\t<div class=\"member-popup-title art-h2\">Lorena<\/div>\r\n\t\t\t\t\t\t\t\t\t\t<span class=\"member-popup-position art-heading-seven\">Beauty-Spezialistin & Gr\u00fcnderin von LOVEL BEAUTY<\/span>\r\n\t\t\t\t\t\t\t\t\t\t<div class=\"art-popup-member-description\">\r\n\t\t\t\t\t\t\t\t\t\t\t<p class=\"p1\"><span class=\"s1\"><b>Beauty-Spezialistin und Gr\u00fcnderin von LOVEL BEAUTY<\/b><\/span>, mit langj\u00e4hriger Erfahrung und einer echten Leidenschaft daf\u00fcr, das Beste in jeder Person hervorzuheben.<\/p>\t\t\t\t\t\t\t\t\t\t<\/div>\r\n\t\t\t\t\t\t\t\t\t<\/div>\r\n\t\t\t\t\t\t\t\t<\/div>\r\n\r\n\t\t\t\t\t\t\t<\/div>\r\n\t\t\t\t\t\t<\/div>\r\n\r\n\t\t\t\t\t<\/div>\r\n\r\n\t\t\t\t\t\t\t\t\t                \r\n\t\t\t\t\t<div class=\"art-team-member col-sm-6 col-lg-3\">\r\n\r\n\t\t\t\t\t\t<div class=\"art-team-wrap\">\r\n\r\n\t\t\t\t\t\t\t<a href=\"#art-team-member-69e6856b61734-popup-2\" class=\"open-team-popup-link\">\r\n\t\t\t\t\t\t\t\t<img decoding=\"async\" src=\"https:\/\/lovelbeauty.mx\/wp-content\/uploads\/2025\/04\/LOR-331-scaled.webp\" alt=\"Team Member\">\r\n\t\t\t\t\t\t\t<\/a>\r\n\r\n\t\t\t\t\t\t\t<a href=\"#art-team-member-69e6856b61734-popup-2\" class=\"open-team-popup-link art-member-title\">\r\n\t\t\t\t\t\t\t\t<span class=\"art-heading-seven\">Lukas<\/span>\r\n\t\t\t\t\t\t\t<\/a>\r\n\r\n\t\t\t\t\t\t\t<span class=\"art-body-three-font art-member-position\">Management & Kommunikation<\/span>\r\n\t\t\t\t\t\t<\/div>\r\n\r\n\t\t\t\t\t\t<div id=\"art-team-member-69e6856b61734-popup-2\" class=\"zoom-anim-dialog art-team-popap mfp-hide\">\r\n\t\t\t\t\t\t\t<div class=\"art-team-widget-popup\">\r\n\r\n\t\t\t\t\t\t\t\t<div class=\"art-team-popup-container\">\r\n\t\t\t\t\t\t\t\t\t<div class=\"art-team-popup-left\">\r\n\t\t\t\t\t\t\t\t\t\t<img decoding=\"async\" src=\"https:\/\/lovelbeauty.mx\/wp-content\/uploads\/2025\/04\/LOR-331-scaled.webp\" alt=\"Team Member\">\r\n\t\t\t\t\t\t\t\t\t<\/div>\r\n\t\t\t\t\t\t\t\t\t<div class=\"art-team-popup-right\">\r\n\t\t\t\t\t\t\t\t\t\t<div class=\"member-popup-title art-h2\">Lukas<\/div>\r\n\t\t\t\t\t\t\t\t\t\t<span class=\"member-popup-position art-heading-seven\">Management & Kommunikation<\/span>\r\n\t\t\t\t\t\t\t\t\t\t<div class=\"art-popup-member-description\">\r\n\t\t\t\t\t\t\t\t\t\t\t<p class=\"p1\"><span class=\"s1\"><b>Management und Kommunikation des Studios<\/b><\/span>, mit Fokus auf Organisation, digitale Pr\u00e4senz und eine kontinuierliche Verbindung zu unserer Community.<\/p>\t\t\t\t\t\t\t\t\t\t<\/div>\r\n\t\t\t\t\t\t\t\t\t<\/div>\r\n\t\t\t\t\t\t\t\t<\/div>\r\n\r\n\t\t\t\t\t\t\t<\/div>\r\n\t\t\t\t\t\t<\/div>\r\n\r\n\t\t\t\t\t<\/div>\r\n\r\n\t\t\t\t\t\t\t\t\t\r\n\t\t\t<\/div>\r\n\r\n\t\t<\/div>\r\n\r\n\t\t\t\t\t<\/div>\n\t\t\t\t<\/div>\n\t\t\t\t\t<\/div>\n\t\t<\/div>\n\t\t\t\t\t<\/div>\n\t\t<\/section>\n\t\t\t\t<\/div>\n\t\t","protected":false},"excerpt":{"rendered":"<p>WER WIR SIND Wer wir sind Bei LOVEL BEAUTY sind wir ein leidenschaftliches Team, vereint durch die Liebe zur Selbstpflege und Sch\u00f6nheit. Gemeinsam arbeiten wir daran, dir einzigartige und individuell abgestimmte Erlebnisse zu bieten. Lorena ist die Spezialistin hinter jeder Behandlung \u2013 mit 7 Jahren Erfahrung und gro\u00dfer Hingabe, um die nat\u00fcrliche Sch\u00f6nheit jeder Person [&hellip;]<\/p>\n","protected":false},"author":1,"featured_media":0,"parent":0,"menu_order":0,"comment_status":"closed","ping_status":"closed","template":"elementor-template.php","meta":{"inline_featured_image":false,"_monsterinsights_skip_tracking":false,"_monsterinsights_sitenote_active":false,"_monsterinsights_sitenote_note":"","_monsterinsights_sitenote_category":0,"footnotes":""},"class_list":["post-9147","page","type-page","status-publish","hentry"],"yoast_head":"<!-- This site is optimized with the Yoast SEO plugin v26.6 - https:\/\/yoast.com\/wordpress\/plugins\/seo\/ -->\n<title>Wer wir sind | LOVEL BEAUTY<\/title>\n<meta name=\"description\" content=\"Lerne das Duo hinter LOVEL BEAUTY kennen. Wir schaffen warme, pers\u00f6nliche Beauty-Erlebnisse in Playa del Carmen.\" \/>\n<meta name=\"robots\" content=\"index, follow, max-snippet:-1, max-image-preview:large, max-video-preview:-1\" \/>\n<link rel=\"canonical\" href=\"https:\/\/lovelbeauty.mx\/de\/wer-wir-sind\/\" \/>\n<meta property=\"og:locale\" content=\"de_DE\" \/>\n<meta property=\"og:type\" content=\"article\" \/>\n<meta property=\"og:title\" content=\"Wer wir sind | LOVEL BEAUTY\" \/>\n<meta property=\"og:description\" content=\"Lerne das Duo hinter LOVEL BEAUTY kennen. Wir schaffen warme, pers\u00f6nliche Beauty-Erlebnisse in Playa del Carmen.\" \/>\n<meta property=\"og:url\" content=\"https:\/\/lovelbeauty.mx\/de\/wer-wir-sind\/\" \/>\n<meta property=\"og:site_name\" content=\"lovelbeauty.mx\" \/>\n<meta property=\"article:publisher\" content=\"https:\/\/www.facebook.com\/share\/1EyUQBTKqT\/?mibextid=wwXIfr\" \/>\n<meta property=\"article:modified_time\" content=\"2026-01-28T23:37:00+00:00\" \/>\n<meta property=\"og:image\" content=\"https:\/\/lovelbeauty.mx\/wp-content\/uploads\/2025\/04\/quienessomos3-819x1024.webp\" \/>\n<meta name=\"twitter:card\" content=\"summary_large_image\" \/>\n<meta name=\"twitter:label1\" content=\"Gesch\u00e4tzte Lesezeit\" \/>\n\t<meta name=\"twitter:data1\" content=\"2\u00a0Minuten\" \/>\n<script type=\"application\/ld+json\" class=\"yoast-schema-graph\">{\"@context\":\"https:\/\/schema.org\",\"@graph\":[{\"@type\":\"WebPage\",\"@id\":\"https:\/\/lovelbeauty.mx\/de\/wer-wir-sind\/\",\"url\":\"https:\/\/lovelbeauty.mx\/de\/wer-wir-sind\/\",\"name\":\"Wer wir sind | LOVEL BEAUTY\",\"isPartOf\":{\"@id\":\"https:\/\/lovelbeauty.mx\/#website\"},\"primaryImageOfPage\":{\"@id\":\"https:\/\/lovelbeauty.mx\/de\/wer-wir-sind\/#primaryimage\"},\"image\":{\"@id\":\"https:\/\/lovelbeauty.mx\/de\/wer-wir-sind\/#primaryimage\"},\"thumbnailUrl\":\"https:\/\/lovelbeauty.mx\/wp-content\/uploads\/2025\/04\/quienessomos3-819x1024.webp\",\"datePublished\":\"2020-07-03T10:56:25+00:00\",\"dateModified\":\"2026-01-28T23:37:00+00:00\",\"description\":\"Lerne das Duo hinter LOVEL BEAUTY kennen. Wir schaffen warme, pers\u00f6nliche Beauty-Erlebnisse in Playa del Carmen.\",\"breadcrumb\":{\"@id\":\"https:\/\/lovelbeauty.mx\/de\/wer-wir-sind\/#breadcrumb\"},\"inLanguage\":\"de\",\"potentialAction\":[{\"@type\":\"ReadAction\",\"target\":[\"https:\/\/lovelbeauty.mx\/de\/wer-wir-sind\/\"]}]},{\"@type\":\"ImageObject\",\"inLanguage\":\"de\",\"@id\":\"https:\/\/lovelbeauty.mx\/de\/wer-wir-sind\/#primaryimage\",\"url\":\"https:\/\/lovelbeauty.mx\/wp-content\/uploads\/2025\/04\/quienessomos3-819x1024.webp\",\"contentUrl\":\"https:\/\/lovelbeauty.mx\/wp-content\/uploads\/2025\/04\/quienessomos3-819x1024.webp\"},{\"@type\":\"BreadcrumbList\",\"@id\":\"https:\/\/lovelbeauty.mx\/de\/wer-wir-sind\/#breadcrumb\",\"itemListElement\":[{\"@type\":\"ListItem\",\"position\":1,\"name\":\"Home\",\"item\":\"https:\/\/lovelbeauty.mx\/\"},{\"@type\":\"ListItem\",\"position\":2,\"name\":\"WER WIR SIND\"}]},{\"@type\":\"WebSite\",\"@id\":\"https:\/\/lovelbeauty.mx\/#website\",\"url\":\"https:\/\/lovelbeauty.mx\/\",\"name\":\"Lovel Beauty\",\"description\":\"M\u00e1s Que Belleza... Actos De Amor | Playa Del Carmen\",\"publisher\":{\"@id\":\"https:\/\/lovelbeauty.mx\/#organization\"},\"potentialAction\":[{\"@type\":\"SearchAction\",\"target\":{\"@type\":\"EntryPoint\",\"urlTemplate\":\"https:\/\/lovelbeauty.mx\/?s={search_term_string}\"},\"query-input\":{\"@type\":\"PropertyValueSpecification\",\"valueRequired\":true,\"valueName\":\"search_term_string\"}}],\"inLanguage\":\"de\"},{\"@type\":\"Organization\",\"@id\":\"https:\/\/lovelbeauty.mx\/#organization\",\"name\":\"Lovel Beauty\",\"url\":\"https:\/\/lovelbeauty.mx\/\",\"logo\":{\"@type\":\"ImageObject\",\"inLanguage\":\"de\",\"@id\":\"https:\/\/lovelbeauty.mx\/#\/schema\/logo\/image\/\",\"url\":\"https:\/\/lovelbeauty.mx\/wp-content\/uploads\/2025\/02\/1_1.-Marca-Oficial.png\",\"contentUrl\":\"https:\/\/lovelbeauty.mx\/wp-content\/uploads\/2025\/02\/1_1.-Marca-Oficial.png\",\"width\":2550,\"height\":1930,\"caption\":\"Lovel Beauty\"},\"image\":{\"@id\":\"https:\/\/lovelbeauty.mx\/#\/schema\/logo\/image\/\"},\"sameAs\":[\"https:\/\/www.facebook.com\/share\/1EyUQBTKqT\/?mibextid=wwXIfr\",\"https:\/\/www.instagram.com\/lovelbeauty_\"]}]}<\/script>\n<!-- \/ Yoast SEO plugin. -->","yoast_head_json":{"title":"Wer wir sind | LOVEL BEAUTY","description":"Lerne das Duo hinter LOVEL BEAUTY kennen. Wir schaffen warme, pers\u00f6nliche Beauty-Erlebnisse in Playa del Carmen.","robots":{"index":"index","follow":"follow","max-snippet":"max-snippet:-1","max-image-preview":"max-image-preview:large","max-video-preview":"max-video-preview:-1"},"canonical":"https:\/\/lovelbeauty.mx\/de\/wer-wir-sind\/","og_locale":"de_DE","og_type":"article","og_title":"Wer wir sind | LOVEL BEAUTY","og_description":"Lerne das Duo hinter LOVEL BEAUTY kennen. Wir schaffen warme, pers\u00f6nliche Beauty-Erlebnisse in Playa del Carmen.","og_url":"https:\/\/lovelbeauty.mx\/de\/wer-wir-sind\/","og_site_name":"lovelbeauty.mx","article_publisher":"https:\/\/www.facebook.com\/share\/1EyUQBTKqT\/?mibextid=wwXIfr","article_modified_time":"2026-01-28T23:37:00+00:00","og_image":[{"url":"https:\/\/lovelbeauty.mx\/wp-content\/uploads\/2025\/04\/quienessomos3-819x1024.webp","type":"","width":"","height":""}],"twitter_card":"summary_large_image","twitter_misc":{"Gesch\u00e4tzte Lesezeit":"2\u00a0Minuten"},"schema":{"@context":"https:\/\/schema.org","@graph":[{"@type":"WebPage","@id":"https:\/\/lovelbeauty.mx\/de\/wer-wir-sind\/","url":"https:\/\/lovelbeauty.mx\/de\/wer-wir-sind\/","name":"Wer wir sind | LOVEL BEAUTY","isPartOf":{"@id":"https:\/\/lovelbeauty.mx\/#website"},"primaryImageOfPage":{"@id":"https:\/\/lovelbeauty.mx\/de\/wer-wir-sind\/#primaryimage"},"image":{"@id":"https:\/\/lovelbeauty.mx\/de\/wer-wir-sind\/#primaryimage"},"thumbnailUrl":"https:\/\/lovelbeauty.mx\/wp-content\/uploads\/2025\/04\/quienessomos3-819x1024.webp","datePublished":"2020-07-03T10:56:25+00:00","dateModified":"2026-01-28T23:37:00+00:00","description":"Lerne das Duo hinter LOVEL BEAUTY kennen. Wir schaffen warme, pers\u00f6nliche Beauty-Erlebnisse in Playa del Carmen.","breadcrumb":{"@id":"https:\/\/lovelbeauty.mx\/de\/wer-wir-sind\/#breadcrumb"},"inLanguage":"de","potentialAction":[{"@type":"ReadAction","target":["https:\/\/lovelbeauty.mx\/de\/wer-wir-sind\/"]}]},{"@type":"ImageObject","inLanguage":"de","@id":"https:\/\/lovelbeauty.mx\/de\/wer-wir-sind\/#primaryimage","url":"https:\/\/lovelbeauty.mx\/wp-content\/uploads\/2025\/04\/quienessomos3-819x1024.webp","contentUrl":"https:\/\/lovelbeauty.mx\/wp-content\/uploads\/2025\/04\/quienessomos3-819x1024.webp"},{"@type":"BreadcrumbList","@id":"https:\/\/lovelbeauty.mx\/de\/wer-wir-sind\/#breadcrumb","itemListElement":[{"@type":"ListItem","position":1,"name":"Home","item":"https:\/\/lovelbeauty.mx\/"},{"@type":"ListItem","position":2,"name":"WER WIR SIND"}]},{"@type":"WebSite","@id":"https:\/\/lovelbeauty.mx\/#website","url":"https:\/\/lovelbeauty.mx\/","name":"Lovel Beauty","description":"M\u00e1s Que Belleza... Actos De Amor | Playa Del Carmen","publisher":{"@id":"https:\/\/lovelbeauty.mx\/#organization"},"potentialAction":[{"@type":"SearchAction","target":{"@type":"EntryPoint","urlTemplate":"https:\/\/lovelbeauty.mx\/?s={search_term_string}"},"query-input":{"@type":"PropertyValueSpecification","valueRequired":true,"valueName":"search_term_string"}}],"inLanguage":"de"},{"@type":"Organization","@id":"https:\/\/lovelbeauty.mx\/#organization","name":"Lovel Beauty","url":"https:\/\/lovelbeauty.mx\/","logo":{"@type":"ImageObject","inLanguage":"de","@id":"https:\/\/lovelbeauty.mx\/#\/schema\/logo\/image\/","url":"https:\/\/lovelbeauty.mx\/wp-content\/uploads\/2025\/02\/1_1.-Marca-Oficial.png","contentUrl":"https:\/\/lovelbeauty.mx\/wp-content\/uploads\/2025\/02\/1_1.-Marca-Oficial.png","width":2550,"height":1930,"caption":"Lovel Beauty"},"image":{"@id":"https:\/\/lovelbeauty.mx\/#\/schema\/logo\/image\/"},"sameAs":["https:\/\/www.facebook.com\/share\/1EyUQBTKqT\/?mibextid=wwXIfr","https:\/\/www.instagram.com\/lovelbeauty_"]}]}},"_links":{"self":[{"href":"https:\/\/lovelbeauty.mx\/de\/wp-json\/wp\/v2\/pages\/9147","targetHints":{"allow":["GET"]}}],"collection":[{"href":"https:\/\/lovelbeauty.mx\/de\/wp-json\/wp\/v2\/pages"}],"about":[{"href":"https:\/\/lovelbeauty.mx\/de\/wp-json\/wp\/v2\/types\/page"}],"author":[{"embeddable":true,"href":"https:\/\/lovelbeauty.mx\/de\/wp-json\/wp\/v2\/users\/1"}],"replies":[{"embeddable":true,"href":"https:\/\/lovelbeauty.mx\/de\/wp-json\/wp\/v2\/comments?post=9147"}],"version-history":[{"count":4,"href":"https:\/\/lovelbeauty.mx\/de\/wp-json\/wp\/v2\/pages\/9147\/revisions"}],"predecessor-version":[{"id":9170,"href":"https:\/\/lovelbeauty.mx\/de\/wp-json\/wp\/v2\/pages\/9147\/revisions\/9170"}],"wp:attachment":[{"href":"https:\/\/lovelbeauty.mx\/de\/wp-json\/wp\/v2\/media?parent=9147"}],"curies":[{"name":"wp","href":"https:\/\/api.w.org\/{rel}","templated":true}]}}