{"id":8623,"date":"2025-02-14T20:04:14","date_gmt":"2025-02-14T20:04:14","guid":{"rendered":"https:\/\/lovelbeauty.mx\/waxing-playa-del-carmen\/"},"modified":"2026-02-17T17:52:26","modified_gmt":"2026-02-17T17:52:26","slug":"epilation-a-la-cire-a-playa-del-carmen","status":"publish","type":"page","link":"https:\/\/lovelbeauty.mx\/fr\/epilation-a-la-cire-a-playa-del-carmen\/","title":{"rendered":"\u00c9PILATION \u00c0 LA CIRE"},"content":{"rendered":"\t\t<div data-elementor-type=\"wp-page\" data-elementor-id=\"8623\" class=\"elementor elementor-8623\">\n\t\t\t\t<div class=\"elementor-element elementor-element-418644b e-flex e-con-boxed e-con e-parent\" data-id=\"418644b\" data-element_type=\"container\" data-settings=\"{&quot;background_background&quot;:&quot;classic&quot;}\">\n\t\t\t\t\t<div class=\"e-con-inner\">\n\t\t\t\t<div class=\"elementor-element elementor-element-b9f1753 elementor-widget elementor-widget-heading\" data-id=\"b9f1753\" data-element_type=\"widget\" data-widget_type=\"heading.default\">\n\t\t\t\t<div class=\"elementor-widget-container\">\n\t\t\t\t\t<h1 class=\"elementor-heading-title elementor-size-default\">\u00c9PILATION \u00c0 LA CIRE \u00c0 PLAYA DEL CARMEN<\/h1>\t\t\t\t<\/div>\n\t\t\t\t<\/div>\n\t\t\t\t\t<\/div>\n\t\t\t\t<\/div>\n\t\t<div class=\"elementor-element elementor-element-e9f222a e-flex e-con-boxed e-con e-parent\" data-id=\"e9f222a\" data-element_type=\"container\">\n\t\t\t\t\t<div class=\"e-con-inner\">\n\t\t\t\t<div class=\"elementor-element elementor-element-ba63228 elementor-widget elementor-widget-text-editor\" data-id=\"ba63228\" data-element_type=\"widget\" data-widget_type=\"text-editor.default\">\n\t\t\t\t<div class=\"elementor-widget-container\">\n\t\t\t\t\t\t\t\t\t<p class=\"p1\">Vous recherchez une <span class=\"s1\">\u00e9pilation \u00e0 la cire \u00e0 Playa del Carmen<\/span> ? Vous \u00eates au bon endroit pour obtenir une peau lisse, sans poils, avec des r\u00e9sultats professionnels !<\/p>\n\n<h2 class=\"p1\">UNE PEAU LISSE ET SANS POILS<\/h2>\n<p>La cire est une m\u00e9thode d\u2019\u00e9pilation qui enl\u00e8ve le poil \u00e0 la racine et laisse la peau douce pendant plusieurs semaines. Elle est id\u00e9ale pour les aisselles, les bras et le visage, offrant un r\u00e9sultat soyeux et durable. Dans notre studio, nous utilisons des cires de haute qualit\u00e9 qui minimisent les irritations et conviennent \u00e0 tous les types de peau. Gr\u00e2ce \u00e0 notre expertise, nous garantissons un soin s\u00fbr et efficace.<\/p>\n\n<p>Une fois la cire chauff\u00e9e \u00e0 la temp\u00e9rature id\u00e9ale, elle est appliqu\u00e9e sur la zone cibl\u00e9e afin de faciliter l\u2019\u00e9limination du poil \u00e0 la racine. Ce proc\u00e9d\u00e9 permet une \u00e9pilation plus pr\u00e9cise et plus confortable. Retir\u00e9e d\u2019un geste rapide, la cire \u00e9limine m\u00eame les poils les plus fins et les plus tenaces, prolongeant ainsi le temps entre chaque s\u00e9ance. La peau est alors lisse et \u00e9clatante.<\/p>\t\t\t\t\t\t\t\t<\/div>\n\t\t\t\t<\/div>\n\t\t\t\t<div class=\"elementor-element elementor-element-2b85ff1 elementor-widget elementor-widget-image\" data-id=\"2b85ff1\" data-element_type=\"widget\" data-widget_type=\"image.default\">\n\t\t\t\t<div class=\"elementor-widget-container\">\n\t\t\t\t\t\t\t\t\t\t\t\t\t\t\t<img decoding=\"async\" src=\"https:\/\/lovelbeauty.mx\/wp-content\/uploads\/elementor\/thumbs\/depilacion-cera-playa-del-carmen-r1eoz6hhdykn2gvc7ehgyo2inw4hbt4kxx4qa655e0.webp\" title=\"Depilaci\u00f3n con Cera en Playa del Carmen &#8211; LOVEL BEAUTY\" alt=\"Depilaci\u00f3n con cera en Playa del Carmen para una piel suave y sin vello.\" loading=\"lazy\" \/>\t\t\t\t\t\t\t\t\t\t\t\t\t\t\t<\/div>\n\t\t\t\t<\/div>\n\t\t\t\t\t<\/div>\n\t\t\t\t<\/div>\n\t\t<div class=\"elementor-element elementor-element-1732bfb e-flex e-con-boxed e-con e-parent\" data-id=\"1732bfb\" data-element_type=\"container\">\n\t\t\t\t\t<div class=\"e-con-inner\">\n\t\t\t\t<div class=\"elementor-element elementor-element-47ef0ef elementor-widget elementor-widget-text-editor\" data-id=\"47ef0ef\" data-element_type=\"widget\" data-widget_type=\"text-editor.default\">\n\t\t\t\t<div class=\"elementor-widget-container\">\n\t\t\t\t\t\t\t\t\t<h2 class=\"p1\">POURQUOI CHOISIR L\u2019\u00c9PILATION \u00c0 LA CIRE ?<\/h2>\n\n<p><strong>\u2714 \u00c9limine le poil \u00e0 la racine<\/strong> pour une peau lisse qui dure <strong>jusqu\u2019\u00e0 4 semaines<\/strong>.<\/p>\n\n<p><strong>\u2714 M\u00e9thode rapide et efficace,<\/strong> id\u00e9ale pour celles et ceux qui recherchent des r\u00e9sultats imm\u00e9diats.<\/p>\n\n<p><strong>\u2714 Laisse la peau plus douce et plus nette<\/strong> en \u00e9liminant \u00e9galement les cellules mortes.<\/p>\t\t\t\t\t\t\t\t<\/div>\n\t\t\t\t<\/div>\n\t\t\t\t<div class=\"elementor-element elementor-element-c702a81 content-align-center art-fadeIn art-anim animate__delay-1s elementor-widget elementor-widget-art-dark-button\" data-id=\"c702a81\" data-element_type=\"widget\" data-widget_type=\"art-dark-button.default\">\n\t\t\t\t<div class=\"elementor-widget-container\">\n\t\t\t\t\t\r\n                            <div class=\"art-widget-button art--aliment-center art--aliment-tablet- art--aliment-mobile-\">\r\n                        <a href=\"https:\/\/www.fresha.com\/es\/book-now\/bonita-home-studio-koy6vc12\/all-offer?share&pId=714609\"  rel=\"nofollow\" class=\"art-button art-button-dark\">PRENDRE RENDEZ-VOUS<\/a>\r\n                    <\/div>\r\n                    \r\n\r\n\r\n\t\t\t\t\t\t<\/div>\n\t\t\t\t<\/div>\n\t\t\t\t\t<\/div>\n\t\t\t\t<\/div>\n\t\t<div class=\"elementor-element elementor-element-3da36bd e-flex e-con-boxed e-con e-parent\" data-id=\"3da36bd\" data-element_type=\"container\">\n\t\t\t\t\t<div class=\"e-con-inner\">\n\t\t\t\t<div class=\"elementor-element elementor-element-8f4c806 elementor-widget elementor-widget-text-editor\" data-id=\"8f4c806\" data-element_type=\"widget\" data-widget_type=\"text-editor.default\">\n\t\t\t\t<div class=\"elementor-widget-container\">\n\t\t\t\t\t\t\t\t\t<h2 class=\"p1\">COMMENT SE D\u00c9ROULE LE TRAITEMENT ?<\/h2>\n\n<p>1\ufe0f\u20e3 <strong>Pr\u00e9paration de la peau :<\/strong> Nous nettoyons la zone et appliquons une poudre absorbante afin de pr\u00e9venir les irritations.<\/p>\n\n<p>2\ufe0f\u20e3 <strong>Application de la cire :<\/strong> Nous \u00e9talons une fine couche uniforme sur la peau.<\/p>\n\n<p>3\ufe0f\u20e3 <strong>Retrait rapide et pr\u00e9cis :<\/strong> La cire est retir\u00e9e d\u2019un geste ferme pour minimiser l\u2019inconfort.<\/p>\n\n<p>4\ufe0f\u20e3 <strong>Hydratation et apaisement :<\/strong> Nous terminons par l\u2019application d\u2019une cr\u00e8me apaisante pour adoucir et rafra\u00eechir la peau.<\/p>\n\n<h2 class=\"p1\">PROFITEZ D\u2019UNE PEAU LISSE ET SANS POILS AVEC NOTRE \u00c9PILATION \u00c0 LA CIRE \u00c0 PLAYA DEL CARMEN<\/h2>\n\n<p class=\"p1\">Ressentez la diff\u00e9rence ! <span class=\"s1\">N\u2019attendez plus<\/span> et essayez notre soin pour une peau douce, nette et sans poils pendant plusieurs semaines.<\/p>\t\t\t\t\t\t\t\t<\/div>\n\t\t\t\t<\/div>\n\t\t\t\t\t<\/div>\n\t\t\t\t<\/div>\n\t\t<div class=\"elementor-element elementor-element-e2262ed e-flex e-con-boxed e-con e-parent\" data-id=\"e2262ed\" data-element_type=\"container\">\n\t\t\t\t\t<div class=\"e-con-inner\">\n\t\t\t\t<div class=\"elementor-element elementor-element-efdb827 elementor-widget elementor-widget-text-editor\" data-id=\"efdb827\" data-element_type=\"widget\" data-widget_type=\"text-editor.default\">\n\t\t\t\t<div class=\"elementor-widget-container\">\n\t\t\t\t\t\t\t\t\t<p class=\"p1\"><strong>L\u00e8vre sup\u00e9rieure<\/strong> \u2013 $180<\/p><p class=\"p1\"><strong>Sourcils<\/strong> \u2013 $290<\/p>\t\t\t\t\t\t\t\t<\/div>\n\t\t\t\t<\/div>\n\t\t\t\t\t<\/div>\n\t\t\t\t<\/div>\n\t\t<div class=\"elementor-element elementor-element-74e7de8 e-flex e-con-boxed e-con e-parent\" data-id=\"74e7de8\" data-element_type=\"container\">\n\t\t\t\t\t<div class=\"e-con-inner\">\n\t\t\t\t<div class=\"elementor-element elementor-element-bc11d36 content-align-center art-fadeIn art-anim animate__delay-1s elementor-widget elementor-widget-art-dark-button\" data-id=\"bc11d36\" data-element_type=\"widget\" data-widget_type=\"art-dark-button.default\">\n\t\t\t\t<div class=\"elementor-widget-container\">\n\t\t\t\t\t\r\n        \r\n                <div class=\"art-widget-button art--aliment-center art--aliment-tablet- art--aliment-mobile-\">\r\n                    <a href=\"https:\/\/lovelbeauty.mx\/menu-de-servicios\/\" class=\"art-button art-button-dark\">MENU DES SERVICES<\/a>\r\n                <\/div>\r\n\r\n                \r\n\r\n\r\n\t\t\t\t\t\t<\/div>\n\t\t\t\t<\/div>\n\t\t\t\t\t<\/div>\n\t\t\t\t<\/div>\n\t\t<div class=\"elementor-element elementor-element-3e3c071 e-flex e-con-boxed e-con e-parent\" data-id=\"3e3c071\" data-element_type=\"container\">\n\t\t\t\t\t<div class=\"e-con-inner\">\n\t\t<div class=\"elementor-element elementor-element-d5a291a e-con-full e-flex e-con e-child\" data-id=\"d5a291a\" data-element_type=\"container\">\n\t\t\t\t<div class=\"elementor-element elementor-element-6f56370 elementor-align-left elementor-invisible elementor-widget elementor-widget-button\" data-id=\"6f56370\" data-element_type=\"widget\" data-settings=\"{&quot;_animation&quot;:&quot;zoomIn&quot;,&quot;_animation_mobile&quot;:&quot;zoomIn&quot;}\" data-widget_type=\"button.default\">\n\t\t\t\t<div class=\"elementor-widget-container\">\n\t\t\t\t\t\t\t\t\t<div class=\"elementor-button-wrapper\">\n\t\t\t\t\t<a class=\"elementor-button elementor-button-link elementor-size-sm\" href=\"https:\/\/lovelbeauty.mx\/fr\/epilation-au-fil-a-playa-del-carmen\/\">\n\t\t\t\t\t\t<span class=\"elementor-button-content-wrapper\">\n\t\t\t\t\t\t<span class=\"elementor-button-icon\">\n\t\t\t\t<svg aria-hidden=\"true\" class=\"e-font-icon-svg e-far-arrow-alt-circle-left\" viewBox=\"0 0 512 512\" xmlns=\"http:\/\/www.w3.org\/2000\/svg\"><path d=\"M8 256c0 137 111 248 248 248s248-111 248-248S393 8 256 8 8 119 8 256zm448 0c0 110.5-89.5 200-200 200S56 366.5 56 256 145.5 56 256 56s200 89.5 200 200zm-72-20v40c0 6.6-5.4 12-12 12H256v67c0 10.7-12.9 16-20.5 8.5l-99-99c-4.7-4.7-4.7-12.3 0-17l99-99c7.6-7.6 20.5-2.2 20.5 8.5v67h116c6.6 0 12 5.4 12 12z\"><\/path><\/svg>\t\t\t<\/span>\n\t\t\t\t\t\t\t\t\t<span class=\"elementor-button-text\">\u00c9PILATION AU FIL<\/span>\n\t\t\t\t\t<\/span>\n\t\t\t\t\t<\/a>\n\t\t\t\t<\/div>\n\t\t\t\t\t\t\t\t<\/div>\n\t\t\t\t<\/div>\n\t\t\t\t<div class=\"elementor-element elementor-element-b695881 elementor-invisible elementor-widget elementor-widget-button\" data-id=\"b695881\" data-element_type=\"widget\" data-settings=\"{&quot;_animation&quot;:&quot;zoomIn&quot;,&quot;_animation_mobile&quot;:&quot;zoomIn&quot;}\" data-widget_type=\"button.default\">\n\t\t\t\t<div class=\"elementor-widget-container\">\n\t\t\t\t\t\t\t\t\t<div class=\"elementor-button-wrapper\">\n\t\t\t\t\t<a class=\"elementor-button elementor-button-link elementor-size-sm\" href=\"https:\/\/lovelbeauty.mx\/fr\/micropigmentation-playa-del-carmen\/\">\n\t\t\t\t\t\t<span class=\"elementor-button-content-wrapper\">\n\t\t\t\t\t\t<span class=\"elementor-button-icon\">\n\t\t\t\t<svg aria-hidden=\"true\" class=\"e-font-icon-svg e-far-arrow-alt-circle-right\" viewBox=\"0 0 512 512\" xmlns=\"http:\/\/www.w3.org\/2000\/svg\"><path d=\"M504 256C504 119 393 8 256 8S8 119 8 256s111 248 248 248 248-111 248-248zm-448 0c0-110.5 89.5-200 200-200s200 89.5 200 200-89.5 200-200 200S56 366.5 56 256zm72 20v-40c0-6.6 5.4-12 12-12h116v-67c0-10.7 12.9-16 20.5-8.5l99 99c4.7 4.7 4.7 12.3 0 17l-99 99c-7.6 7.6-20.5 2.2-20.5-8.5v-67H140c-6.6 0-12-5.4-12-12z\"><\/path><\/svg>\t\t\t<\/span>\n\t\t\t\t\t\t\t\t\t<span class=\"elementor-button-text\">MICROPIGMENTATION<\/span>\n\t\t\t\t\t<\/span>\n\t\t\t\t\t<\/a>\n\t\t\t\t<\/div>\n\t\t\t\t\t\t\t\t<\/div>\n\t\t\t\t<\/div>\n\t\t\t\t<\/div>\n\t\t\t\t\t<\/div>\n\t\t\t\t<\/div>\n\t\t\t\t<\/div>\n\t\t","protected":false},"excerpt":{"rendered":"<p>\u00c9PILATION \u00c0 LA CIRE \u00c0 PLAYA DEL CARMEN Vous recherchez une \u00e9pilation \u00e0 la cire \u00e0 Playa del Carmen ? Vous \u00eates au bon endroit pour obtenir une peau lisse, sans poils, avec des r\u00e9sultats professionnels ! UNE PEAU LISSE ET SANS POILS La cire est une m\u00e9thode d\u2019\u00e9pilation qui enl\u00e8ve le poil \u00e0 la [&hellip;]<\/p>\n","protected":false},"author":1,"featured_media":0,"parent":0,"menu_order":0,"comment_status":"closed","ping_status":"closed","template":"elementor-template.php","meta":{"inline_featured_image":false,"_monsterinsights_skip_tracking":false,"_monsterinsights_sitenote_active":false,"_monsterinsights_sitenote_note":"","_monsterinsights_sitenote_category":0,"footnotes":""},"class_list":["post-8623","page","type-page","status-publish","hentry"],"yoast_head":"<!-- This site is optimized with the Yoast SEO plugin v26.6 - https:\/\/yoast.com\/wordpress\/plugins\/seo\/ -->\n<title>\u00c9pilation \u00e0 la cire \u00e0 Playa del Carmen | LOVEL BEAUTY<\/title>\n<meta name=\"description\" content=\"\u00c9liminez efficacement les poils ind\u00e9sirables gr\u00e2ce \u00e0 nos services d\u2019\u00e9pilation \u00e0 la cire \u00e0 Playa del Carmen. Une peau lisse et des r\u00e9sultats qui durent plusieurs semaines.\" \/>\n<meta name=\"robots\" content=\"index, follow, max-snippet:-1, max-image-preview:large, max-video-preview:-1\" \/>\n<link rel=\"canonical\" href=\"https:\/\/lovelbeauty.mx\/depilacion-con-cera-playa-del-carmen\/\" \/>\n<meta property=\"og:locale\" content=\"fr_FR\" \/>\n<meta property=\"og:type\" content=\"article\" \/>\n<meta property=\"og:title\" content=\"\u00c9pilation \u00e0 la cire \u00e0 Playa del Carmen | LOVEL BEAUTY\" \/>\n<meta property=\"og:description\" content=\"\u00c9liminez efficacement les poils ind\u00e9sirables gr\u00e2ce \u00e0 nos services d\u2019\u00e9pilation \u00e0 la cire \u00e0 Playa del Carmen. Une peau lisse et des r\u00e9sultats qui durent plusieurs semaines.\" \/>\n<meta property=\"og:url\" content=\"https:\/\/lovelbeauty.mx\/depilacion-con-cera-playa-del-carmen\/\" \/>\n<meta property=\"og:site_name\" content=\"lovelbeauty.mx\" \/>\n<meta property=\"article:publisher\" content=\"https:\/\/www.facebook.com\/share\/1EyUQBTKqT\/?mibextid=wwXIfr\" \/>\n<meta property=\"article:modified_time\" content=\"2026-02-17T17:52:26+00:00\" \/>\n<meta property=\"og:image\" content=\"https:\/\/lovelbeauty.mx\/wp-content\/uploads\/elementor\/thumbs\/depilacion-cera-playa-del-carmen-r1eoz6hhdykn2gvc7ehgyo2inw4hbt4kxx4qa655e0.webp\" \/>\n<meta name=\"twitter:card\" content=\"summary_large_image\" \/>\n<meta name=\"twitter:label1\" content=\"Dur\u00e9e de lecture estim\u00e9e\" \/>\n\t<meta name=\"twitter:data1\" content=\"4 minutes\" \/>\n<script type=\"application\/ld+json\" class=\"yoast-schema-graph\">{\"@context\":\"https:\/\/schema.org\",\"@graph\":[{\"@type\":\"WebPage\",\"@id\":\"https:\/\/lovelbeauty.mx\/depilacion-con-cera-playa-del-carmen\/\",\"url\":\"https:\/\/lovelbeauty.mx\/depilacion-con-cera-playa-del-carmen\/\",\"name\":\"\u00c9pilation \u00e0 la cire \u00e0 Playa del Carmen | LOVEL BEAUTY\",\"isPartOf\":{\"@id\":\"https:\/\/lovelbeauty.mx\/#website\"},\"primaryImageOfPage\":{\"@id\":\"https:\/\/lovelbeauty.mx\/depilacion-con-cera-playa-del-carmen\/#primaryimage\"},\"image\":{\"@id\":\"https:\/\/lovelbeauty.mx\/depilacion-con-cera-playa-del-carmen\/#primaryimage\"},\"thumbnailUrl\":\"https:\/\/lovelbeauty.mx\/wp-content\/uploads\/elementor\/thumbs\/depilacion-cera-playa-del-carmen-r1eoz6hhdykn2gvc7ehgyo2inw4hbt4kxx4qa655e0.webp\",\"datePublished\":\"2025-02-14T20:04:14+00:00\",\"dateModified\":\"2026-02-17T17:52:26+00:00\",\"description\":\"\u00c9liminez efficacement les poils ind\u00e9sirables gr\u00e2ce \u00e0 nos services d\u2019\u00e9pilation \u00e0 la cire \u00e0 Playa del Carmen. Une peau lisse et des r\u00e9sultats qui durent plusieurs semaines.\",\"breadcrumb\":{\"@id\":\"https:\/\/lovelbeauty.mx\/depilacion-con-cera-playa-del-carmen\/#breadcrumb\"},\"inLanguage\":\"fr-FR\",\"potentialAction\":[{\"@type\":\"ReadAction\",\"target\":[\"https:\/\/lovelbeauty.mx\/depilacion-con-cera-playa-del-carmen\/\"]}]},{\"@type\":\"ImageObject\",\"inLanguage\":\"fr-FR\",\"@id\":\"https:\/\/lovelbeauty.mx\/depilacion-con-cera-playa-del-carmen\/#primaryimage\",\"url\":\"https:\/\/lovelbeauty.mx\/wp-content\/uploads\/elementor\/thumbs\/depilacion-cera-playa-del-carmen-r1eoz6hhdykn2gvc7ehgyo2inw4hbt4kxx4qa655e0.webp\",\"contentUrl\":\"https:\/\/lovelbeauty.mx\/wp-content\/uploads\/elementor\/thumbs\/depilacion-cera-playa-del-carmen-r1eoz6hhdykn2gvc7ehgyo2inw4hbt4kxx4qa655e0.webp\"},{\"@type\":\"BreadcrumbList\",\"@id\":\"https:\/\/lovelbeauty.mx\/depilacion-con-cera-playa-del-carmen\/#breadcrumb\",\"itemListElement\":[{\"@type\":\"ListItem\",\"position\":1,\"name\":\"Home\",\"item\":\"https:\/\/lovelbeauty.mx\/\"},{\"@type\":\"ListItem\",\"position\":2,\"name\":\"\u00c9PILATION \u00c0 LA CIRE\"}]},{\"@type\":\"WebSite\",\"@id\":\"https:\/\/lovelbeauty.mx\/#website\",\"url\":\"https:\/\/lovelbeauty.mx\/\",\"name\":\"Lovel Beauty\",\"description\":\"M\u00e1s Que Belleza... Actos De Amor | Playa Del Carmen\",\"publisher\":{\"@id\":\"https:\/\/lovelbeauty.mx\/#organization\"},\"potentialAction\":[{\"@type\":\"SearchAction\",\"target\":{\"@type\":\"EntryPoint\",\"urlTemplate\":\"https:\/\/lovelbeauty.mx\/?s={search_term_string}\"},\"query-input\":{\"@type\":\"PropertyValueSpecification\",\"valueRequired\":true,\"valueName\":\"search_term_string\"}}],\"inLanguage\":\"fr-FR\"},{\"@type\":\"Organization\",\"@id\":\"https:\/\/lovelbeauty.mx\/#organization\",\"name\":\"Lovel Beauty\",\"url\":\"https:\/\/lovelbeauty.mx\/\",\"logo\":{\"@type\":\"ImageObject\",\"inLanguage\":\"fr-FR\",\"@id\":\"https:\/\/lovelbeauty.mx\/#\/schema\/logo\/image\/\",\"url\":\"https:\/\/lovelbeauty.mx\/wp-content\/uploads\/2025\/02\/1_1.-Marca-Oficial.png\",\"contentUrl\":\"https:\/\/lovelbeauty.mx\/wp-content\/uploads\/2025\/02\/1_1.-Marca-Oficial.png\",\"width\":2550,\"height\":1930,\"caption\":\"Lovel Beauty\"},\"image\":{\"@id\":\"https:\/\/lovelbeauty.mx\/#\/schema\/logo\/image\/\"},\"sameAs\":[\"https:\/\/www.facebook.com\/share\/1EyUQBTKqT\/?mibextid=wwXIfr\",\"https:\/\/www.instagram.com\/lovelbeauty_\"]}]}<\/script>\n<!-- \/ Yoast SEO plugin. -->","yoast_head_json":{"title":"\u00c9pilation \u00e0 la cire \u00e0 Playa del Carmen | LOVEL BEAUTY","description":"\u00c9liminez efficacement les poils ind\u00e9sirables gr\u00e2ce \u00e0 nos services d\u2019\u00e9pilation \u00e0 la cire \u00e0 Playa del Carmen. Une peau lisse et des r\u00e9sultats qui durent plusieurs semaines.","robots":{"index":"index","follow":"follow","max-snippet":"max-snippet:-1","max-image-preview":"max-image-preview:large","max-video-preview":"max-video-preview:-1"},"canonical":"https:\/\/lovelbeauty.mx\/depilacion-con-cera-playa-del-carmen\/","og_locale":"fr_FR","og_type":"article","og_title":"\u00c9pilation \u00e0 la cire \u00e0 Playa del Carmen | LOVEL BEAUTY","og_description":"\u00c9liminez efficacement les poils ind\u00e9sirables gr\u00e2ce \u00e0 nos services d\u2019\u00e9pilation \u00e0 la cire \u00e0 Playa del Carmen. Une peau lisse et des r\u00e9sultats qui durent plusieurs semaines.","og_url":"https:\/\/lovelbeauty.mx\/depilacion-con-cera-playa-del-carmen\/","og_site_name":"lovelbeauty.mx","article_publisher":"https:\/\/www.facebook.com\/share\/1EyUQBTKqT\/?mibextid=wwXIfr","article_modified_time":"2026-02-17T17:52:26+00:00","og_image":[{"url":"https:\/\/lovelbeauty.mx\/wp-content\/uploads\/elementor\/thumbs\/depilacion-cera-playa-del-carmen-r1eoz6hhdykn2gvc7ehgyo2inw4hbt4kxx4qa655e0.webp","type":"","width":"","height":""}],"twitter_card":"summary_large_image","twitter_misc":{"Dur\u00e9e de lecture estim\u00e9e":"4 minutes"},"schema":{"@context":"https:\/\/schema.org","@graph":[{"@type":"WebPage","@id":"https:\/\/lovelbeauty.mx\/depilacion-con-cera-playa-del-carmen\/","url":"https:\/\/lovelbeauty.mx\/depilacion-con-cera-playa-del-carmen\/","name":"\u00c9pilation \u00e0 la cire \u00e0 Playa del Carmen | LOVEL BEAUTY","isPartOf":{"@id":"https:\/\/lovelbeauty.mx\/#website"},"primaryImageOfPage":{"@id":"https:\/\/lovelbeauty.mx\/depilacion-con-cera-playa-del-carmen\/#primaryimage"},"image":{"@id":"https:\/\/lovelbeauty.mx\/depilacion-con-cera-playa-del-carmen\/#primaryimage"},"thumbnailUrl":"https:\/\/lovelbeauty.mx\/wp-content\/uploads\/elementor\/thumbs\/depilacion-cera-playa-del-carmen-r1eoz6hhdykn2gvc7ehgyo2inw4hbt4kxx4qa655e0.webp","datePublished":"2025-02-14T20:04:14+00:00","dateModified":"2026-02-17T17:52:26+00:00","description":"\u00c9liminez efficacement les poils ind\u00e9sirables gr\u00e2ce \u00e0 nos services d\u2019\u00e9pilation \u00e0 la cire \u00e0 Playa del Carmen. Une peau lisse et des r\u00e9sultats qui durent plusieurs semaines.","breadcrumb":{"@id":"https:\/\/lovelbeauty.mx\/depilacion-con-cera-playa-del-carmen\/#breadcrumb"},"inLanguage":"fr-FR","potentialAction":[{"@type":"ReadAction","target":["https:\/\/lovelbeauty.mx\/depilacion-con-cera-playa-del-carmen\/"]}]},{"@type":"ImageObject","inLanguage":"fr-FR","@id":"https:\/\/lovelbeauty.mx\/depilacion-con-cera-playa-del-carmen\/#primaryimage","url":"https:\/\/lovelbeauty.mx\/wp-content\/uploads\/elementor\/thumbs\/depilacion-cera-playa-del-carmen-r1eoz6hhdykn2gvc7ehgyo2inw4hbt4kxx4qa655e0.webp","contentUrl":"https:\/\/lovelbeauty.mx\/wp-content\/uploads\/elementor\/thumbs\/depilacion-cera-playa-del-carmen-r1eoz6hhdykn2gvc7ehgyo2inw4hbt4kxx4qa655e0.webp"},{"@type":"BreadcrumbList","@id":"https:\/\/lovelbeauty.mx\/depilacion-con-cera-playa-del-carmen\/#breadcrumb","itemListElement":[{"@type":"ListItem","position":1,"name":"Home","item":"https:\/\/lovelbeauty.mx\/"},{"@type":"ListItem","position":2,"name":"\u00c9PILATION \u00c0 LA CIRE"}]},{"@type":"WebSite","@id":"https:\/\/lovelbeauty.mx\/#website","url":"https:\/\/lovelbeauty.mx\/","name":"Lovel Beauty","description":"M\u00e1s Que Belleza... Actos De Amor | Playa Del Carmen","publisher":{"@id":"https:\/\/lovelbeauty.mx\/#organization"},"potentialAction":[{"@type":"SearchAction","target":{"@type":"EntryPoint","urlTemplate":"https:\/\/lovelbeauty.mx\/?s={search_term_string}"},"query-input":{"@type":"PropertyValueSpecification","valueRequired":true,"valueName":"search_term_string"}}],"inLanguage":"fr-FR"},{"@type":"Organization","@id":"https:\/\/lovelbeauty.mx\/#organization","name":"Lovel Beauty","url":"https:\/\/lovelbeauty.mx\/","logo":{"@type":"ImageObject","inLanguage":"fr-FR","@id":"https:\/\/lovelbeauty.mx\/#\/schema\/logo\/image\/","url":"https:\/\/lovelbeauty.mx\/wp-content\/uploads\/2025\/02\/1_1.-Marca-Oficial.png","contentUrl":"https:\/\/lovelbeauty.mx\/wp-content\/uploads\/2025\/02\/1_1.-Marca-Oficial.png","width":2550,"height":1930,"caption":"Lovel Beauty"},"image":{"@id":"https:\/\/lovelbeauty.mx\/#\/schema\/logo\/image\/"},"sameAs":["https:\/\/www.facebook.com\/share\/1EyUQBTKqT\/?mibextid=wwXIfr","https:\/\/www.instagram.com\/lovelbeauty_"]}]}},"_links":{"self":[{"href":"https:\/\/lovelbeauty.mx\/fr\/wp-json\/wp\/v2\/pages\/8623","targetHints":{"allow":["GET"]}}],"collection":[{"href":"https:\/\/lovelbeauty.mx\/fr\/wp-json\/wp\/v2\/pages"}],"about":[{"href":"https:\/\/lovelbeauty.mx\/fr\/wp-json\/wp\/v2\/types\/page"}],"author":[{"embeddable":true,"href":"https:\/\/lovelbeauty.mx\/fr\/wp-json\/wp\/v2\/users\/1"}],"replies":[{"embeddable":true,"href":"https:\/\/lovelbeauty.mx\/fr\/wp-json\/wp\/v2\/comments?post=8623"}],"version-history":[{"count":11,"href":"https:\/\/lovelbeauty.mx\/fr\/wp-json\/wp\/v2\/pages\/8623\/revisions"}],"predecessor-version":[{"id":9614,"href":"https:\/\/lovelbeauty.mx\/fr\/wp-json\/wp\/v2\/pages\/8623\/revisions\/9614"}],"wp:attachment":[{"href":"https:\/\/lovelbeauty.mx\/fr\/wp-json\/wp\/v2\/media?parent=8623"}],"curies":[{"name":"wp","href":"https:\/\/api.w.org\/{rel}","templated":true}]}}