{"id":8627,"date":"2025-02-14T20:01:36","date_gmt":"2025-02-14T20:01:36","guid":{"rendered":"https:\/\/lovelbeauty.mx\/depilacion-con-hilo-playa-del-carmen\/"},"modified":"2026-02-16T19:34:51","modified_gmt":"2026-02-16T19:34:51","slug":"epilation-au-fil-a-playa-del-carmen","status":"publish","type":"page","link":"https:\/\/lovelbeauty.mx\/fr\/epilation-au-fil-a-playa-del-carmen\/","title":{"rendered":"\u00c9PILATION AU FIL"},"content":{"rendered":"\t\t<div data-elementor-type=\"wp-page\" data-elementor-id=\"8627\" class=\"elementor elementor-8627\">\n\t\t\t\t<div class=\"elementor-element elementor-element-418644b e-flex e-con-boxed e-con e-parent\" data-id=\"418644b\" data-element_type=\"container\" data-settings=\"{&quot;background_background&quot;:&quot;classic&quot;}\">\n\t\t\t\t\t<div class=\"e-con-inner\">\n\t\t\t\t<div class=\"elementor-element elementor-element-b9f1753 elementor-widget elementor-widget-heading\" data-id=\"b9f1753\" data-element_type=\"widget\" data-widget_type=\"heading.default\">\n\t\t\t\t<div class=\"elementor-widget-container\">\n\t\t\t\t\t<h1 class=\"elementor-heading-title elementor-size-default\">\u00c9PILATION AU FIL \u00c0 PLAYA DEL CARMEN<\/h1>\t\t\t\t<\/div>\n\t\t\t\t<\/div>\n\t\t\t\t\t<\/div>\n\t\t\t\t<\/div>\n\t\t<div class=\"elementor-element elementor-element-e9f222a e-flex e-con-boxed e-con e-parent\" data-id=\"e9f222a\" data-element_type=\"container\">\n\t\t\t\t\t<div class=\"e-con-inner\">\n\t\t\t\t<div class=\"elementor-element elementor-element-ba63228 elementor-widget elementor-widget-text-editor\" data-id=\"ba63228\" data-element_type=\"widget\" data-widget_type=\"text-editor.default\">\n\t\t\t\t<div class=\"elementor-widget-container\">\n\t\t\t\t\t\t\t\t\t<p class=\"p1\">Souhaitez-vous des sourcils parfaitement dessin\u00e9s gr\u00e2ce \u00e0 <span class=\"s1\">l\u2019\u00e9pilation au fil \u00e0 Playa del Carmen<\/span> ? Cette technique pr\u00e9cise et naturelle vous offrira un r\u00e9sultat impeccable.<\/p>\n\n<h2 class=\"p1\">PR\u00c9CISION ET DOUCEUR POUR UNE PEAU IMPECCABLE<\/h2>\n\n<p>L\u2019\u00e9pilation au fil est une technique pr\u00e9cise et d\u00e9licate qui utilise un fil de coton pour retirer les poils de mani\u00e8re propre et efficace, tout en respectant la peau. Elle est id\u00e9ale pour dessiner la forme des sourcils et \u00e9liminer le duvet du visage.<\/p>\n\n<p>Cette m\u00e9thode est parfaite pour les peaux sensibles, car elle ne provoque ni allergies ni rougeurs. Elle permet \u00e9galement d\u2019\u00e9liminer m\u00eame les poils les plus fins depuis la racine, ralentissant leur repousse et laissant la peau nette et impeccable plus longtemps.<\/p>\t\t\t\t\t\t\t\t<\/div>\n\t\t\t\t<\/div>\n\t\t\t\t<div class=\"elementor-element elementor-element-2b85ff1 elementor-widget elementor-widget-image\" data-id=\"2b85ff1\" data-element_type=\"widget\" data-widget_type=\"image.default\">\n\t\t\t\t<div class=\"elementor-widget-container\">\n\t\t\t\t\t\t\t\t\t\t\t\t\t\t\t<img decoding=\"async\" src=\"https:\/\/lovelbeauty.mx\/wp-content\/uploads\/elementor\/thumbs\/depilacion-con-hilo-en-playa-del-carmen-r35edq6r06closocnbbmnc6nw3nnevoq1zezwff8nc.webp\" title=\"Depilaci\u00f3n con Hilo en Playa del Carmen &#8211; LOVEL BEAUTY\" alt=\"Depilaci\u00f3n con hilo en Playa del Carmen para un dise\u00f1o de cejas preciso.\" loading=\"lazy\" \/>\t\t\t\t\t\t\t\t\t\t\t\t\t\t\t<\/div>\n\t\t\t\t<\/div>\n\t\t\t\t\t<\/div>\n\t\t\t\t<\/div>\n\t\t<div class=\"elementor-element elementor-element-9f17df3 e-flex e-con-boxed e-con e-parent\" data-id=\"9f17df3\" data-element_type=\"container\">\n\t\t\t\t\t<div class=\"e-con-inner\">\n\t\t\t\t<div class=\"elementor-element elementor-element-7a762af elementor-widget elementor-widget-text-editor\" data-id=\"7a762af\" data-element_type=\"widget\" data-widget_type=\"text-editor.default\">\n\t\t\t\t<div class=\"elementor-widget-container\">\n\t\t\t\t\t\t\t\t\t<h2 class=\"p1\">POURQUOI CHOISIR L\u2019\u00c9PILATION AU FIL ?<\/h2>\n\n<p>\u2714 <strong>Pr\u00e9cision maximale<\/strong> pour d\u00e9finir les sourcils et \u00e9liminer les poils du visage.<\/p>\n\n<p>\u2714 <strong>N\u2019irrite pas<\/strong> la peau et ne provoque pas d\u2019allergies.<\/p>\n\n<p>\u2714 <strong>\u00c9limine le poil \u00e0 la racine<\/strong>, ralentissant sa repousse.<\/p>\n\n<p>\u2714 <strong>Id\u00e9ale pour les peaux sensibles<\/strong> et sujettes aux rougeurs.<\/p>\n\n<p>\u2714 <strong>R\u00e9sultats impeccables et durables<\/strong>.<\/p>\t\t\t\t\t\t\t\t<\/div>\n\t\t\t\t<\/div>\n\t\t\t\t<div class=\"elementor-element elementor-element-371098e content-align-center art-fadeIn art-anim animate__delay-1s elementor-widget elementor-widget-art-dark-button\" data-id=\"371098e\" data-element_type=\"widget\" data-widget_type=\"art-dark-button.default\">\n\t\t\t\t<div class=\"elementor-widget-container\">\n\t\t\t\t\t\r\n                            <div class=\"art-widget-button art--aliment-center art--aliment-tablet- art--aliment-mobile-\">\r\n                        <a href=\"https:\/\/www.fresha.com\/es\/book-now\/bonita-home-studio-koy6vc12\/all-offer?share&pId=714609\"  rel=\"nofollow\" class=\"art-button art-button-dark\">PRENEZ RENDEZ-VOUS<\/a>\r\n                    <\/div>\r\n                    \r\n\r\n\r\n\t\t\t\t\t\t<\/div>\n\t\t\t\t<\/div>\n\t\t\t\t\t<\/div>\n\t\t\t\t<\/div>\n\t\t<div class=\"elementor-element elementor-element-39b5fda e-flex e-con-boxed e-con e-parent\" data-id=\"39b5fda\" data-element_type=\"container\">\n\t\t\t\t\t<div class=\"e-con-inner\">\n\t\t\t\t<div class=\"elementor-element elementor-element-d720867 elementor-widget elementor-widget-text-editor\" data-id=\"d720867\" data-element_type=\"widget\" data-widget_type=\"text-editor.default\">\n\t\t\t\t<div class=\"elementor-widget-container\">\n\t\t\t\t\t\t\t\t\t<h2 class=\"p1\">COMMENT SE D\u00c9ROULE LE TRAITEMENT ?<\/h2>\n\n<p>1\ufe0f\u20e3 <strong>D\u00e9finition de la zone :<\/strong> Nous \u00e9tudions la forme id\u00e9ale afin de mettre en valeur vos traits.<\/p>\n\n<p>2\ufe0f\u20e3 <strong>\u00c9pilation au fil :<\/strong> Nous utilisons un fil sp\u00e9cial pour retirer le poil avec une grande pr\u00e9cision.<\/p>\n\n<p>3\ufe0f\u20e3 <strong>Ajustements finaux :<\/strong> Les poils les plus fins sont \u00e9limin\u00e9s pour un r\u00e9sultat parfaitement net.<\/p>\n\n<p>4\ufe0f\u20e3 <strong>Hydratation :<\/strong> Nous appliquons une cr\u00e8me apaisante pour pr\u00e9venir les irritations.<\/p>\n\n<h2 class=\"p1\">OBTENEZ DES SOURCILS PARFAITEMENT D\u00c9FINIS ET UN VISAGE NET ET SANS POILS<\/h2>\n\n<p>Essayez-la et vous remarquerez imm\u00e9diatement la diff\u00e9rence.<\/p>\t\t\t\t\t\t\t\t<\/div>\n\t\t\t\t<\/div>\n\t\t\t\t\t<\/div>\n\t\t\t\t<\/div>\n\t\t<div class=\"elementor-element elementor-element-e2262ed e-flex e-con-boxed e-con e-parent\" data-id=\"e2262ed\" data-element_type=\"container\">\n\t\t\t\t\t<div class=\"e-con-inner\">\n\t\t\t\t<div class=\"elementor-element elementor-element-efdb827 elementor-widget elementor-widget-text-editor\" data-id=\"efdb827\" data-element_type=\"widget\" data-widget_type=\"text-editor.default\">\n\t\t\t\t<div class=\"elementor-widget-container\">\n\t\t\t\t\t\t\t\t\t<p class=\"p1\"><strong>L\u00e8vre sup\u00e9rieure<\/strong> \u2013 $180<\/p><p class=\"p1\"><strong>Sourcils<\/strong> \u2013 $290<\/p><p class=\"p1\"><strong>Visage complet<\/strong> \u2013 $600<\/p>\t\t\t\t\t\t\t\t<\/div>\n\t\t\t\t<\/div>\n\t\t\t\t\t<\/div>\n\t\t\t\t<\/div>\n\t\t<div class=\"elementor-element elementor-element-74e7de8 e-flex e-con-boxed e-con e-parent\" data-id=\"74e7de8\" data-element_type=\"container\">\n\t\t\t\t\t<div class=\"e-con-inner\">\n\t\t\t\t<div class=\"elementor-element elementor-element-5877009 content-align-center art-fadeIn art-anim animate__delay-1s elementor-widget elementor-widget-art-dark-button\" data-id=\"5877009\" data-element_type=\"widget\" data-widget_type=\"art-dark-button.default\">\n\t\t\t\t<div class=\"elementor-widget-container\">\n\t\t\t\t\t\r\n        \r\n                <div class=\"art-widget-button art--aliment-center art--aliment-tablet- art--aliment-mobile-\">\r\n                    <a href=\"https:\/\/lovelbeauty.mx\/menu-de-servicios\/\" class=\"art-button art-button-dark\">MENU DES SERVICES<\/a>\r\n                <\/div>\r\n\r\n                \r\n\r\n\r\n\t\t\t\t\t\t<\/div>\n\t\t\t\t<\/div>\n\t\t\t\t\t<\/div>\n\t\t\t\t<\/div>\n\t\t<div class=\"elementor-element elementor-element-be75fa5 e-flex e-con-boxed e-con e-parent\" data-id=\"be75fa5\" data-element_type=\"container\">\n\t\t\t\t\t<div class=\"e-con-inner\">\n\t\t<div class=\"elementor-element elementor-element-dc9c0f8 e-con-full e-flex e-con e-child\" data-id=\"dc9c0f8\" data-element_type=\"container\">\n\t\t\t\t<div class=\"elementor-element elementor-element-ab428fa elementor-align-left elementor-invisible elementor-widget elementor-widget-button\" data-id=\"ab428fa\" data-element_type=\"widget\" data-settings=\"{&quot;_animation&quot;:&quot;zoomIn&quot;,&quot;_animation_mobile&quot;:&quot;zoomIn&quot;}\" data-widget_type=\"button.default\">\n\t\t\t\t<div class=\"elementor-widget-container\">\n\t\t\t\t\t\t\t\t\t<div class=\"elementor-button-wrapper\">\n\t\t\t\t\t<a class=\"elementor-button elementor-button-link elementor-size-sm\" href=\"https:\/\/lovelbeauty.mx\/fr\/epilation-au-sucre-playa-del-carmen\/\">\n\t\t\t\t\t\t<span class=\"elementor-button-content-wrapper\">\n\t\t\t\t\t\t<span class=\"elementor-button-icon\">\n\t\t\t\t<svg aria-hidden=\"true\" class=\"e-font-icon-svg e-far-arrow-alt-circle-left\" viewBox=\"0 0 512 512\" xmlns=\"http:\/\/www.w3.org\/2000\/svg\"><path d=\"M8 256c0 137 111 248 248 248s248-111 248-248S393 8 256 8 8 119 8 256zm448 0c0 110.5-89.5 200-200 200S56 366.5 56 256 145.5 56 256 56s200 89.5 200 200zm-72-20v40c0 6.6-5.4 12-12 12H256v67c0 10.7-12.9 16-20.5 8.5l-99-99c-4.7-4.7-4.7-12.3 0-17l99-99c7.6-7.6 20.5-2.2 20.5 8.5v67h116c6.6 0 12 5.4 12 12z\"><\/path><\/svg>\t\t\t<\/span>\n\t\t\t\t\t\t\t\t\t<span class=\"elementor-button-text\">\u00c9PILATION AU SUCRE<\/span>\n\t\t\t\t\t<\/span>\n\t\t\t\t\t<\/a>\n\t\t\t\t<\/div>\n\t\t\t\t\t\t\t\t<\/div>\n\t\t\t\t<\/div>\n\t\t\t\t<div class=\"elementor-element elementor-element-c81d957 elementor-invisible elementor-widget elementor-widget-button\" data-id=\"c81d957\" data-element_type=\"widget\" data-settings=\"{&quot;_animation&quot;:&quot;zoomIn&quot;,&quot;_animation_mobile&quot;:&quot;zoomIn&quot;}\" data-widget_type=\"button.default\">\n\t\t\t\t<div class=\"elementor-widget-container\">\n\t\t\t\t\t\t\t\t\t<div class=\"elementor-button-wrapper\">\n\t\t\t\t\t<a class=\"elementor-button elementor-button-link elementor-size-sm\" href=\"https:\/\/lovelbeauty.mx\/fr\/epilation-a-la-cire-a-playa-del-carmen\/\">\n\t\t\t\t\t\t<span class=\"elementor-button-content-wrapper\">\n\t\t\t\t\t\t<span class=\"elementor-button-icon\">\n\t\t\t\t<svg aria-hidden=\"true\" class=\"e-font-icon-svg e-far-arrow-alt-circle-right\" viewBox=\"0 0 512 512\" xmlns=\"http:\/\/www.w3.org\/2000\/svg\"><path d=\"M504 256C504 119 393 8 256 8S8 119 8 256s111 248 248 248 248-111 248-248zm-448 0c0-110.5 89.5-200 200-200s200 89.5 200 200-89.5 200-200 200S56 366.5 56 256zm72 20v-40c0-6.6 5.4-12 12-12h116v-67c0-10.7 12.9-16 20.5-8.5l99 99c4.7 4.7 4.7 12.3 0 17l-99 99c-7.6 7.6-20.5 2.2-20.5-8.5v-67H140c-6.6 0-12-5.4-12-12z\"><\/path><\/svg>\t\t\t<\/span>\n\t\t\t\t\t\t\t\t\t<span class=\"elementor-button-text\">\u00c9PILATION \u00c0 LA CIRE<\/span>\n\t\t\t\t\t<\/span>\n\t\t\t\t\t<\/a>\n\t\t\t\t<\/div>\n\t\t\t\t\t\t\t\t<\/div>\n\t\t\t\t<\/div>\n\t\t\t\t<\/div>\n\t\t\t\t\t<\/div>\n\t\t\t\t<\/div>\n\t\t\t\t<\/div>\n\t\t","protected":false},"excerpt":{"rendered":"<p>\u00c9PILATION AU FIL \u00c0 PLAYA DEL CARMEN Souhaitez-vous des sourcils parfaitement dessin\u00e9s gr\u00e2ce \u00e0 l\u2019\u00e9pilation au fil \u00e0 Playa del Carmen ? Cette technique pr\u00e9cise et naturelle vous offrira un r\u00e9sultat impeccable. PR\u00c9CISION ET DOUCEUR POUR UNE PEAU IMPECCABLE L\u2019\u00e9pilation au fil est une technique pr\u00e9cise et d\u00e9licate qui utilise un fil de coton pour [&hellip;]<\/p>\n","protected":false},"author":1,"featured_media":0,"parent":0,"menu_order":0,"comment_status":"closed","ping_status":"closed","template":"elementor-template.php","meta":{"inline_featured_image":false,"_monsterinsights_skip_tracking":false,"_monsterinsights_sitenote_active":false,"_monsterinsights_sitenote_note":"","_monsterinsights_sitenote_category":0,"footnotes":""},"class_list":["post-8627","page","type-page","status-publish","hentry"],"yoast_head":"<!-- This site is optimized with the Yoast SEO plugin v26.6 - https:\/\/yoast.com\/wordpress\/plugins\/seo\/ -->\n<title>\u00c9pilation au fil \u00e0 Playa del Carmen | LOVEL BEAUTY<\/title>\n<meta name=\"description\" content=\"D\u00e9finissez vos sourcils avec pr\u00e9cision gr\u00e2ce \u00e0 l\u2019\u00e9pilation au fil \u00e0 Playa del Carmen. Douceur et perfection, sans irriter la peau.\" \/>\n<meta name=\"robots\" content=\"index, follow, max-snippet:-1, max-image-preview:large, max-video-preview:-1\" \/>\n<link rel=\"canonical\" href=\"https:\/\/lovelbeauty.mx\/depilacion-con-hilo-playa-del-carmen\/\" \/>\n<meta property=\"og:locale\" content=\"fr_FR\" \/>\n<meta property=\"og:type\" content=\"article\" \/>\n<meta property=\"og:title\" content=\"\u00c9pilation au fil \u00e0 Playa del Carmen | LOVEL BEAUTY\" \/>\n<meta property=\"og:description\" content=\"D\u00e9finissez vos sourcils avec pr\u00e9cision gr\u00e2ce \u00e0 l\u2019\u00e9pilation au fil \u00e0 Playa del Carmen. Douceur et perfection, sans irriter la peau.\" \/>\n<meta property=\"og:url\" content=\"https:\/\/lovelbeauty.mx\/depilacion-con-hilo-playa-del-carmen\/\" \/>\n<meta property=\"og:site_name\" content=\"lovelbeauty.mx\" \/>\n<meta property=\"article:publisher\" content=\"https:\/\/www.facebook.com\/share\/1EyUQBTKqT\/?mibextid=wwXIfr\" \/>\n<meta property=\"article:modified_time\" content=\"2026-02-16T19:34:51+00:00\" \/>\n<meta property=\"og:image\" content=\"https:\/\/lovelbeauty.mx\/wp-content\/uploads\/elementor\/thumbs\/depilacion-con-hilo-en-playa-del-carmen-r35edq6r06closocnbbmnc6nw3nnevoq1zezwff8nc.webp\" \/>\n<meta name=\"twitter:card\" content=\"summary_large_image\" \/>\n<meta name=\"twitter:label1\" content=\"Dur\u00e9e de lecture estim\u00e9e\" \/>\n\t<meta name=\"twitter:data1\" content=\"4 minutes\" \/>\n<script type=\"application\/ld+json\" class=\"yoast-schema-graph\">{\"@context\":\"https:\/\/schema.org\",\"@graph\":[{\"@type\":\"WebPage\",\"@id\":\"https:\/\/lovelbeauty.mx\/depilacion-con-hilo-playa-del-carmen\/\",\"url\":\"https:\/\/lovelbeauty.mx\/depilacion-con-hilo-playa-del-carmen\/\",\"name\":\"\u00c9pilation au fil \u00e0 Playa del Carmen | LOVEL BEAUTY\",\"isPartOf\":{\"@id\":\"https:\/\/lovelbeauty.mx\/#website\"},\"primaryImageOfPage\":{\"@id\":\"https:\/\/lovelbeauty.mx\/depilacion-con-hilo-playa-del-carmen\/#primaryimage\"},\"image\":{\"@id\":\"https:\/\/lovelbeauty.mx\/depilacion-con-hilo-playa-del-carmen\/#primaryimage\"},\"thumbnailUrl\":\"https:\/\/lovelbeauty.mx\/wp-content\/uploads\/elementor\/thumbs\/depilacion-con-hilo-en-playa-del-carmen-r35edq6r06closocnbbmnc6nw3nnevoq1zezwff8nc.webp\",\"datePublished\":\"2025-02-14T20:01:36+00:00\",\"dateModified\":\"2026-02-16T19:34:51+00:00\",\"description\":\"D\u00e9finissez vos sourcils avec pr\u00e9cision gr\u00e2ce \u00e0 l\u2019\u00e9pilation au fil \u00e0 Playa del Carmen. Douceur et perfection, sans irriter la peau.\",\"breadcrumb\":{\"@id\":\"https:\/\/lovelbeauty.mx\/depilacion-con-hilo-playa-del-carmen\/#breadcrumb\"},\"inLanguage\":\"fr-FR\",\"potentialAction\":[{\"@type\":\"ReadAction\",\"target\":[\"https:\/\/lovelbeauty.mx\/depilacion-con-hilo-playa-del-carmen\/\"]}]},{\"@type\":\"ImageObject\",\"inLanguage\":\"fr-FR\",\"@id\":\"https:\/\/lovelbeauty.mx\/depilacion-con-hilo-playa-del-carmen\/#primaryimage\",\"url\":\"https:\/\/lovelbeauty.mx\/wp-content\/uploads\/elementor\/thumbs\/depilacion-con-hilo-en-playa-del-carmen-r35edq6r06closocnbbmnc6nw3nnevoq1zezwff8nc.webp\",\"contentUrl\":\"https:\/\/lovelbeauty.mx\/wp-content\/uploads\/elementor\/thumbs\/depilacion-con-hilo-en-playa-del-carmen-r35edq6r06closocnbbmnc6nw3nnevoq1zezwff8nc.webp\"},{\"@type\":\"BreadcrumbList\",\"@id\":\"https:\/\/lovelbeauty.mx\/depilacion-con-hilo-playa-del-carmen\/#breadcrumb\",\"itemListElement\":[{\"@type\":\"ListItem\",\"position\":1,\"name\":\"Home\",\"item\":\"https:\/\/lovelbeauty.mx\/\"},{\"@type\":\"ListItem\",\"position\":2,\"name\":\"\u00c9PILATION AU FIL\"}]},{\"@type\":\"WebSite\",\"@id\":\"https:\/\/lovelbeauty.mx\/#website\",\"url\":\"https:\/\/lovelbeauty.mx\/\",\"name\":\"Lovel Beauty\",\"description\":\"M\u00e1s Que Belleza... Actos De Amor | Playa Del Carmen\",\"publisher\":{\"@id\":\"https:\/\/lovelbeauty.mx\/#organization\"},\"potentialAction\":[{\"@type\":\"SearchAction\",\"target\":{\"@type\":\"EntryPoint\",\"urlTemplate\":\"https:\/\/lovelbeauty.mx\/?s={search_term_string}\"},\"query-input\":{\"@type\":\"PropertyValueSpecification\",\"valueRequired\":true,\"valueName\":\"search_term_string\"}}],\"inLanguage\":\"fr-FR\"},{\"@type\":\"Organization\",\"@id\":\"https:\/\/lovelbeauty.mx\/#organization\",\"name\":\"Lovel Beauty\",\"url\":\"https:\/\/lovelbeauty.mx\/\",\"logo\":{\"@type\":\"ImageObject\",\"inLanguage\":\"fr-FR\",\"@id\":\"https:\/\/lovelbeauty.mx\/#\/schema\/logo\/image\/\",\"url\":\"https:\/\/lovelbeauty.mx\/wp-content\/uploads\/2025\/02\/1_1.-Marca-Oficial.png\",\"contentUrl\":\"https:\/\/lovelbeauty.mx\/wp-content\/uploads\/2025\/02\/1_1.-Marca-Oficial.png\",\"width\":2550,\"height\":1930,\"caption\":\"Lovel Beauty\"},\"image\":{\"@id\":\"https:\/\/lovelbeauty.mx\/#\/schema\/logo\/image\/\"},\"sameAs\":[\"https:\/\/www.facebook.com\/share\/1EyUQBTKqT\/?mibextid=wwXIfr\",\"https:\/\/www.instagram.com\/lovelbeauty_\"]}]}<\/script>\n<!-- \/ Yoast SEO plugin. -->","yoast_head_json":{"title":"\u00c9pilation au fil \u00e0 Playa del Carmen | LOVEL BEAUTY","description":"D\u00e9finissez vos sourcils avec pr\u00e9cision gr\u00e2ce \u00e0 l\u2019\u00e9pilation au fil \u00e0 Playa del Carmen. Douceur et perfection, sans irriter la peau.","robots":{"index":"index","follow":"follow","max-snippet":"max-snippet:-1","max-image-preview":"max-image-preview:large","max-video-preview":"max-video-preview:-1"},"canonical":"https:\/\/lovelbeauty.mx\/depilacion-con-hilo-playa-del-carmen\/","og_locale":"fr_FR","og_type":"article","og_title":"\u00c9pilation au fil \u00e0 Playa del Carmen | LOVEL BEAUTY","og_description":"D\u00e9finissez vos sourcils avec pr\u00e9cision gr\u00e2ce \u00e0 l\u2019\u00e9pilation au fil \u00e0 Playa del Carmen. Douceur et perfection, sans irriter la peau.","og_url":"https:\/\/lovelbeauty.mx\/depilacion-con-hilo-playa-del-carmen\/","og_site_name":"lovelbeauty.mx","article_publisher":"https:\/\/www.facebook.com\/share\/1EyUQBTKqT\/?mibextid=wwXIfr","article_modified_time":"2026-02-16T19:34:51+00:00","og_image":[{"url":"https:\/\/lovelbeauty.mx\/wp-content\/uploads\/elementor\/thumbs\/depilacion-con-hilo-en-playa-del-carmen-r35edq6r06closocnbbmnc6nw3nnevoq1zezwff8nc.webp","type":"","width":"","height":""}],"twitter_card":"summary_large_image","twitter_misc":{"Dur\u00e9e de lecture estim\u00e9e":"4 minutes"},"schema":{"@context":"https:\/\/schema.org","@graph":[{"@type":"WebPage","@id":"https:\/\/lovelbeauty.mx\/depilacion-con-hilo-playa-del-carmen\/","url":"https:\/\/lovelbeauty.mx\/depilacion-con-hilo-playa-del-carmen\/","name":"\u00c9pilation au fil \u00e0 Playa del Carmen | LOVEL BEAUTY","isPartOf":{"@id":"https:\/\/lovelbeauty.mx\/#website"},"primaryImageOfPage":{"@id":"https:\/\/lovelbeauty.mx\/depilacion-con-hilo-playa-del-carmen\/#primaryimage"},"image":{"@id":"https:\/\/lovelbeauty.mx\/depilacion-con-hilo-playa-del-carmen\/#primaryimage"},"thumbnailUrl":"https:\/\/lovelbeauty.mx\/wp-content\/uploads\/elementor\/thumbs\/depilacion-con-hilo-en-playa-del-carmen-r35edq6r06closocnbbmnc6nw3nnevoq1zezwff8nc.webp","datePublished":"2025-02-14T20:01:36+00:00","dateModified":"2026-02-16T19:34:51+00:00","description":"D\u00e9finissez vos sourcils avec pr\u00e9cision gr\u00e2ce \u00e0 l\u2019\u00e9pilation au fil \u00e0 Playa del Carmen. Douceur et perfection, sans irriter la peau.","breadcrumb":{"@id":"https:\/\/lovelbeauty.mx\/depilacion-con-hilo-playa-del-carmen\/#breadcrumb"},"inLanguage":"fr-FR","potentialAction":[{"@type":"ReadAction","target":["https:\/\/lovelbeauty.mx\/depilacion-con-hilo-playa-del-carmen\/"]}]},{"@type":"ImageObject","inLanguage":"fr-FR","@id":"https:\/\/lovelbeauty.mx\/depilacion-con-hilo-playa-del-carmen\/#primaryimage","url":"https:\/\/lovelbeauty.mx\/wp-content\/uploads\/elementor\/thumbs\/depilacion-con-hilo-en-playa-del-carmen-r35edq6r06closocnbbmnc6nw3nnevoq1zezwff8nc.webp","contentUrl":"https:\/\/lovelbeauty.mx\/wp-content\/uploads\/elementor\/thumbs\/depilacion-con-hilo-en-playa-del-carmen-r35edq6r06closocnbbmnc6nw3nnevoq1zezwff8nc.webp"},{"@type":"BreadcrumbList","@id":"https:\/\/lovelbeauty.mx\/depilacion-con-hilo-playa-del-carmen\/#breadcrumb","itemListElement":[{"@type":"ListItem","position":1,"name":"Home","item":"https:\/\/lovelbeauty.mx\/"},{"@type":"ListItem","position":2,"name":"\u00c9PILATION AU FIL"}]},{"@type":"WebSite","@id":"https:\/\/lovelbeauty.mx\/#website","url":"https:\/\/lovelbeauty.mx\/","name":"Lovel Beauty","description":"M\u00e1s Que Belleza... Actos De Amor | Playa Del Carmen","publisher":{"@id":"https:\/\/lovelbeauty.mx\/#organization"},"potentialAction":[{"@type":"SearchAction","target":{"@type":"EntryPoint","urlTemplate":"https:\/\/lovelbeauty.mx\/?s={search_term_string}"},"query-input":{"@type":"PropertyValueSpecification","valueRequired":true,"valueName":"search_term_string"}}],"inLanguage":"fr-FR"},{"@type":"Organization","@id":"https:\/\/lovelbeauty.mx\/#organization","name":"Lovel Beauty","url":"https:\/\/lovelbeauty.mx\/","logo":{"@type":"ImageObject","inLanguage":"fr-FR","@id":"https:\/\/lovelbeauty.mx\/#\/schema\/logo\/image\/","url":"https:\/\/lovelbeauty.mx\/wp-content\/uploads\/2025\/02\/1_1.-Marca-Oficial.png","contentUrl":"https:\/\/lovelbeauty.mx\/wp-content\/uploads\/2025\/02\/1_1.-Marca-Oficial.png","width":2550,"height":1930,"caption":"Lovel Beauty"},"image":{"@id":"https:\/\/lovelbeauty.mx\/#\/schema\/logo\/image\/"},"sameAs":["https:\/\/www.facebook.com\/share\/1EyUQBTKqT\/?mibextid=wwXIfr","https:\/\/www.instagram.com\/lovelbeauty_"]}]}},"_links":{"self":[{"href":"https:\/\/lovelbeauty.mx\/fr\/wp-json\/wp\/v2\/pages\/8627","targetHints":{"allow":["GET"]}}],"collection":[{"href":"https:\/\/lovelbeauty.mx\/fr\/wp-json\/wp\/v2\/pages"}],"about":[{"href":"https:\/\/lovelbeauty.mx\/fr\/wp-json\/wp\/v2\/types\/page"}],"author":[{"embeddable":true,"href":"https:\/\/lovelbeauty.mx\/fr\/wp-json\/wp\/v2\/users\/1"}],"replies":[{"embeddable":true,"href":"https:\/\/lovelbeauty.mx\/fr\/wp-json\/wp\/v2\/comments?post=8627"}],"version-history":[{"count":10,"href":"https:\/\/lovelbeauty.mx\/fr\/wp-json\/wp\/v2\/pages\/8627\/revisions"}],"predecessor-version":[{"id":9602,"href":"https:\/\/lovelbeauty.mx\/fr\/wp-json\/wp\/v2\/pages\/8627\/revisions\/9602"}],"wp:attachment":[{"href":"https:\/\/lovelbeauty.mx\/fr\/wp-json\/wp\/v2\/media?parent=8627"}],"curies":[{"name":"wp","href":"https:\/\/api.w.org\/{rel}","templated":true}]}}