{"id":8631,"date":"2025-02-14T19:57:23","date_gmt":"2025-02-14T19:57:23","guid":{"rendered":"https:\/\/lovelbeauty.mx\/depilacion-con-sugaring-playa-del-carmen\/"},"modified":"2026-02-16T19:30:30","modified_gmt":"2026-02-16T19:30:30","slug":"epilation-au-sucre-playa-del-carmen","status":"publish","type":"page","link":"https:\/\/lovelbeauty.mx\/fr\/epilation-au-sucre-playa-del-carmen\/","title":{"rendered":"\u00c9PILATION AU SUCRE"},"content":{"rendered":"\t\t<div data-elementor-type=\"wp-page\" data-elementor-id=\"8631\" class=\"elementor elementor-8631\">\n\t\t\t\t<div class=\"elementor-element elementor-element-418644b e-flex e-con-boxed e-con e-parent\" data-id=\"418644b\" data-element_type=\"container\" data-settings=\"{&quot;background_background&quot;:&quot;classic&quot;}\">\n\t\t\t\t\t<div class=\"e-con-inner\">\n\t\t\t\t<div class=\"elementor-element elementor-element-b9f1753 elementor-widget elementor-widget-heading\" data-id=\"b9f1753\" data-element_type=\"widget\" data-widget_type=\"heading.default\">\n\t\t\t\t<div class=\"elementor-widget-container\">\n\t\t\t\t\t<h1 class=\"elementor-heading-title elementor-size-default\">\u00c9PILATION AU SUCRE (SUGARING) \u00c0 PLAYA DEL CARMEN<\/h1>\t\t\t\t<\/div>\n\t\t\t\t<\/div>\n\t\t\t\t\t<\/div>\n\t\t\t\t<\/div>\n\t\t<div class=\"elementor-element elementor-element-e9f222a e-flex e-con-boxed e-con e-parent\" data-id=\"e9f222a\" data-element_type=\"container\">\n\t\t\t\t\t<div class=\"e-con-inner\">\n\t\t\t\t<div class=\"elementor-element elementor-element-ba63228 elementor-widget elementor-widget-text-editor\" data-id=\"ba63228\" data-element_type=\"widget\" data-widget_type=\"text-editor.default\">\n\t\t\t\t<div class=\"elementor-widget-container\">\n\t\t\t\t\t\t\t\t\t<p class=\"p1\">Vous recherchez une alternative naturelle et efficace pour \u00e9liminer les poils avec <span class=\"s1\">l\u2019\u00e9pilation au sucre (sugaring) \u00e0 Playa del Carmen<\/span> ? Vous \u00eates au bon endroit pour d\u00e9couvrir la m\u00e9thode la plus douce pour votre peau.<\/p>\n\n<h2 class=\"p1\">L\u2019\u00c9PILATION NATURELLE LA PLUS DOUCE POUR VOTRE PEAU<\/h2>\n\n<p>Si vous souhaitez \u00e9liminer les poils sans irriter votre peau \u00e0 cause de la chaleur de la cire traditionnelle, l\u2019\u00e9pilation au sucre est la meilleure option. Il s\u2019agit d\u2019une technique <strong>100 % naturelle<\/strong>, \u00e0 base de sucre, qui retire le poil depuis la racine sans provoquer d\u2019allergies ni d\u2019irritations.<\/p>\n\n<p>Cette m\u00e9thode convient \u00e0 tous les types de peau, y compris les peaux sensibles et les zones intimes. Elle r\u00e9duit l\u2019inconfort et \u00e9vite les rougeurs, car elle est r\u00e9alis\u00e9e \u00e0 temp\u00e9rature ambiante. De plus, elle exfolie en douceur, laissant la peau plus lisse et d\u00e9barrass\u00e9e des impuret\u00e9s.<\/p>\t\t\t\t\t\t\t\t<\/div>\n\t\t\t\t<\/div>\n\t\t\t\t<div class=\"elementor-element elementor-element-2b85ff1 elementor-widget elementor-widget-image\" data-id=\"2b85ff1\" data-element_type=\"widget\" data-widget_type=\"image.default\">\n\t\t\t\t<div class=\"elementor-widget-container\">\n\t\t\t\t\t\t\t\t\t\t\t\t\t\t\t<img decoding=\"async\" src=\"https:\/\/lovelbeauty.mx\/wp-content\/uploads\/elementor\/thumbs\/depilacion-con-sugaring-en-playa-del-carmen-r35epy37un2smaxdalh1296dwfffh873qgq8hxazrc.webp\" title=\"Depilaci\u00f3n con Sugaring en Playa del Carmen &#8211; LOVEL BEAUTY\" alt=\"Depilaci\u00f3n con sugaring en Playa del Carmen - m\u00e9todo natural y efectivo.\" loading=\"lazy\" \/>\t\t\t\t\t\t\t\t\t\t\t\t\t\t\t<\/div>\n\t\t\t\t<\/div>\n\t\t\t\t\t<\/div>\n\t\t\t\t<\/div>\n\t\t<div class=\"elementor-element elementor-element-1b7ca9b e-flex e-con-boxed e-con e-parent\" data-id=\"1b7ca9b\" data-element_type=\"container\">\n\t\t\t\t\t<div class=\"e-con-inner\">\n\t\t\t\t<div class=\"elementor-element elementor-element-1a9e7f6 elementor-widget elementor-widget-text-editor\" data-id=\"1a9e7f6\" data-element_type=\"widget\" data-widget_type=\"text-editor.default\">\n\t\t\t\t<div class=\"elementor-widget-container\">\n\t\t\t\t\t\t\t\t\t<h2 class=\"p1\">POURQUOI CHOISIR L\u2019\u00c9PILATION AU SUCRE (SUGARING) ?<\/h2>\n\n<p>\u2714 <strong>Formule naturelle<\/strong>.<\/p>\n\n<p>\u2714 <strong>Moins d\u2019irritations<\/strong> et <strong>une peau plus douce<\/strong>.<\/p>\n\n<p>\u2714 <strong>\u00c9limine le poil \u00e0 la racine<\/strong>, l\u2019affine et ralentit sa repousse.<\/p>\n\n<p>\u2714 <strong>Id\u00e9ale pour tous les types de peau<\/strong>, y compris les peaux sensibles et les zones d\u00e9licates.<\/p>\n\n<p>\u2714 <strong>Effet exfoliant<\/strong> qui laisse la peau lumineuse et renouvel\u00e9e.<\/p>\n\n<p>\u2714 <strong>R\u00e9sultats durables<\/strong> : la peau reste lisse et sans poils pendant 3 \u00e0 6 semaines, selon la vitesse de repousse.<\/p>\n\n<p>\u2714 <strong>R\u00e9duit la repousse du poil<\/strong> : avec une utilisation r\u00e9guli\u00e8re, le poil devient plus fin et moins dense, ce qui diminue progressivement l\u2019inconfort.<\/p>\t\t\t\t\t\t\t\t<\/div>\n\t\t\t\t<\/div>\n\t\t\t\t<div class=\"elementor-element elementor-element-868feb3 content-align-center art-fadeIn art-anim animate__delay-1s elementor-widget elementor-widget-art-dark-button\" data-id=\"868feb3\" data-element_type=\"widget\" data-widget_type=\"art-dark-button.default\">\n\t\t\t\t<div class=\"elementor-widget-container\">\n\t\t\t\t\t\r\n                            <div class=\"art-widget-button art--aliment-center art--aliment-tablet- art--aliment-mobile-\">\r\n                        <a href=\"https:\/\/www.fresha.com\/es\/book-now\/bonita-home-studio-koy6vc12\/all-offer?share&pId=714609\"  rel=\"nofollow\" class=\"art-button art-button-dark\">PRENEZ RENDEZ-VOUS<\/a>\r\n                    <\/div>\r\n                    \r\n\r\n\r\n\t\t\t\t\t\t<\/div>\n\t\t\t\t<\/div>\n\t\t\t\t\t<\/div>\n\t\t\t\t<\/div>\n\t\t<div class=\"elementor-element elementor-element-ae0fe58 e-flex e-con-boxed e-con e-parent\" data-id=\"ae0fe58\" data-element_type=\"container\">\n\t\t\t\t\t<div class=\"e-con-inner\">\n\t\t\t\t<div class=\"elementor-element elementor-element-1b2eb17 elementor-widget elementor-widget-text-editor\" data-id=\"1b2eb17\" data-element_type=\"widget\" data-widget_type=\"text-editor.default\">\n\t\t\t\t<div class=\"elementor-widget-container\">\n\t\t\t\t\t\t\t\t\t<h2 class=\"p1\">COMMENT SE D\u00c9ROULE LE TRAITEMENT ?<\/h2>\n\n<p>1\ufe0f\u20e3 <strong>Pr\u00e9paration de la peau :<\/strong> Nous nettoyons et s\u00e9chons la zone afin d\u2019assurer une \u00e9pilation efficace.<\/p>\n\n<p>2\ufe0f\u20e3 <strong>Application de la p\u00e2te :<\/strong> La p\u00e2te de sucre est appliqu\u00e9e dans le sens de la pousse du poil.<\/p>\n\n<p>3\ufe0f\u20e3 <strong>Extraction en douceur :<\/strong> La p\u00e2te est retir\u00e9e dans le sens oppos\u00e9, \u00e9liminant le poil \u00e0 la racine avec moins d\u2019inconfort et r\u00e9duisant le risque de poils incarn\u00e9s.<\/p>\n\n<p>4\ufe0f\u20e3 <strong>Hydratation :<\/strong> Nous terminons par l\u2019application d\u2019une cr\u00e8me apaisante pour prot\u00e9ger et adoucir la peau.<\/p>\n\n<h2 class=\"p1\">PROFITEZ D\u2019UNE PEAU DOUCE ET SANS POILS AVEC NOTRE \u00c9PILATION AU SUCRE \u00c0 PLAYA DEL CARMEN<\/h2>\n\n<p>Naturelle et efficace.<\/p>\t\t\t\t\t\t\t\t<\/div>\n\t\t\t\t<\/div>\n\t\t\t\t\t<\/div>\n\t\t\t\t<\/div>\n\t\t<div class=\"elementor-element elementor-element-e2262ed e-flex e-con-boxed e-con e-parent\" data-id=\"e2262ed\" data-element_type=\"container\">\n\t\t\t\t\t<div class=\"e-con-inner\">\n\t\t\t\t<div class=\"elementor-element elementor-element-efdb827 elementor-widget elementor-widget-text-editor\" data-id=\"efdb827\" data-element_type=\"widget\" data-widget_type=\"text-editor.default\">\n\t\t\t\t<div class=\"elementor-widget-container\">\n\t\t\t\t\t\t\t\t\t<p class=\"p1\"><strong>Demi-jambes<\/strong> \u2013 $500<\/p><p class=\"p1\"><strong>Jambes compl\u00e8tes<\/strong> \u2013 $900<\/p><p class=\"p1\"><strong>Visage complet<\/strong> \u2013 $600<\/p><p class=\"p1\"><strong>Demi-bras<\/strong> \u2013 $400<\/p><p class=\"p1\"><strong>Bras complets<\/strong> \u2013 $500<\/p><p class=\"p1\"><strong>Aisselles<\/strong> \u2013 $320<\/p><p class=\"p1\"><strong>Bikini<\/strong> \u2013 $500<\/p><p class=\"p1\"><strong>Br\u00e9silien<\/strong> \u2013 $650<\/p>\t\t\t\t\t\t\t\t<\/div>\n\t\t\t\t<\/div>\n\t\t\t\t\t<\/div>\n\t\t\t\t<\/div>\n\t\t<div class=\"elementor-element elementor-element-74e7de8 e-flex e-con-boxed e-con e-parent\" data-id=\"74e7de8\" data-element_type=\"container\">\n\t\t\t\t\t<div class=\"e-con-inner\">\n\t\t\t\t<div class=\"elementor-element elementor-element-47481d4 content-align-center art-fadeIn art-anim animate__delay-1s elementor-widget elementor-widget-art-dark-button\" data-id=\"47481d4\" data-element_type=\"widget\" data-widget_type=\"art-dark-button.default\">\n\t\t\t\t<div class=\"elementor-widget-container\">\n\t\t\t\t\t\r\n        \r\n                <div class=\"art-widget-button art--aliment-center art--aliment-tablet- art--aliment-mobile-\">\r\n                    <a href=\"https:\/\/lovelbeauty.mx\/menu-de-servicios\/\" class=\"art-button art-button-dark\">MENU DES SERVICES<\/a>\r\n                <\/div>\r\n\r\n                \r\n\r\n\r\n\t\t\t\t\t\t<\/div>\n\t\t\t\t<\/div>\n\t\t\t\t\t<\/div>\n\t\t\t\t<\/div>\n\t\t<div class=\"elementor-element elementor-element-3608b5e e-flex e-con-boxed e-con e-parent\" data-id=\"3608b5e\" data-element_type=\"container\">\n\t\t\t\t\t<div class=\"e-con-inner\">\n\t\t<div class=\"elementor-element elementor-element-1e3d12e e-con-full e-flex e-con e-child\" data-id=\"1e3d12e\" data-element_type=\"container\">\n\t\t\t\t<div class=\"elementor-element elementor-element-ce32091 elementor-align-left elementor-invisible elementor-widget elementor-widget-button\" data-id=\"ce32091\" data-element_type=\"widget\" data-settings=\"{&quot;_animation&quot;:&quot;zoomIn&quot;,&quot;_animation_mobile&quot;:&quot;zoomIn&quot;}\" data-widget_type=\"button.default\">\n\t\t\t\t<div class=\"elementor-widget-container\">\n\t\t\t\t\t\t\t\t\t<div class=\"elementor-button-wrapper\">\n\t\t\t\t\t<a class=\"elementor-button elementor-button-link elementor-size-sm\" href=\"https:\/\/lovelbeauty.mx\/fr\/henne-ou-teinture-des-cils-ou-des-sourcils-playa-del-carmen\/\">\n\t\t\t\t\t\t<span class=\"elementor-button-content-wrapper\">\n\t\t\t\t\t\t<span class=\"elementor-button-icon\">\n\t\t\t\t<svg aria-hidden=\"true\" class=\"e-font-icon-svg e-far-arrow-alt-circle-left\" viewBox=\"0 0 512 512\" xmlns=\"http:\/\/www.w3.org\/2000\/svg\"><path d=\"M8 256c0 137 111 248 248 248s248-111 248-248S393 8 256 8 8 119 8 256zm448 0c0 110.5-89.5 200-200 200S56 366.5 56 256 145.5 56 256 56s200 89.5 200 200zm-72-20v40c0 6.6-5.4 12-12 12H256v67c0 10.7-12.9 16-20.5 8.5l-99-99c-4.7-4.7-4.7-12.3 0-17l99-99c7.6-7.6 20.5-2.2 20.5 8.5v67h116c6.6 0 12 5.4 12 12z\"><\/path><\/svg>\t\t\t<\/span>\n\t\t\t\t\t\t\t\t\t<span class=\"elementor-button-text\">HENN\u00c9 OU TEINTURE DES CILS OU DES SOURCILS<\/span>\n\t\t\t\t\t<\/span>\n\t\t\t\t\t<\/a>\n\t\t\t\t<\/div>\n\t\t\t\t\t\t\t\t<\/div>\n\t\t\t\t<\/div>\n\t\t\t\t<div class=\"elementor-element elementor-element-50b72b0 elementor-invisible elementor-widget elementor-widget-button\" data-id=\"50b72b0\" data-element_type=\"widget\" data-settings=\"{&quot;_animation&quot;:&quot;zoomIn&quot;,&quot;_animation_mobile&quot;:&quot;zoomIn&quot;}\" data-widget_type=\"button.default\">\n\t\t\t\t<div class=\"elementor-widget-container\">\n\t\t\t\t\t\t\t\t\t<div class=\"elementor-button-wrapper\">\n\t\t\t\t\t<a class=\"elementor-button elementor-button-link elementor-size-sm\" href=\"https:\/\/lovelbeauty.mx\/fr\/epilation-au-fil-a-playa-del-carmen\/\">\n\t\t\t\t\t\t<span class=\"elementor-button-content-wrapper\">\n\t\t\t\t\t\t<span class=\"elementor-button-icon\">\n\t\t\t\t<svg aria-hidden=\"true\" class=\"e-font-icon-svg e-far-arrow-alt-circle-right\" viewBox=\"0 0 512 512\" xmlns=\"http:\/\/www.w3.org\/2000\/svg\"><path d=\"M504 256C504 119 393 8 256 8S8 119 8 256s111 248 248 248 248-111 248-248zm-448 0c0-110.5 89.5-200 200-200s200 89.5 200 200-89.5 200-200 200S56 366.5 56 256zm72 20v-40c0-6.6 5.4-12 12-12h116v-67c0-10.7 12.9-16 20.5-8.5l99 99c4.7 4.7 4.7 12.3 0 17l-99 99c-7.6 7.6-20.5 2.2-20.5-8.5v-67H140c-6.6 0-12-5.4-12-12z\"><\/path><\/svg>\t\t\t<\/span>\n\t\t\t\t\t\t\t\t\t<span class=\"elementor-button-text\">\u00c9PILATION AU FIL<\/span>\n\t\t\t\t\t<\/span>\n\t\t\t\t\t<\/a>\n\t\t\t\t<\/div>\n\t\t\t\t\t\t\t\t<\/div>\n\t\t\t\t<\/div>\n\t\t\t\t<\/div>\n\t\t\t\t\t<\/div>\n\t\t\t\t<\/div>\n\t\t\t\t<\/div>\n\t\t","protected":false},"excerpt":{"rendered":"<p>\u00c9PILATION AU SUCRE (SUGARING) \u00c0 PLAYA DEL CARMEN Vous recherchez une alternative naturelle et efficace pour \u00e9liminer les poils avec l\u2019\u00e9pilation au sucre (sugaring) \u00e0 Playa del Carmen ? Vous \u00eates au bon endroit pour d\u00e9couvrir la m\u00e9thode la plus douce pour votre peau. L\u2019\u00c9PILATION NATURELLE LA PLUS DOUCE POUR VOTRE PEAU Si vous souhaitez [&hellip;]<\/p>\n","protected":false},"author":1,"featured_media":0,"parent":0,"menu_order":0,"comment_status":"closed","ping_status":"closed","template":"elementor-template.php","meta":{"inline_featured_image":false,"_monsterinsights_skip_tracking":false,"_monsterinsights_sitenote_active":false,"_monsterinsights_sitenote_note":"","_monsterinsights_sitenote_category":0,"footnotes":""},"class_list":["post-8631","page","type-page","status-publish","hentry"],"yoast_head":"<!-- This site is optimized with the Yoast SEO plugin v26.6 - https:\/\/yoast.com\/wordpress\/plugins\/seo\/ -->\n<title>\u00c9pilation au sucre \u00e0 Playa del Carmen | LOVEL BEAUTY<\/title>\n<meta name=\"description\" content=\"\u00c9liminez les poils avec une m\u00e9thode douce et naturelle. D\u00e9couvrez l\u2019\u00e9pilation au sucre \u00e0 Playa del Carmen, sans irritation.\" \/>\n<meta name=\"robots\" content=\"index, follow, max-snippet:-1, max-image-preview:large, max-video-preview:-1\" \/>\n<link rel=\"canonical\" href=\"https:\/\/lovelbeauty.mx\/depilacion-con-sugaring-playa-del-carmen\/\" \/>\n<meta property=\"og:locale\" content=\"fr_FR\" \/>\n<meta property=\"og:type\" content=\"article\" \/>\n<meta property=\"og:title\" content=\"\u00c9pilation au sucre \u00e0 Playa del Carmen | LOVEL BEAUTY\" \/>\n<meta property=\"og:description\" content=\"\u00c9liminez les poils avec une m\u00e9thode douce et naturelle. D\u00e9couvrez l\u2019\u00e9pilation au sucre \u00e0 Playa del Carmen, sans irritation.\" \/>\n<meta property=\"og:url\" content=\"https:\/\/lovelbeauty.mx\/depilacion-con-sugaring-playa-del-carmen\/\" \/>\n<meta property=\"og:site_name\" content=\"lovelbeauty.mx\" \/>\n<meta property=\"article:publisher\" content=\"https:\/\/www.facebook.com\/share\/1EyUQBTKqT\/?mibextid=wwXIfr\" \/>\n<meta property=\"article:modified_time\" content=\"2026-02-16T19:30:30+00:00\" \/>\n<meta property=\"og:image\" content=\"https:\/\/lovelbeauty.mx\/wp-content\/uploads\/elementor\/thumbs\/depilacion-con-sugaring-en-playa-del-carmen-r35epy37un2smaxdalh1296dwfffh873qgq8hxazrc.webp\" \/>\n<meta name=\"twitter:card\" content=\"summary_large_image\" \/>\n<meta name=\"twitter:label1\" content=\"Dur\u00e9e de lecture estim\u00e9e\" \/>\n\t<meta name=\"twitter:data1\" content=\"4 minutes\" \/>\n<script type=\"application\/ld+json\" class=\"yoast-schema-graph\">{\"@context\":\"https:\/\/schema.org\",\"@graph\":[{\"@type\":\"WebPage\",\"@id\":\"https:\/\/lovelbeauty.mx\/depilacion-con-sugaring-playa-del-carmen\/\",\"url\":\"https:\/\/lovelbeauty.mx\/depilacion-con-sugaring-playa-del-carmen\/\",\"name\":\"\u00c9pilation au sucre \u00e0 Playa del Carmen | LOVEL BEAUTY\",\"isPartOf\":{\"@id\":\"https:\/\/lovelbeauty.mx\/#website\"},\"primaryImageOfPage\":{\"@id\":\"https:\/\/lovelbeauty.mx\/depilacion-con-sugaring-playa-del-carmen\/#primaryimage\"},\"image\":{\"@id\":\"https:\/\/lovelbeauty.mx\/depilacion-con-sugaring-playa-del-carmen\/#primaryimage\"},\"thumbnailUrl\":\"https:\/\/lovelbeauty.mx\/wp-content\/uploads\/elementor\/thumbs\/depilacion-con-sugaring-en-playa-del-carmen-r35epy37un2smaxdalh1296dwfffh873qgq8hxazrc.webp\",\"datePublished\":\"2025-02-14T19:57:23+00:00\",\"dateModified\":\"2026-02-16T19:30:30+00:00\",\"description\":\"\u00c9liminez les poils avec une m\u00e9thode douce et naturelle. D\u00e9couvrez l\u2019\u00e9pilation au sucre \u00e0 Playa del Carmen, sans irritation.\",\"breadcrumb\":{\"@id\":\"https:\/\/lovelbeauty.mx\/depilacion-con-sugaring-playa-del-carmen\/#breadcrumb\"},\"inLanguage\":\"fr-FR\",\"potentialAction\":[{\"@type\":\"ReadAction\",\"target\":[\"https:\/\/lovelbeauty.mx\/depilacion-con-sugaring-playa-del-carmen\/\"]}]},{\"@type\":\"ImageObject\",\"inLanguage\":\"fr-FR\",\"@id\":\"https:\/\/lovelbeauty.mx\/depilacion-con-sugaring-playa-del-carmen\/#primaryimage\",\"url\":\"https:\/\/lovelbeauty.mx\/wp-content\/uploads\/elementor\/thumbs\/depilacion-con-sugaring-en-playa-del-carmen-r35epy37un2smaxdalh1296dwfffh873qgq8hxazrc.webp\",\"contentUrl\":\"https:\/\/lovelbeauty.mx\/wp-content\/uploads\/elementor\/thumbs\/depilacion-con-sugaring-en-playa-del-carmen-r35epy37un2smaxdalh1296dwfffh873qgq8hxazrc.webp\"},{\"@type\":\"BreadcrumbList\",\"@id\":\"https:\/\/lovelbeauty.mx\/depilacion-con-sugaring-playa-del-carmen\/#breadcrumb\",\"itemListElement\":[{\"@type\":\"ListItem\",\"position\":1,\"name\":\"Home\",\"item\":\"https:\/\/lovelbeauty.mx\/\"},{\"@type\":\"ListItem\",\"position\":2,\"name\":\"\u00c9PILATION AU SUCRE\"}]},{\"@type\":\"WebSite\",\"@id\":\"https:\/\/lovelbeauty.mx\/#website\",\"url\":\"https:\/\/lovelbeauty.mx\/\",\"name\":\"Lovel Beauty\",\"description\":\"M\u00e1s Que Belleza... Actos De Amor | Playa Del Carmen\",\"publisher\":{\"@id\":\"https:\/\/lovelbeauty.mx\/#organization\"},\"potentialAction\":[{\"@type\":\"SearchAction\",\"target\":{\"@type\":\"EntryPoint\",\"urlTemplate\":\"https:\/\/lovelbeauty.mx\/?s={search_term_string}\"},\"query-input\":{\"@type\":\"PropertyValueSpecification\",\"valueRequired\":true,\"valueName\":\"search_term_string\"}}],\"inLanguage\":\"fr-FR\"},{\"@type\":\"Organization\",\"@id\":\"https:\/\/lovelbeauty.mx\/#organization\",\"name\":\"Lovel Beauty\",\"url\":\"https:\/\/lovelbeauty.mx\/\",\"logo\":{\"@type\":\"ImageObject\",\"inLanguage\":\"fr-FR\",\"@id\":\"https:\/\/lovelbeauty.mx\/#\/schema\/logo\/image\/\",\"url\":\"https:\/\/lovelbeauty.mx\/wp-content\/uploads\/2025\/02\/1_1.-Marca-Oficial.png\",\"contentUrl\":\"https:\/\/lovelbeauty.mx\/wp-content\/uploads\/2025\/02\/1_1.-Marca-Oficial.png\",\"width\":2550,\"height\":1930,\"caption\":\"Lovel Beauty\"},\"image\":{\"@id\":\"https:\/\/lovelbeauty.mx\/#\/schema\/logo\/image\/\"},\"sameAs\":[\"https:\/\/www.facebook.com\/share\/1EyUQBTKqT\/?mibextid=wwXIfr\",\"https:\/\/www.instagram.com\/lovelbeauty_\"]}]}<\/script>\n<!-- \/ Yoast SEO plugin. -->","yoast_head_json":{"title":"\u00c9pilation au sucre \u00e0 Playa del Carmen | LOVEL BEAUTY","description":"\u00c9liminez les poils avec une m\u00e9thode douce et naturelle. D\u00e9couvrez l\u2019\u00e9pilation au sucre \u00e0 Playa del Carmen, sans irritation.","robots":{"index":"index","follow":"follow","max-snippet":"max-snippet:-1","max-image-preview":"max-image-preview:large","max-video-preview":"max-video-preview:-1"},"canonical":"https:\/\/lovelbeauty.mx\/depilacion-con-sugaring-playa-del-carmen\/","og_locale":"fr_FR","og_type":"article","og_title":"\u00c9pilation au sucre \u00e0 Playa del Carmen | LOVEL BEAUTY","og_description":"\u00c9liminez les poils avec une m\u00e9thode douce et naturelle. D\u00e9couvrez l\u2019\u00e9pilation au sucre \u00e0 Playa del Carmen, sans irritation.","og_url":"https:\/\/lovelbeauty.mx\/depilacion-con-sugaring-playa-del-carmen\/","og_site_name":"lovelbeauty.mx","article_publisher":"https:\/\/www.facebook.com\/share\/1EyUQBTKqT\/?mibextid=wwXIfr","article_modified_time":"2026-02-16T19:30:30+00:00","og_image":[{"url":"https:\/\/lovelbeauty.mx\/wp-content\/uploads\/elementor\/thumbs\/depilacion-con-sugaring-en-playa-del-carmen-r35epy37un2smaxdalh1296dwfffh873qgq8hxazrc.webp","type":"","width":"","height":""}],"twitter_card":"summary_large_image","twitter_misc":{"Dur\u00e9e de lecture estim\u00e9e":"4 minutes"},"schema":{"@context":"https:\/\/schema.org","@graph":[{"@type":"WebPage","@id":"https:\/\/lovelbeauty.mx\/depilacion-con-sugaring-playa-del-carmen\/","url":"https:\/\/lovelbeauty.mx\/depilacion-con-sugaring-playa-del-carmen\/","name":"\u00c9pilation au sucre \u00e0 Playa del Carmen | LOVEL BEAUTY","isPartOf":{"@id":"https:\/\/lovelbeauty.mx\/#website"},"primaryImageOfPage":{"@id":"https:\/\/lovelbeauty.mx\/depilacion-con-sugaring-playa-del-carmen\/#primaryimage"},"image":{"@id":"https:\/\/lovelbeauty.mx\/depilacion-con-sugaring-playa-del-carmen\/#primaryimage"},"thumbnailUrl":"https:\/\/lovelbeauty.mx\/wp-content\/uploads\/elementor\/thumbs\/depilacion-con-sugaring-en-playa-del-carmen-r35epy37un2smaxdalh1296dwfffh873qgq8hxazrc.webp","datePublished":"2025-02-14T19:57:23+00:00","dateModified":"2026-02-16T19:30:30+00:00","description":"\u00c9liminez les poils avec une m\u00e9thode douce et naturelle. D\u00e9couvrez l\u2019\u00e9pilation au sucre \u00e0 Playa del Carmen, sans irritation.","breadcrumb":{"@id":"https:\/\/lovelbeauty.mx\/depilacion-con-sugaring-playa-del-carmen\/#breadcrumb"},"inLanguage":"fr-FR","potentialAction":[{"@type":"ReadAction","target":["https:\/\/lovelbeauty.mx\/depilacion-con-sugaring-playa-del-carmen\/"]}]},{"@type":"ImageObject","inLanguage":"fr-FR","@id":"https:\/\/lovelbeauty.mx\/depilacion-con-sugaring-playa-del-carmen\/#primaryimage","url":"https:\/\/lovelbeauty.mx\/wp-content\/uploads\/elementor\/thumbs\/depilacion-con-sugaring-en-playa-del-carmen-r35epy37un2smaxdalh1296dwfffh873qgq8hxazrc.webp","contentUrl":"https:\/\/lovelbeauty.mx\/wp-content\/uploads\/elementor\/thumbs\/depilacion-con-sugaring-en-playa-del-carmen-r35epy37un2smaxdalh1296dwfffh873qgq8hxazrc.webp"},{"@type":"BreadcrumbList","@id":"https:\/\/lovelbeauty.mx\/depilacion-con-sugaring-playa-del-carmen\/#breadcrumb","itemListElement":[{"@type":"ListItem","position":1,"name":"Home","item":"https:\/\/lovelbeauty.mx\/"},{"@type":"ListItem","position":2,"name":"\u00c9PILATION AU SUCRE"}]},{"@type":"WebSite","@id":"https:\/\/lovelbeauty.mx\/#website","url":"https:\/\/lovelbeauty.mx\/","name":"Lovel Beauty","description":"M\u00e1s Que Belleza... Actos De Amor | Playa Del Carmen","publisher":{"@id":"https:\/\/lovelbeauty.mx\/#organization"},"potentialAction":[{"@type":"SearchAction","target":{"@type":"EntryPoint","urlTemplate":"https:\/\/lovelbeauty.mx\/?s={search_term_string}"},"query-input":{"@type":"PropertyValueSpecification","valueRequired":true,"valueName":"search_term_string"}}],"inLanguage":"fr-FR"},{"@type":"Organization","@id":"https:\/\/lovelbeauty.mx\/#organization","name":"Lovel Beauty","url":"https:\/\/lovelbeauty.mx\/","logo":{"@type":"ImageObject","inLanguage":"fr-FR","@id":"https:\/\/lovelbeauty.mx\/#\/schema\/logo\/image\/","url":"https:\/\/lovelbeauty.mx\/wp-content\/uploads\/2025\/02\/1_1.-Marca-Oficial.png","contentUrl":"https:\/\/lovelbeauty.mx\/wp-content\/uploads\/2025\/02\/1_1.-Marca-Oficial.png","width":2550,"height":1930,"caption":"Lovel Beauty"},"image":{"@id":"https:\/\/lovelbeauty.mx\/#\/schema\/logo\/image\/"},"sameAs":["https:\/\/www.facebook.com\/share\/1EyUQBTKqT\/?mibextid=wwXIfr","https:\/\/www.instagram.com\/lovelbeauty_"]}]}},"_links":{"self":[{"href":"https:\/\/lovelbeauty.mx\/fr\/wp-json\/wp\/v2\/pages\/8631","targetHints":{"allow":["GET"]}}],"collection":[{"href":"https:\/\/lovelbeauty.mx\/fr\/wp-json\/wp\/v2\/pages"}],"about":[{"href":"https:\/\/lovelbeauty.mx\/fr\/wp-json\/wp\/v2\/types\/page"}],"author":[{"embeddable":true,"href":"https:\/\/lovelbeauty.mx\/fr\/wp-json\/wp\/v2\/users\/1"}],"replies":[{"embeddable":true,"href":"https:\/\/lovelbeauty.mx\/fr\/wp-json\/wp\/v2\/comments?post=8631"}],"version-history":[{"count":10,"href":"https:\/\/lovelbeauty.mx\/fr\/wp-json\/wp\/v2\/pages\/8631\/revisions"}],"predecessor-version":[{"id":9590,"href":"https:\/\/lovelbeauty.mx\/fr\/wp-json\/wp\/v2\/pages\/8631\/revisions\/9590"}],"wp:attachment":[{"href":"https:\/\/lovelbeauty.mx\/fr\/wp-json\/wp\/v2\/media?parent=8631"}],"curies":[{"name":"wp","href":"https:\/\/api.w.org\/{rel}","templated":true}]}}