{"id":8636,"date":"2025-02-14T00:54:36","date_gmt":"2025-02-14T00:54:36","guid":{"rendered":"https:\/\/lovelbeauty.mx\/henna-o-tinte-en-pestanas-o-cejas-playa-del-carmen\/"},"modified":"2026-02-16T18:02:55","modified_gmt":"2026-02-16T18:02:55","slug":"henne-ou-teinture-des-cils-ou-des-sourcils-playa-del-carmen","status":"publish","type":"page","link":"https:\/\/lovelbeauty.mx\/fr\/henne-ou-teinture-des-cils-ou-des-sourcils-playa-del-carmen\/","title":{"rendered":"HENN\u00c9 OU TEINTURE DES CILS OU DES SOURCILS"},"content":{"rendered":"\t\t<div data-elementor-type=\"wp-page\" data-elementor-id=\"8636\" class=\"elementor elementor-8636\">\n\t\t\t\t<div class=\"elementor-element elementor-element-418644b e-flex e-con-boxed e-con e-parent\" data-id=\"418644b\" data-element_type=\"container\" data-settings=\"{&quot;background_background&quot;:&quot;classic&quot;}\">\n\t\t\t\t\t<div class=\"e-con-inner\">\n\t\t\t\t<div class=\"elementor-element elementor-element-b9f1753 elementor-widget elementor-widget-heading\" data-id=\"b9f1753\" data-element_type=\"widget\" data-widget_type=\"heading.default\">\n\t\t\t\t<div class=\"elementor-widget-container\">\n\t\t\t\t\t<h1 class=\"elementor-heading-title elementor-size-default\">HENN\u00c9 OU TEINTURE DES CILS OU DES SOURCILS \u00c0 PLAYA DEL CARMEN<\/h1>\t\t\t\t<\/div>\n\t\t\t\t<\/div>\n\t\t\t\t\t<\/div>\n\t\t\t\t<\/div>\n\t\t<div class=\"elementor-element elementor-element-e9f222a e-flex e-con-boxed e-con e-parent\" data-id=\"e9f222a\" data-element_type=\"container\">\n\t\t\t\t\t<div class=\"e-con-inner\">\n\t\t\t\t<div class=\"elementor-element elementor-element-ba63228 elementor-widget elementor-widget-text-editor\" data-id=\"ba63228\" data-element_type=\"widget\" data-widget_type=\"text-editor.default\">\n\t\t\t\t<div class=\"elementor-widget-container\">\n\t\t\t\t\t\t\t\t\t<p class=\"p1\">Souhaitez-vous intensifier la couleur de vos sourcils ou de vos cils avec la henn\u00e9 ou la teinture \u00e0 Playa del Carmen ? Obtenez un regard plus d\u00e9fini et expressif, sans avoir besoin de maquillage. Fini les cils ternes et les sourcils peu marqu\u00e9s : gr\u00e2ce \u00e0 ce soin, votre regard parlera de lui-m\u00eame.<\/p>\n\n<h2 class=\"p1\">COULEUR INTENSE ET D\u00c9FINITION SANS MAQUILLAGE<\/h2>\n\n<p class=\"p1\">La teinture ou le henn\u00e9 pour les cils et les sourcils est id\u00e9al pour celles et ceux qui souhaitent un r\u00e9sultat plus intense et d\u00e9fini sans utiliser de mascara ni de crayon au quotidien. Il apporte une couleur uniforme qui sublime le regard et structure les sourcils avec un fini naturel et durable. Vous gagnez du temps chaque matin tout en restant impeccable d\u00e8s le premier instant de la journ\u00e9e.<\/p>\n\n<p class=\"p1\">Ce soin est parfait si vous recherchez un rehaussement subtil mais visible. Le henn\u00e9, en plus, nourrit et renforce les poils, leur donnant un aspect plus dense et plus sain. Ce n\u2019est pas seulement de la couleur, c\u2019est aussi du soin. Et le meilleur : vous pouvez choisir la teinte qui s\u2019harmonise le mieux avec votre visage et votre style.<\/p>\t\t\t\t\t\t\t\t<\/div>\n\t\t\t\t<\/div>\n\t\t\t\t<div class=\"elementor-element elementor-element-2b85ff1 elementor-widget elementor-widget-image\" data-id=\"2b85ff1\" data-element_type=\"widget\" data-widget_type=\"image.default\">\n\t\t\t\t<div class=\"elementor-widget-container\">\n\t\t\t\t\t\t\t\t\t\t\t\t\t\t\t<img decoding=\"async\" src=\"https:\/\/lovelbeauty.mx\/wp-content\/uploads\/elementor\/thumbs\/henna-o-tinte-en-pestanas-y-cejas-en-playa-del-carmen-r35ebgeshl8nmpz4wtz34etk7kupt7o2qqnr5cshoo.webp\" title=\"Henna y Tinte en Pesta\u00f1as o Cejas en Playa del Carmen &#8211; LOVEL BEAUTY\" alt=\"Henna o tinte en pesta\u00f1as y cejas en Playa del Carmen para una mirada intensa.\" loading=\"lazy\" \/>\t\t\t\t\t\t\t\t\t\t\t\t\t\t\t<\/div>\n\t\t\t\t<\/div>\n\t\t\t\t\t<\/div>\n\t\t\t\t<\/div>\n\t\t<div class=\"elementor-element elementor-element-24bea54 e-flex e-con-boxed e-con e-parent\" data-id=\"24bea54\" data-element_type=\"container\">\n\t\t\t\t\t<div class=\"e-con-inner\">\n\t\t\t\t<div class=\"elementor-element elementor-element-ae7bdfb elementor-widget elementor-widget-text-editor\" data-id=\"ae7bdfb\" data-element_type=\"widget\" data-widget_type=\"text-editor.default\">\n\t\t\t\t<div class=\"elementor-widget-container\">\n\t\t\t\t\t\t\t\t\t<h2 class=\"p1\">POURQUOI CHOISIR LE HENN\u00c9 OU LA TEINTURE DES CILS OU DES SOURCILS ?<\/h2>\n\n<p>\u2714 <strong>Effet maquillage naturel<\/strong> sans avoir besoin de produits au quotidien.<\/p>\n\n<p>\u2714 <strong>Intensifie la couleur<\/strong> pour un regard plus profond et expressif.<\/p>\n\n<p>\u2714 <strong>Dure entre 2 et 3 semaines<\/strong>, selon le type de peau.<\/p>\n\n<p>\u2714 Id\u00e9al pour celles et ceux qui ont des <strong>sourcils clairs ou des cils peu visibles<\/strong>.<\/p>\n\n<p class=\"p1\">\u2714 <strong>Compl\u00e8te parfaitement<\/strong> d\u2019autres soins comme le <span class=\"s1\"><b>lash lifting<\/b><\/span> ou la <span class=\"s1\"><b>lamination des sourcils<\/b><\/span>.<\/p>\n\n<p class=\"p1\">\u2714 <strong>Apporte une brillance subtile et une couleur uniforme<\/strong> qui met en valeur la sym\u00e9trie du visage.<\/p>\n\n<p class=\"p1\">N\u2019attendez plus pour offrir \u00e0 votre regard l\u2019intensit\u00e9 qu\u2019il m\u00e9rite. <span class=\"s1\">Venez chez LOVEL BEAUTY et d\u00e9couvrez comment un petit changement peut faire une grande diff\u00e9rence.<\/span> Vous n\u2019avez pas besoin de maquillage pour vous sentir incroyable. <span class=\"s1\">Donnez plus de vie \u00e0 votre regard d\u00e8s aujourd\u2019hui.<\/span><\/p>\t\t\t\t\t\t\t\t<\/div>\n\t\t\t\t<\/div>\n\t\t\t\t\t<\/div>\n\t\t\t\t<\/div>\n\t\t<div class=\"elementor-element elementor-element-e2262ed e-flex e-con-boxed e-con e-parent\" data-id=\"e2262ed\" data-element_type=\"container\">\n\t\t\t\t\t<div class=\"e-con-inner\">\n\t\t\t\t<div class=\"elementor-element elementor-element-fa95ca5 content-align-center art-fadeIn art-anim animate__delay-1s elementor-widget elementor-widget-art-dark-button\" data-id=\"fa95ca5\" data-element_type=\"widget\" data-widget_type=\"art-dark-button.default\">\n\t\t\t\t<div class=\"elementor-widget-container\">\n\t\t\t\t\t\r\n                            <div class=\"art-widget-button art--aliment-center art--aliment-tablet- art--aliment-mobile-\">\r\n                        <a href=\"https:\/\/www.fresha.com\/es\/book-now\/bonita-home-studio-koy6vc12\/all-offer?share&pId=714609\"  rel=\"nofollow\" class=\"art-button art-button-dark\">PRENEZ RENDEZ-VOUS<\/a>\r\n                    <\/div>\r\n                    \r\n\r\n\r\n\t\t\t\t\t\t<\/div>\n\t\t\t\t<\/div>\n\t\t\t\t<div class=\"elementor-element elementor-element-efdb827 elementor-widget elementor-widget-text-editor\" data-id=\"efdb827\" data-element_type=\"widget\" data-widget_type=\"text-editor.default\">\n\t\t\t\t<div class=\"elementor-widget-container\">\n\t\t\t\t\t\t\t\t\t<p><strong>Henn\u00e9 ou teinture des cils ou des sourcils \u2013 <\/strong>$390<\/p>\t\t\t\t\t\t\t\t<\/div>\n\t\t\t\t<\/div>\n\t\t\t\t\t<\/div>\n\t\t\t\t<\/div>\n\t\t<div class=\"elementor-element elementor-element-74e7de8 e-flex e-con-boxed e-con e-parent\" data-id=\"74e7de8\" data-element_type=\"container\">\n\t\t\t\t\t<div class=\"e-con-inner\">\n\t\t\t\t<div class=\"elementor-element elementor-element-4a4f83b content-align-center art-fadeIn art-anim animate__delay-1s elementor-widget elementor-widget-art-dark-button\" data-id=\"4a4f83b\" data-element_type=\"widget\" data-widget_type=\"art-dark-button.default\">\n\t\t\t\t<div class=\"elementor-widget-container\">\n\t\t\t\t\t\r\n        \r\n                <div class=\"art-widget-button art--aliment-center art--aliment-tablet- art--aliment-mobile-\">\r\n                    <a href=\"https:\/\/lovelbeauty.mx\/menu-de-servicios\/\" class=\"art-button art-button-dark\">MENU DES SERVICES<\/a>\r\n                <\/div>\r\n\r\n                \r\n\r\n\r\n\t\t\t\t\t\t<\/div>\n\t\t\t\t<\/div>\n\t\t\t\t\t<\/div>\n\t\t\t\t<\/div>\n\t\t<div class=\"elementor-element elementor-element-8f60a35 e-flex e-con-boxed e-con e-parent\" data-id=\"8f60a35\" data-element_type=\"container\">\n\t\t\t\t\t<div class=\"e-con-inner\">\n\t\t<div class=\"elementor-element elementor-element-5694d45 e-con-full e-flex e-con e-child\" data-id=\"5694d45\" data-element_type=\"container\">\n\t\t\t\t<div class=\"elementor-element elementor-element-82a6aa4 elementor-align-left elementor-invisible elementor-widget elementor-widget-button\" data-id=\"82a6aa4\" data-element_type=\"widget\" data-settings=\"{&quot;_animation&quot;:&quot;zoomIn&quot;,&quot;_animation_mobile&quot;:&quot;zoomIn&quot;}\" data-widget_type=\"button.default\">\n\t\t\t\t<div class=\"elementor-widget-container\">\n\t\t\t\t\t\t\t\t\t<div class=\"elementor-button-wrapper\">\n\t\t\t\t\t<a class=\"elementor-button elementor-button-link elementor-size-sm\" href=\"https:\/\/lovelbeauty.mx\/fr\/ongles-playa-del-carmen\/\">\n\t\t\t\t\t\t<span class=\"elementor-button-content-wrapper\">\n\t\t\t\t\t\t<span class=\"elementor-button-icon\">\n\t\t\t\t<svg aria-hidden=\"true\" class=\"e-font-icon-svg e-far-arrow-alt-circle-left\" viewBox=\"0 0 512 512\" xmlns=\"http:\/\/www.w3.org\/2000\/svg\"><path d=\"M8 256c0 137 111 248 248 248s248-111 248-248S393 8 256 8 8 119 8 256zm448 0c0 110.5-89.5 200-200 200S56 366.5 56 256 145.5 56 256 56s200 89.5 200 200zm-72-20v40c0 6.6-5.4 12-12 12H256v67c0 10.7-12.9 16-20.5 8.5l-99-99c-4.7-4.7-4.7-12.3 0-17l99-99c7.6-7.6 20.5-2.2 20.5 8.5v67h116c6.6 0 12 5.4 12 12z\"><\/path><\/svg>\t\t\t<\/span>\n\t\t\t\t\t\t\t\t\t<span class=\"elementor-button-text\">ONGLES<\/span>\n\t\t\t\t\t<\/span>\n\t\t\t\t\t<\/a>\n\t\t\t\t<\/div>\n\t\t\t\t\t\t\t\t<\/div>\n\t\t\t\t<\/div>\n\t\t\t\t<div class=\"elementor-element elementor-element-c317ac2 elementor-invisible elementor-widget elementor-widget-button\" data-id=\"c317ac2\" data-element_type=\"widget\" data-settings=\"{&quot;_animation&quot;:&quot;zoomIn&quot;,&quot;_animation_mobile&quot;:&quot;zoomIn&quot;}\" data-widget_type=\"button.default\">\n\t\t\t\t<div class=\"elementor-widget-container\">\n\t\t\t\t\t\t\t\t\t<div class=\"elementor-button-wrapper\">\n\t\t\t\t\t<a class=\"elementor-button elementor-button-link elementor-size-sm\" href=\"https:\/\/lovelbeauty.mx\/fr\/epilation-au-sucre-playa-del-carmen\/\">\n\t\t\t\t\t\t<span class=\"elementor-button-content-wrapper\">\n\t\t\t\t\t\t<span class=\"elementor-button-icon\">\n\t\t\t\t<svg aria-hidden=\"true\" class=\"e-font-icon-svg e-far-arrow-alt-circle-right\" viewBox=\"0 0 512 512\" xmlns=\"http:\/\/www.w3.org\/2000\/svg\"><path d=\"M504 256C504 119 393 8 256 8S8 119 8 256s111 248 248 248 248-111 248-248zm-448 0c0-110.5 89.5-200 200-200s200 89.5 200 200-89.5 200-200 200S56 366.5 56 256zm72 20v-40c0-6.6 5.4-12 12-12h116v-67c0-10.7 12.9-16 20.5-8.5l99 99c4.7 4.7 4.7 12.3 0 17l-99 99c-7.6 7.6-20.5 2.2-20.5-8.5v-67H140c-6.6 0-12-5.4-12-12z\"><\/path><\/svg>\t\t\t<\/span>\n\t\t\t\t\t\t\t\t\t<span class=\"elementor-button-text\">\u00c9PILATION AU SUCRE<\/span>\n\t\t\t\t\t<\/span>\n\t\t\t\t\t<\/a>\n\t\t\t\t<\/div>\n\t\t\t\t\t\t\t\t<\/div>\n\t\t\t\t<\/div>\n\t\t\t\t<\/div>\n\t\t\t\t\t<\/div>\n\t\t\t\t<\/div>\n\t\t\t\t<\/div>\n\t\t","protected":false},"excerpt":{"rendered":"<p>HENN\u00c9 OU TEINTURE DES CILS OU DES SOURCILS \u00c0 PLAYA DEL CARMEN Souhaitez-vous intensifier la couleur de vos sourcils ou de vos cils avec la henn\u00e9 ou la teinture \u00e0 Playa del Carmen ? Obtenez un regard plus d\u00e9fini et expressif, sans avoir besoin de maquillage. Fini les cils ternes et les sourcils peu marqu\u00e9s [&hellip;]<\/p>\n","protected":false},"author":1,"featured_media":0,"parent":0,"menu_order":0,"comment_status":"closed","ping_status":"closed","template":"elementor-template.php","meta":{"inline_featured_image":false,"_monsterinsights_skip_tracking":false,"_monsterinsights_sitenote_active":false,"_monsterinsights_sitenote_note":"","_monsterinsights_sitenote_category":0,"footnotes":""},"class_list":["post-8636","page","type-page","status-publish","hentry"],"yoast_head":"<!-- This site is optimized with the Yoast SEO plugin v26.6 - https:\/\/yoast.com\/wordpress\/plugins\/seo\/ -->\n<title>Henn\u00e9 ou teinture des cils ou des sourcils | LOVEL BEAUTY<\/title>\n<meta name=\"description\" content=\"Sublimez votre regard avec le henn\u00e9 ou la teinture des cils et des sourcils \u00e0 Playa del Carmen. Intensifiez la couleur sans retouches quotidiennes.\" \/>\n<meta name=\"robots\" content=\"index, follow, max-snippet:-1, max-image-preview:large, max-video-preview:-1\" \/>\n<link rel=\"canonical\" href=\"https:\/\/lovelbeauty.mx\/henna-o-tinte-en-pestanas-o-cejas-playa-del-carmen\/\" \/>\n<meta property=\"og:locale\" content=\"fr_FR\" \/>\n<meta property=\"og:type\" content=\"article\" \/>\n<meta property=\"og:title\" content=\"Henn\u00e9 ou teinture des cils ou des sourcils | LOVEL BEAUTY\" \/>\n<meta property=\"og:description\" content=\"Sublimez votre regard avec le henn\u00e9 ou la teinture des cils et des sourcils \u00e0 Playa del Carmen. Intensifiez la couleur sans retouches quotidiennes.\" \/>\n<meta property=\"og:url\" content=\"https:\/\/lovelbeauty.mx\/henna-o-tinte-en-pestanas-o-cejas-playa-del-carmen\/\" \/>\n<meta property=\"og:site_name\" content=\"lovelbeauty.mx\" \/>\n<meta property=\"article:publisher\" content=\"https:\/\/www.facebook.com\/share\/1EyUQBTKqT\/?mibextid=wwXIfr\" \/>\n<meta property=\"article:modified_time\" content=\"2026-02-16T18:02:55+00:00\" \/>\n<meta property=\"og:image\" content=\"https:\/\/lovelbeauty.mx\/wp-content\/uploads\/elementor\/thumbs\/henna-o-tinte-en-pestanas-y-cejas-en-playa-del-carmen-r35ebgeshl8nmpz4wtz34etk7kupt7o2qqnr5cshoo.webp\" \/>\n<meta name=\"twitter:card\" content=\"summary_large_image\" \/>\n<meta name=\"twitter:label1\" content=\"Dur\u00e9e de lecture estim\u00e9e\" \/>\n\t<meta name=\"twitter:data1\" content=\"3 minutes\" \/>\n<script type=\"application\/ld+json\" class=\"yoast-schema-graph\">{\"@context\":\"https:\/\/schema.org\",\"@graph\":[{\"@type\":\"WebPage\",\"@id\":\"https:\/\/lovelbeauty.mx\/henna-o-tinte-en-pestanas-o-cejas-playa-del-carmen\/\",\"url\":\"https:\/\/lovelbeauty.mx\/henna-o-tinte-en-pestanas-o-cejas-playa-del-carmen\/\",\"name\":\"Henn\u00e9 ou teinture des cils ou des sourcils | LOVEL BEAUTY\",\"isPartOf\":{\"@id\":\"https:\/\/lovelbeauty.mx\/#website\"},\"primaryImageOfPage\":{\"@id\":\"https:\/\/lovelbeauty.mx\/henna-o-tinte-en-pestanas-o-cejas-playa-del-carmen\/#primaryimage\"},\"image\":{\"@id\":\"https:\/\/lovelbeauty.mx\/henna-o-tinte-en-pestanas-o-cejas-playa-del-carmen\/#primaryimage\"},\"thumbnailUrl\":\"https:\/\/lovelbeauty.mx\/wp-content\/uploads\/elementor\/thumbs\/henna-o-tinte-en-pestanas-y-cejas-en-playa-del-carmen-r35ebgeshl8nmpz4wtz34etk7kupt7o2qqnr5cshoo.webp\",\"datePublished\":\"2025-02-14T00:54:36+00:00\",\"dateModified\":\"2026-02-16T18:02:55+00:00\",\"description\":\"Sublimez votre regard avec le henn\u00e9 ou la teinture des cils et des sourcils \u00e0 Playa del Carmen. Intensifiez la couleur sans retouches quotidiennes.\",\"breadcrumb\":{\"@id\":\"https:\/\/lovelbeauty.mx\/henna-o-tinte-en-pestanas-o-cejas-playa-del-carmen\/#breadcrumb\"},\"inLanguage\":\"fr-FR\",\"potentialAction\":[{\"@type\":\"ReadAction\",\"target\":[\"https:\/\/lovelbeauty.mx\/henna-o-tinte-en-pestanas-o-cejas-playa-del-carmen\/\"]}]},{\"@type\":\"ImageObject\",\"inLanguage\":\"fr-FR\",\"@id\":\"https:\/\/lovelbeauty.mx\/henna-o-tinte-en-pestanas-o-cejas-playa-del-carmen\/#primaryimage\",\"url\":\"https:\/\/lovelbeauty.mx\/wp-content\/uploads\/elementor\/thumbs\/henna-o-tinte-en-pestanas-y-cejas-en-playa-del-carmen-r35ebgeshl8nmpz4wtz34etk7kupt7o2qqnr5cshoo.webp\",\"contentUrl\":\"https:\/\/lovelbeauty.mx\/wp-content\/uploads\/elementor\/thumbs\/henna-o-tinte-en-pestanas-y-cejas-en-playa-del-carmen-r35ebgeshl8nmpz4wtz34etk7kupt7o2qqnr5cshoo.webp\"},{\"@type\":\"BreadcrumbList\",\"@id\":\"https:\/\/lovelbeauty.mx\/henna-o-tinte-en-pestanas-o-cejas-playa-del-carmen\/#breadcrumb\",\"itemListElement\":[{\"@type\":\"ListItem\",\"position\":1,\"name\":\"Home\",\"item\":\"https:\/\/lovelbeauty.mx\/\"},{\"@type\":\"ListItem\",\"position\":2,\"name\":\"HENN\u00c9 OU TEINTURE DES CILS OU DES SOURCILS\"}]},{\"@type\":\"WebSite\",\"@id\":\"https:\/\/lovelbeauty.mx\/#website\",\"url\":\"https:\/\/lovelbeauty.mx\/\",\"name\":\"Lovel Beauty\",\"description\":\"M\u00e1s Que Belleza... Actos De Amor | Playa Del Carmen\",\"publisher\":{\"@id\":\"https:\/\/lovelbeauty.mx\/#organization\"},\"potentialAction\":[{\"@type\":\"SearchAction\",\"target\":{\"@type\":\"EntryPoint\",\"urlTemplate\":\"https:\/\/lovelbeauty.mx\/?s={search_term_string}\"},\"query-input\":{\"@type\":\"PropertyValueSpecification\",\"valueRequired\":true,\"valueName\":\"search_term_string\"}}],\"inLanguage\":\"fr-FR\"},{\"@type\":\"Organization\",\"@id\":\"https:\/\/lovelbeauty.mx\/#organization\",\"name\":\"Lovel Beauty\",\"url\":\"https:\/\/lovelbeauty.mx\/\",\"logo\":{\"@type\":\"ImageObject\",\"inLanguage\":\"fr-FR\",\"@id\":\"https:\/\/lovelbeauty.mx\/#\/schema\/logo\/image\/\",\"url\":\"https:\/\/lovelbeauty.mx\/wp-content\/uploads\/2025\/02\/1_1.-Marca-Oficial.png\",\"contentUrl\":\"https:\/\/lovelbeauty.mx\/wp-content\/uploads\/2025\/02\/1_1.-Marca-Oficial.png\",\"width\":2550,\"height\":1930,\"caption\":\"Lovel Beauty\"},\"image\":{\"@id\":\"https:\/\/lovelbeauty.mx\/#\/schema\/logo\/image\/\"},\"sameAs\":[\"https:\/\/www.facebook.com\/share\/1EyUQBTKqT\/?mibextid=wwXIfr\",\"https:\/\/www.instagram.com\/lovelbeauty_\"]}]}<\/script>\n<!-- \/ Yoast SEO plugin. -->","yoast_head_json":{"title":"Henn\u00e9 ou teinture des cils ou des sourcils | LOVEL BEAUTY","description":"Sublimez votre regard avec le henn\u00e9 ou la teinture des cils et des sourcils \u00e0 Playa del Carmen. Intensifiez la couleur sans retouches quotidiennes.","robots":{"index":"index","follow":"follow","max-snippet":"max-snippet:-1","max-image-preview":"max-image-preview:large","max-video-preview":"max-video-preview:-1"},"canonical":"https:\/\/lovelbeauty.mx\/henna-o-tinte-en-pestanas-o-cejas-playa-del-carmen\/","og_locale":"fr_FR","og_type":"article","og_title":"Henn\u00e9 ou teinture des cils ou des sourcils | LOVEL BEAUTY","og_description":"Sublimez votre regard avec le henn\u00e9 ou la teinture des cils et des sourcils \u00e0 Playa del Carmen. Intensifiez la couleur sans retouches quotidiennes.","og_url":"https:\/\/lovelbeauty.mx\/henna-o-tinte-en-pestanas-o-cejas-playa-del-carmen\/","og_site_name":"lovelbeauty.mx","article_publisher":"https:\/\/www.facebook.com\/share\/1EyUQBTKqT\/?mibextid=wwXIfr","article_modified_time":"2026-02-16T18:02:55+00:00","og_image":[{"url":"https:\/\/lovelbeauty.mx\/wp-content\/uploads\/elementor\/thumbs\/henna-o-tinte-en-pestanas-y-cejas-en-playa-del-carmen-r35ebgeshl8nmpz4wtz34etk7kupt7o2qqnr5cshoo.webp","type":"","width":"","height":""}],"twitter_card":"summary_large_image","twitter_misc":{"Dur\u00e9e de lecture estim\u00e9e":"3 minutes"},"schema":{"@context":"https:\/\/schema.org","@graph":[{"@type":"WebPage","@id":"https:\/\/lovelbeauty.mx\/henna-o-tinte-en-pestanas-o-cejas-playa-del-carmen\/","url":"https:\/\/lovelbeauty.mx\/henna-o-tinte-en-pestanas-o-cejas-playa-del-carmen\/","name":"Henn\u00e9 ou teinture des cils ou des sourcils | LOVEL BEAUTY","isPartOf":{"@id":"https:\/\/lovelbeauty.mx\/#website"},"primaryImageOfPage":{"@id":"https:\/\/lovelbeauty.mx\/henna-o-tinte-en-pestanas-o-cejas-playa-del-carmen\/#primaryimage"},"image":{"@id":"https:\/\/lovelbeauty.mx\/henna-o-tinte-en-pestanas-o-cejas-playa-del-carmen\/#primaryimage"},"thumbnailUrl":"https:\/\/lovelbeauty.mx\/wp-content\/uploads\/elementor\/thumbs\/henna-o-tinte-en-pestanas-y-cejas-en-playa-del-carmen-r35ebgeshl8nmpz4wtz34etk7kupt7o2qqnr5cshoo.webp","datePublished":"2025-02-14T00:54:36+00:00","dateModified":"2026-02-16T18:02:55+00:00","description":"Sublimez votre regard avec le henn\u00e9 ou la teinture des cils et des sourcils \u00e0 Playa del Carmen. Intensifiez la couleur sans retouches quotidiennes.","breadcrumb":{"@id":"https:\/\/lovelbeauty.mx\/henna-o-tinte-en-pestanas-o-cejas-playa-del-carmen\/#breadcrumb"},"inLanguage":"fr-FR","potentialAction":[{"@type":"ReadAction","target":["https:\/\/lovelbeauty.mx\/henna-o-tinte-en-pestanas-o-cejas-playa-del-carmen\/"]}]},{"@type":"ImageObject","inLanguage":"fr-FR","@id":"https:\/\/lovelbeauty.mx\/henna-o-tinte-en-pestanas-o-cejas-playa-del-carmen\/#primaryimage","url":"https:\/\/lovelbeauty.mx\/wp-content\/uploads\/elementor\/thumbs\/henna-o-tinte-en-pestanas-y-cejas-en-playa-del-carmen-r35ebgeshl8nmpz4wtz34etk7kupt7o2qqnr5cshoo.webp","contentUrl":"https:\/\/lovelbeauty.mx\/wp-content\/uploads\/elementor\/thumbs\/henna-o-tinte-en-pestanas-y-cejas-en-playa-del-carmen-r35ebgeshl8nmpz4wtz34etk7kupt7o2qqnr5cshoo.webp"},{"@type":"BreadcrumbList","@id":"https:\/\/lovelbeauty.mx\/henna-o-tinte-en-pestanas-o-cejas-playa-del-carmen\/#breadcrumb","itemListElement":[{"@type":"ListItem","position":1,"name":"Home","item":"https:\/\/lovelbeauty.mx\/"},{"@type":"ListItem","position":2,"name":"HENN\u00c9 OU TEINTURE DES CILS OU DES SOURCILS"}]},{"@type":"WebSite","@id":"https:\/\/lovelbeauty.mx\/#website","url":"https:\/\/lovelbeauty.mx\/","name":"Lovel Beauty","description":"M\u00e1s Que Belleza... Actos De Amor | Playa Del Carmen","publisher":{"@id":"https:\/\/lovelbeauty.mx\/#organization"},"potentialAction":[{"@type":"SearchAction","target":{"@type":"EntryPoint","urlTemplate":"https:\/\/lovelbeauty.mx\/?s={search_term_string}"},"query-input":{"@type":"PropertyValueSpecification","valueRequired":true,"valueName":"search_term_string"}}],"inLanguage":"fr-FR"},{"@type":"Organization","@id":"https:\/\/lovelbeauty.mx\/#organization","name":"Lovel Beauty","url":"https:\/\/lovelbeauty.mx\/","logo":{"@type":"ImageObject","inLanguage":"fr-FR","@id":"https:\/\/lovelbeauty.mx\/#\/schema\/logo\/image\/","url":"https:\/\/lovelbeauty.mx\/wp-content\/uploads\/2025\/02\/1_1.-Marca-Oficial.png","contentUrl":"https:\/\/lovelbeauty.mx\/wp-content\/uploads\/2025\/02\/1_1.-Marca-Oficial.png","width":2550,"height":1930,"caption":"Lovel Beauty"},"image":{"@id":"https:\/\/lovelbeauty.mx\/#\/schema\/logo\/image\/"},"sameAs":["https:\/\/www.facebook.com\/share\/1EyUQBTKqT\/?mibextid=wwXIfr","https:\/\/www.instagram.com\/lovelbeauty_"]}]}},"_links":{"self":[{"href":"https:\/\/lovelbeauty.mx\/fr\/wp-json\/wp\/v2\/pages\/8636","targetHints":{"allow":["GET"]}}],"collection":[{"href":"https:\/\/lovelbeauty.mx\/fr\/wp-json\/wp\/v2\/pages"}],"about":[{"href":"https:\/\/lovelbeauty.mx\/fr\/wp-json\/wp\/v2\/types\/page"}],"author":[{"embeddable":true,"href":"https:\/\/lovelbeauty.mx\/fr\/wp-json\/wp\/v2\/users\/1"}],"replies":[{"embeddable":true,"href":"https:\/\/lovelbeauty.mx\/fr\/wp-json\/wp\/v2\/comments?post=8636"}],"version-history":[{"count":10,"href":"https:\/\/lovelbeauty.mx\/fr\/wp-json\/wp\/v2\/pages\/8636\/revisions"}],"predecessor-version":[{"id":9578,"href":"https:\/\/lovelbeauty.mx\/fr\/wp-json\/wp\/v2\/pages\/8636\/revisions\/9578"}],"wp:attachment":[{"href":"https:\/\/lovelbeauty.mx\/fr\/wp-json\/wp\/v2\/media?parent=8636"}],"curies":[{"name":"wp","href":"https:\/\/api.w.org\/{rel}","templated":true}]}}