{"id":8649,"date":"2025-02-14T00:50:21","date_gmt":"2025-02-14T00:50:21","guid":{"rendered":"https:\/\/lovelbeauty.mx\/laminacion-de-cejas-playa-del-carmen\/"},"modified":"2026-02-16T17:53:22","modified_gmt":"2026-02-16T17:53:22","slug":"lamination-des-sourcils-playa-del-carmen","status":"publish","type":"page","link":"https:\/\/lovelbeauty.mx\/fr\/lamination-des-sourcils-playa-del-carmen\/","title":{"rendered":"LAMINATION DES SOURCILS"},"content":{"rendered":"\t\t<div data-elementor-type=\"wp-page\" data-elementor-id=\"8649\" class=\"elementor elementor-8649\">\n\t\t\t\t<div class=\"elementor-element elementor-element-418644b e-flex e-con-boxed e-con e-parent\" data-id=\"418644b\" data-element_type=\"container\" data-settings=\"{&quot;background_background&quot;:&quot;classic&quot;}\">\n\t\t\t\t\t<div class=\"e-con-inner\">\n\t\t\t\t<div class=\"elementor-element elementor-element-b9f1753 elementor-widget elementor-widget-heading\" data-id=\"b9f1753\" data-element_type=\"widget\" data-widget_type=\"heading.default\">\n\t\t\t\t<div class=\"elementor-widget-container\">\n\t\t\t\t\t<h1 class=\"elementor-heading-title elementor-size-default\">LAMINATION DES SOURCILS \u00c0 PLAYA DEL CARMEN<\/h1>\t\t\t\t<\/div>\n\t\t\t\t<\/div>\n\t\t\t\t\t<\/div>\n\t\t\t\t<\/div>\n\t\t<div class=\"elementor-element elementor-element-e9f222a e-flex e-con-boxed e-con e-parent\" data-id=\"e9f222a\" data-element_type=\"container\">\n\t\t\t\t\t<div class=\"e-con-inner\">\n\t\t\t\t<div class=\"elementor-element elementor-element-ba63228 elementor-widget elementor-widget-text-editor\" data-id=\"ba63228\" data-element_type=\"widget\" data-widget_type=\"text-editor.default\">\n\t\t\t\t<div class=\"elementor-widget-container\">\n\t\t\t\t\t\t\t\t\t<p class=\"p1\">Souhaitez-vous donner plus de volume et de d\u00e9finition \u00e0 vos sourcils avec la <span class=\"s1\">lamination des sourcils \u00e0 Playa del Carmen<\/span> ? D\u00e9couvrez cette technique qui transforme votre regard de mani\u00e8re naturelle.<\/p>\n\n<h2 class=\"p1\">DES SOURCILS PLUS D\u00c9FINIS, STRUCTUR\u00c9S ET AVEC UN EFFET DE VOLUME<\/h2>\n\n<p>Si vos sourcils sont indisciplin\u00e9s, fins ou peu fournis, la lamination des sourcils est le soin id\u00e9al pour les discipliner et leur apporter plus de volume de fa\u00e7on naturelle. Gr\u00e2ce \u00e0 ce proc\u00e9d\u00e9, les poils sont align\u00e9s dans la m\u00eame direction, offrant un aspect plus soign\u00e9 et structur\u00e9.<\/p>\n\n<p>Ce soin est parfait pour celles et ceux qui souhaitent des sourcils plus \u00e9pais et bien coiff\u00e9s sans avoir recours au maquillage quotidien. Le r\u00e9sultat <strong>dure entre 4 et 6 semaines<\/strong>, vous permettant de profiter d\u2019un look d\u00e9fini en toute simplicit\u00e9.<\/p>\t\t\t\t\t\t\t\t<\/div>\n\t\t\t\t<\/div>\n\t\t\t\t<div class=\"elementor-element elementor-element-2b85ff1 elementor-widget elementor-widget-image\" data-id=\"2b85ff1\" data-element_type=\"widget\" data-widget_type=\"image.default\">\n\t\t\t\t<div class=\"elementor-widget-container\">\n\t\t\t\t\t\t\t\t\t\t\t\t\t\t\t<img decoding=\"async\" src=\"https:\/\/lovelbeauty.mx\/wp-content\/uploads\/elementor\/thumbs\/laminacion-de-cejas-en-playa-del-carmen-r35fgjwrathz8ya2xlhv51h382agcstl25i0ivutmw.webp\" title=\"Laminaci\u00f3n de Cejas en Playa del Carmen &#8211; LOVEL BEAUTY\" alt=\"Laminaci\u00f3n de cejas en Playa del Carmen para cejas m\u00e1s gruesas y definidas.\" loading=\"lazy\" \/>\t\t\t\t\t\t\t\t\t\t\t\t\t\t\t<\/div>\n\t\t\t\t<\/div>\n\t\t\t\t\t<\/div>\n\t\t\t\t<\/div>\n\t\t<div class=\"elementor-element elementor-element-2e9b6a1 e-flex e-con-boxed e-con e-parent\" data-id=\"2e9b6a1\" data-element_type=\"container\">\n\t\t\t\t\t<div class=\"e-con-inner\">\n\t\t\t\t<div class=\"elementor-element elementor-element-bb010c7 elementor-widget elementor-widget-text-editor\" data-id=\"bb010c7\" data-element_type=\"widget\" data-widget_type=\"text-editor.default\">\n\t\t\t\t<div class=\"elementor-widget-container\">\n\t\t\t\t\t\t\t\t\t<h2 class=\"p1\">POURQUOI CHOISIR LA LAMINATION DES SOURCILS ?<\/h2>\n\n<p>\u2714 <strong>Apporte du volume et de la d\u00e9finition<\/strong>.<\/p>\n\n<p>\u2714 <strong>Structure et discipline les poils<\/strong> pour une forme plus harmonieuse.<\/p>\n\n<p>\u2714 <strong>Id\u00e9ale pour les sourcils indisciplin\u00e9s<\/strong>, les poils fins ou le manque de sym\u00e9trie.<\/p>\n\n<p>\u2714 <strong>Se combine parfaitement avec le henn\u00e9 ou la teinture<\/strong> pour un effet encore plus intense.<\/p>\n\n<p>\u2714 <strong>R\u00e9sultats jusqu\u2019\u00e0 6 semaines<\/strong> sans besoin de retouches.<\/p>\t\t\t\t\t\t\t\t<\/div>\n\t\t\t\t<\/div>\n\t\t\t\t<div class=\"elementor-element elementor-element-aba105a content-align-center art-fadeIn art-anim animate__delay-1s elementor-widget elementor-widget-art-dark-button\" data-id=\"aba105a\" data-element_type=\"widget\" data-widget_type=\"art-dark-button.default\">\n\t\t\t\t<div class=\"elementor-widget-container\">\n\t\t\t\t\t\r\n                            <div class=\"art-widget-button art--aliment-center art--aliment-tablet- art--aliment-mobile-\">\r\n                        <a href=\"https:\/\/www.fresha.com\/es\/book-now\/bonita-home-studio-koy6vc12\/all-offer?share&pId=714609\"  rel=\"nofollow\" class=\"art-button art-button-dark\">PRENEZ RENDEZ-VOUS<\/a>\r\n                    <\/div>\r\n                    \r\n\r\n\r\n\t\t\t\t\t\t<\/div>\n\t\t\t\t<\/div>\n\t\t\t\t\t<\/div>\n\t\t\t\t<\/div>\n\t\t<div class=\"elementor-element elementor-element-c4fb216 e-flex e-con-boxed e-con e-parent\" data-id=\"c4fb216\" data-element_type=\"container\">\n\t\t\t\t\t<div class=\"e-con-inner\">\n\t\t\t\t<div class=\"elementor-element elementor-element-93fdfa3 elementor-widget elementor-widget-text-editor\" data-id=\"93fdfa3\" data-element_type=\"widget\" data-widget_type=\"text-editor.default\">\n\t\t\t\t<div class=\"elementor-widget-container\">\n\t\t\t\t\t\t\t\t\t<h2 class=\"p1\">COMMENT SE D\u00c9ROULE LE TRAITEMENT ?<\/h2>\n\n<p>1\ufe0f\u20e3 <strong>Mise en forme et alignement :<\/strong> Nous appliquons un produit sp\u00e9cial qui assouplit les poils et permet de les modeler.<\/p>\n\n<p>2\ufe0f\u20e3 <strong>Fixation et d\u00e9finition :<\/strong> Les sourcils sont fix\u00e9s afin de conserver leur nouvelle forme pendant plusieurs semaines.<\/p>\n\n<p>3\ufe0f\u20e3 <strong>Nutrition et hydratation :<\/strong> Nous appliquons un s\u00e9rum fortifiant pour qu\u2019ils restent sains et brillants.<\/p>\n\n<p>4\ufe0f\u20e3 <strong>Soins apr\u00e8s le traitement :<\/strong> Lavez vos sourcils comme \u00e0 votre habitude et profitez pleinement des r\u00e9sultats.<\/p>\t\t\t\t\t\t\t\t<\/div>\n\t\t\t\t<\/div>\n\t\t\t\t\t<\/div>\n\t\t\t\t<\/div>\n\t\t<div class=\"elementor-element elementor-element-7574995 e-flex e-con-boxed e-con e-parent\" data-id=\"7574995\" data-element_type=\"container\">\n\t\t\t\t\t<div class=\"e-con-inner\">\n\t\t\t\t<div class=\"elementor-element elementor-element-d94ea62 elementor-widget elementor-widget-text-editor\" data-id=\"d94ea62\" data-element_type=\"widget\" data-widget_type=\"text-editor.default\">\n\t\t\t\t<div class=\"elementor-widget-container\">\n\t\t\t\t\t\t\t\t\t<h2 class=\"p1\">OFFREZ \u00c0 VOS SOURCILS UN ASPECT PLUS FOURNI, STRUCTUR\u00c9 ET \u00c9L\u00c9GANT GR\u00c2CE \u00c0 NOTRE LAMINATION DES SOURCILS \u00c0 PLAYA DEL CARMEN<\/h2>\n\n<p>Vous remarquerez la diff\u00e9rence.<\/p>\t\t\t\t\t\t\t\t<\/div>\n\t\t\t\t<\/div>\n\t\t\t\t\t<\/div>\n\t\t\t\t<\/div>\n\t\t<div class=\"elementor-element elementor-element-e2262ed e-flex e-con-boxed e-con e-parent\" data-id=\"e2262ed\" data-element_type=\"container\">\n\t\t\t\t\t<div class=\"e-con-inner\">\n\t\t\t\t<div class=\"elementor-element elementor-element-efdb827 elementor-widget elementor-widget-text-editor\" data-id=\"efdb827\" data-element_type=\"widget\" data-widget_type=\"text-editor.default\">\n\t\t\t\t<div class=\"elementor-widget-container\">\n\t\t\t\t\t\t\t\t\t<p><strong>Basique<\/strong> \u2013 $800<\/p><p><strong>Standard<\/strong> \u2013 $900<\/p><p><em>Lash lifting + Teinture + Vitamine<\/em><\/p><p><strong>Premium<\/strong> \u2013 $1000<\/p><p><em>Lash lifting + Teinture + Vitamine + \u00c9pilation des sourcils<\/em><\/p>\t\t\t\t\t\t\t\t<\/div>\n\t\t\t\t<\/div>\n\t\t\t\t\t<\/div>\n\t\t\t\t<\/div>\n\t\t<div class=\"elementor-element elementor-element-74e7de8 e-flex e-con-boxed e-con e-parent\" data-id=\"74e7de8\" data-element_type=\"container\">\n\t\t\t\t\t<div class=\"e-con-inner\">\n\t\t\t\t<div class=\"elementor-element elementor-element-9f2d8d0 content-align-center art-fadeIn art-anim animate__delay-1s elementor-widget elementor-widget-art-dark-button\" data-id=\"9f2d8d0\" data-element_type=\"widget\" data-widget_type=\"art-dark-button.default\">\n\t\t\t\t<div class=\"elementor-widget-container\">\n\t\t\t\t\t\r\n        \r\n                <div class=\"art-widget-button art--aliment-center art--aliment-tablet- art--aliment-mobile-\">\r\n                    <a href=\"https:\/\/lovelbeauty.mx\/menu-de-servicios\/\" class=\"art-button art-button-dark\">MENU DES SERVICES<\/a>\r\n                <\/div>\r\n\r\n                \r\n\r\n\r\n\t\t\t\t\t\t<\/div>\n\t\t\t\t<\/div>\n\t\t\t\t\t<\/div>\n\t\t\t\t<\/div>\n\t\t<div class=\"elementor-element elementor-element-6a5ec00 e-flex e-con-boxed e-con e-parent\" data-id=\"6a5ec00\" data-element_type=\"container\">\n\t\t\t\t\t<div class=\"e-con-inner\">\n\t\t<div class=\"elementor-element elementor-element-58e9065 e-con-full e-flex e-con e-child\" data-id=\"58e9065\" data-element_type=\"container\">\n\t\t\t\t<div class=\"elementor-element elementor-element-8c0ef79 elementor-align-left elementor-invisible elementor-widget elementor-widget-button\" data-id=\"8c0ef79\" data-element_type=\"widget\" data-settings=\"{&quot;_animation&quot;:&quot;zoomIn&quot;,&quot;_animation_mobile&quot;:&quot;zoomIn&quot;}\" data-widget_type=\"button.default\">\n\t\t\t\t<div class=\"elementor-widget-container\">\n\t\t\t\t\t\t\t\t\t<div class=\"elementor-button-wrapper\">\n\t\t\t\t\t<a class=\"elementor-button elementor-button-link elementor-size-sm\" href=\"https:\/\/lovelbeauty.mx\/fr\/rehaussement-de-cils-playa-del-carmen\/\">\n\t\t\t\t\t\t<span class=\"elementor-button-content-wrapper\">\n\t\t\t\t\t\t<span class=\"elementor-button-icon\">\n\t\t\t\t<svg aria-hidden=\"true\" class=\"e-font-icon-svg e-far-arrow-alt-circle-left\" viewBox=\"0 0 512 512\" xmlns=\"http:\/\/www.w3.org\/2000\/svg\"><path d=\"M8 256c0 137 111 248 248 248s248-111 248-248S393 8 256 8 8 119 8 256zm448 0c0 110.5-89.5 200-200 200S56 366.5 56 256 145.5 56 256 56s200 89.5 200 200zm-72-20v40c0 6.6-5.4 12-12 12H256v67c0 10.7-12.9 16-20.5 8.5l-99-99c-4.7-4.7-4.7-12.3 0-17l99-99c7.6-7.6 20.5-2.2 20.5 8.5v67h116c6.6 0 12 5.4 12 12z\"><\/path><\/svg>\t\t\t<\/span>\n\t\t\t\t\t\t\t\t\t<span class=\"elementor-button-text\">REHAUSSEMENT DE CILS<\/span>\n\t\t\t\t\t<\/span>\n\t\t\t\t\t<\/a>\n\t\t\t\t<\/div>\n\t\t\t\t\t\t\t\t<\/div>\n\t\t\t\t<\/div>\n\t\t\t\t<div class=\"elementor-element elementor-element-848f0ca elementor-invisible elementor-widget elementor-widget-button\" data-id=\"848f0ca\" data-element_type=\"widget\" data-settings=\"{&quot;_animation&quot;:&quot;zoomIn&quot;,&quot;_animation_mobile&quot;:&quot;zoomIn&quot;}\" data-widget_type=\"button.default\">\n\t\t\t\t<div class=\"elementor-widget-container\">\n\t\t\t\t\t\t\t\t\t<div class=\"elementor-button-wrapper\">\n\t\t\t\t\t<a class=\"elementor-button elementor-button-link elementor-size-sm\" href=\"https:\/\/lovelbeauty.mx\/fr\/ongles-playa-del-carmen\/\">\n\t\t\t\t\t\t<span class=\"elementor-button-content-wrapper\">\n\t\t\t\t\t\t<span class=\"elementor-button-icon\">\n\t\t\t\t<svg aria-hidden=\"true\" class=\"e-font-icon-svg e-far-arrow-alt-circle-right\" viewBox=\"0 0 512 512\" xmlns=\"http:\/\/www.w3.org\/2000\/svg\"><path d=\"M504 256C504 119 393 8 256 8S8 119 8 256s111 248 248 248 248-111 248-248zm-448 0c0-110.5 89.5-200 200-200s200 89.5 200 200-89.5 200-200 200S56 366.5 56 256zm72 20v-40c0-6.6 5.4-12 12-12h116v-67c0-10.7 12.9-16 20.5-8.5l99 99c4.7 4.7 4.7 12.3 0 17l-99 99c-7.6 7.6-20.5 2.2-20.5-8.5v-67H140c-6.6 0-12-5.4-12-12z\"><\/path><\/svg>\t\t\t<\/span>\n\t\t\t\t\t\t\t\t\t<span class=\"elementor-button-text\">ONGLES<\/span>\n\t\t\t\t\t<\/span>\n\t\t\t\t\t<\/a>\n\t\t\t\t<\/div>\n\t\t\t\t\t\t\t\t<\/div>\n\t\t\t\t<\/div>\n\t\t\t\t<\/div>\n\t\t\t\t\t<\/div>\n\t\t\t\t<\/div>\n\t\t\t\t<\/div>\n\t\t","protected":false},"excerpt":{"rendered":"<p>LAMINATION DES SOURCILS \u00c0 PLAYA DEL CARMEN Souhaitez-vous donner plus de volume et de d\u00e9finition \u00e0 vos sourcils avec la lamination des sourcils \u00e0 Playa del Carmen ? D\u00e9couvrez cette technique qui transforme votre regard de mani\u00e8re naturelle. DES SOURCILS PLUS D\u00c9FINIS, STRUCTUR\u00c9S ET AVEC UN EFFET DE VOLUME Si vos sourcils sont indisciplin\u00e9s, fins [&hellip;]<\/p>\n","protected":false},"author":1,"featured_media":0,"parent":0,"menu_order":0,"comment_status":"closed","ping_status":"closed","template":"elementor-template.php","meta":{"inline_featured_image":false,"_monsterinsights_skip_tracking":false,"_monsterinsights_sitenote_active":false,"_monsterinsights_sitenote_note":"","_monsterinsights_sitenote_category":0,"footnotes":""},"class_list":["post-8649","page","type-page","status-publish","hentry"],"yoast_head":"<!-- This site is optimized with the Yoast SEO plugin v26.6 - https:\/\/yoast.com\/wordpress\/plugins\/seo\/ -->\n<title>Lamination des sourcils \u00e0 Playa del Carmen | LOVEL BEAUTY<\/title>\n<meta name=\"description\" content=\"Des sourcils plus fournis, align\u00e9s et volumineux gr\u00e2ce \u00e0 la lamination des sourcils \u00e0 Playa del Carmen. Id\u00e9al pour un look naturel et bien d\u00e9fini.\" \/>\n<meta name=\"robots\" content=\"index, follow, max-snippet:-1, max-image-preview:large, max-video-preview:-1\" \/>\n<link rel=\"canonical\" href=\"https:\/\/lovelbeauty.mx\/laminacion-de-cejas-playa-del-carmen\/\" \/>\n<meta property=\"og:locale\" content=\"fr_FR\" \/>\n<meta property=\"og:type\" content=\"article\" \/>\n<meta property=\"og:title\" content=\"Lamination des sourcils \u00e0 Playa del Carmen | LOVEL BEAUTY\" \/>\n<meta property=\"og:description\" content=\"Des sourcils plus fournis, align\u00e9s et volumineux gr\u00e2ce \u00e0 la lamination des sourcils \u00e0 Playa del Carmen. Id\u00e9al pour un look naturel et bien d\u00e9fini.\" \/>\n<meta property=\"og:url\" content=\"https:\/\/lovelbeauty.mx\/laminacion-de-cejas-playa-del-carmen\/\" \/>\n<meta property=\"og:site_name\" content=\"lovelbeauty.mx\" \/>\n<meta property=\"article:publisher\" content=\"https:\/\/www.facebook.com\/share\/1EyUQBTKqT\/?mibextid=wwXIfr\" \/>\n<meta property=\"article:modified_time\" content=\"2026-02-16T17:53:22+00:00\" \/>\n<meta property=\"og:image\" content=\"https:\/\/lovelbeauty.mx\/wp-content\/uploads\/elementor\/thumbs\/laminacion-de-cejas-en-playa-del-carmen-r35fgjwrathz8ya2xlhv51h382agcstl25i0ivutmw.webp\" \/>\n<meta name=\"twitter:card\" content=\"summary_large_image\" \/>\n<meta name=\"twitter:label1\" content=\"Dur\u00e9e de lecture estim\u00e9e\" \/>\n\t<meta name=\"twitter:data1\" content=\"4 minutes\" \/>\n<script type=\"application\/ld+json\" class=\"yoast-schema-graph\">{\"@context\":\"https:\/\/schema.org\",\"@graph\":[{\"@type\":\"WebPage\",\"@id\":\"https:\/\/lovelbeauty.mx\/laminacion-de-cejas-playa-del-carmen\/\",\"url\":\"https:\/\/lovelbeauty.mx\/laminacion-de-cejas-playa-del-carmen\/\",\"name\":\"Lamination des sourcils \u00e0 Playa del Carmen | LOVEL BEAUTY\",\"isPartOf\":{\"@id\":\"https:\/\/lovelbeauty.mx\/#website\"},\"primaryImageOfPage\":{\"@id\":\"https:\/\/lovelbeauty.mx\/laminacion-de-cejas-playa-del-carmen\/#primaryimage\"},\"image\":{\"@id\":\"https:\/\/lovelbeauty.mx\/laminacion-de-cejas-playa-del-carmen\/#primaryimage\"},\"thumbnailUrl\":\"https:\/\/lovelbeauty.mx\/wp-content\/uploads\/elementor\/thumbs\/laminacion-de-cejas-en-playa-del-carmen-r35fgjwrathz8ya2xlhv51h382agcstl25i0ivutmw.webp\",\"datePublished\":\"2025-02-14T00:50:21+00:00\",\"dateModified\":\"2026-02-16T17:53:22+00:00\",\"description\":\"Des sourcils plus fournis, align\u00e9s et volumineux gr\u00e2ce \u00e0 la lamination des sourcils \u00e0 Playa del Carmen. Id\u00e9al pour un look naturel et bien d\u00e9fini.\",\"breadcrumb\":{\"@id\":\"https:\/\/lovelbeauty.mx\/laminacion-de-cejas-playa-del-carmen\/#breadcrumb\"},\"inLanguage\":\"fr-FR\",\"potentialAction\":[{\"@type\":\"ReadAction\",\"target\":[\"https:\/\/lovelbeauty.mx\/laminacion-de-cejas-playa-del-carmen\/\"]}]},{\"@type\":\"ImageObject\",\"inLanguage\":\"fr-FR\",\"@id\":\"https:\/\/lovelbeauty.mx\/laminacion-de-cejas-playa-del-carmen\/#primaryimage\",\"url\":\"https:\/\/lovelbeauty.mx\/wp-content\/uploads\/elementor\/thumbs\/laminacion-de-cejas-en-playa-del-carmen-r35fgjwrathz8ya2xlhv51h382agcstl25i0ivutmw.webp\",\"contentUrl\":\"https:\/\/lovelbeauty.mx\/wp-content\/uploads\/elementor\/thumbs\/laminacion-de-cejas-en-playa-del-carmen-r35fgjwrathz8ya2xlhv51h382agcstl25i0ivutmw.webp\"},{\"@type\":\"BreadcrumbList\",\"@id\":\"https:\/\/lovelbeauty.mx\/laminacion-de-cejas-playa-del-carmen\/#breadcrumb\",\"itemListElement\":[{\"@type\":\"ListItem\",\"position\":1,\"name\":\"Home\",\"item\":\"https:\/\/lovelbeauty.mx\/\"},{\"@type\":\"ListItem\",\"position\":2,\"name\":\"LAMINATION DES SOURCILS\"}]},{\"@type\":\"WebSite\",\"@id\":\"https:\/\/lovelbeauty.mx\/#website\",\"url\":\"https:\/\/lovelbeauty.mx\/\",\"name\":\"Lovel Beauty\",\"description\":\"M\u00e1s Que Belleza... Actos De Amor | Playa Del Carmen\",\"publisher\":{\"@id\":\"https:\/\/lovelbeauty.mx\/#organization\"},\"potentialAction\":[{\"@type\":\"SearchAction\",\"target\":{\"@type\":\"EntryPoint\",\"urlTemplate\":\"https:\/\/lovelbeauty.mx\/?s={search_term_string}\"},\"query-input\":{\"@type\":\"PropertyValueSpecification\",\"valueRequired\":true,\"valueName\":\"search_term_string\"}}],\"inLanguage\":\"fr-FR\"},{\"@type\":\"Organization\",\"@id\":\"https:\/\/lovelbeauty.mx\/#organization\",\"name\":\"Lovel Beauty\",\"url\":\"https:\/\/lovelbeauty.mx\/\",\"logo\":{\"@type\":\"ImageObject\",\"inLanguage\":\"fr-FR\",\"@id\":\"https:\/\/lovelbeauty.mx\/#\/schema\/logo\/image\/\",\"url\":\"https:\/\/lovelbeauty.mx\/wp-content\/uploads\/2025\/02\/1_1.-Marca-Oficial.png\",\"contentUrl\":\"https:\/\/lovelbeauty.mx\/wp-content\/uploads\/2025\/02\/1_1.-Marca-Oficial.png\",\"width\":2550,\"height\":1930,\"caption\":\"Lovel Beauty\"},\"image\":{\"@id\":\"https:\/\/lovelbeauty.mx\/#\/schema\/logo\/image\/\"},\"sameAs\":[\"https:\/\/www.facebook.com\/share\/1EyUQBTKqT\/?mibextid=wwXIfr\",\"https:\/\/www.instagram.com\/lovelbeauty_\"]}]}<\/script>\n<!-- \/ Yoast SEO plugin. -->","yoast_head_json":{"title":"Lamination des sourcils \u00e0 Playa del Carmen | LOVEL BEAUTY","description":"Des sourcils plus fournis, align\u00e9s et volumineux gr\u00e2ce \u00e0 la lamination des sourcils \u00e0 Playa del Carmen. Id\u00e9al pour un look naturel et bien d\u00e9fini.","robots":{"index":"index","follow":"follow","max-snippet":"max-snippet:-1","max-image-preview":"max-image-preview:large","max-video-preview":"max-video-preview:-1"},"canonical":"https:\/\/lovelbeauty.mx\/laminacion-de-cejas-playa-del-carmen\/","og_locale":"fr_FR","og_type":"article","og_title":"Lamination des sourcils \u00e0 Playa del Carmen | LOVEL BEAUTY","og_description":"Des sourcils plus fournis, align\u00e9s et volumineux gr\u00e2ce \u00e0 la lamination des sourcils \u00e0 Playa del Carmen. Id\u00e9al pour un look naturel et bien d\u00e9fini.","og_url":"https:\/\/lovelbeauty.mx\/laminacion-de-cejas-playa-del-carmen\/","og_site_name":"lovelbeauty.mx","article_publisher":"https:\/\/www.facebook.com\/share\/1EyUQBTKqT\/?mibextid=wwXIfr","article_modified_time":"2026-02-16T17:53:22+00:00","og_image":[{"url":"https:\/\/lovelbeauty.mx\/wp-content\/uploads\/elementor\/thumbs\/laminacion-de-cejas-en-playa-del-carmen-r35fgjwrathz8ya2xlhv51h382agcstl25i0ivutmw.webp","type":"","width":"","height":""}],"twitter_card":"summary_large_image","twitter_misc":{"Dur\u00e9e de lecture estim\u00e9e":"4 minutes"},"schema":{"@context":"https:\/\/schema.org","@graph":[{"@type":"WebPage","@id":"https:\/\/lovelbeauty.mx\/laminacion-de-cejas-playa-del-carmen\/","url":"https:\/\/lovelbeauty.mx\/laminacion-de-cejas-playa-del-carmen\/","name":"Lamination des sourcils \u00e0 Playa del Carmen | LOVEL BEAUTY","isPartOf":{"@id":"https:\/\/lovelbeauty.mx\/#website"},"primaryImageOfPage":{"@id":"https:\/\/lovelbeauty.mx\/laminacion-de-cejas-playa-del-carmen\/#primaryimage"},"image":{"@id":"https:\/\/lovelbeauty.mx\/laminacion-de-cejas-playa-del-carmen\/#primaryimage"},"thumbnailUrl":"https:\/\/lovelbeauty.mx\/wp-content\/uploads\/elementor\/thumbs\/laminacion-de-cejas-en-playa-del-carmen-r35fgjwrathz8ya2xlhv51h382agcstl25i0ivutmw.webp","datePublished":"2025-02-14T00:50:21+00:00","dateModified":"2026-02-16T17:53:22+00:00","description":"Des sourcils plus fournis, align\u00e9s et volumineux gr\u00e2ce \u00e0 la lamination des sourcils \u00e0 Playa del Carmen. Id\u00e9al pour un look naturel et bien d\u00e9fini.","breadcrumb":{"@id":"https:\/\/lovelbeauty.mx\/laminacion-de-cejas-playa-del-carmen\/#breadcrumb"},"inLanguage":"fr-FR","potentialAction":[{"@type":"ReadAction","target":["https:\/\/lovelbeauty.mx\/laminacion-de-cejas-playa-del-carmen\/"]}]},{"@type":"ImageObject","inLanguage":"fr-FR","@id":"https:\/\/lovelbeauty.mx\/laminacion-de-cejas-playa-del-carmen\/#primaryimage","url":"https:\/\/lovelbeauty.mx\/wp-content\/uploads\/elementor\/thumbs\/laminacion-de-cejas-en-playa-del-carmen-r35fgjwrathz8ya2xlhv51h382agcstl25i0ivutmw.webp","contentUrl":"https:\/\/lovelbeauty.mx\/wp-content\/uploads\/elementor\/thumbs\/laminacion-de-cejas-en-playa-del-carmen-r35fgjwrathz8ya2xlhv51h382agcstl25i0ivutmw.webp"},{"@type":"BreadcrumbList","@id":"https:\/\/lovelbeauty.mx\/laminacion-de-cejas-playa-del-carmen\/#breadcrumb","itemListElement":[{"@type":"ListItem","position":1,"name":"Home","item":"https:\/\/lovelbeauty.mx\/"},{"@type":"ListItem","position":2,"name":"LAMINATION DES SOURCILS"}]},{"@type":"WebSite","@id":"https:\/\/lovelbeauty.mx\/#website","url":"https:\/\/lovelbeauty.mx\/","name":"Lovel Beauty","description":"M\u00e1s Que Belleza... Actos De Amor | Playa Del Carmen","publisher":{"@id":"https:\/\/lovelbeauty.mx\/#organization"},"potentialAction":[{"@type":"SearchAction","target":{"@type":"EntryPoint","urlTemplate":"https:\/\/lovelbeauty.mx\/?s={search_term_string}"},"query-input":{"@type":"PropertyValueSpecification","valueRequired":true,"valueName":"search_term_string"}}],"inLanguage":"fr-FR"},{"@type":"Organization","@id":"https:\/\/lovelbeauty.mx\/#organization","name":"Lovel Beauty","url":"https:\/\/lovelbeauty.mx\/","logo":{"@type":"ImageObject","inLanguage":"fr-FR","@id":"https:\/\/lovelbeauty.mx\/#\/schema\/logo\/image\/","url":"https:\/\/lovelbeauty.mx\/wp-content\/uploads\/2025\/02\/1_1.-Marca-Oficial.png","contentUrl":"https:\/\/lovelbeauty.mx\/wp-content\/uploads\/2025\/02\/1_1.-Marca-Oficial.png","width":2550,"height":1930,"caption":"Lovel Beauty"},"image":{"@id":"https:\/\/lovelbeauty.mx\/#\/schema\/logo\/image\/"},"sameAs":["https:\/\/www.facebook.com\/share\/1EyUQBTKqT\/?mibextid=wwXIfr","https:\/\/www.instagram.com\/lovelbeauty_"]}]}},"_links":{"self":[{"href":"https:\/\/lovelbeauty.mx\/fr\/wp-json\/wp\/v2\/pages\/8649","targetHints":{"allow":["GET"]}}],"collection":[{"href":"https:\/\/lovelbeauty.mx\/fr\/wp-json\/wp\/v2\/pages"}],"about":[{"href":"https:\/\/lovelbeauty.mx\/fr\/wp-json\/wp\/v2\/types\/page"}],"author":[{"embeddable":true,"href":"https:\/\/lovelbeauty.mx\/fr\/wp-json\/wp\/v2\/users\/1"}],"replies":[{"embeddable":true,"href":"https:\/\/lovelbeauty.mx\/fr\/wp-json\/wp\/v2\/comments?post=8649"}],"version-history":[{"count":10,"href":"https:\/\/lovelbeauty.mx\/fr\/wp-json\/wp\/v2\/pages\/8649\/revisions"}],"predecessor-version":[{"id":9566,"href":"https:\/\/lovelbeauty.mx\/fr\/wp-json\/wp\/v2\/pages\/8649\/revisions\/9566"}],"wp:attachment":[{"href":"https:\/\/lovelbeauty.mx\/fr\/wp-json\/wp\/v2\/media?parent=8649"}],"curies":[{"name":"wp","href":"https:\/\/api.w.org\/{rel}","templated":true}]}}