{"id":8653,"date":"2025-02-14T00:36:28","date_gmt":"2025-02-14T00:36:28","guid":{"rendered":"https:\/\/lovelbeauty.mx\/lash-lifting-playa-del-carmen\/"},"modified":"2026-02-16T17:51:33","modified_gmt":"2026-02-16T17:51:33","slug":"rehaussement-de-cils-playa-del-carmen","status":"publish","type":"page","link":"https:\/\/lovelbeauty.mx\/fr\/rehaussement-de-cils-playa-del-carmen\/","title":{"rendered":"REHAUSSEMENT DE CILS"},"content":{"rendered":"\t\t<div data-elementor-type=\"wp-page\" data-elementor-id=\"8653\" class=\"elementor elementor-8653\">\n\t\t\t\t<div class=\"elementor-element elementor-element-418644b e-flex e-con-boxed e-con e-parent\" data-id=\"418644b\" data-element_type=\"container\" data-settings=\"{&quot;background_background&quot;:&quot;classic&quot;}\">\n\t\t\t\t\t<div class=\"e-con-inner\">\n\t\t\t\t<div class=\"elementor-element elementor-element-b9f1753 elementor-widget elementor-widget-heading\" data-id=\"b9f1753\" data-element_type=\"widget\" data-widget_type=\"heading.default\">\n\t\t\t\t<div class=\"elementor-widget-container\">\n\t\t\t\t\t<h1 class=\"elementor-heading-title elementor-size-default\">REHAUSSEMENT DE CILS \u00c0 PLAYA DEL CARMEN<\/h1>\t\t\t\t<\/div>\n\t\t\t\t<\/div>\n\t\t\t\t\t<\/div>\n\t\t\t\t<\/div>\n\t\t<div class=\"elementor-element elementor-element-e9f222a e-flex e-con-boxed e-con e-parent\" data-id=\"e9f222a\" data-element_type=\"container\">\n\t\t\t\t\t<div class=\"e-con-inner\">\n\t\t\t\t<div class=\"elementor-element elementor-element-ba63228 elementor-widget elementor-widget-text-editor\" data-id=\"ba63228\" data-element_type=\"widget\" data-widget_type=\"text-editor.default\">\n\t\t\t\t<div class=\"elementor-widget-container\">\n\t\t\t\t\t\t\t\t\t<p class=\"p1\">Souhaitez-vous sublimer vos cils naturels avec un <span class=\"s1\">rehaussement de cils \u00e0 Playa del Carmen<\/span> ? Profitez de cils recourb\u00e9s et d\u00e9finis sans avoir recours aux extensions.<\/p>\n\n<h2 class=\"p1\">SUBLIMEZ VOS CILS NATURELS AVEC UN RECOURBEMENT PARFAIT<\/h2>\nSi vous souhaitez un regard plus ouvert et plus expressif sans extensions, le <strong>rehaussement de cils<\/strong> est l\u2019option id\u00e9ale. Gr\u00e2ce \u00e0 cette technique, nous recourbons vos cils naturels d\u00e8s la racine, leur offrant une courbure parfaite et un effet de longueur, sans les ab\u00eemer.\n\nLe <strong>rehaussement de cils<\/strong> est id\u00e9al pour celles et ceux qui souhaitent mettre en valeur leur regard de mani\u00e8re naturelle, sans entretien compliqu\u00e9. Le r\u00e9sultat dure entre 4 et 6 semaines, vous faisant gagner du temps dans votre routine beaut\u00e9 quotidienne et \u00e9liminant le besoin d\u2019un recourbe-cils.\t\t\t\t\t\t\t\t<\/div>\n\t\t\t\t<\/div>\n\t\t\t\t<div class=\"elementor-element elementor-element-2b85ff1 elementor-widget elementor-widget-image\" data-id=\"2b85ff1\" data-element_type=\"widget\" data-widget_type=\"image.default\">\n\t\t\t\t<div class=\"elementor-widget-container\">\n\t\t\t\t\t\t\t\t\t\t\t\t\t\t\t<img decoding=\"async\" src=\"https:\/\/lovelbeauty.mx\/wp-content\/uploads\/elementor\/thumbs\/lash-lifting-en-playa-del-carmen-r35e06cih5ssb6cyryg979afl4g5fyw16wtzttikco.webp\" title=\"Lash lifting en Playa del Carmen &#8211; LOVEL BEAUTY\" alt=\"Pesta\u00f1as levantadas con lash lifting en Playa del Carmen\" loading=\"lazy\" \/>\t\t\t\t\t\t\t\t\t\t\t\t\t\t\t<\/div>\n\t\t\t\t<\/div>\n\t\t\t\t\t<\/div>\n\t\t\t\t<\/div>\n\t\t<div class=\"elementor-element elementor-element-1349fc1 e-flex e-con-boxed e-con e-parent\" data-id=\"1349fc1\" data-element_type=\"container\">\n\t\t\t\t\t<div class=\"e-con-inner\">\n\t\t\t\t<div class=\"elementor-element elementor-element-4327e42 elementor-widget elementor-widget-text-editor\" data-id=\"4327e42\" data-element_type=\"widget\" data-widget_type=\"text-editor.default\">\n\t\t\t\t<div class=\"elementor-widget-container\">\n\t\t\t\t\t\t\t\t\t<h2 class=\"p1\">POURQUOI VOUS ALLEZ ADORER LE REHAUSSEMENT DE CILS ?<\/h2>\n\n\u2714 <strong>Des cils visiblement plus longs et recourb\u00e9s<\/strong> sans extensions.\n\n\u2714 <strong>R\u00e9sultat naturel<\/strong> qui dure jusqu\u2019\u00e0 <strong>6 semaines<\/strong>.\n\n\u2714 <strong>Effet r\u00e9sistant \u00e0 l\u2019eau<\/strong>.\n\n\u2714 <strong>Un regard plus ouvert et plus expressif<\/strong>.\n\n\u2714 <strong>Rapide et confortable<\/strong> : en moins de 2 heures, vos cils sont pr\u00eats.\t\t\t\t\t\t\t\t<\/div>\n\t\t\t\t<\/div>\n\t\t\t\t<div class=\"elementor-element elementor-element-fca5d90 content-align-center art-fadeIn art-anim animate__delay-1s elementor-widget elementor-widget-art-dark-button\" data-id=\"fca5d90\" data-element_type=\"widget\" data-widget_type=\"art-dark-button.default\">\n\t\t\t\t<div class=\"elementor-widget-container\">\n\t\t\t\t\t\r\n                            <div class=\"art-widget-button art--aliment-center art--aliment-tablet- art--aliment-mobile-\">\r\n                        <a href=\"https:\/\/www.fresha.com\/es\/book-now\/bonita-home-studio-koy6vc12\/all-offer?share&pId=714609\"  rel=\"nofollow\" class=\"art-button art-button-dark\">PRENEZ RENDEZ-VOUS<\/a>\r\n                    <\/div>\r\n                    \r\n\r\n\r\n\t\t\t\t\t\t<\/div>\n\t\t\t\t<\/div>\n\t\t\t\t\t<\/div>\n\t\t\t\t<\/div>\n\t\t<div class=\"elementor-element elementor-element-072e3eb e-flex e-con-boxed e-con e-parent\" data-id=\"072e3eb\" data-element_type=\"container\">\n\t\t\t\t\t<div class=\"e-con-inner\">\n\t\t\t\t<div class=\"elementor-element elementor-element-55058fc elementor-widget elementor-widget-text-editor\" data-id=\"55058fc\" data-element_type=\"widget\" data-widget_type=\"text-editor.default\">\n\t\t\t\t<div class=\"elementor-widget-container\">\n\t\t\t\t\t\t\t\t\t<h2 class=\"p1\">COMMENT SE D\u00c9ROULE LE TRAITEMENT ?<\/h2>\n\n<p class=\"p1\">1\ufe0f\u20e3 <strong>Nettoyage et pr\u00e9paration :<\/strong><br>\nNous retirons toute trace de maquillage et pr\u00e9parons les cils.<\/p>\n\n<p class=\"p1\">2\ufe0f\u20e3 <strong>Rehaussement et fixation :<\/strong><br>\nUn coussinet en silicone est appliqu\u00e9 pour donner la courbure souhait\u00e9e. Nous appliquons ensuite le produit afin que les cils prennent la forme id\u00e9ale.<\/p>\n\n<p class=\"p1\">3\ufe0f\u20e3 <strong>Soin et protection :<\/strong><br>\nUne vitamine est appliqu\u00e9e pour renforcer et nourrir les cils.<\/p>\n\n<p class=\"p1\">4\ufe0f\u20e3 <strong>Soins apr\u00e8s le traitement :<\/strong><br>\nLavez vos cils comme \u00e0 votre habitude et, si n\u00e9cessaire, utilisez un d\u00e9maquillant doux.<\/p>\n\n<h2 class=\"p1\">SUBLIMEZ VOTRE REGARD AVEC UN EFFET NATUREL ET S\u00c9DUISANT GR\u00c2CE \u00c0 NOTRE REHAUSSEMENT DE CILS \u00c0 PLAYA DEL CARMEN<\/h2>\n\n<p class=\"p1\">Essayez-le et vous verrez la diff\u00e9rence.<\/p>\t\t\t\t\t\t\t\t<\/div>\n\t\t\t\t<\/div>\n\t\t\t\t\t<\/div>\n\t\t\t\t<\/div>\n\t\t<div class=\"elementor-element elementor-element-e2262ed e-flex e-con-boxed e-con e-parent\" data-id=\"e2262ed\" data-element_type=\"container\">\n\t\t\t\t\t<div class=\"e-con-inner\">\n\t\t\t\t<div class=\"elementor-element elementor-element-efdb827 elementor-widget elementor-widget-text-editor\" data-id=\"efdb827\" data-element_type=\"widget\" data-widget_type=\"text-editor.default\">\n\t\t\t\t<div class=\"elementor-widget-container\">\n\t\t\t\t\t\t\t\t\t<p><strong>Basique<\/strong> \u2013 $850<\/p><p><strong>Standard<\/strong> \u2013 $950<\/p><p><em>Rehaussement de cils + Teinture + Vitamine<\/em><\/p><p><strong>Premium<\/strong> \u2013 $1050<\/p><p><em>Rehaussement de cils + Teinture + Vitamine + \u00c9pilation des sourcils<\/em><\/p>\t\t\t\t\t\t\t\t<\/div>\n\t\t\t\t<\/div>\n\t\t\t\t\t<\/div>\n\t\t\t\t<\/div>\n\t\t<div class=\"elementor-element elementor-element-74e7de8 e-flex e-con-boxed e-con e-parent\" data-id=\"74e7de8\" data-element_type=\"container\">\n\t\t\t\t\t<div class=\"e-con-inner\">\n\t\t\t\t<div class=\"elementor-element elementor-element-0c8e487 content-align-center art-fadeIn art-anim animate__delay-1s elementor-widget elementor-widget-art-dark-button\" data-id=\"0c8e487\" data-element_type=\"widget\" data-widget_type=\"art-dark-button.default\">\n\t\t\t\t<div class=\"elementor-widget-container\">\n\t\t\t\t\t\r\n        \r\n                <div class=\"art-widget-button art--aliment-center art--aliment-tablet- art--aliment-mobile-\">\r\n                    <a href=\"https:\/\/lovelbeauty.mx\/menu-de-servicios\/\" class=\"art-button art-button-dark\">MENU DES SERVICES<\/a>\r\n                <\/div>\r\n\r\n                \r\n\r\n\r\n\t\t\t\t\t\t<\/div>\n\t\t\t\t<\/div>\n\t\t\t\t\t<\/div>\n\t\t\t\t<\/div>\n\t\t<div class=\"elementor-element elementor-element-eeef7d9 e-flex e-con-boxed e-con e-parent\" data-id=\"eeef7d9\" data-element_type=\"container\">\n\t\t\t\t\t<div class=\"e-con-inner\">\n\t\t<div class=\"elementor-element elementor-element-8be152c e-con-full e-flex e-con e-child\" data-id=\"8be152c\" data-element_type=\"container\">\n\t\t\t\t<div class=\"elementor-element elementor-element-7f53f3e elementor-align-left elementor-invisible elementor-widget elementor-widget-button\" data-id=\"7f53f3e\" data-element_type=\"widget\" data-settings=\"{&quot;_animation&quot;:&quot;zoomIn&quot;,&quot;_animation_mobile&quot;:&quot;zoomIn&quot;}\" data-widget_type=\"button.default\">\n\t\t\t\t<div class=\"elementor-widget-container\">\n\t\t\t\t\t\t\t\t\t<div class=\"elementor-button-wrapper\">\n\t\t\t\t\t<a class=\"elementor-button elementor-button-link elementor-size-sm\" href=\"https:\/\/lovelbeauty.mx\/fr\/extensions-de-cils-playa-del-carmen\/\">\n\t\t\t\t\t\t<span class=\"elementor-button-content-wrapper\">\n\t\t\t\t\t\t<span class=\"elementor-button-icon\">\n\t\t\t\t<svg aria-hidden=\"true\" class=\"e-font-icon-svg e-far-arrow-alt-circle-left\" viewBox=\"0 0 512 512\" xmlns=\"http:\/\/www.w3.org\/2000\/svg\"><path d=\"M8 256c0 137 111 248 248 248s248-111 248-248S393 8 256 8 8 119 8 256zm448 0c0 110.5-89.5 200-200 200S56 366.5 56 256 145.5 56 256 56s200 89.5 200 200zm-72-20v40c0 6.6-5.4 12-12 12H256v67c0 10.7-12.9 16-20.5 8.5l-99-99c-4.7-4.7-4.7-12.3 0-17l99-99c7.6-7.6 20.5-2.2 20.5 8.5v67h116c6.6 0 12 5.4 12 12z\"><\/path><\/svg>\t\t\t<\/span>\n\t\t\t\t\t\t\t\t\t<span class=\"elementor-button-text\">EXTENSIONS DE CILS<\/span>\n\t\t\t\t\t<\/span>\n\t\t\t\t\t<\/a>\n\t\t\t\t<\/div>\n\t\t\t\t\t\t\t\t<\/div>\n\t\t\t\t<\/div>\n\t\t\t\t<div class=\"elementor-element elementor-element-ac3240b elementor-invisible elementor-widget elementor-widget-button\" data-id=\"ac3240b\" data-element_type=\"widget\" data-settings=\"{&quot;_animation&quot;:&quot;zoomIn&quot;,&quot;_animation_mobile&quot;:&quot;zoomIn&quot;}\" data-widget_type=\"button.default\">\n\t\t\t\t<div class=\"elementor-widget-container\">\n\t\t\t\t\t\t\t\t\t<div class=\"elementor-button-wrapper\">\n\t\t\t\t\t<a class=\"elementor-button elementor-button-link elementor-size-sm\" href=\"https:\/\/lovelbeauty.mx\/fr\/lamination-des-sourcils-playa-del-carmen\/\">\n\t\t\t\t\t\t<span class=\"elementor-button-content-wrapper\">\n\t\t\t\t\t\t<span class=\"elementor-button-icon\">\n\t\t\t\t<svg aria-hidden=\"true\" class=\"e-font-icon-svg e-far-arrow-alt-circle-right\" viewBox=\"0 0 512 512\" xmlns=\"http:\/\/www.w3.org\/2000\/svg\"><path d=\"M504 256C504 119 393 8 256 8S8 119 8 256s111 248 248 248 248-111 248-248zm-448 0c0-110.5 89.5-200 200-200s200 89.5 200 200-89.5 200-200 200S56 366.5 56 256zm72 20v-40c0-6.6 5.4-12 12-12h116v-67c0-10.7 12.9-16 20.5-8.5l99 99c4.7 4.7 4.7 12.3 0 17l-99 99c-7.6 7.6-20.5 2.2-20.5-8.5v-67H140c-6.6 0-12-5.4-12-12z\"><\/path><\/svg>\t\t\t<\/span>\n\t\t\t\t\t\t\t\t\t<span class=\"elementor-button-text\">LAMINATION DES SOURCILS<\/span>\n\t\t\t\t\t<\/span>\n\t\t\t\t\t<\/a>\n\t\t\t\t<\/div>\n\t\t\t\t\t\t\t\t<\/div>\n\t\t\t\t<\/div>\n\t\t\t\t<\/div>\n\t\t\t\t\t<\/div>\n\t\t\t\t<\/div>\n\t\t\t\t<\/div>\n\t\t","protected":false},"excerpt":{"rendered":"<p>REHAUSSEMENT DE CILS \u00c0 PLAYA DEL CARMEN Souhaitez-vous sublimer vos cils naturels avec un rehaussement de cils \u00e0 Playa del Carmen ? Profitez de cils recourb\u00e9s et d\u00e9finis sans avoir recours aux extensions. SUBLIMEZ VOS CILS NATURELS AVEC UN RECOURBEMENT PARFAIT Si vous souhaitez un regard plus ouvert et plus expressif sans extensions, le rehaussement [&hellip;]<\/p>\n","protected":false},"author":1,"featured_media":0,"parent":0,"menu_order":0,"comment_status":"closed","ping_status":"closed","template":"elementor-template.php","meta":{"inline_featured_image":false,"_monsterinsights_skip_tracking":false,"_monsterinsights_sitenote_active":false,"_monsterinsights_sitenote_note":"","_monsterinsights_sitenote_category":0,"footnotes":""},"class_list":["post-8653","page","type-page","status-publish","hentry"],"yoast_head":"<!-- This site is optimized with the Yoast SEO plugin v26.6 - https:\/\/yoast.com\/wordpress\/plugins\/seo\/ -->\n<title>REHAUSSEMENT DE CILS \u00e0 Playa del Carmen | LOVEL BEAUTY<\/title>\n<meta name=\"description\" content=\"Rehaussez et recourbez vos cils naturels avec notre rehaussement de cils \u00e0 Playa del Carmen. Effet incroyable sans extensions.\" \/>\n<meta name=\"robots\" content=\"index, follow, max-snippet:-1, max-image-preview:large, max-video-preview:-1\" \/>\n<link rel=\"canonical\" href=\"https:\/\/lovelbeauty.mx\/lash-lifting-playa-del-carmen\/\" \/>\n<meta property=\"og:locale\" content=\"fr_FR\" \/>\n<meta property=\"og:type\" content=\"article\" \/>\n<meta property=\"og:title\" content=\"REHAUSSEMENT DE CILS \u00e0 Playa del Carmen | LOVEL BEAUTY\" \/>\n<meta property=\"og:description\" content=\"Rehaussez et recourbez vos cils naturels avec notre rehaussement de cils \u00e0 Playa del Carmen. Effet incroyable sans extensions.\" \/>\n<meta property=\"og:url\" content=\"https:\/\/lovelbeauty.mx\/lash-lifting-playa-del-carmen\/\" \/>\n<meta property=\"og:site_name\" content=\"lovelbeauty.mx\" \/>\n<meta property=\"article:publisher\" content=\"https:\/\/www.facebook.com\/share\/1EyUQBTKqT\/?mibextid=wwXIfr\" \/>\n<meta property=\"article:modified_time\" content=\"2026-02-16T17:51:33+00:00\" \/>\n<meta property=\"og:image\" content=\"https:\/\/lovelbeauty.mx\/wp-content\/uploads\/elementor\/thumbs\/lash-lifting-en-playa-del-carmen-r35e06cih5ssb6cyryg979afl4g5fyw16wtzttikco.webp\" \/>\n<meta name=\"twitter:card\" content=\"summary_large_image\" \/>\n<meta name=\"twitter:label1\" content=\"Dur\u00e9e de lecture estim\u00e9e\" \/>\n\t<meta name=\"twitter:data1\" content=\"4 minutes\" \/>\n<script type=\"application\/ld+json\" class=\"yoast-schema-graph\">{\"@context\":\"https:\/\/schema.org\",\"@graph\":[{\"@type\":\"WebPage\",\"@id\":\"https:\/\/lovelbeauty.mx\/lash-lifting-playa-del-carmen\/\",\"url\":\"https:\/\/lovelbeauty.mx\/lash-lifting-playa-del-carmen\/\",\"name\":\"REHAUSSEMENT DE CILS \u00e0 Playa del Carmen | LOVEL BEAUTY\",\"isPartOf\":{\"@id\":\"https:\/\/lovelbeauty.mx\/#website\"},\"primaryImageOfPage\":{\"@id\":\"https:\/\/lovelbeauty.mx\/lash-lifting-playa-del-carmen\/#primaryimage\"},\"image\":{\"@id\":\"https:\/\/lovelbeauty.mx\/lash-lifting-playa-del-carmen\/#primaryimage\"},\"thumbnailUrl\":\"https:\/\/lovelbeauty.mx\/wp-content\/uploads\/elementor\/thumbs\/lash-lifting-en-playa-del-carmen-r35e06cih5ssb6cyryg979afl4g5fyw16wtzttikco.webp\",\"datePublished\":\"2025-02-14T00:36:28+00:00\",\"dateModified\":\"2026-02-16T17:51:33+00:00\",\"description\":\"Rehaussez et recourbez vos cils naturels avec notre rehaussement de cils \u00e0 Playa del Carmen. Effet incroyable sans extensions.\",\"breadcrumb\":{\"@id\":\"https:\/\/lovelbeauty.mx\/lash-lifting-playa-del-carmen\/#breadcrumb\"},\"inLanguage\":\"fr-FR\",\"potentialAction\":[{\"@type\":\"ReadAction\",\"target\":[\"https:\/\/lovelbeauty.mx\/lash-lifting-playa-del-carmen\/\"]}]},{\"@type\":\"ImageObject\",\"inLanguage\":\"fr-FR\",\"@id\":\"https:\/\/lovelbeauty.mx\/lash-lifting-playa-del-carmen\/#primaryimage\",\"url\":\"https:\/\/lovelbeauty.mx\/wp-content\/uploads\/elementor\/thumbs\/lash-lifting-en-playa-del-carmen-r35e06cih5ssb6cyryg979afl4g5fyw16wtzttikco.webp\",\"contentUrl\":\"https:\/\/lovelbeauty.mx\/wp-content\/uploads\/elementor\/thumbs\/lash-lifting-en-playa-del-carmen-r35e06cih5ssb6cyryg979afl4g5fyw16wtzttikco.webp\"},{\"@type\":\"BreadcrumbList\",\"@id\":\"https:\/\/lovelbeauty.mx\/lash-lifting-playa-del-carmen\/#breadcrumb\",\"itemListElement\":[{\"@type\":\"ListItem\",\"position\":1,\"name\":\"Home\",\"item\":\"https:\/\/lovelbeauty.mx\/\"},{\"@type\":\"ListItem\",\"position\":2,\"name\":\"REHAUSSEMENT DE CILS\"}]},{\"@type\":\"WebSite\",\"@id\":\"https:\/\/lovelbeauty.mx\/#website\",\"url\":\"https:\/\/lovelbeauty.mx\/\",\"name\":\"Lovel Beauty\",\"description\":\"M\u00e1s Que Belleza... Actos De Amor | Playa Del Carmen\",\"publisher\":{\"@id\":\"https:\/\/lovelbeauty.mx\/#organization\"},\"potentialAction\":[{\"@type\":\"SearchAction\",\"target\":{\"@type\":\"EntryPoint\",\"urlTemplate\":\"https:\/\/lovelbeauty.mx\/?s={search_term_string}\"},\"query-input\":{\"@type\":\"PropertyValueSpecification\",\"valueRequired\":true,\"valueName\":\"search_term_string\"}}],\"inLanguage\":\"fr-FR\"},{\"@type\":\"Organization\",\"@id\":\"https:\/\/lovelbeauty.mx\/#organization\",\"name\":\"Lovel Beauty\",\"url\":\"https:\/\/lovelbeauty.mx\/\",\"logo\":{\"@type\":\"ImageObject\",\"inLanguage\":\"fr-FR\",\"@id\":\"https:\/\/lovelbeauty.mx\/#\/schema\/logo\/image\/\",\"url\":\"https:\/\/lovelbeauty.mx\/wp-content\/uploads\/2025\/02\/1_1.-Marca-Oficial.png\",\"contentUrl\":\"https:\/\/lovelbeauty.mx\/wp-content\/uploads\/2025\/02\/1_1.-Marca-Oficial.png\",\"width\":2550,\"height\":1930,\"caption\":\"Lovel Beauty\"},\"image\":{\"@id\":\"https:\/\/lovelbeauty.mx\/#\/schema\/logo\/image\/\"},\"sameAs\":[\"https:\/\/www.facebook.com\/share\/1EyUQBTKqT\/?mibextid=wwXIfr\",\"https:\/\/www.instagram.com\/lovelbeauty_\"]}]}<\/script>\n<!-- \/ Yoast SEO plugin. -->","yoast_head_json":{"title":"REHAUSSEMENT DE CILS \u00e0 Playa del Carmen | LOVEL BEAUTY","description":"Rehaussez et recourbez vos cils naturels avec notre rehaussement de cils \u00e0 Playa del Carmen. Effet incroyable sans extensions.","robots":{"index":"index","follow":"follow","max-snippet":"max-snippet:-1","max-image-preview":"max-image-preview:large","max-video-preview":"max-video-preview:-1"},"canonical":"https:\/\/lovelbeauty.mx\/lash-lifting-playa-del-carmen\/","og_locale":"fr_FR","og_type":"article","og_title":"REHAUSSEMENT DE CILS \u00e0 Playa del Carmen | LOVEL BEAUTY","og_description":"Rehaussez et recourbez vos cils naturels avec notre rehaussement de cils \u00e0 Playa del Carmen. Effet incroyable sans extensions.","og_url":"https:\/\/lovelbeauty.mx\/lash-lifting-playa-del-carmen\/","og_site_name":"lovelbeauty.mx","article_publisher":"https:\/\/www.facebook.com\/share\/1EyUQBTKqT\/?mibextid=wwXIfr","article_modified_time":"2026-02-16T17:51:33+00:00","og_image":[{"url":"https:\/\/lovelbeauty.mx\/wp-content\/uploads\/elementor\/thumbs\/lash-lifting-en-playa-del-carmen-r35e06cih5ssb6cyryg979afl4g5fyw16wtzttikco.webp","type":"","width":"","height":""}],"twitter_card":"summary_large_image","twitter_misc":{"Dur\u00e9e de lecture estim\u00e9e":"4 minutes"},"schema":{"@context":"https:\/\/schema.org","@graph":[{"@type":"WebPage","@id":"https:\/\/lovelbeauty.mx\/lash-lifting-playa-del-carmen\/","url":"https:\/\/lovelbeauty.mx\/lash-lifting-playa-del-carmen\/","name":"REHAUSSEMENT DE CILS \u00e0 Playa del Carmen | LOVEL BEAUTY","isPartOf":{"@id":"https:\/\/lovelbeauty.mx\/#website"},"primaryImageOfPage":{"@id":"https:\/\/lovelbeauty.mx\/lash-lifting-playa-del-carmen\/#primaryimage"},"image":{"@id":"https:\/\/lovelbeauty.mx\/lash-lifting-playa-del-carmen\/#primaryimage"},"thumbnailUrl":"https:\/\/lovelbeauty.mx\/wp-content\/uploads\/elementor\/thumbs\/lash-lifting-en-playa-del-carmen-r35e06cih5ssb6cyryg979afl4g5fyw16wtzttikco.webp","datePublished":"2025-02-14T00:36:28+00:00","dateModified":"2026-02-16T17:51:33+00:00","description":"Rehaussez et recourbez vos cils naturels avec notre rehaussement de cils \u00e0 Playa del Carmen. Effet incroyable sans extensions.","breadcrumb":{"@id":"https:\/\/lovelbeauty.mx\/lash-lifting-playa-del-carmen\/#breadcrumb"},"inLanguage":"fr-FR","potentialAction":[{"@type":"ReadAction","target":["https:\/\/lovelbeauty.mx\/lash-lifting-playa-del-carmen\/"]}]},{"@type":"ImageObject","inLanguage":"fr-FR","@id":"https:\/\/lovelbeauty.mx\/lash-lifting-playa-del-carmen\/#primaryimage","url":"https:\/\/lovelbeauty.mx\/wp-content\/uploads\/elementor\/thumbs\/lash-lifting-en-playa-del-carmen-r35e06cih5ssb6cyryg979afl4g5fyw16wtzttikco.webp","contentUrl":"https:\/\/lovelbeauty.mx\/wp-content\/uploads\/elementor\/thumbs\/lash-lifting-en-playa-del-carmen-r35e06cih5ssb6cyryg979afl4g5fyw16wtzttikco.webp"},{"@type":"BreadcrumbList","@id":"https:\/\/lovelbeauty.mx\/lash-lifting-playa-del-carmen\/#breadcrumb","itemListElement":[{"@type":"ListItem","position":1,"name":"Home","item":"https:\/\/lovelbeauty.mx\/"},{"@type":"ListItem","position":2,"name":"REHAUSSEMENT DE CILS"}]},{"@type":"WebSite","@id":"https:\/\/lovelbeauty.mx\/#website","url":"https:\/\/lovelbeauty.mx\/","name":"Lovel Beauty","description":"M\u00e1s Que Belleza... Actos De Amor | Playa Del Carmen","publisher":{"@id":"https:\/\/lovelbeauty.mx\/#organization"},"potentialAction":[{"@type":"SearchAction","target":{"@type":"EntryPoint","urlTemplate":"https:\/\/lovelbeauty.mx\/?s={search_term_string}"},"query-input":{"@type":"PropertyValueSpecification","valueRequired":true,"valueName":"search_term_string"}}],"inLanguage":"fr-FR"},{"@type":"Organization","@id":"https:\/\/lovelbeauty.mx\/#organization","name":"Lovel Beauty","url":"https:\/\/lovelbeauty.mx\/","logo":{"@type":"ImageObject","inLanguage":"fr-FR","@id":"https:\/\/lovelbeauty.mx\/#\/schema\/logo\/image\/","url":"https:\/\/lovelbeauty.mx\/wp-content\/uploads\/2025\/02\/1_1.-Marca-Oficial.png","contentUrl":"https:\/\/lovelbeauty.mx\/wp-content\/uploads\/2025\/02\/1_1.-Marca-Oficial.png","width":2550,"height":1930,"caption":"Lovel Beauty"},"image":{"@id":"https:\/\/lovelbeauty.mx\/#\/schema\/logo\/image\/"},"sameAs":["https:\/\/www.facebook.com\/share\/1EyUQBTKqT\/?mibextid=wwXIfr","https:\/\/www.instagram.com\/lovelbeauty_"]}]}},"_links":{"self":[{"href":"https:\/\/lovelbeauty.mx\/fr\/wp-json\/wp\/v2\/pages\/8653","targetHints":{"allow":["GET"]}}],"collection":[{"href":"https:\/\/lovelbeauty.mx\/fr\/wp-json\/wp\/v2\/pages"}],"about":[{"href":"https:\/\/lovelbeauty.mx\/fr\/wp-json\/wp\/v2\/types\/page"}],"author":[{"embeddable":true,"href":"https:\/\/lovelbeauty.mx\/fr\/wp-json\/wp\/v2\/users\/1"}],"replies":[{"embeddable":true,"href":"https:\/\/lovelbeauty.mx\/fr\/wp-json\/wp\/v2\/comments?post=8653"}],"version-history":[{"count":14,"href":"https:\/\/lovelbeauty.mx\/fr\/wp-json\/wp\/v2\/pages\/8653\/revisions"}],"predecessor-version":[{"id":9554,"href":"https:\/\/lovelbeauty.mx\/fr\/wp-json\/wp\/v2\/pages\/8653\/revisions\/9554"}],"wp:attachment":[{"href":"https:\/\/lovelbeauty.mx\/fr\/wp-json\/wp\/v2\/media?parent=8653"}],"curies":[{"name":"wp","href":"https:\/\/api.w.org\/{rel}","templated":true}]}}