{"id":8661,"date":"2025-04-12T00:28:55","date_gmt":"2025-04-12T00:28:55","guid":{"rendered":"https:\/\/lovelbeauty.mx\/maquillaje-permanente-labios-playa-del-carmen\/"},"modified":"2026-02-15T22:21:23","modified_gmt":"2026-02-15T22:21:23","slug":"maquillage-permanent-des-levres-playa-del-carmen","status":"publish","type":"page","link":"https:\/\/lovelbeauty.mx\/fr\/maquillage-permanent-des-levres-playa-del-carmen\/","title":{"rendered":"MAQUILLAGE PERMANENT DES L\u00c8VRES"},"content":{"rendered":"\t\t<div data-elementor-type=\"wp-page\" data-elementor-id=\"8661\" class=\"elementor elementor-8661\">\n\t\t\t\t<div class=\"elementor-element elementor-element-418644b e-flex e-con-boxed e-con e-parent\" data-id=\"418644b\" data-element_type=\"container\" data-settings=\"{&quot;background_background&quot;:&quot;classic&quot;}\">\n\t\t\t\t\t<div class=\"e-con-inner\">\n\t\t\t\t<div class=\"elementor-element elementor-element-b9f1753 elementor-widget elementor-widget-heading\" data-id=\"b9f1753\" data-element_type=\"widget\" data-widget_type=\"heading.default\">\n\t\t\t\t<div class=\"elementor-widget-container\">\n\t\t\t\t\t<h1 class=\"elementor-heading-title elementor-size-default\">MAQUILLAGE PERMANENT DES L\u00c8VRES \u00c0 PLAYA DEL CARMEN<\/h1>\t\t\t\t<\/div>\n\t\t\t\t<\/div>\n\t\t\t\t\t<\/div>\n\t\t\t\t<\/div>\n\t\t<div class=\"elementor-element elementor-element-e9f222a e-flex e-con-boxed e-con e-parent\" data-id=\"e9f222a\" data-element_type=\"container\">\n\t\t\t\t\t<div class=\"e-con-inner\">\n\t\t\t\t<div class=\"elementor-element elementor-element-ba63228 elementor-widget elementor-widget-text-editor\" data-id=\"ba63228\" data-element_type=\"widget\" data-widget_type=\"text-editor.default\">\n\t\t\t\t<div class=\"elementor-widget-container\">\n\t\t\t\t\t\t\t\t\t<p class=\"p1\">Souhaitez-vous sublimer votre sourire avec le maquillage permanent des l\u00e8vres \u00e0 Playa del Carmen ? Obtenez une couleur d\u00e9finie et un r\u00e9sultat naturel qui dure dans le temps.<\/p>\n\n<h2 class=\"p1\">UNE COULEUR IMPECCABLE ET DES L\u00c8VRES D\u00c9FINIES \u00c0 TOUT MOMENT<\/h2>\n\n<p>Le maquillage permanent des l\u00e8vres est la solution id\u00e9ale pour celles et ceux qui souhaitent mettre en valeur la forme et la teinte naturelle de leurs l\u00e8vres sans d\u00e9pendre du maquillage quotidien. Gr\u00e2ce \u00e0 cette technique de micropigmentation, nous obtenons une couleur uniforme, un contour parfaitement d\u00e9fini et un effet visuel de l\u00e8vres plus pulpeuses, sans avoir recours \u00e0 des injections.<\/p>\n\n<p>Si vous souhaitez des l\u00e8vres plus sym\u00e9triques et une couleur durable, ce soin est fait pour vous. Oubliez le rouge \u00e0 l\u00e8vres qui file ou s\u2019estompe avec le temps et profitez de l\u00e8vres impeccables en toutes circonstances.<\/p>\t\t\t\t\t\t\t\t<\/div>\n\t\t\t\t<\/div>\n\t\t\t\t<div class=\"elementor-element elementor-element-2b85ff1 elementor-widget elementor-widget-image\" data-id=\"2b85ff1\" data-element_type=\"widget\" data-widget_type=\"image.default\">\n\t\t\t\t<div class=\"elementor-widget-container\">\n\t\t\t\t\t\t\t\t\t\t\t\t\t\t\t<img decoding=\"async\" src=\"https:\/\/lovelbeauty.mx\/wp-content\/uploads\/elementor\/thumbs\/maquillaje-permanente-de-labios-en-playa-del-carmen-r35etd82pxrcv7yibkp5mw3rpwkihkrxve6ud68f48.webp\" title=\"Maquillaje permanente de labios en Playa del Carmen &#8211; LOVEL BEAUTY\" alt=\"Maquillaje permanente de labios en Playa del Carmen\" loading=\"lazy\" \/>\t\t\t\t\t\t\t\t\t\t\t\t\t\t\t<\/div>\n\t\t\t\t<\/div>\n\t\t\t\t\t<\/div>\n\t\t\t\t<\/div>\n\t\t<div class=\"elementor-element elementor-element-d0f9ed3 e-flex e-con-boxed e-con e-parent\" data-id=\"d0f9ed3\" data-element_type=\"container\">\n\t\t\t\t\t<div class=\"e-con-inner\">\n\t\t\t\t<div class=\"elementor-element elementor-element-185bc1b elementor-widget elementor-widget-text-editor\" data-id=\"185bc1b\" data-element_type=\"widget\" data-widget_type=\"text-editor.default\">\n\t\t\t\t<div class=\"elementor-widget-container\">\n\t\t\t\t\t\t\t\t\t<h2 class=\"p1\">POURQUOI VOUS ALLEZ ADORER LE MAQUILLAGE PERMANENT DES L\u00c8VRES ?<\/h2>\n\n<p>\u2714 <strong>Teinte personnalis\u00e9e<\/strong>, d\u2019une couleur subtile \u00e0 une nuance plus intense.<\/p>\n\n<p>\u2714 <strong>L\u00e8vres parfaitement d\u00e9finies<\/strong>, avec un contour pr\u00e9cis et harmonieux qui met en valeur leur forme naturelle.<\/p>\n\n<p>\u2714 <strong>Effet volume naturel<\/strong>, sans avoir recours \u00e0 l\u2019acide hyaluronique.<\/p>\n\n<p>\u2714 <strong>Fini les retouches constantes<\/strong>, profitez d\u2019une couleur stable pendant plusieurs mois.<\/p>\n\n<p>\u2714 <strong>Plus de confort et de confiance<\/strong>, r\u00e9veillez-vous chaque jour avec des l\u00e8vres impeccables.<\/p>\t\t\t\t\t\t\t\t<\/div>\n\t\t\t\t<\/div>\n\t\t\t\t<div class=\"elementor-element elementor-element-72bc58d content-align-center art-fadeIn art-anim animate__delay-1s elementor-widget elementor-widget-art-dark-button\" data-id=\"72bc58d\" data-element_type=\"widget\" data-widget_type=\"art-dark-button.default\">\n\t\t\t\t<div class=\"elementor-widget-container\">\n\t\t\t\t\t\r\n                            <div class=\"art-widget-button art--aliment-center art--aliment-tablet- art--aliment-mobile-\">\r\n                        <a href=\"https:\/\/www.fresha.com\/es\/book-now\/bonita-home-studio-koy6vc12\/all-offer?share&pId=714609\"  rel=\"nofollow\" class=\"art-button art-button-dark\">PRENEZ RENDEZ-VOUS<\/a>\r\n                    <\/div>\r\n                    \r\n\r\n\r\n\t\t\t\t\t\t<\/div>\n\t\t\t\t<\/div>\n\t\t\t\t\t<\/div>\n\t\t\t\t<\/div>\n\t\t<div class=\"elementor-element elementor-element-408be50 e-flex e-con-boxed e-con e-parent\" data-id=\"408be50\" data-element_type=\"container\">\n\t\t\t\t\t<div class=\"e-con-inner\">\n\t\t\t\t<div class=\"elementor-element elementor-element-3e4c679 elementor-widget elementor-widget-text-editor\" data-id=\"3e4c679\" data-element_type=\"widget\" data-widget_type=\"text-editor.default\">\n\t\t\t\t<div class=\"elementor-widget-container\">\n\t\t\t\t\t\t\t\t\t<h2 class=\"p1\">SUBLIMEZ VOTRE SOURIRE AVEC UNE COULEUR IMPECCABLE GR\u00c2CE \u00c0 NOTRE MAQUILLAGE PERMANENT DES L\u00c8VRES \u00c0 PLAYA DEL CARMEN<\/h2>\n\n<p class=\"p1\"><span class=\"s1\">Osez le changement&nbsp;!<\/span> D\u00e9couvrez comment un petit d\u00e9tail peut faire une grande diff\u00e9rence dans votre image et votre confiance. <span class=\"s1\">Laissez votre beaut\u00e9 s\u2019exprimer \u00e0 travers des l\u00e8vres lumineuses, bien d\u00e9finies et une teinte qui met en valeur votre personnalit\u00e9.<\/span> Oubliez le maquillage quotidien et profitez d\u2019une couleur impeccable d\u00e8s les premi\u00e8res minutes de la journ\u00e9e. Gr\u00e2ce \u00e0 notre maquillage permanent des l\u00e8vres, vous obtiendrez une apparence fra\u00eeche, naturelle et sophistiqu\u00e9e, sans effort. <span class=\"s1\">Si vous recherchez un look durable qui r\u00e9v\u00e8le votre essence, ce soin est fait pour vous.<\/span> Laissez-vous surprendre par le r\u00e9sultat et sentez-vous incroyable \u00e0 tout moment&nbsp;!<\/p>\t\t\t\t\t\t\t\t<\/div>\n\t\t\t\t<\/div>\n\t\t\t\t\t<\/div>\n\t\t\t\t<\/div>\n\t\t<div class=\"elementor-element elementor-element-e3f478e e-flex e-con-boxed e-con e-parent\" data-id=\"e3f478e\" data-element_type=\"container\">\n\t\t\t\t\t<div class=\"e-con-inner\">\n\t\t\t\t<div class=\"elementor-element elementor-element-eefc081 elementor-widget elementor-widget-text-editor\" data-id=\"eefc081\" data-element_type=\"widget\" data-widget_type=\"text-editor.default\">\n\t\t\t\t<div class=\"elementor-widget-container\">\n\t\t\t\t\t\t\t\t\t<strong>D\u00e9couvrez-en plus sur la micropigmentation, son d\u00e9roulement, les soins apr\u00e8s le traitement et tous ses bienfaits<\/strong>\n<a class=\"small-button\" href=\"https:\/\/lovelbeauty.mx\/micropigmentacion-en-playa-del-carmen\/\">ici<\/a>\n\n<style>\n    .small-button {\n        display: inline-block;\n        padding: 0px 12px;\n        font-size: 14px;\n        font-weight: bold;\n        color: white;\n        background-color: #000000; \/* Noir *\/\n        border-radius: 50px;\n        text-decoration: none;\n        transition: background 0.3s ease;\n    }\n\n    .small-button:hover {\n        background-color: #333333; \/* Noir plus clair au survol *\/\n    }\n<\/style>\t\t\t\t\t\t\t\t<\/div>\n\t\t\t\t<\/div>\n\t\t\t\t\t<\/div>\n\t\t\t\t<\/div>\n\t\t<div class=\"elementor-element elementor-element-83c4c8f e-flex e-con-boxed e-con e-parent\" data-id=\"83c4c8f\" data-element_type=\"container\">\n\t\t\t\t\t<div class=\"e-con-inner\">\n\t\t\t\t<div class=\"elementor-element elementor-element-85664b6 elementor-widget elementor-widget-text-editor\" data-id=\"85664b6\" data-element_type=\"widget\" data-widget_type=\"text-editor.default\">\n\t\t\t\t<div class=\"elementor-widget-container\">\n\t\t\t\t\t\t\t\t\t<p><strong>Maquillage permanent des l\u00e8vres<\/strong> \u2013 $4200<\/p><p><strong>Retouche \u00e0 1 mois<\/strong> \u2013 $1700<\/p><p><strong>Retouche \u00e0 1 an<\/strong> \u2013 $2700<\/p><p><em>*Les retouches sont exclusivement r\u00e9serv\u00e9es aux clientes de LOVEL BEAUTY.<\/em><\/p>\t\t\t\t\t\t\t\t<\/div>\n\t\t\t\t<\/div>\n\t\t\t\t\t<\/div>\n\t\t\t\t<\/div>\n\t\t<div class=\"elementor-element elementor-element-74e7de8 e-flex e-con-boxed e-con e-parent\" data-id=\"74e7de8\" data-element_type=\"container\">\n\t\t\t\t\t<div class=\"e-con-inner\">\n\t\t\t\t<div class=\"elementor-element elementor-element-c73a33c content-align-center art-fadeIn art-anim animate__delay-1s elementor-widget elementor-widget-art-dark-button\" data-id=\"c73a33c\" data-element_type=\"widget\" data-widget_type=\"art-dark-button.default\">\n\t\t\t\t<div class=\"elementor-widget-container\">\n\t\t\t\t\t\r\n        \r\n                <div class=\"art-widget-button art--aliment-center art--aliment-tablet- art--aliment-mobile-\">\r\n                    <a href=\"https:\/\/lovelbeauty.mx\/menu-de-servicios\/\" class=\"art-button art-button-dark\">MENU DES SERVICES<\/a>\r\n                <\/div>\r\n\r\n                \r\n\r\n\r\n\t\t\t\t\t\t<\/div>\n\t\t\t\t<\/div>\n\t\t\t\t\t<\/div>\n\t\t\t\t<\/div>\n\t\t<div class=\"elementor-element elementor-element-1514257 e-flex e-con-boxed e-con e-parent\" data-id=\"1514257\" data-element_type=\"container\">\n\t\t\t\t\t<div class=\"e-con-inner\">\n\t\t<div class=\"elementor-element elementor-element-0181919 e-con-full e-flex e-con e-child\" data-id=\"0181919\" data-element_type=\"container\">\n\t\t<div class=\"elementor-element elementor-element-e626907 e-con-full e-flex e-con e-child\" data-id=\"e626907\" data-element_type=\"container\">\n\t\t<div class=\"elementor-element elementor-element-d624dc6 e-con-full e-flex e-con e-child\" data-id=\"d624dc6\" data-element_type=\"container\">\n\t\t\t\t<div class=\"elementor-element elementor-element-d2b2cfc elementor-align-left elementor-invisible elementor-widget elementor-widget-button\" data-id=\"d2b2cfc\" data-element_type=\"widget\" data-settings=\"{&quot;_animation&quot;:&quot;zoomIn&quot;,&quot;_animation_mobile&quot;:&quot;zoomIn&quot;}\" data-widget_type=\"button.default\">\n\t\t\t\t<div class=\"elementor-widget-container\">\n\t\t\t\t\t\t\t\t\t<div class=\"elementor-button-wrapper\">\n\t\t\t\t\t<a class=\"elementor-button elementor-button-link elementor-size-sm\" href=\"https:\/\/lovelbeauty.mx\/fr\/latinbrows-playa-del-carmen\/\">\n\t\t\t\t\t\t<span class=\"elementor-button-content-wrapper\">\n\t\t\t\t\t\t<span class=\"elementor-button-icon\">\n\t\t\t\t<svg aria-hidden=\"true\" class=\"e-font-icon-svg e-far-arrow-alt-circle-left\" viewBox=\"0 0 512 512\" xmlns=\"http:\/\/www.w3.org\/2000\/svg\"><path d=\"M8 256c0 137 111 248 248 248s248-111 248-248S393 8 256 8 8 119 8 256zm448 0c0 110.5-89.5 200-200 200S56 366.5 56 256 145.5 56 256 56s200 89.5 200 200zm-72-20v40c0 6.6-5.4 12-12 12H256v67c0 10.7-12.9 16-20.5 8.5l-99-99c-4.7-4.7-4.7-12.3 0-17l99-99c7.6-7.6 20.5-2.2 20.5 8.5v67h116c6.6 0 12 5.4 12 12z\"><\/path><\/svg>\t\t\t<\/span>\n\t\t\t\t\t\t\t\t\t<span class=\"elementor-button-text\">LATINBROWS<\/span>\n\t\t\t\t\t<\/span>\n\t\t\t\t\t<\/a>\n\t\t\t\t<\/div>\n\t\t\t\t\t\t\t\t<\/div>\n\t\t\t\t<\/div>\n\t\t\t\t<div class=\"elementor-element elementor-element-eed70bd elementor-invisible elementor-widget elementor-widget-button\" data-id=\"eed70bd\" data-element_type=\"widget\" data-settings=\"{&quot;_animation&quot;:&quot;zoomIn&quot;,&quot;_animation_mobile&quot;:&quot;zoomIn&quot;}\" data-widget_type=\"button.default\">\n\t\t\t\t<div class=\"elementor-widget-container\">\n\t\t\t\t\t\t\t\t\t<div class=\"elementor-button-wrapper\">\n\t\t\t\t\t<a class=\"elementor-button elementor-button-link elementor-size-sm\" href=\"https:\/\/lovelbeauty.mx\/fr\/extensions-de-cils-playa-del-carmen\/\">\n\t\t\t\t\t\t<span class=\"elementor-button-content-wrapper\">\n\t\t\t\t\t\t<span class=\"elementor-button-icon\">\n\t\t\t\t<svg aria-hidden=\"true\" class=\"e-font-icon-svg e-far-arrow-alt-circle-right\" viewBox=\"0 0 512 512\" xmlns=\"http:\/\/www.w3.org\/2000\/svg\"><path d=\"M504 256C504 119 393 8 256 8S8 119 8 256s111 248 248 248 248-111 248-248zm-448 0c0-110.5 89.5-200 200-200s200 89.5 200 200-89.5 200-200 200S56 366.5 56 256zm72 20v-40c0-6.6 5.4-12 12-12h116v-67c0-10.7 12.9-16 20.5-8.5l99 99c4.7 4.7 4.7 12.3 0 17l-99 99c-7.6 7.6-20.5 2.2-20.5-8.5v-67H140c-6.6 0-12-5.4-12-12z\"><\/path><\/svg>\t\t\t<\/span>\n\t\t\t\t\t\t\t\t\t<span class=\"elementor-button-text\">EXTENSIONS DE CILS<\/span>\n\t\t\t\t\t<\/span>\n\t\t\t\t\t<\/a>\n\t\t\t\t<\/div>\n\t\t\t\t\t\t\t\t<\/div>\n\t\t\t\t<\/div>\n\t\t\t\t<\/div>\n\t\t\t\t<\/div>\n\t\t\t\t<\/div>\n\t\t\t\t\t<\/div>\n\t\t\t\t<\/div>\n\t\t\t\t<\/div>\n\t\t","protected":false},"excerpt":{"rendered":"<p>MAQUILLAGE PERMANENT DES L\u00c8VRES \u00c0 PLAYA DEL CARMEN Souhaitez-vous sublimer votre sourire avec le maquillage permanent des l\u00e8vres \u00e0 Playa del Carmen ? Obtenez une couleur d\u00e9finie et un r\u00e9sultat naturel qui dure dans le temps. UNE COULEUR IMPECCABLE ET DES L\u00c8VRES D\u00c9FINIES \u00c0 TOUT MOMENT Le maquillage permanent des l\u00e8vres est la solution id\u00e9ale [&hellip;]<\/p>\n","protected":false},"author":1,"featured_media":0,"parent":0,"menu_order":0,"comment_status":"closed","ping_status":"closed","template":"elementor-template.php","meta":{"inline_featured_image":false,"_monsterinsights_skip_tracking":false,"_monsterinsights_sitenote_active":false,"_monsterinsights_sitenote_note":"","_monsterinsights_sitenote_category":0,"footnotes":""},"class_list":["post-8661","page","type-page","status-publish","hentry"],"yoast_head":"<!-- This site is optimized with the Yoast SEO plugin v26.6 - https:\/\/yoast.com\/wordpress\/plugins\/seo\/ -->\n<title>Maquillage permanent des l\u00e8vres \u00e0 Playa del Carmen | LOVEL..<\/title>\n<meta name=\"description\" content=\"Sublimez la couleur naturelle de vos l\u00e8vres avec le maquillage permanent \u00e0 Playa del Carmen. Teinte durable pour un look impeccable.\" \/>\n<meta name=\"robots\" content=\"index, follow, max-snippet:-1, max-image-preview:large, max-video-preview:-1\" \/>\n<link rel=\"canonical\" href=\"https:\/\/lovelbeauty.mx\/maquillaje-permanente-labios-playa-del-carmen\/\" \/>\n<meta property=\"og:locale\" content=\"fr_FR\" \/>\n<meta property=\"og:type\" content=\"article\" \/>\n<meta property=\"og:title\" content=\"Maquillage permanent des l\u00e8vres \u00e0 Playa del Carmen | LOVEL..\" \/>\n<meta property=\"og:description\" content=\"Sublimez la couleur naturelle de vos l\u00e8vres avec le maquillage permanent \u00e0 Playa del Carmen. Teinte durable pour un look impeccable.\" \/>\n<meta property=\"og:url\" content=\"https:\/\/lovelbeauty.mx\/maquillaje-permanente-labios-playa-del-carmen\/\" \/>\n<meta property=\"og:site_name\" content=\"lovelbeauty.mx\" \/>\n<meta property=\"article:publisher\" content=\"https:\/\/www.facebook.com\/share\/1EyUQBTKqT\/?mibextid=wwXIfr\" \/>\n<meta property=\"article:modified_time\" content=\"2026-02-15T22:21:23+00:00\" \/>\n<meta property=\"og:image\" content=\"https:\/\/lovelbeauty.mx\/wp-content\/uploads\/elementor\/thumbs\/maquillaje-permanente-de-labios-en-playa-del-carmen-r35etd82pxrcv7yibkp5mw3rpwkihkrxve6ud68f48.webp\" \/>\n<meta name=\"twitter:card\" content=\"summary_large_image\" \/>\n<meta name=\"twitter:label1\" content=\"Dur\u00e9e de lecture estim\u00e9e\" \/>\n\t<meta name=\"twitter:data1\" content=\"3 minutes\" \/>\n<script type=\"application\/ld+json\" class=\"yoast-schema-graph\">{\"@context\":\"https:\/\/schema.org\",\"@graph\":[{\"@type\":\"WebPage\",\"@id\":\"https:\/\/lovelbeauty.mx\/maquillaje-permanente-labios-playa-del-carmen\/\",\"url\":\"https:\/\/lovelbeauty.mx\/maquillaje-permanente-labios-playa-del-carmen\/\",\"name\":\"Maquillage permanent des l\u00e8vres \u00e0 Playa del Carmen | LOVEL..\",\"isPartOf\":{\"@id\":\"https:\/\/lovelbeauty.mx\/#website\"},\"primaryImageOfPage\":{\"@id\":\"https:\/\/lovelbeauty.mx\/maquillaje-permanente-labios-playa-del-carmen\/#primaryimage\"},\"image\":{\"@id\":\"https:\/\/lovelbeauty.mx\/maquillaje-permanente-labios-playa-del-carmen\/#primaryimage\"},\"thumbnailUrl\":\"https:\/\/lovelbeauty.mx\/wp-content\/uploads\/elementor\/thumbs\/maquillaje-permanente-de-labios-en-playa-del-carmen-r35etd82pxrcv7yibkp5mw3rpwkihkrxve6ud68f48.webp\",\"datePublished\":\"2025-04-12T00:28:55+00:00\",\"dateModified\":\"2026-02-15T22:21:23+00:00\",\"description\":\"Sublimez la couleur naturelle de vos l\u00e8vres avec le maquillage permanent \u00e0 Playa del Carmen. Teinte durable pour un look impeccable.\",\"breadcrumb\":{\"@id\":\"https:\/\/lovelbeauty.mx\/maquillaje-permanente-labios-playa-del-carmen\/#breadcrumb\"},\"inLanguage\":\"fr-FR\",\"potentialAction\":[{\"@type\":\"ReadAction\",\"target\":[\"https:\/\/lovelbeauty.mx\/maquillaje-permanente-labios-playa-del-carmen\/\"]}]},{\"@type\":\"ImageObject\",\"inLanguage\":\"fr-FR\",\"@id\":\"https:\/\/lovelbeauty.mx\/maquillaje-permanente-labios-playa-del-carmen\/#primaryimage\",\"url\":\"https:\/\/lovelbeauty.mx\/wp-content\/uploads\/elementor\/thumbs\/maquillaje-permanente-de-labios-en-playa-del-carmen-r35etd82pxrcv7yibkp5mw3rpwkihkrxve6ud68f48.webp\",\"contentUrl\":\"https:\/\/lovelbeauty.mx\/wp-content\/uploads\/elementor\/thumbs\/maquillaje-permanente-de-labios-en-playa-del-carmen-r35etd82pxrcv7yibkp5mw3rpwkihkrxve6ud68f48.webp\"},{\"@type\":\"BreadcrumbList\",\"@id\":\"https:\/\/lovelbeauty.mx\/maquillaje-permanente-labios-playa-del-carmen\/#breadcrumb\",\"itemListElement\":[{\"@type\":\"ListItem\",\"position\":1,\"name\":\"Home\",\"item\":\"https:\/\/lovelbeauty.mx\/\"},{\"@type\":\"ListItem\",\"position\":2,\"name\":\"MAQUILLAGE PERMANENT DES L\u00c8VRES\"}]},{\"@type\":\"WebSite\",\"@id\":\"https:\/\/lovelbeauty.mx\/#website\",\"url\":\"https:\/\/lovelbeauty.mx\/\",\"name\":\"Lovel Beauty\",\"description\":\"M\u00e1s Que Belleza... Actos De Amor | Playa Del Carmen\",\"publisher\":{\"@id\":\"https:\/\/lovelbeauty.mx\/#organization\"},\"potentialAction\":[{\"@type\":\"SearchAction\",\"target\":{\"@type\":\"EntryPoint\",\"urlTemplate\":\"https:\/\/lovelbeauty.mx\/?s={search_term_string}\"},\"query-input\":{\"@type\":\"PropertyValueSpecification\",\"valueRequired\":true,\"valueName\":\"search_term_string\"}}],\"inLanguage\":\"fr-FR\"},{\"@type\":\"Organization\",\"@id\":\"https:\/\/lovelbeauty.mx\/#organization\",\"name\":\"Lovel Beauty\",\"url\":\"https:\/\/lovelbeauty.mx\/\",\"logo\":{\"@type\":\"ImageObject\",\"inLanguage\":\"fr-FR\",\"@id\":\"https:\/\/lovelbeauty.mx\/#\/schema\/logo\/image\/\",\"url\":\"https:\/\/lovelbeauty.mx\/wp-content\/uploads\/2025\/02\/1_1.-Marca-Oficial.png\",\"contentUrl\":\"https:\/\/lovelbeauty.mx\/wp-content\/uploads\/2025\/02\/1_1.-Marca-Oficial.png\",\"width\":2550,\"height\":1930,\"caption\":\"Lovel Beauty\"},\"image\":{\"@id\":\"https:\/\/lovelbeauty.mx\/#\/schema\/logo\/image\/\"},\"sameAs\":[\"https:\/\/www.facebook.com\/share\/1EyUQBTKqT\/?mibextid=wwXIfr\",\"https:\/\/www.instagram.com\/lovelbeauty_\"]}]}<\/script>\n<!-- \/ Yoast SEO plugin. -->","yoast_head_json":{"title":"Maquillage permanent des l\u00e8vres \u00e0 Playa del Carmen | LOVEL..","description":"Sublimez la couleur naturelle de vos l\u00e8vres avec le maquillage permanent \u00e0 Playa del Carmen. Teinte durable pour un look impeccable.","robots":{"index":"index","follow":"follow","max-snippet":"max-snippet:-1","max-image-preview":"max-image-preview:large","max-video-preview":"max-video-preview:-1"},"canonical":"https:\/\/lovelbeauty.mx\/maquillaje-permanente-labios-playa-del-carmen\/","og_locale":"fr_FR","og_type":"article","og_title":"Maquillage permanent des l\u00e8vres \u00e0 Playa del Carmen | LOVEL..","og_description":"Sublimez la couleur naturelle de vos l\u00e8vres avec le maquillage permanent \u00e0 Playa del Carmen. Teinte durable pour un look impeccable.","og_url":"https:\/\/lovelbeauty.mx\/maquillaje-permanente-labios-playa-del-carmen\/","og_site_name":"lovelbeauty.mx","article_publisher":"https:\/\/www.facebook.com\/share\/1EyUQBTKqT\/?mibextid=wwXIfr","article_modified_time":"2026-02-15T22:21:23+00:00","og_image":[{"url":"https:\/\/lovelbeauty.mx\/wp-content\/uploads\/elementor\/thumbs\/maquillaje-permanente-de-labios-en-playa-del-carmen-r35etd82pxrcv7yibkp5mw3rpwkihkrxve6ud68f48.webp","type":"","width":"","height":""}],"twitter_card":"summary_large_image","twitter_misc":{"Dur\u00e9e de lecture estim\u00e9e":"3 minutes"},"schema":{"@context":"https:\/\/schema.org","@graph":[{"@type":"WebPage","@id":"https:\/\/lovelbeauty.mx\/maquillaje-permanente-labios-playa-del-carmen\/","url":"https:\/\/lovelbeauty.mx\/maquillaje-permanente-labios-playa-del-carmen\/","name":"Maquillage permanent des l\u00e8vres \u00e0 Playa del Carmen | LOVEL..","isPartOf":{"@id":"https:\/\/lovelbeauty.mx\/#website"},"primaryImageOfPage":{"@id":"https:\/\/lovelbeauty.mx\/maquillaje-permanente-labios-playa-del-carmen\/#primaryimage"},"image":{"@id":"https:\/\/lovelbeauty.mx\/maquillaje-permanente-labios-playa-del-carmen\/#primaryimage"},"thumbnailUrl":"https:\/\/lovelbeauty.mx\/wp-content\/uploads\/elementor\/thumbs\/maquillaje-permanente-de-labios-en-playa-del-carmen-r35etd82pxrcv7yibkp5mw3rpwkihkrxve6ud68f48.webp","datePublished":"2025-04-12T00:28:55+00:00","dateModified":"2026-02-15T22:21:23+00:00","description":"Sublimez la couleur naturelle de vos l\u00e8vres avec le maquillage permanent \u00e0 Playa del Carmen. Teinte durable pour un look impeccable.","breadcrumb":{"@id":"https:\/\/lovelbeauty.mx\/maquillaje-permanente-labios-playa-del-carmen\/#breadcrumb"},"inLanguage":"fr-FR","potentialAction":[{"@type":"ReadAction","target":["https:\/\/lovelbeauty.mx\/maquillaje-permanente-labios-playa-del-carmen\/"]}]},{"@type":"ImageObject","inLanguage":"fr-FR","@id":"https:\/\/lovelbeauty.mx\/maquillaje-permanente-labios-playa-del-carmen\/#primaryimage","url":"https:\/\/lovelbeauty.mx\/wp-content\/uploads\/elementor\/thumbs\/maquillaje-permanente-de-labios-en-playa-del-carmen-r35etd82pxrcv7yibkp5mw3rpwkihkrxve6ud68f48.webp","contentUrl":"https:\/\/lovelbeauty.mx\/wp-content\/uploads\/elementor\/thumbs\/maquillaje-permanente-de-labios-en-playa-del-carmen-r35etd82pxrcv7yibkp5mw3rpwkihkrxve6ud68f48.webp"},{"@type":"BreadcrumbList","@id":"https:\/\/lovelbeauty.mx\/maquillaje-permanente-labios-playa-del-carmen\/#breadcrumb","itemListElement":[{"@type":"ListItem","position":1,"name":"Home","item":"https:\/\/lovelbeauty.mx\/"},{"@type":"ListItem","position":2,"name":"MAQUILLAGE PERMANENT DES L\u00c8VRES"}]},{"@type":"WebSite","@id":"https:\/\/lovelbeauty.mx\/#website","url":"https:\/\/lovelbeauty.mx\/","name":"Lovel Beauty","description":"M\u00e1s Que Belleza... Actos De Amor | Playa Del Carmen","publisher":{"@id":"https:\/\/lovelbeauty.mx\/#organization"},"potentialAction":[{"@type":"SearchAction","target":{"@type":"EntryPoint","urlTemplate":"https:\/\/lovelbeauty.mx\/?s={search_term_string}"},"query-input":{"@type":"PropertyValueSpecification","valueRequired":true,"valueName":"search_term_string"}}],"inLanguage":"fr-FR"},{"@type":"Organization","@id":"https:\/\/lovelbeauty.mx\/#organization","name":"Lovel Beauty","url":"https:\/\/lovelbeauty.mx\/","logo":{"@type":"ImageObject","inLanguage":"fr-FR","@id":"https:\/\/lovelbeauty.mx\/#\/schema\/logo\/image\/","url":"https:\/\/lovelbeauty.mx\/wp-content\/uploads\/2025\/02\/1_1.-Marca-Oficial.png","contentUrl":"https:\/\/lovelbeauty.mx\/wp-content\/uploads\/2025\/02\/1_1.-Marca-Oficial.png","width":2550,"height":1930,"caption":"Lovel Beauty"},"image":{"@id":"https:\/\/lovelbeauty.mx\/#\/schema\/logo\/image\/"},"sameAs":["https:\/\/www.facebook.com\/share\/1EyUQBTKqT\/?mibextid=wwXIfr","https:\/\/www.instagram.com\/lovelbeauty_"]}]}},"_links":{"self":[{"href":"https:\/\/lovelbeauty.mx\/fr\/wp-json\/wp\/v2\/pages\/8661","targetHints":{"allow":["GET"]}}],"collection":[{"href":"https:\/\/lovelbeauty.mx\/fr\/wp-json\/wp\/v2\/pages"}],"about":[{"href":"https:\/\/lovelbeauty.mx\/fr\/wp-json\/wp\/v2\/types\/page"}],"author":[{"embeddable":true,"href":"https:\/\/lovelbeauty.mx\/fr\/wp-json\/wp\/v2\/users\/1"}],"replies":[{"embeddable":true,"href":"https:\/\/lovelbeauty.mx\/fr\/wp-json\/wp\/v2\/comments?post=8661"}],"version-history":[{"count":10,"href":"https:\/\/lovelbeauty.mx\/fr\/wp-json\/wp\/v2\/pages\/8661\/revisions"}],"predecessor-version":[{"id":9521,"href":"https:\/\/lovelbeauty.mx\/fr\/wp-json\/wp\/v2\/pages\/8661\/revisions\/9521"}],"wp:attachment":[{"href":"https:\/\/lovelbeauty.mx\/fr\/wp-json\/wp\/v2\/media?parent=8661"}],"curies":[{"name":"wp","href":"https:\/\/api.w.org\/{rel}","templated":true}]}}