{"id":8666,"date":"2025-02-12T22:53:12","date_gmt":"2025-02-12T22:53:12","guid":{"rendered":"https:\/\/lovelbeauty.mx\/latinbrows-playa-del-carmen\/"},"modified":"2026-02-15T22:18:52","modified_gmt":"2026-02-15T22:18:52","slug":"latinbrows-playa-del-carmen","status":"publish","type":"page","link":"https:\/\/lovelbeauty.mx\/fr\/latinbrows-playa-del-carmen\/","title":{"rendered":"LATIN BROWS"},"content":{"rendered":"\t\t<div data-elementor-type=\"wp-page\" data-elementor-id=\"8666\" class=\"elementor elementor-8666\">\n\t\t\t\t<div class=\"elementor-element elementor-element-418644b e-flex e-con-boxed e-con e-parent\" data-id=\"418644b\" data-element_type=\"container\" data-settings=\"{&quot;background_background&quot;:&quot;classic&quot;}\">\n\t\t\t\t\t<div class=\"e-con-inner\">\n\t\t\t\t<div class=\"elementor-element elementor-element-b9f1753 elementor-widget elementor-widget-heading\" data-id=\"b9f1753\" data-element_type=\"widget\" data-widget_type=\"heading.default\">\n\t\t\t\t<div class=\"elementor-widget-container\">\n\t\t\t\t\t<h1 class=\"elementor-heading-title elementor-size-default\">LATIN BROWS \u00c0 PLAYA DEL CARMEN<\/h1>\t\t\t\t<\/div>\n\t\t\t\t<\/div>\n\t\t\t\t\t<\/div>\n\t\t\t\t<\/div>\n\t\t<div class=\"elementor-element elementor-element-e9f222a e-flex e-con-boxed e-con e-parent\" data-id=\"e9f222a\" data-element_type=\"container\">\n\t\t\t\t\t<div class=\"e-con-inner\">\n\t\t\t\t<div class=\"elementor-element elementor-element-ba63228 elementor-widget elementor-widget-text-editor\" data-id=\"ba63228\" data-element_type=\"widget\" data-widget_type=\"text-editor.default\">\n\t\t\t\t<div class=\"elementor-widget-container\">\n\t\t\t\t\t\t\t\t\t<p class=\"p1\">Vous recherchez un design de sourcils unique avec les <span class=\"s1\">Latin Brows \u00e0 Playa del Carmen<\/span> ? Laissez-nous transformer votre regard gr\u00e2ce \u00e0 cette technique innovante de micropigmentation.<\/p>\n\n<h2 class=\"p1\">DES SOURCILS AVEC PLUS DE VOLUME ET DE STRUCTURE<\/h2>\n\n<p>Les Latin Brows combinent le meilleur du microblading et des powder brows afin d\u2019obtenir un r\u00e9sultat hyperr\u00e9aliste, avec plus de profondeur et de d\u00e9finition. Cette technique hybride est con\u00e7ue pour celles et ceux qui souhaitent des sourcils plus denses et plus marqu\u00e9s, tout en conservant un rendu naturel. Chaque trac\u00e9 est adapt\u00e9 \u00e0 la forme de votre visage pour un design harmonieux qui met en valeur votre beaut\u00e9 sans effort.<\/p>\n\n<p>Si vous aimez un look plus structur\u00e9 avec une touche subtile, les Latin Brows sont faits pour vous. Gr\u00e2ce \u00e0 une combinaison pr\u00e9cise de traits fins et d\u2019un ombrage d\u00e9licat, nous cr\u00e9ons un effet tridimensionnel qui apporte du volume et \u00e9quilibre les traits du visage, sans effet artificiel. Ce soin est la solution id\u00e9ale pour celles et ceux qui souhaitent des sourcils impeccables sans avoir \u00e0 se maquiller chaque jour.<\/p>\t\t\t\t\t\t\t\t<\/div>\n\t\t\t\t<\/div>\n\t\t\t\t<div class=\"elementor-element elementor-element-2b85ff1 elementor-widget elementor-widget-image\" data-id=\"2b85ff1\" data-element_type=\"widget\" data-widget_type=\"image.default\">\n\t\t\t\t<div class=\"elementor-widget-container\">\n\t\t\t\t\t\t\t\t\t\t\t\t\t\t\t<img decoding=\"async\" src=\"https:\/\/lovelbeauty.mx\/wp-content\/uploads\/elementor\/thumbs\/latinbrows-en-playa-del-carmen-r35fd5pqmcupbn7kr4od4wb5zz0qk5ch9cow4ww03s.webp\" title=\"Latinbrows en Playa del Carmen &#8211; LOVEL BEAUTY\" alt=\"Cejas con t\u00e9cnica latinbrows en Playa del Carmen\" loading=\"lazy\" \/>\t\t\t\t\t\t\t\t\t\t\t\t\t\t\t<\/div>\n\t\t\t\t<\/div>\n\t\t\t\t\t<\/div>\n\t\t\t\t<\/div>\n\t\t<div class=\"elementor-element elementor-element-55c4aff e-flex e-con-boxed e-con e-parent\" data-id=\"55c4aff\" data-element_type=\"container\">\n\t\t\t\t\t<div class=\"e-con-inner\">\n\t\t\t\t<div class=\"elementor-element elementor-element-e7e8dc7 elementor-widget elementor-widget-text-editor\" data-id=\"e7e8dc7\" data-element_type=\"widget\" data-widget_type=\"text-editor.default\">\n\t\t\t\t<div class=\"elementor-widget-container\">\n\t\t\t\t\t\t\t\t\t<h2 class=\"p1\">POURQUOI CHOISIR LES LATIN BROWS ?<\/h2>\n\n<p>\u2714 <strong>D\u00e9finition et volume<\/strong> : nous combinons deux techniques pour obtenir un effet plus naturel et avec davantage de dimension.<\/p>\n\n<p>\u2714 <strong>Design adapt\u00e9 \u00e0 votre style<\/strong>, des sourcils tr\u00e8s naturels \u00e0 un look plus marqu\u00e9.<\/p>\n\n<p>\u2714 <strong>Tenue plus longue<\/strong> que le microblading, avec un r\u00e9sultat qui dure entre <strong>12 et 24 mois<\/strong>.<\/p>\n\n<p>\u2714 <strong>Id\u00e9al pour les peaux grasses<\/strong>, lorsque d\u2019autres techniques peuvent moins bien se fixer.<\/p>\n\n<p>\u2714 <strong>Effet r\u00e9aliste et harmonieux<\/strong>, gr\u00e2ce \u00e0 un ombrage subtil qui \u00e9quilibre le regard.<\/p>\t\t\t\t\t\t\t\t<\/div>\n\t\t\t\t<\/div>\n\t\t\t\t\t<\/div>\n\t\t\t\t<\/div>\n\t\t<div class=\"elementor-element elementor-element-3c2fc28 e-flex e-con-boxed e-con e-parent\" data-id=\"3c2fc28\" data-element_type=\"container\">\n\t\t\t\t\t<div class=\"e-con-inner\">\n\t\t\t\t<div class=\"elementor-element elementor-element-b347637 content-align-center art-fadeIn art-anim animate__delay-1s elementor-widget elementor-widget-art-dark-button\" data-id=\"b347637\" data-element_type=\"widget\" data-widget_type=\"art-dark-button.default\">\n\t\t\t\t<div class=\"elementor-widget-container\">\n\t\t\t\t\t\r\n                            <div class=\"art-widget-button art--aliment-center art--aliment-tablet- art--aliment-mobile-\">\r\n                        <a href=\"https:\/\/www.fresha.com\/es\/book-now\/bonita-home-studio-koy6vc12\/all-offer?share&pId=714609\"  rel=\"nofollow\" class=\"art-button art-button-dark\">PRENEZ RENDEZ-VOUS<\/a>\r\n                    <\/div>\r\n                    \r\n\r\n\r\n\t\t\t\t\t\t<\/div>\n\t\t\t\t<\/div>\n\t\t\t\t<div class=\"elementor-element elementor-element-925c12d elementor-widget elementor-widget-text-editor\" data-id=\"925c12d\" data-element_type=\"widget\" data-widget_type=\"text-editor.default\">\n\t\t\t\t<div class=\"elementor-widget-container\">\n\t\t\t\t\t\t\t\t\t<h2 class=\"p1\">REALZA TU EXPRESI\u00d3N CON UNAS CEJAS PERFECTAS GRACIAS A NUESTRO LATIN BROWS EN PLAYA DEL CARMEN<\/h2>\n<p class=\"p1\">\u00a1Te encantar\u00e1 el resultado! No solo lucir\u00e1s unas cejas impecables y definidas, sino que tambi\u00e9n realzar\u00e1n tu mirada de manera armoniosa y elegante. Cada trazo est\u00e1 dise\u00f1ado para resaltar tu belleza natural sin esfuerzo, logrando un look sofisticado que se adapta a tu estilo. Gracias a Latinbrows, tus cejas se transformar\u00e1n, otorg\u00e1ndote una mirada m\u00e1s intensa y un balance natural que prescinde de retoques diarios.\u00a0\u00a1Haz que cada d\u00eda empiece con cejas perfectas!<\/p>\t\t\t\t\t\t\t\t<\/div>\n\t\t\t\t<\/div>\n\t\t\t\t\t<\/div>\n\t\t\t\t<\/div>\n\t\t<div class=\"elementor-element elementor-element-3064e0d e-flex e-con-boxed e-con e-parent\" data-id=\"3064e0d\" data-element_type=\"container\">\n\t\t\t\t\t<div class=\"e-con-inner\">\n\t\t\t\t<div class=\"elementor-element elementor-element-a3b5e64 elementor-widget elementor-widget-text-editor\" data-id=\"a3b5e64\" data-element_type=\"widget\" data-widget_type=\"text-editor.default\">\n\t\t\t\t<div class=\"elementor-widget-container\">\n\t\t\t\t\t\t\t\t\t<strong>D\u00e9couvrez-en plus sur la micropigmentation, son d\u00e9roulement, les soins apr\u00e8s le traitement et tous ses bienfaits<\/strong>\n<a class=\"small-button\" href=\"https:\/\/lovelbeauty.mx\/micropigmentacion-en-playa-del-carmen\/\">ici<\/a>\n\n<style>\n    .small-button {\n        display: inline-block;\n        padding: 0px 12px;\n        font-size: 14px;\n        font-weight: bold;\n        color: white;\n        background-color: #000000; \/* Noir *\/\n        border-radius: 50px;\n        text-decoration: none;\n        transition: background 0.3s ease;\n    }\n\n    .small-button:hover {\n        background-color: #333333; \/* Noir plus clair au survol *\/\n    }\n<\/style>\t\t\t\t\t\t\t\t<\/div>\n\t\t\t\t<\/div>\n\t\t\t\t\t<\/div>\n\t\t\t\t<\/div>\n\t\t<div class=\"elementor-element elementor-element-e2262ed e-flex e-con-boxed e-con e-parent\" data-id=\"e2262ed\" data-element_type=\"container\">\n\t\t\t\t\t<div class=\"e-con-inner\">\n\t\t\t\t<div class=\"elementor-element elementor-element-efdb827 elementor-widget elementor-widget-text-editor\" data-id=\"efdb827\" data-element_type=\"widget\" data-widget_type=\"text-editor.default\">\n\t\t\t\t<div class=\"elementor-widget-container\">\n\t\t\t\t\t\t\t\t\t<p><strong>Latin Brows<\/strong> \u2013 $5200<\/p><p><strong>Retouche \u00e0 1 mois<\/strong> \u2013 $2200<\/p><p><strong>Retouche \u00e0 1 an<\/strong> \u2013 $3200<\/p><p><em>*Les retouches sont exclusivement r\u00e9serv\u00e9es aux clientes de LOVEL BEAUTY.<\/em><\/p>\t\t\t\t\t\t\t\t<\/div>\n\t\t\t\t<\/div>\n\t\t\t\t\t<\/div>\n\t\t\t\t<\/div>\n\t\t<div class=\"elementor-element elementor-element-74e7de8 e-flex e-con-boxed e-con e-parent\" data-id=\"74e7de8\" data-element_type=\"container\">\n\t\t\t\t\t<div class=\"e-con-inner\">\n\t\t\t\t<div class=\"elementor-element elementor-element-0a6467f content-align-center art-fadeIn art-anim animate__delay-1s elementor-widget elementor-widget-art-dark-button\" data-id=\"0a6467f\" data-element_type=\"widget\" data-widget_type=\"art-dark-button.default\">\n\t\t\t\t<div class=\"elementor-widget-container\">\n\t\t\t\t\t\r\n        \r\n                <div class=\"art-widget-button art--aliment-center art--aliment-tablet- art--aliment-mobile-\">\r\n                    <a href=\"https:\/\/lovelbeauty.mx\/menu-de-servicios\/\" class=\"art-button art-button-dark\">MENU DES SERVICES<\/a>\r\n                <\/div>\r\n\r\n                \r\n\r\n\r\n\t\t\t\t\t\t<\/div>\n\t\t\t\t<\/div>\n\t\t\t\t\t<\/div>\n\t\t\t\t<\/div>\n\t\t<div class=\"elementor-element elementor-element-b0d476d e-flex e-con-boxed e-con e-parent\" data-id=\"b0d476d\" data-element_type=\"container\">\n\t\t\t\t\t<div class=\"e-con-inner\">\n\t\t<div class=\"elementor-element elementor-element-405ad81 e-con-full e-flex e-con e-child\" data-id=\"405ad81\" data-element_type=\"container\">\n\t\t<div class=\"elementor-element elementor-element-62951db e-con-full e-flex e-con e-child\" data-id=\"62951db\" data-element_type=\"container\">\n\t\t\t\t<div class=\"elementor-element elementor-element-6b77129 elementor-align-left elementor-invisible elementor-widget elementor-widget-button\" data-id=\"6b77129\" data-element_type=\"widget\" data-settings=\"{&quot;_animation&quot;:&quot;zoomIn&quot;,&quot;_animation_mobile&quot;:&quot;zoomIn&quot;}\" data-widget_type=\"button.default\">\n\t\t\t\t<div class=\"elementor-widget-container\">\n\t\t\t\t\t\t\t\t\t<div class=\"elementor-button-wrapper\">\n\t\t\t\t\t<a class=\"elementor-button elementor-button-link elementor-size-sm\" href=\"https:\/\/lovelbeauty.mx\/fr\/powderbrows-playa-del-carmen\/\">\n\t\t\t\t\t\t<span class=\"elementor-button-content-wrapper\">\n\t\t\t\t\t\t<span class=\"elementor-button-icon\">\n\t\t\t\t<svg aria-hidden=\"true\" class=\"e-font-icon-svg e-far-arrow-alt-circle-left\" viewBox=\"0 0 512 512\" xmlns=\"http:\/\/www.w3.org\/2000\/svg\"><path d=\"M8 256c0 137 111 248 248 248s248-111 248-248S393 8 256 8 8 119 8 256zm448 0c0 110.5-89.5 200-200 200S56 366.5 56 256 145.5 56 256 56s200 89.5 200 200zm-72-20v40c0 6.6-5.4 12-12 12H256v67c0 10.7-12.9 16-20.5 8.5l-99-99c-4.7-4.7-4.7-12.3 0-17l99-99c7.6-7.6 20.5-2.2 20.5 8.5v67h116c6.6 0 12 5.4 12 12z\"><\/path><\/svg>\t\t\t<\/span>\n\t\t\t\t\t\t\t\t\t<span class=\"elementor-button-text\">POWDERBROWS<\/span>\n\t\t\t\t\t<\/span>\n\t\t\t\t\t<\/a>\n\t\t\t\t<\/div>\n\t\t\t\t\t\t\t\t<\/div>\n\t\t\t\t<\/div>\n\t\t\t\t<div class=\"elementor-element elementor-element-59aed4a elementor-invisible elementor-widget elementor-widget-button\" data-id=\"59aed4a\" data-element_type=\"widget\" data-settings=\"{&quot;_animation&quot;:&quot;zoomIn&quot;,&quot;_animation_mobile&quot;:&quot;zoomIn&quot;}\" data-widget_type=\"button.default\">\n\t\t\t\t<div class=\"elementor-widget-container\">\n\t\t\t\t\t\t\t\t\t<div class=\"elementor-button-wrapper\">\n\t\t\t\t\t<a class=\"elementor-button elementor-button-link elementor-size-sm\" href=\"https:\/\/lovelbeauty.mx\/fr\/maquillage-permanent-des-levres-playa-del-carmen\/\">\n\t\t\t\t\t\t<span class=\"elementor-button-content-wrapper\">\n\t\t\t\t\t\t<span class=\"elementor-button-icon\">\n\t\t\t\t<svg aria-hidden=\"true\" class=\"e-font-icon-svg e-far-arrow-alt-circle-right\" viewBox=\"0 0 512 512\" xmlns=\"http:\/\/www.w3.org\/2000\/svg\"><path d=\"M504 256C504 119 393 8 256 8S8 119 8 256s111 248 248 248 248-111 248-248zm-448 0c0-110.5 89.5-200 200-200s200 89.5 200 200-89.5 200-200 200S56 366.5 56 256zm72 20v-40c0-6.6 5.4-12 12-12h116v-67c0-10.7 12.9-16 20.5-8.5l99 99c4.7 4.7 4.7 12.3 0 17l-99 99c-7.6 7.6-20.5 2.2-20.5-8.5v-67H140c-6.6 0-12-5.4-12-12z\"><\/path><\/svg>\t\t\t<\/span>\n\t\t\t\t\t\t\t\t\t<span class=\"elementor-button-text\">MAQUILLAGE PERMANENT DES L\u00c8VRES<\/span>\n\t\t\t\t\t<\/span>\n\t\t\t\t\t<\/a>\n\t\t\t\t<\/div>\n\t\t\t\t\t\t\t\t<\/div>\n\t\t\t\t<\/div>\n\t\t\t\t<\/div>\n\t\t\t\t<\/div>\n\t\t\t\t\t<\/div>\n\t\t\t\t<\/div>\n\t\t\t\t<\/div>\n\t\t","protected":false},"excerpt":{"rendered":"<p>LATIN BROWS \u00c0 PLAYA DEL CARMEN Vous recherchez un design de sourcils unique avec les Latin Brows \u00e0 Playa del Carmen ? Laissez-nous transformer votre regard gr\u00e2ce \u00e0 cette technique innovante de micropigmentation. DES SOURCILS AVEC PLUS DE VOLUME ET DE STRUCTURE Les Latin Brows combinent le meilleur du microblading et des powder brows afin [&hellip;]<\/p>\n","protected":false},"author":1,"featured_media":0,"parent":0,"menu_order":0,"comment_status":"closed","ping_status":"closed","template":"elementor-template.php","meta":{"inline_featured_image":false,"_monsterinsights_skip_tracking":false,"_monsterinsights_sitenote_active":false,"_monsterinsights_sitenote_note":"","_monsterinsights_sitenote_category":0,"footnotes":""},"class_list":["post-8666","page","type-page","status-publish","hentry"],"yoast_head":"<!-- This site is optimized with the Yoast SEO plugin v26.6 - https:\/\/yoast.com\/wordpress\/plugins\/seo\/ -->\n<title>Latin Brows \u00e0 Playa del Carmen | LOVEL BEAUTY<\/title>\n<meta name=\"description\" content=\"Donnez structure et d\u00e9finition \u00e0 vos sourcils gr\u00e2ce \u00e0 la technique Latin Brows \u00e0 Playa del Carmen. D\u00e9couvrez un design pr\u00e9cis et naturel.\" \/>\n<meta name=\"robots\" content=\"index, follow, max-snippet:-1, max-image-preview:large, max-video-preview:-1\" \/>\n<link rel=\"canonical\" href=\"https:\/\/lovelbeauty.mx\/latinbrows-playa-del-carmen\/\" \/>\n<meta property=\"og:locale\" content=\"fr_FR\" \/>\n<meta property=\"og:type\" content=\"article\" \/>\n<meta property=\"og:title\" content=\"Latin Brows \u00e0 Playa del Carmen | LOVEL BEAUTY\" \/>\n<meta property=\"og:description\" content=\"Donnez structure et d\u00e9finition \u00e0 vos sourcils gr\u00e2ce \u00e0 la technique Latin Brows \u00e0 Playa del Carmen. D\u00e9couvrez un design pr\u00e9cis et naturel.\" \/>\n<meta property=\"og:url\" content=\"https:\/\/lovelbeauty.mx\/latinbrows-playa-del-carmen\/\" \/>\n<meta property=\"og:site_name\" content=\"lovelbeauty.mx\" \/>\n<meta property=\"article:publisher\" content=\"https:\/\/www.facebook.com\/share\/1EyUQBTKqT\/?mibextid=wwXIfr\" \/>\n<meta property=\"article:modified_time\" content=\"2026-02-15T22:18:52+00:00\" \/>\n<meta property=\"og:image\" content=\"https:\/\/lovelbeauty.mx\/wp-content\/uploads\/elementor\/thumbs\/latinbrows-en-playa-del-carmen-r35fd5pqmcupbn7kr4od4wb5zz0qk5ch9cow4ww03s.webp\" \/>\n<meta name=\"twitter:card\" content=\"summary_large_image\" \/>\n<meta name=\"twitter:label1\" content=\"Dur\u00e9e de lecture estim\u00e9e\" \/>\n\t<meta name=\"twitter:data1\" content=\"3 minutes\" \/>\n<script type=\"application\/ld+json\" class=\"yoast-schema-graph\">{\"@context\":\"https:\/\/schema.org\",\"@graph\":[{\"@type\":\"WebPage\",\"@id\":\"https:\/\/lovelbeauty.mx\/latinbrows-playa-del-carmen\/\",\"url\":\"https:\/\/lovelbeauty.mx\/latinbrows-playa-del-carmen\/\",\"name\":\"Latin Brows \u00e0 Playa del Carmen | LOVEL BEAUTY\",\"isPartOf\":{\"@id\":\"https:\/\/lovelbeauty.mx\/#website\"},\"primaryImageOfPage\":{\"@id\":\"https:\/\/lovelbeauty.mx\/latinbrows-playa-del-carmen\/#primaryimage\"},\"image\":{\"@id\":\"https:\/\/lovelbeauty.mx\/latinbrows-playa-del-carmen\/#primaryimage\"},\"thumbnailUrl\":\"https:\/\/lovelbeauty.mx\/wp-content\/uploads\/elementor\/thumbs\/latinbrows-en-playa-del-carmen-r35fd5pqmcupbn7kr4od4wb5zz0qk5ch9cow4ww03s.webp\",\"datePublished\":\"2025-02-12T22:53:12+00:00\",\"dateModified\":\"2026-02-15T22:18:52+00:00\",\"description\":\"Donnez structure et d\u00e9finition \u00e0 vos sourcils gr\u00e2ce \u00e0 la technique Latin Brows \u00e0 Playa del Carmen. D\u00e9couvrez un design pr\u00e9cis et naturel.\",\"breadcrumb\":{\"@id\":\"https:\/\/lovelbeauty.mx\/latinbrows-playa-del-carmen\/#breadcrumb\"},\"inLanguage\":\"fr-FR\",\"potentialAction\":[{\"@type\":\"ReadAction\",\"target\":[\"https:\/\/lovelbeauty.mx\/latinbrows-playa-del-carmen\/\"]}]},{\"@type\":\"ImageObject\",\"inLanguage\":\"fr-FR\",\"@id\":\"https:\/\/lovelbeauty.mx\/latinbrows-playa-del-carmen\/#primaryimage\",\"url\":\"https:\/\/lovelbeauty.mx\/wp-content\/uploads\/elementor\/thumbs\/latinbrows-en-playa-del-carmen-r35fd5pqmcupbn7kr4od4wb5zz0qk5ch9cow4ww03s.webp\",\"contentUrl\":\"https:\/\/lovelbeauty.mx\/wp-content\/uploads\/elementor\/thumbs\/latinbrows-en-playa-del-carmen-r35fd5pqmcupbn7kr4od4wb5zz0qk5ch9cow4ww03s.webp\"},{\"@type\":\"BreadcrumbList\",\"@id\":\"https:\/\/lovelbeauty.mx\/latinbrows-playa-del-carmen\/#breadcrumb\",\"itemListElement\":[{\"@type\":\"ListItem\",\"position\":1,\"name\":\"Home\",\"item\":\"https:\/\/lovelbeauty.mx\/\"},{\"@type\":\"ListItem\",\"position\":2,\"name\":\"LATIN BROWS\"}]},{\"@type\":\"WebSite\",\"@id\":\"https:\/\/lovelbeauty.mx\/#website\",\"url\":\"https:\/\/lovelbeauty.mx\/\",\"name\":\"Lovel Beauty\",\"description\":\"M\u00e1s Que Belleza... Actos De Amor | Playa Del Carmen\",\"publisher\":{\"@id\":\"https:\/\/lovelbeauty.mx\/#organization\"},\"potentialAction\":[{\"@type\":\"SearchAction\",\"target\":{\"@type\":\"EntryPoint\",\"urlTemplate\":\"https:\/\/lovelbeauty.mx\/?s={search_term_string}\"},\"query-input\":{\"@type\":\"PropertyValueSpecification\",\"valueRequired\":true,\"valueName\":\"search_term_string\"}}],\"inLanguage\":\"fr-FR\"},{\"@type\":\"Organization\",\"@id\":\"https:\/\/lovelbeauty.mx\/#organization\",\"name\":\"Lovel Beauty\",\"url\":\"https:\/\/lovelbeauty.mx\/\",\"logo\":{\"@type\":\"ImageObject\",\"inLanguage\":\"fr-FR\",\"@id\":\"https:\/\/lovelbeauty.mx\/#\/schema\/logo\/image\/\",\"url\":\"https:\/\/lovelbeauty.mx\/wp-content\/uploads\/2025\/02\/1_1.-Marca-Oficial.png\",\"contentUrl\":\"https:\/\/lovelbeauty.mx\/wp-content\/uploads\/2025\/02\/1_1.-Marca-Oficial.png\",\"width\":2550,\"height\":1930,\"caption\":\"Lovel Beauty\"},\"image\":{\"@id\":\"https:\/\/lovelbeauty.mx\/#\/schema\/logo\/image\/\"},\"sameAs\":[\"https:\/\/www.facebook.com\/share\/1EyUQBTKqT\/?mibextid=wwXIfr\",\"https:\/\/www.instagram.com\/lovelbeauty_\"]}]}<\/script>\n<!-- \/ Yoast SEO plugin. -->","yoast_head_json":{"title":"Latin Brows \u00e0 Playa del Carmen | LOVEL BEAUTY","description":"Donnez structure et d\u00e9finition \u00e0 vos sourcils gr\u00e2ce \u00e0 la technique Latin Brows \u00e0 Playa del Carmen. D\u00e9couvrez un design pr\u00e9cis et naturel.","robots":{"index":"index","follow":"follow","max-snippet":"max-snippet:-1","max-image-preview":"max-image-preview:large","max-video-preview":"max-video-preview:-1"},"canonical":"https:\/\/lovelbeauty.mx\/latinbrows-playa-del-carmen\/","og_locale":"fr_FR","og_type":"article","og_title":"Latin Brows \u00e0 Playa del Carmen | LOVEL BEAUTY","og_description":"Donnez structure et d\u00e9finition \u00e0 vos sourcils gr\u00e2ce \u00e0 la technique Latin Brows \u00e0 Playa del Carmen. D\u00e9couvrez un design pr\u00e9cis et naturel.","og_url":"https:\/\/lovelbeauty.mx\/latinbrows-playa-del-carmen\/","og_site_name":"lovelbeauty.mx","article_publisher":"https:\/\/www.facebook.com\/share\/1EyUQBTKqT\/?mibextid=wwXIfr","article_modified_time":"2026-02-15T22:18:52+00:00","og_image":[{"url":"https:\/\/lovelbeauty.mx\/wp-content\/uploads\/elementor\/thumbs\/latinbrows-en-playa-del-carmen-r35fd5pqmcupbn7kr4od4wb5zz0qk5ch9cow4ww03s.webp","type":"","width":"","height":""}],"twitter_card":"summary_large_image","twitter_misc":{"Dur\u00e9e de lecture estim\u00e9e":"3 minutes"},"schema":{"@context":"https:\/\/schema.org","@graph":[{"@type":"WebPage","@id":"https:\/\/lovelbeauty.mx\/latinbrows-playa-del-carmen\/","url":"https:\/\/lovelbeauty.mx\/latinbrows-playa-del-carmen\/","name":"Latin Brows \u00e0 Playa del Carmen | LOVEL BEAUTY","isPartOf":{"@id":"https:\/\/lovelbeauty.mx\/#website"},"primaryImageOfPage":{"@id":"https:\/\/lovelbeauty.mx\/latinbrows-playa-del-carmen\/#primaryimage"},"image":{"@id":"https:\/\/lovelbeauty.mx\/latinbrows-playa-del-carmen\/#primaryimage"},"thumbnailUrl":"https:\/\/lovelbeauty.mx\/wp-content\/uploads\/elementor\/thumbs\/latinbrows-en-playa-del-carmen-r35fd5pqmcupbn7kr4od4wb5zz0qk5ch9cow4ww03s.webp","datePublished":"2025-02-12T22:53:12+00:00","dateModified":"2026-02-15T22:18:52+00:00","description":"Donnez structure et d\u00e9finition \u00e0 vos sourcils gr\u00e2ce \u00e0 la technique Latin Brows \u00e0 Playa del Carmen. D\u00e9couvrez un design pr\u00e9cis et naturel.","breadcrumb":{"@id":"https:\/\/lovelbeauty.mx\/latinbrows-playa-del-carmen\/#breadcrumb"},"inLanguage":"fr-FR","potentialAction":[{"@type":"ReadAction","target":["https:\/\/lovelbeauty.mx\/latinbrows-playa-del-carmen\/"]}]},{"@type":"ImageObject","inLanguage":"fr-FR","@id":"https:\/\/lovelbeauty.mx\/latinbrows-playa-del-carmen\/#primaryimage","url":"https:\/\/lovelbeauty.mx\/wp-content\/uploads\/elementor\/thumbs\/latinbrows-en-playa-del-carmen-r35fd5pqmcupbn7kr4od4wb5zz0qk5ch9cow4ww03s.webp","contentUrl":"https:\/\/lovelbeauty.mx\/wp-content\/uploads\/elementor\/thumbs\/latinbrows-en-playa-del-carmen-r35fd5pqmcupbn7kr4od4wb5zz0qk5ch9cow4ww03s.webp"},{"@type":"BreadcrumbList","@id":"https:\/\/lovelbeauty.mx\/latinbrows-playa-del-carmen\/#breadcrumb","itemListElement":[{"@type":"ListItem","position":1,"name":"Home","item":"https:\/\/lovelbeauty.mx\/"},{"@type":"ListItem","position":2,"name":"LATIN BROWS"}]},{"@type":"WebSite","@id":"https:\/\/lovelbeauty.mx\/#website","url":"https:\/\/lovelbeauty.mx\/","name":"Lovel Beauty","description":"M\u00e1s Que Belleza... Actos De Amor | Playa Del Carmen","publisher":{"@id":"https:\/\/lovelbeauty.mx\/#organization"},"potentialAction":[{"@type":"SearchAction","target":{"@type":"EntryPoint","urlTemplate":"https:\/\/lovelbeauty.mx\/?s={search_term_string}"},"query-input":{"@type":"PropertyValueSpecification","valueRequired":true,"valueName":"search_term_string"}}],"inLanguage":"fr-FR"},{"@type":"Organization","@id":"https:\/\/lovelbeauty.mx\/#organization","name":"Lovel Beauty","url":"https:\/\/lovelbeauty.mx\/","logo":{"@type":"ImageObject","inLanguage":"fr-FR","@id":"https:\/\/lovelbeauty.mx\/#\/schema\/logo\/image\/","url":"https:\/\/lovelbeauty.mx\/wp-content\/uploads\/2025\/02\/1_1.-Marca-Oficial.png","contentUrl":"https:\/\/lovelbeauty.mx\/wp-content\/uploads\/2025\/02\/1_1.-Marca-Oficial.png","width":2550,"height":1930,"caption":"Lovel Beauty"},"image":{"@id":"https:\/\/lovelbeauty.mx\/#\/schema\/logo\/image\/"},"sameAs":["https:\/\/www.facebook.com\/share\/1EyUQBTKqT\/?mibextid=wwXIfr","https:\/\/www.instagram.com\/lovelbeauty_"]}]}},"_links":{"self":[{"href":"https:\/\/lovelbeauty.mx\/fr\/wp-json\/wp\/v2\/pages\/8666","targetHints":{"allow":["GET"]}}],"collection":[{"href":"https:\/\/lovelbeauty.mx\/fr\/wp-json\/wp\/v2\/pages"}],"about":[{"href":"https:\/\/lovelbeauty.mx\/fr\/wp-json\/wp\/v2\/types\/page"}],"author":[{"embeddable":true,"href":"https:\/\/lovelbeauty.mx\/fr\/wp-json\/wp\/v2\/users\/1"}],"replies":[{"embeddable":true,"href":"https:\/\/lovelbeauty.mx\/fr\/wp-json\/wp\/v2\/comments?post=8666"}],"version-history":[{"count":10,"href":"https:\/\/lovelbeauty.mx\/fr\/wp-json\/wp\/v2\/pages\/8666\/revisions"}],"predecessor-version":[{"id":9509,"href":"https:\/\/lovelbeauty.mx\/fr\/wp-json\/wp\/v2\/pages\/8666\/revisions\/9509"}],"wp:attachment":[{"href":"https:\/\/lovelbeauty.mx\/fr\/wp-json\/wp\/v2\/media?parent=8666"}],"curies":[{"name":"wp","href":"https:\/\/api.w.org\/{rel}","templated":true}]}}