{"id":8670,"date":"2025-02-12T19:10:02","date_gmt":"2025-02-12T19:10:02","guid":{"rendered":"https:\/\/lovelbeauty.mx\/powderbrows-playa-del-carmen\/"},"modified":"2026-02-15T22:17:02","modified_gmt":"2026-02-15T22:17:02","slug":"powderbrows-playa-del-carmen","status":"publish","type":"page","link":"https:\/\/lovelbeauty.mx\/fr\/powderbrows-playa-del-carmen\/","title":{"rendered":"POWDER BROWS"},"content":{"rendered":"\t\t<div data-elementor-type=\"wp-page\" data-elementor-id=\"8670\" class=\"elementor elementor-8670\">\n\t\t\t\t<div class=\"elementor-element elementor-element-418644b e-flex e-con-boxed e-con e-parent\" data-id=\"418644b\" data-element_type=\"container\" data-settings=\"{&quot;background_background&quot;:&quot;classic&quot;}\">\n\t\t\t\t\t<div class=\"e-con-inner\">\n\t\t\t\t<div class=\"elementor-element elementor-element-b9f1753 elementor-widget elementor-widget-heading\" data-id=\"b9f1753\" data-element_type=\"widget\" data-widget_type=\"heading.default\">\n\t\t\t\t<div class=\"elementor-widget-container\">\n\t\t\t\t\t<h1 class=\"elementor-heading-title elementor-size-default\">POWDER BROWS \u00c0 PLAYA DEL CARMEN<\/h1>\t\t\t\t<\/div>\n\t\t\t\t<\/div>\n\t\t\t\t\t<\/div>\n\t\t\t\t<\/div>\n\t\t<div class=\"elementor-element elementor-element-e9f222a e-flex e-con-boxed e-con e-parent\" data-id=\"e9f222a\" data-element_type=\"container\">\n\t\t\t\t\t<div class=\"e-con-inner\">\n\t\t\t\t<div class=\"elementor-element elementor-element-ba63228 elementor-widget elementor-widget-text-editor\" data-id=\"ba63228\" data-element_type=\"widget\" data-widget_type=\"text-editor.default\">\n\t\t\t\t<div class=\"elementor-widget-container\">\n\t\t\t\t\t\t\t\t\t<p class=\"p1\">Souhaitez-vous un effet maquill\u00e9 doux et naturel sur vos sourcils avec les <span class=\"s1\">Powder Brows \u00e0 Playa del Carmen<\/span> ? Nous vous aidons \u00e0 les obtenir gr\u00e2ce \u00e0 notre technique professionnelle.<\/p>\n\n<h2 class=\"p1\">DES SOURCILS OMBR\u00c9S AVEC UN EFFET MAQUILLAGE SUBTIL ET DURABLE<\/h2>\n\n<p>Si vous recherchez une finition plus d\u00e9finie, avec un rendu similaire \u00e0 un maquillage professionnel tout en restant naturel, les Powder Brows sont l\u2019option id\u00e9ale. Contrairement au microblading, cette technique d\u00e9pose le pigment de mani\u00e8re diffuse, cr\u00e9ant un ombrage doux et uniforme.<\/p>\n\n<p>Les Powder Brows sont parfaits pour celles et ceux qui souhaitent des sourcils bien dessin\u00e9s sans retouches quotidiennes. Elles conviennent \u00e0 tous les types de peau et offrent un r\u00e9sultat plus durable, avec une teinte stable qui ne s\u2019estompe pas avec le temps.<\/p>\t\t\t\t\t\t\t\t<\/div>\n\t\t\t\t<\/div>\n\t\t\t\t<div class=\"elementor-element elementor-element-2b85ff1 elementor-widget elementor-widget-image\" data-id=\"2b85ff1\" data-element_type=\"widget\" data-widget_type=\"image.default\">\n\t\t\t\t<div class=\"elementor-widget-container\">\n\t\t\t\t\t\t\t\t\t\t\t\t\t\t\t<img decoding=\"async\" src=\"https:\/\/lovelbeauty.mx\/wp-content\/uploads\/elementor\/thumbs\/powderbrows-playa-del-carmen-r35g21hxjgwyo12egdvtn49g46djbp4ociemhlzte0.webp\" title=\"Powderbrows Playa del Carmen &#8211; LOVEL BEAUTY\" alt=\"Cejas con un acabado sombreado y natural tras un Powderbrows en Playa del Carmen\" loading=\"lazy\" \/>\t\t\t\t\t\t\t\t\t\t\t\t\t\t\t<\/div>\n\t\t\t\t<\/div>\n\t\t\t\t\t<\/div>\n\t\t\t\t<\/div>\n\t\t<div class=\"elementor-element elementor-element-503dc5e e-flex e-con-boxed e-con e-parent\" data-id=\"503dc5e\" data-element_type=\"container\">\n\t\t\t\t\t<div class=\"e-con-inner\">\n\t\t\t\t<div class=\"elementor-element elementor-element-1271f4e elementor-widget elementor-widget-text-editor\" data-id=\"1271f4e\" data-element_type=\"widget\" data-widget_type=\"text-editor.default\">\n\t\t\t\t<div class=\"elementor-widget-container\">\n\t\t\t\t\t\t\t\t\t<h2 class=\"p1\">POURQUOI VOUS ALLEZ ADORER LES POWDER BROWS ?<\/h2>\n\n<p>\u2714 <strong>Effet maquillage naturel<\/strong>, comme si vous aviez appliqu\u00e9 de la poudre ou un crayon sur vos sourcils.<\/p>\n\n<p>\u2714 <strong>Tenue longue dur\u00e9e<\/strong>, avec un r\u00e9sultat impeccable jusqu\u2019\u00e0 <strong>24 mois<\/strong>.<\/p>\n\n<p>\u2714 <strong>Id\u00e9al pour les peaux grasses<\/strong>, l\u00e0 o\u00f9 d\u2019autres techniques peuvent s\u2019estomper plus rapidement.<\/p>\n\n<p>\u2714 <strong>Intensit\u00e9 et d\u00e9finition accrues<\/strong>, tout en conservant l\u2019harmonie et la douceur du regard.<\/p>\n\n<p>\u2714 <strong>R\u00e9sultats polyvalents<\/strong>, d\u2019un effet subtil \u00e0 un rendu plus marqu\u00e9.<\/p>\t\t\t\t\t\t\t\t<\/div>\n\t\t\t\t<\/div>\n\t\t\t\t\t<\/div>\n\t\t\t\t<\/div>\n\t\t<div class=\"elementor-element elementor-element-738ecaa e-flex e-con-boxed e-con e-parent\" data-id=\"738ecaa\" data-element_type=\"container\">\n\t\t\t\t\t<div class=\"e-con-inner\">\n\t\t\t\t<div class=\"elementor-element elementor-element-43efc23 content-align-center art-fadeIn art-anim animate__delay-1s elementor-widget elementor-widget-art-dark-button\" data-id=\"43efc23\" data-element_type=\"widget\" data-widget_type=\"art-dark-button.default\">\n\t\t\t\t<div class=\"elementor-widget-container\">\n\t\t\t\t\t\r\n                            <div class=\"art-widget-button art--aliment-center art--aliment-tablet- art--aliment-mobile-\">\r\n                        <a href=\"https:\/\/www.fresha.com\/es\/book-now\/bonita-home-studio-koy6vc12\/all-offer?share&pId=714609\"  rel=\"nofollow\" class=\"art-button art-button-dark\">PRENEZ RENDEZ-VOUS<\/a>\r\n                    <\/div>\r\n                    \r\n\r\n\r\n\t\t\t\t\t\t<\/div>\n\t\t\t\t<\/div>\n\t\t\t\t\t<\/div>\n\t\t\t\t<\/div>\n\t\t<div class=\"elementor-element elementor-element-0947b0d e-flex e-con-boxed e-con e-parent\" data-id=\"0947b0d\" data-element_type=\"container\">\n\t\t\t\t\t<div class=\"e-con-inner\">\n\t\t\t\t<div class=\"elementor-element elementor-element-0f0a6d1 elementor-widget elementor-widget-text-editor\" data-id=\"0f0a6d1\" data-element_type=\"widget\" data-widget_type=\"text-editor.default\">\n\t\t\t\t<div class=\"elementor-widget-container\">\n\t\t\t\t\t\t\t\t\t<h2 class=\"p1\">ARBOREZ DES SOURCILS IMPECCABLES CHAQUE JOUR GR\u00c2CE \u00c0 NOS POWDER BROWS \u00c0 PLAYA DEL CARMEN<\/h2>\n\n<p>Sentez le changement d\u00e8s aujourd\u2019hui. Oubliez le maquillage quotidien et profitez de sourcils d\u00e9finis et harmonieux. Avec les Powder Brows, vous obtenez un effet subtil, avec une teinte et une forme adapt\u00e9es \u00e0 votre visage.<\/p>\t\t\t\t\t\t\t\t<\/div>\n\t\t\t\t<\/div>\n\t\t\t\t\t<\/div>\n\t\t\t\t<\/div>\n\t\t<div class=\"elementor-element elementor-element-f2055a9 e-flex e-con-boxed e-con e-parent\" data-id=\"f2055a9\" data-element_type=\"container\">\n\t\t\t\t\t<div class=\"e-con-inner\">\n\t\t\t\t<div class=\"elementor-element elementor-element-0e1901a elementor-widget elementor-widget-text-editor\" data-id=\"0e1901a\" data-element_type=\"widget\" data-widget_type=\"text-editor.default\">\n\t\t\t\t<div class=\"elementor-widget-container\">\n\t\t\t\t\t\t\t\t\t<strong>D\u00e9couvrez-en plus sur la micropigmentation, son d\u00e9roulement, les soins apr\u00e8s le traitement et tous ses bienfaits<\/strong>\n<a class=\"small-button\" href=\"https:\/\/lovelbeauty.mx\/micropigmentacion-en-playa-del-carmen\/\">ici<\/a>\n\n<style>\n    .small-button {\n        display: inline-block;\n        padding: 0px 12px;\n        font-size: 14px;\n        font-weight: bold;\n        color: white;\n        background-color: #000000; \/* Noir *\/\n        border-radius: 50px;\n        text-decoration: none;\n        transition: background 0.3s ease;\n    }\n\n    .small-button:hover {\n        background-color: #333333; \/* Noir plus clair au survol *\/\n    }\n<\/style>\t\t\t\t\t\t\t\t<\/div>\n\t\t\t\t<\/div>\n\t\t\t\t\t<\/div>\n\t\t\t\t<\/div>\n\t\t<div class=\"elementor-element elementor-element-f24b543 e-flex e-con-boxed e-con e-parent\" data-id=\"f24b543\" data-element_type=\"container\">\n\t\t\t\t\t<div class=\"e-con-inner\">\n\t\t\t\t<div class=\"elementor-element elementor-element-91cd04a elementor-widget elementor-widget-text-editor\" data-id=\"91cd04a\" data-element_type=\"widget\" data-widget_type=\"text-editor.default\">\n\t\t\t\t<div class=\"elementor-widget-container\">\n\t\t\t\t\t\t\t\t\t<p><strong>Powder Brows des sourcils<\/strong> \u2013 $5000<\/p><p><strong>Retouche \u00e0 1 mois<\/strong> \u2013 $2000<\/p><p><strong>Retouche \u00e0 1 an<\/strong> \u2013 $3000<\/p><p><em>*Les retouches sont exclusivement r\u00e9serv\u00e9es aux clientes de LOVEL BEAUTY.<\/em><\/p>\t\t\t\t\t\t\t\t<\/div>\n\t\t\t\t<\/div>\n\t\t\t\t\t<\/div>\n\t\t\t\t<\/div>\n\t\t<div class=\"elementor-element elementor-element-74e7de8 e-flex e-con-boxed e-con e-parent\" data-id=\"74e7de8\" data-element_type=\"container\">\n\t\t\t\t\t<div class=\"e-con-inner\">\n\t\t\t\t<div class=\"elementor-element elementor-element-1b06d9d content-align-center art-fadeIn art-anim animate__delay-1s elementor-widget elementor-widget-art-dark-button\" data-id=\"1b06d9d\" data-element_type=\"widget\" data-widget_type=\"art-dark-button.default\">\n\t\t\t\t<div class=\"elementor-widget-container\">\n\t\t\t\t\t\r\n        \r\n                <div class=\"art-widget-button art--aliment-center art--aliment-tablet- art--aliment-mobile-\">\r\n                    <a href=\"https:\/\/lovelbeauty.mx\/menu-de-servicios\/\" class=\"art-button art-button-dark\">MENU DES SERVICES<\/a>\r\n                <\/div>\r\n\r\n                \r\n\r\n\r\n\t\t\t\t\t\t<\/div>\n\t\t\t\t<\/div>\n\t\t\t\t\t<\/div>\n\t\t\t\t<\/div>\n\t\t<div class=\"elementor-element elementor-element-f0e6320 e-flex e-con-boxed e-con e-parent\" data-id=\"f0e6320\" data-element_type=\"container\">\n\t\t\t\t\t<div class=\"e-con-inner\">\n\t\t<div class=\"elementor-element elementor-element-029c4f6 e-con-full e-flex e-con e-child\" data-id=\"029c4f6\" data-element_type=\"container\">\n\t\t<div class=\"elementor-element elementor-element-d393eb2 e-con-full e-flex e-con e-child\" data-id=\"d393eb2\" data-element_type=\"container\">\n\t\t\t\t<div class=\"elementor-element elementor-element-a1d9ece elementor-align-left elementor-invisible elementor-widget elementor-widget-button\" data-id=\"a1d9ece\" data-element_type=\"widget\" data-settings=\"{&quot;_animation&quot;:&quot;zoomIn&quot;,&quot;_animation_mobile&quot;:&quot;zoomIn&quot;}\" data-widget_type=\"button.default\">\n\t\t\t\t<div class=\"elementor-widget-container\">\n\t\t\t\t\t\t\t\t\t<div class=\"elementor-button-wrapper\">\n\t\t\t\t\t<a class=\"elementor-button elementor-button-link elementor-size-sm\" href=\"https:\/\/lovelbeauty.mx\/fr\/microblading-playa-del-carmen\/\">\n\t\t\t\t\t\t<span class=\"elementor-button-content-wrapper\">\n\t\t\t\t\t\t<span class=\"elementor-button-icon\">\n\t\t\t\t<svg aria-hidden=\"true\" class=\"e-font-icon-svg e-far-arrow-alt-circle-left\" viewBox=\"0 0 512 512\" xmlns=\"http:\/\/www.w3.org\/2000\/svg\"><path d=\"M8 256c0 137 111 248 248 248s248-111 248-248S393 8 256 8 8 119 8 256zm448 0c0 110.5-89.5 200-200 200S56 366.5 56 256 145.5 56 256 56s200 89.5 200 200zm-72-20v40c0 6.6-5.4 12-12 12H256v67c0 10.7-12.9 16-20.5 8.5l-99-99c-4.7-4.7-4.7-12.3 0-17l99-99c7.6-7.6 20.5-2.2 20.5 8.5v67h116c6.6 0 12 5.4 12 12z\"><\/path><\/svg>\t\t\t<\/span>\n\t\t\t\t\t\t\t\t\t<span class=\"elementor-button-text\">MICROBLADING<\/span>\n\t\t\t\t\t<\/span>\n\t\t\t\t\t<\/a>\n\t\t\t\t<\/div>\n\t\t\t\t\t\t\t\t<\/div>\n\t\t\t\t<\/div>\n\t\t\t\t<div class=\"elementor-element elementor-element-5fff265 elementor-invisible elementor-widget elementor-widget-button\" data-id=\"5fff265\" data-element_type=\"widget\" data-settings=\"{&quot;_animation&quot;:&quot;zoomIn&quot;,&quot;_animation_mobile&quot;:&quot;zoomIn&quot;}\" data-widget_type=\"button.default\">\n\t\t\t\t<div class=\"elementor-widget-container\">\n\t\t\t\t\t\t\t\t\t<div class=\"elementor-button-wrapper\">\n\t\t\t\t\t<a class=\"elementor-button elementor-button-link elementor-size-sm\" href=\"https:\/\/lovelbeauty.mx\/fr\/latinbrows-playa-del-carmen\/\">\n\t\t\t\t\t\t<span class=\"elementor-button-content-wrapper\">\n\t\t\t\t\t\t<span class=\"elementor-button-icon\">\n\t\t\t\t<svg aria-hidden=\"true\" class=\"e-font-icon-svg e-far-arrow-alt-circle-right\" viewBox=\"0 0 512 512\" xmlns=\"http:\/\/www.w3.org\/2000\/svg\"><path d=\"M504 256C504 119 393 8 256 8S8 119 8 256s111 248 248 248 248-111 248-248zm-448 0c0-110.5 89.5-200 200-200s200 89.5 200 200-89.5 200-200 200S56 366.5 56 256zm72 20v-40c0-6.6 5.4-12 12-12h116v-67c0-10.7 12.9-16 20.5-8.5l99 99c4.7 4.7 4.7 12.3 0 17l-99 99c-7.6 7.6-20.5 2.2-20.5-8.5v-67H140c-6.6 0-12-5.4-12-12z\"><\/path><\/svg>\t\t\t<\/span>\n\t\t\t\t\t\t\t\t\t<span class=\"elementor-button-text\">LATINBROWS<\/span>\n\t\t\t\t\t<\/span>\n\t\t\t\t\t<\/a>\n\t\t\t\t<\/div>\n\t\t\t\t\t\t\t\t<\/div>\n\t\t\t\t<\/div>\n\t\t\t\t<\/div>\n\t\t\t\t<\/div>\n\t\t\t\t\t<\/div>\n\t\t\t\t<\/div>\n\t\t\t\t<\/div>\n\t\t","protected":false},"excerpt":{"rendered":"<p>POWDER BROWS \u00c0 PLAYA DEL CARMEN Souhaitez-vous un effet maquill\u00e9 doux et naturel sur vos sourcils avec les Powder Brows \u00e0 Playa del Carmen ? Nous vous aidons \u00e0 les obtenir gr\u00e2ce \u00e0 notre technique professionnelle. DES SOURCILS OMBR\u00c9S AVEC UN EFFET MAQUILLAGE SUBTIL ET DURABLE Si vous recherchez une finition plus d\u00e9finie, avec un [&hellip;]<\/p>\n","protected":false},"author":1,"featured_media":0,"parent":0,"menu_order":0,"comment_status":"closed","ping_status":"closed","template":"elementor-template.php","meta":{"inline_featured_image":false,"_monsterinsights_skip_tracking":false,"_monsterinsights_sitenote_active":false,"_monsterinsights_sitenote_note":"","_monsterinsights_sitenote_category":0,"footnotes":""},"class_list":["post-8670","page","type-page","status-publish","hentry"],"yoast_head":"<!-- This site is optimized with the Yoast SEO plugin v26.6 - https:\/\/yoast.com\/wordpress\/plugins\/seo\/ -->\n<title>Powder Brows \u00e0 Playa del Carmen | LOVEL BEAUTY<\/title>\n<meta name=\"description\" content=\"Des sourcils \u00e0 l\u2019effet maquillage doux et durable gr\u00e2ce aux Powder Brows \u00e0 Playa del Carmen. Un design subtil pour un visage plus expressif.\" \/>\n<meta name=\"robots\" content=\"index, follow, max-snippet:-1, max-image-preview:large, max-video-preview:-1\" \/>\n<link rel=\"canonical\" href=\"https:\/\/lovelbeauty.mx\/powderbrows-playa-del-carmen\/\" \/>\n<meta property=\"og:locale\" content=\"fr_FR\" \/>\n<meta property=\"og:type\" content=\"article\" \/>\n<meta property=\"og:title\" content=\"Powder Brows \u00e0 Playa del Carmen | LOVEL BEAUTY\" \/>\n<meta property=\"og:description\" content=\"Des sourcils \u00e0 l\u2019effet maquillage doux et durable gr\u00e2ce aux Powder Brows \u00e0 Playa del Carmen. Un design subtil pour un visage plus expressif.\" \/>\n<meta property=\"og:url\" content=\"https:\/\/lovelbeauty.mx\/powderbrows-playa-del-carmen\/\" \/>\n<meta property=\"og:site_name\" content=\"lovelbeauty.mx\" \/>\n<meta property=\"article:publisher\" content=\"https:\/\/www.facebook.com\/share\/1EyUQBTKqT\/?mibextid=wwXIfr\" \/>\n<meta property=\"article:modified_time\" content=\"2026-02-15T22:17:02+00:00\" \/>\n<meta property=\"og:image\" content=\"https:\/\/lovelbeauty.mx\/wp-content\/uploads\/elementor\/thumbs\/powderbrows-playa-del-carmen-r35g21hxjgwyo12egdvtn49g46djbp4ociemhlzte0.webp\" \/>\n<meta name=\"twitter:card\" content=\"summary_large_image\" \/>\n<meta name=\"twitter:label1\" content=\"Dur\u00e9e de lecture estim\u00e9e\" \/>\n\t<meta name=\"twitter:data1\" content=\"3 minutes\" \/>\n<script type=\"application\/ld+json\" class=\"yoast-schema-graph\">{\"@context\":\"https:\/\/schema.org\",\"@graph\":[{\"@type\":\"WebPage\",\"@id\":\"https:\/\/lovelbeauty.mx\/powderbrows-playa-del-carmen\/\",\"url\":\"https:\/\/lovelbeauty.mx\/powderbrows-playa-del-carmen\/\",\"name\":\"Powder Brows \u00e0 Playa del Carmen | LOVEL BEAUTY\",\"isPartOf\":{\"@id\":\"https:\/\/lovelbeauty.mx\/#website\"},\"primaryImageOfPage\":{\"@id\":\"https:\/\/lovelbeauty.mx\/powderbrows-playa-del-carmen\/#primaryimage\"},\"image\":{\"@id\":\"https:\/\/lovelbeauty.mx\/powderbrows-playa-del-carmen\/#primaryimage\"},\"thumbnailUrl\":\"https:\/\/lovelbeauty.mx\/wp-content\/uploads\/elementor\/thumbs\/powderbrows-playa-del-carmen-r35g21hxjgwyo12egdvtn49g46djbp4ociemhlzte0.webp\",\"datePublished\":\"2025-02-12T19:10:02+00:00\",\"dateModified\":\"2026-02-15T22:17:02+00:00\",\"description\":\"Des sourcils \u00e0 l\u2019effet maquillage doux et durable gr\u00e2ce aux Powder Brows \u00e0 Playa del Carmen. Un design subtil pour un visage plus expressif.\",\"breadcrumb\":{\"@id\":\"https:\/\/lovelbeauty.mx\/powderbrows-playa-del-carmen\/#breadcrumb\"},\"inLanguage\":\"fr-FR\",\"potentialAction\":[{\"@type\":\"ReadAction\",\"target\":[\"https:\/\/lovelbeauty.mx\/powderbrows-playa-del-carmen\/\"]}]},{\"@type\":\"ImageObject\",\"inLanguage\":\"fr-FR\",\"@id\":\"https:\/\/lovelbeauty.mx\/powderbrows-playa-del-carmen\/#primaryimage\",\"url\":\"https:\/\/lovelbeauty.mx\/wp-content\/uploads\/elementor\/thumbs\/powderbrows-playa-del-carmen-r35g21hxjgwyo12egdvtn49g46djbp4ociemhlzte0.webp\",\"contentUrl\":\"https:\/\/lovelbeauty.mx\/wp-content\/uploads\/elementor\/thumbs\/powderbrows-playa-del-carmen-r35g21hxjgwyo12egdvtn49g46djbp4ociemhlzte0.webp\"},{\"@type\":\"BreadcrumbList\",\"@id\":\"https:\/\/lovelbeauty.mx\/powderbrows-playa-del-carmen\/#breadcrumb\",\"itemListElement\":[{\"@type\":\"ListItem\",\"position\":1,\"name\":\"Home\",\"item\":\"https:\/\/lovelbeauty.mx\/\"},{\"@type\":\"ListItem\",\"position\":2,\"name\":\"POWDER BROWS\"}]},{\"@type\":\"WebSite\",\"@id\":\"https:\/\/lovelbeauty.mx\/#website\",\"url\":\"https:\/\/lovelbeauty.mx\/\",\"name\":\"Lovel Beauty\",\"description\":\"M\u00e1s Que Belleza... Actos De Amor | Playa Del Carmen\",\"publisher\":{\"@id\":\"https:\/\/lovelbeauty.mx\/#organization\"},\"potentialAction\":[{\"@type\":\"SearchAction\",\"target\":{\"@type\":\"EntryPoint\",\"urlTemplate\":\"https:\/\/lovelbeauty.mx\/?s={search_term_string}\"},\"query-input\":{\"@type\":\"PropertyValueSpecification\",\"valueRequired\":true,\"valueName\":\"search_term_string\"}}],\"inLanguage\":\"fr-FR\"},{\"@type\":\"Organization\",\"@id\":\"https:\/\/lovelbeauty.mx\/#organization\",\"name\":\"Lovel Beauty\",\"url\":\"https:\/\/lovelbeauty.mx\/\",\"logo\":{\"@type\":\"ImageObject\",\"inLanguage\":\"fr-FR\",\"@id\":\"https:\/\/lovelbeauty.mx\/#\/schema\/logo\/image\/\",\"url\":\"https:\/\/lovelbeauty.mx\/wp-content\/uploads\/2025\/02\/1_1.-Marca-Oficial.png\",\"contentUrl\":\"https:\/\/lovelbeauty.mx\/wp-content\/uploads\/2025\/02\/1_1.-Marca-Oficial.png\",\"width\":2550,\"height\":1930,\"caption\":\"Lovel Beauty\"},\"image\":{\"@id\":\"https:\/\/lovelbeauty.mx\/#\/schema\/logo\/image\/\"},\"sameAs\":[\"https:\/\/www.facebook.com\/share\/1EyUQBTKqT\/?mibextid=wwXIfr\",\"https:\/\/www.instagram.com\/lovelbeauty_\"]}]}<\/script>\n<!-- \/ Yoast SEO plugin. -->","yoast_head_json":{"title":"Powder Brows \u00e0 Playa del Carmen | LOVEL BEAUTY","description":"Des sourcils \u00e0 l\u2019effet maquillage doux et durable gr\u00e2ce aux Powder Brows \u00e0 Playa del Carmen. Un design subtil pour un visage plus expressif.","robots":{"index":"index","follow":"follow","max-snippet":"max-snippet:-1","max-image-preview":"max-image-preview:large","max-video-preview":"max-video-preview:-1"},"canonical":"https:\/\/lovelbeauty.mx\/powderbrows-playa-del-carmen\/","og_locale":"fr_FR","og_type":"article","og_title":"Powder Brows \u00e0 Playa del Carmen | LOVEL BEAUTY","og_description":"Des sourcils \u00e0 l\u2019effet maquillage doux et durable gr\u00e2ce aux Powder Brows \u00e0 Playa del Carmen. Un design subtil pour un visage plus expressif.","og_url":"https:\/\/lovelbeauty.mx\/powderbrows-playa-del-carmen\/","og_site_name":"lovelbeauty.mx","article_publisher":"https:\/\/www.facebook.com\/share\/1EyUQBTKqT\/?mibextid=wwXIfr","article_modified_time":"2026-02-15T22:17:02+00:00","og_image":[{"url":"https:\/\/lovelbeauty.mx\/wp-content\/uploads\/elementor\/thumbs\/powderbrows-playa-del-carmen-r35g21hxjgwyo12egdvtn49g46djbp4ociemhlzte0.webp","type":"","width":"","height":""}],"twitter_card":"summary_large_image","twitter_misc":{"Dur\u00e9e de lecture estim\u00e9e":"3 minutes"},"schema":{"@context":"https:\/\/schema.org","@graph":[{"@type":"WebPage","@id":"https:\/\/lovelbeauty.mx\/powderbrows-playa-del-carmen\/","url":"https:\/\/lovelbeauty.mx\/powderbrows-playa-del-carmen\/","name":"Powder Brows \u00e0 Playa del Carmen | LOVEL BEAUTY","isPartOf":{"@id":"https:\/\/lovelbeauty.mx\/#website"},"primaryImageOfPage":{"@id":"https:\/\/lovelbeauty.mx\/powderbrows-playa-del-carmen\/#primaryimage"},"image":{"@id":"https:\/\/lovelbeauty.mx\/powderbrows-playa-del-carmen\/#primaryimage"},"thumbnailUrl":"https:\/\/lovelbeauty.mx\/wp-content\/uploads\/elementor\/thumbs\/powderbrows-playa-del-carmen-r35g21hxjgwyo12egdvtn49g46djbp4ociemhlzte0.webp","datePublished":"2025-02-12T19:10:02+00:00","dateModified":"2026-02-15T22:17:02+00:00","description":"Des sourcils \u00e0 l\u2019effet maquillage doux et durable gr\u00e2ce aux Powder Brows \u00e0 Playa del Carmen. Un design subtil pour un visage plus expressif.","breadcrumb":{"@id":"https:\/\/lovelbeauty.mx\/powderbrows-playa-del-carmen\/#breadcrumb"},"inLanguage":"fr-FR","potentialAction":[{"@type":"ReadAction","target":["https:\/\/lovelbeauty.mx\/powderbrows-playa-del-carmen\/"]}]},{"@type":"ImageObject","inLanguage":"fr-FR","@id":"https:\/\/lovelbeauty.mx\/powderbrows-playa-del-carmen\/#primaryimage","url":"https:\/\/lovelbeauty.mx\/wp-content\/uploads\/elementor\/thumbs\/powderbrows-playa-del-carmen-r35g21hxjgwyo12egdvtn49g46djbp4ociemhlzte0.webp","contentUrl":"https:\/\/lovelbeauty.mx\/wp-content\/uploads\/elementor\/thumbs\/powderbrows-playa-del-carmen-r35g21hxjgwyo12egdvtn49g46djbp4ociemhlzte0.webp"},{"@type":"BreadcrumbList","@id":"https:\/\/lovelbeauty.mx\/powderbrows-playa-del-carmen\/#breadcrumb","itemListElement":[{"@type":"ListItem","position":1,"name":"Home","item":"https:\/\/lovelbeauty.mx\/"},{"@type":"ListItem","position":2,"name":"POWDER BROWS"}]},{"@type":"WebSite","@id":"https:\/\/lovelbeauty.mx\/#website","url":"https:\/\/lovelbeauty.mx\/","name":"Lovel Beauty","description":"M\u00e1s Que Belleza... Actos De Amor | Playa Del Carmen","publisher":{"@id":"https:\/\/lovelbeauty.mx\/#organization"},"potentialAction":[{"@type":"SearchAction","target":{"@type":"EntryPoint","urlTemplate":"https:\/\/lovelbeauty.mx\/?s={search_term_string}"},"query-input":{"@type":"PropertyValueSpecification","valueRequired":true,"valueName":"search_term_string"}}],"inLanguage":"fr-FR"},{"@type":"Organization","@id":"https:\/\/lovelbeauty.mx\/#organization","name":"Lovel Beauty","url":"https:\/\/lovelbeauty.mx\/","logo":{"@type":"ImageObject","inLanguage":"fr-FR","@id":"https:\/\/lovelbeauty.mx\/#\/schema\/logo\/image\/","url":"https:\/\/lovelbeauty.mx\/wp-content\/uploads\/2025\/02\/1_1.-Marca-Oficial.png","contentUrl":"https:\/\/lovelbeauty.mx\/wp-content\/uploads\/2025\/02\/1_1.-Marca-Oficial.png","width":2550,"height":1930,"caption":"Lovel Beauty"},"image":{"@id":"https:\/\/lovelbeauty.mx\/#\/schema\/logo\/image\/"},"sameAs":["https:\/\/www.facebook.com\/share\/1EyUQBTKqT\/?mibextid=wwXIfr","https:\/\/www.instagram.com\/lovelbeauty_"]}]}},"_links":{"self":[{"href":"https:\/\/lovelbeauty.mx\/fr\/wp-json\/wp\/v2\/pages\/8670","targetHints":{"allow":["GET"]}}],"collection":[{"href":"https:\/\/lovelbeauty.mx\/fr\/wp-json\/wp\/v2\/pages"}],"about":[{"href":"https:\/\/lovelbeauty.mx\/fr\/wp-json\/wp\/v2\/types\/page"}],"author":[{"embeddable":true,"href":"https:\/\/lovelbeauty.mx\/fr\/wp-json\/wp\/v2\/users\/1"}],"replies":[{"embeddable":true,"href":"https:\/\/lovelbeauty.mx\/fr\/wp-json\/wp\/v2\/comments?post=8670"}],"version-history":[{"count":10,"href":"https:\/\/lovelbeauty.mx\/fr\/wp-json\/wp\/v2\/pages\/8670\/revisions"}],"predecessor-version":[{"id":9497,"href":"https:\/\/lovelbeauty.mx\/fr\/wp-json\/wp\/v2\/pages\/8670\/revisions\/9497"}],"wp:attachment":[{"href":"https:\/\/lovelbeauty.mx\/fr\/wp-json\/wp\/v2\/media?parent=8670"}],"curies":[{"name":"wp","href":"https:\/\/api.w.org\/{rel}","templated":true}]}}