{"id":8674,"date":"2025-02-12T16:34:52","date_gmt":"2025-02-12T16:34:52","guid":{"rendered":"https:\/\/lovelbeauty.mx\/microblading-playa-del-carmen\/"},"modified":"2026-02-15T22:15:11","modified_gmt":"2026-02-15T22:15:11","slug":"microblading-playa-del-carmen","status":"publish","type":"page","link":"https:\/\/lovelbeauty.mx\/fr\/microblading-playa-del-carmen\/","title":{"rendered":"MICROBLADING"},"content":{"rendered":"\t\t<div data-elementor-type=\"wp-page\" data-elementor-id=\"8674\" class=\"elementor elementor-8674\">\n\t\t\t\t<div class=\"elementor-element elementor-element-1b5f904 e-flex e-con-boxed e-con e-parent\" data-id=\"1b5f904\" data-element_type=\"container\" data-settings=\"{&quot;background_background&quot;:&quot;classic&quot;}\">\n\t\t\t\t\t<div class=\"e-con-inner\">\n\t\t\t\t<div class=\"elementor-element elementor-element-de05e4a elementor-widget elementor-widget-heading\" data-id=\"de05e4a\" data-element_type=\"widget\" data-widget_type=\"heading.default\">\n\t\t\t\t<div class=\"elementor-widget-container\">\n\t\t\t\t\t<h1 class=\"elementor-heading-title elementor-size-default\">MICROBLADING \u00c0 PLAYA DEL CARMEN<\/h1>\t\t\t\t<\/div>\n\t\t\t\t<\/div>\n\t\t\t\t\t<\/div>\n\t\t\t\t<\/div>\n\t\t<div class=\"elementor-element elementor-element-494a75d e-flex e-con-boxed e-con e-parent\" data-id=\"494a75d\" data-element_type=\"container\">\n\t\t\t\t\t<div class=\"e-con-inner\">\n\t\t\t\t<div class=\"elementor-element elementor-element-ba63228 elementor-widget elementor-widget-text-editor\" data-id=\"ba63228\" data-element_type=\"widget\" data-widget_type=\"text-editor.default\">\n\t\t\t\t<div class=\"elementor-widget-container\">\n\t\t\t\t\t\t\t\t\t<p class=\"p1\">Souhaitez-vous des sourcils d\u00e9finis et naturels gr\u00e2ce au <span class=\"s1\">microblading \u00e0 Playa del Carmen<\/span> ? Chez LOVEL BEAUTY, nous vous offrons des r\u00e9sultats d\u2019exception pour sublimer votre beaut\u00e9.<\/p>\n\n<h2 class=\"p1\">DES SOURCILS D\u00c9FINIS ET NATURELS SANS EFFORT<\/h2>\n\n<p class=\"p1\">Le <span class=\"s1\">microblading<\/span> est la solution id\u00e9ale pour celles et ceux qui souhaitent des <span class=\"s1\">sourcils parfaitement dessin\u00e9s<\/span>, avec un rendu naturel et sans maquillage quotidien. Gr\u00e2ce \u00e0 des <span class=\"s1\">traits ultra-fins<\/span> qui imitent le poil naturel, nous cr\u00e9ons un <span class=\"s1\">design personnalis\u00e9<\/span> qui s\u2019harmonise avec votre visage et met en valeur votre expression tout en restant naturel. Contrairement aux <span class=\"s1\">crayons ou poudres traditionnels<\/span>, cette technique <span class=\"s1\">semi-permanente<\/span> vous permet de profiter de <span class=\"s1\">sourcils impeccables<\/span> pendant plusieurs mois, avec une couleur et une forme qui se maintiennent sans effort. Chaque trait est r\u00e9alis\u00e9 avec pr\u00e9cision pour un effet r\u00e9aliste, adapt\u00e9 \u00e0 la forme de vos sourcils et \u00e0 votre style personnel.<\/p>\t\t\t\t\t\t\t\t<\/div>\n\t\t\t\t<\/div>\n\t\t\t\t<div class=\"elementor-element elementor-element-2b85ff1 elementor-widget elementor-widget-image\" data-id=\"2b85ff1\" data-element_type=\"widget\" data-widget_type=\"image.default\">\n\t\t\t\t<div class=\"elementor-widget-container\">\n\t\t\t\t\t\t\t\t\t\t\t\t\t\t\t<img decoding=\"async\" src=\"https:\/\/lovelbeauty.mx\/wp-content\/uploads\/elementor\/thumbs\/microblading-en-playa-del-carmen-r35ff63b8lls5mag0hymyw1nqn400ubt7axa37woso.webp\" title=\"Microblading en Playa del Carmen &#8211; LOVEL BEAUTY\" alt=\"Cejas dise\u00f1adas con microblading en Playa del Carmen\" loading=\"lazy\" \/>\t\t\t\t\t\t\t\t\t\t\t\t\t\t\t<\/div>\n\t\t\t\t<\/div>\n\t\t\t\t<div class=\"elementor-element elementor-element-00cd5c8 elementor-widget elementor-widget-text-editor\" data-id=\"00cd5c8\" data-element_type=\"widget\" data-widget_type=\"text-editor.default\">\n\t\t\t\t<div class=\"elementor-widget-container\">\n\t\t\t\t\t\t\t\t\t<h2 class=\"p3\">POURQUOI CHOISIR LE MICROBLADING ?<\/h2>\n\n<p class=\"p1\">\u2714 <span class=\"s1\"><b>Sourcils personnalis\u00e9s<\/b><\/span> selon la structure de votre visage, pour un design \u00e9quilibr\u00e9 et harmonieux.<\/p>\n\n<p class=\"p1\">\u2714 <span class=\"s1\"><b>Fini le maquillage quotidien<\/b><\/span>, gagnez du temps et r\u00e9veillez-vous avec des sourcils impeccables.<\/p>\n\n<p class=\"p1\">\u2714 <span class=\"s1\"><b>Finition hyperr\u00e9aliste<\/b><\/span> gr\u00e2ce \u00e0 des traits fins qui imitent le poil naturel.<\/p>\n\n<p class=\"p1\">\u2714 <span class=\"s1\"><b>Tenue de 8 \u00e0 24 mois<\/b><\/span>, selon votre type de peau et les soins apport\u00e9s.<\/p>\n\n<p class=\"p1\">\u2714 <span class=\"s1\"><b>Plus de confiance et de confort<\/b><\/span>, profitez de sourcils bien d\u00e9finis sans effort.<\/p>\t\t\t\t\t\t\t\t<\/div>\n\t\t\t\t<\/div>\n\t\t\t\t<div class=\"elementor-element elementor-element-4dda8e2 content-align-center art-fadeIn art-anim animate__delay-1s elementor-widget elementor-widget-art-dark-button\" data-id=\"4dda8e2\" data-element_type=\"widget\" data-widget_type=\"art-dark-button.default\">\n\t\t\t\t<div class=\"elementor-widget-container\">\n\t\t\t\t\t\r\n                            <div class=\"art-widget-button art--aliment-center art--aliment-tablet- art--aliment-mobile-\">\r\n                        <a href=\"https:\/\/www.fresha.com\/es\/book-now\/bonita-home-studio-koy6vc12\/all-offer?share&pId=714609\"  rel=\"nofollow\" class=\"art-button art-button-dark\">PRENEZ RENDEZ-VOUS<\/a>\r\n                    <\/div>\r\n                    \r\n\r\n\r\n\t\t\t\t\t\t<\/div>\n\t\t\t\t<\/div>\n\t\t\t\t\t<\/div>\n\t\t\t\t<\/div>\n\t\t<div class=\"elementor-element elementor-element-32ef46f e-flex e-con-boxed e-con e-parent\" data-id=\"32ef46f\" data-element_type=\"container\">\n\t\t\t\t\t<div class=\"e-con-inner\">\n\t\t\t\t<div class=\"elementor-element elementor-element-53ed5b0 elementor-widget elementor-widget-text-editor\" data-id=\"53ed5b0\" data-element_type=\"widget\" data-widget_type=\"text-editor.default\">\n\t\t\t\t<div class=\"elementor-widget-container\">\n\t\t\t\t\t\t\t\t\t<h2 class=\"p1\">R\u00c9VEILLEZ-VOUS CHAQUE JOUR AVEC DES SOURCILS PARFAITS GR\u00c2CE \u00c0 NOTRE MICROBLADING \u00c0 PLAYA DEL CARMEN<\/h2>\n\n<p class=\"p4\">Vous allez adorer le r\u00e9sultat. Oubliez le maquillage quotidien et profitez d\u2019un look impeccable du matin jusqu\u2019au soir.<\/p>\t\t\t\t\t\t\t\t<\/div>\n\t\t\t\t<\/div>\n\t\t\t\t\t<\/div>\n\t\t\t\t<\/div>\n\t\t<div class=\"elementor-element elementor-element-249c522 e-flex e-con-boxed e-con e-parent\" data-id=\"249c522\" data-element_type=\"container\">\n\t\t\t\t\t<div class=\"e-con-inner\">\n\t\t\t\t<div class=\"elementor-element elementor-element-52e4235 elementor-widget elementor-widget-text-editor\" data-id=\"52e4235\" data-element_type=\"widget\" data-widget_type=\"text-editor.default\">\n\t\t\t\t<div class=\"elementor-widget-container\">\n\t\t\t\t\t\t\t\t\t<strong>D\u00e9couvrez-en plus sur la micropigmentation, son d\u00e9roulement, les soins apr\u00e8s le traitement et tous ses bienfaits<\/strong>\n<a class=\"small-button\" href=\"https:\/\/lovelbeauty.mx\/micropigmentacion-en-playa-del-carmen\/\">ici<\/a>\n\n<style>\n    .small-button {\n        display: inline-block;\n        padding: 0px 12px;\n        font-size: 14px;\n        font-weight: bold;\n        color: white;\n        background-color: #000000; \/* Noir *\/\n        border-radius: 50px;\n        text-decoration: none;\n        transition: background 0.3s ease;\n    }\n\n    .small-button:hover {\n        background-color: #333333; \/* Noir plus clair au survol *\/\n    }\n<\/style>\t\t\t\t\t\t\t\t<\/div>\n\t\t\t\t<\/div>\n\t\t\t\t\t<\/div>\n\t\t\t\t<\/div>\n\t\t<div class=\"elementor-element elementor-element-c3ebfbe e-flex e-con-boxed e-con e-parent\" data-id=\"c3ebfbe\" data-element_type=\"container\">\n\t\t\t\t\t<div class=\"e-con-inner\">\n\t\t\t\t<div class=\"elementor-element elementor-element-172dded elementor-widget elementor-widget-text-editor\" data-id=\"172dded\" data-element_type=\"widget\" data-widget_type=\"text-editor.default\">\n\t\t\t\t<div class=\"elementor-widget-container\">\n\t\t\t\t\t\t\t\t\t<p><strong>Microblading des sourcils<\/strong> \u2013 $4700<\/p><p><strong>Retouche \u00e0 1 mois<\/strong> \u2013 $1700<\/p><p><strong>Retouche \u00e0 1 an<\/strong> \u2013 $2700<\/p><p><em>*Les retouches sont exclusivement r\u00e9serv\u00e9es aux clientes de LOVEL BEAUTY.<\/em><\/p>\t\t\t\t\t\t\t\t<\/div>\n\t\t\t\t<\/div>\n\t\t\t\t\t<\/div>\n\t\t\t\t<\/div>\n\t\t<div class=\"elementor-element elementor-element-ee4029b e-flex e-con-boxed e-con e-parent\" data-id=\"ee4029b\" data-element_type=\"container\">\n\t\t\t\t\t<div class=\"e-con-inner\">\n\t\t\t\t<div class=\"elementor-element elementor-element-ea628d1 content-align-center art-fadeIn art-anim animate__delay-1s elementor-widget elementor-widget-art-dark-button\" data-id=\"ea628d1\" data-element_type=\"widget\" data-widget_type=\"art-dark-button.default\">\n\t\t\t\t<div class=\"elementor-widget-container\">\n\t\t\t\t\t\r\n        \r\n                <div class=\"art-widget-button art--aliment-center art--aliment-tablet- art--aliment-mobile-\">\r\n                    <a href=\"https:\/\/lovelbeauty.mx\/menu-de-servicios\/\" class=\"art-button art-button-dark\">MENU DES SERVICES<\/a>\r\n                <\/div>\r\n\r\n                \r\n\r\n\r\n\t\t\t\t\t\t<\/div>\n\t\t\t\t<\/div>\n\t\t\t\t\t<\/div>\n\t\t\t\t<\/div>\n\t\t<div class=\"elementor-element elementor-element-0b88ba8 e-flex e-con-boxed e-con e-parent\" data-id=\"0b88ba8\" data-element_type=\"container\">\n\t\t\t\t\t<div class=\"e-con-inner\">\n\t\t<div class=\"elementor-element elementor-element-31fb8bf e-con-full e-flex e-con e-child\" data-id=\"31fb8bf\" data-element_type=\"container\">\n\t\t\t\t<div class=\"elementor-element elementor-element-dcda165 elementor-align-left elementor-invisible elementor-widget elementor-widget-button\" data-id=\"dcda165\" data-element_type=\"widget\" data-settings=\"{&quot;_animation&quot;:&quot;zoomIn&quot;,&quot;_animation_mobile&quot;:&quot;zoomIn&quot;}\" data-widget_type=\"button.default\">\n\t\t\t\t<div class=\"elementor-widget-container\">\n\t\t\t\t\t\t\t\t\t<div class=\"elementor-button-wrapper\">\n\t\t\t\t\t<a class=\"elementor-button elementor-button-link elementor-size-sm\" href=\"https:\/\/lovelbeauty.mx\/fr\/micropigmentation-playa-del-carmen\/\">\n\t\t\t\t\t\t<span class=\"elementor-button-content-wrapper\">\n\t\t\t\t\t\t<span class=\"elementor-button-icon\">\n\t\t\t\t<svg aria-hidden=\"true\" class=\"e-font-icon-svg e-far-arrow-alt-circle-left\" viewBox=\"0 0 512 512\" xmlns=\"http:\/\/www.w3.org\/2000\/svg\"><path d=\"M8 256c0 137 111 248 248 248s248-111 248-248S393 8 256 8 8 119 8 256zm448 0c0 110.5-89.5 200-200 200S56 366.5 56 256 145.5 56 256 56s200 89.5 200 200zm-72-20v40c0 6.6-5.4 12-12 12H256v67c0 10.7-12.9 16-20.5 8.5l-99-99c-4.7-4.7-4.7-12.3 0-17l99-99c7.6-7.6 20.5-2.2 20.5 8.5v67h116c6.6 0 12 5.4 12 12z\"><\/path><\/svg>\t\t\t<\/span>\n\t\t\t\t\t\t\t\t\t<span class=\"elementor-button-text\">micropigmentation<\/span>\n\t\t\t\t\t<\/span>\n\t\t\t\t\t<\/a>\n\t\t\t\t<\/div>\n\t\t\t\t\t\t\t\t<\/div>\n\t\t\t\t<\/div>\n\t\t\t\t<div class=\"elementor-element elementor-element-cbc25a4 elementor-invisible elementor-widget elementor-widget-button\" data-id=\"cbc25a4\" data-element_type=\"widget\" data-settings=\"{&quot;_animation&quot;:&quot;zoomIn&quot;,&quot;_animation_mobile&quot;:&quot;zoomIn&quot;}\" data-widget_type=\"button.default\">\n\t\t\t\t<div class=\"elementor-widget-container\">\n\t\t\t\t\t\t\t\t\t<div class=\"elementor-button-wrapper\">\n\t\t\t\t\t<a class=\"elementor-button elementor-button-link elementor-size-sm\" href=\"https:\/\/lovelbeauty.mx\/fr\/powderbrows-playa-del-carmen\/\">\n\t\t\t\t\t\t<span class=\"elementor-button-content-wrapper\">\n\t\t\t\t\t\t<span class=\"elementor-button-icon\">\n\t\t\t\t<svg aria-hidden=\"true\" class=\"e-font-icon-svg e-far-arrow-alt-circle-right\" viewBox=\"0 0 512 512\" xmlns=\"http:\/\/www.w3.org\/2000\/svg\"><path d=\"M504 256C504 119 393 8 256 8S8 119 8 256s111 248 248 248 248-111 248-248zm-448 0c0-110.5 89.5-200 200-200s200 89.5 200 200-89.5 200-200 200S56 366.5 56 256zm72 20v-40c0-6.6 5.4-12 12-12h116v-67c0-10.7 12.9-16 20.5-8.5l99 99c4.7 4.7 4.7 12.3 0 17l-99 99c-7.6 7.6-20.5 2.2-20.5-8.5v-67H140c-6.6 0-12-5.4-12-12z\"><\/path><\/svg>\t\t\t<\/span>\n\t\t\t\t\t\t\t\t\t<span class=\"elementor-button-text\">POWDERBROWS<\/span>\n\t\t\t\t\t<\/span>\n\t\t\t\t\t<\/a>\n\t\t\t\t<\/div>\n\t\t\t\t\t\t\t\t<\/div>\n\t\t\t\t<\/div>\n\t\t\t\t<\/div>\n\t\t\t\t\t<\/div>\n\t\t\t\t<\/div>\n\t\t\t\t<\/div>\n\t\t","protected":false},"excerpt":{"rendered":"<p>MICROBLADING \u00c0 PLAYA DEL CARMEN Souhaitez-vous des sourcils d\u00e9finis et naturels gr\u00e2ce au microblading \u00e0 Playa del Carmen ? Chez LOVEL BEAUTY, nous vous offrons des r\u00e9sultats d\u2019exception pour sublimer votre beaut\u00e9. DES SOURCILS D\u00c9FINIS ET NATURELS SANS EFFORT Le microblading est la solution id\u00e9ale pour celles et ceux qui souhaitent des sourcils parfaitement dessin\u00e9s, [&hellip;]<\/p>\n","protected":false},"author":1,"featured_media":0,"parent":0,"menu_order":0,"comment_status":"closed","ping_status":"closed","template":"elementor-template.php","meta":{"inline_featured_image":false,"_monsterinsights_skip_tracking":false,"_monsterinsights_sitenote_active":false,"_monsterinsights_sitenote_note":"","_monsterinsights_sitenote_category":0,"footnotes":""},"class_list":["post-8674","page","type-page","status-publish","hentry"],"yoast_head":"<!-- This site is optimized with the Yoast SEO plugin v26.6 - https:\/\/yoast.com\/wordpress\/plugins\/seo\/ -->\n<title>Microblading \u00e0 Playa del Carmen | LOVEL BEAUTY<\/title>\n<meta name=\"description\" content=\"Donnez forme et volume \u00e0 vos sourcils avec le microblading \u00e0 Playa del Carmen. R\u00e9sultat naturel et semi-permanent.\" \/>\n<meta name=\"robots\" content=\"index, follow, max-snippet:-1, max-image-preview:large, max-video-preview:-1\" \/>\n<link rel=\"canonical\" href=\"https:\/\/lovelbeauty.mx\/microblading-playa-del-carmen\/\" \/>\n<meta property=\"og:locale\" content=\"fr_FR\" \/>\n<meta property=\"og:type\" content=\"article\" \/>\n<meta property=\"og:title\" content=\"Microblading \u00e0 Playa del Carmen | LOVEL BEAUTY\" \/>\n<meta property=\"og:description\" content=\"Donnez forme et volume \u00e0 vos sourcils avec le microblading \u00e0 Playa del Carmen. R\u00e9sultat naturel et semi-permanent.\" \/>\n<meta property=\"og:url\" content=\"https:\/\/lovelbeauty.mx\/microblading-playa-del-carmen\/\" \/>\n<meta property=\"og:site_name\" content=\"lovelbeauty.mx\" \/>\n<meta property=\"article:publisher\" content=\"https:\/\/www.facebook.com\/share\/1EyUQBTKqT\/?mibextid=wwXIfr\" \/>\n<meta property=\"article:modified_time\" content=\"2026-02-15T22:15:11+00:00\" \/>\n<meta property=\"og:image\" content=\"https:\/\/lovelbeauty.mx\/wp-content\/uploads\/elementor\/thumbs\/microblading-en-playa-del-carmen-r35ff63b8lls5mag0hymyw1nqn400ubt7axa37woso.webp\" \/>\n<meta name=\"twitter:card\" content=\"summary_large_image\" \/>\n<meta name=\"twitter:label1\" content=\"Dur\u00e9e de lecture estim\u00e9e\" \/>\n\t<meta name=\"twitter:data1\" content=\"3 minutes\" \/>\n<script type=\"application\/ld+json\" class=\"yoast-schema-graph\">{\"@context\":\"https:\/\/schema.org\",\"@graph\":[{\"@type\":\"WebPage\",\"@id\":\"https:\/\/lovelbeauty.mx\/microblading-playa-del-carmen\/\",\"url\":\"https:\/\/lovelbeauty.mx\/microblading-playa-del-carmen\/\",\"name\":\"Microblading \u00e0 Playa del Carmen | LOVEL BEAUTY\",\"isPartOf\":{\"@id\":\"https:\/\/lovelbeauty.mx\/#website\"},\"primaryImageOfPage\":{\"@id\":\"https:\/\/lovelbeauty.mx\/microblading-playa-del-carmen\/#primaryimage\"},\"image\":{\"@id\":\"https:\/\/lovelbeauty.mx\/microblading-playa-del-carmen\/#primaryimage\"},\"thumbnailUrl\":\"https:\/\/lovelbeauty.mx\/wp-content\/uploads\/elementor\/thumbs\/microblading-en-playa-del-carmen-r35ff63b8lls5mag0hymyw1nqn400ubt7axa37woso.webp\",\"datePublished\":\"2025-02-12T16:34:52+00:00\",\"dateModified\":\"2026-02-15T22:15:11+00:00\",\"description\":\"Donnez forme et volume \u00e0 vos sourcils avec le microblading \u00e0 Playa del Carmen. R\u00e9sultat naturel et semi-permanent.\",\"breadcrumb\":{\"@id\":\"https:\/\/lovelbeauty.mx\/microblading-playa-del-carmen\/#breadcrumb\"},\"inLanguage\":\"fr-FR\",\"potentialAction\":[{\"@type\":\"ReadAction\",\"target\":[\"https:\/\/lovelbeauty.mx\/microblading-playa-del-carmen\/\"]}]},{\"@type\":\"ImageObject\",\"inLanguage\":\"fr-FR\",\"@id\":\"https:\/\/lovelbeauty.mx\/microblading-playa-del-carmen\/#primaryimage\",\"url\":\"https:\/\/lovelbeauty.mx\/wp-content\/uploads\/elementor\/thumbs\/microblading-en-playa-del-carmen-r35ff63b8lls5mag0hymyw1nqn400ubt7axa37woso.webp\",\"contentUrl\":\"https:\/\/lovelbeauty.mx\/wp-content\/uploads\/elementor\/thumbs\/microblading-en-playa-del-carmen-r35ff63b8lls5mag0hymyw1nqn400ubt7axa37woso.webp\"},{\"@type\":\"BreadcrumbList\",\"@id\":\"https:\/\/lovelbeauty.mx\/microblading-playa-del-carmen\/#breadcrumb\",\"itemListElement\":[{\"@type\":\"ListItem\",\"position\":1,\"name\":\"Home\",\"item\":\"https:\/\/lovelbeauty.mx\/\"},{\"@type\":\"ListItem\",\"position\":2,\"name\":\"MICROBLADING\"}]},{\"@type\":\"WebSite\",\"@id\":\"https:\/\/lovelbeauty.mx\/#website\",\"url\":\"https:\/\/lovelbeauty.mx\/\",\"name\":\"Lovel Beauty\",\"description\":\"M\u00e1s Que Belleza... Actos De Amor | Playa Del Carmen\",\"publisher\":{\"@id\":\"https:\/\/lovelbeauty.mx\/#organization\"},\"potentialAction\":[{\"@type\":\"SearchAction\",\"target\":{\"@type\":\"EntryPoint\",\"urlTemplate\":\"https:\/\/lovelbeauty.mx\/?s={search_term_string}\"},\"query-input\":{\"@type\":\"PropertyValueSpecification\",\"valueRequired\":true,\"valueName\":\"search_term_string\"}}],\"inLanguage\":\"fr-FR\"},{\"@type\":\"Organization\",\"@id\":\"https:\/\/lovelbeauty.mx\/#organization\",\"name\":\"Lovel Beauty\",\"url\":\"https:\/\/lovelbeauty.mx\/\",\"logo\":{\"@type\":\"ImageObject\",\"inLanguage\":\"fr-FR\",\"@id\":\"https:\/\/lovelbeauty.mx\/#\/schema\/logo\/image\/\",\"url\":\"https:\/\/lovelbeauty.mx\/wp-content\/uploads\/2025\/02\/1_1.-Marca-Oficial.png\",\"contentUrl\":\"https:\/\/lovelbeauty.mx\/wp-content\/uploads\/2025\/02\/1_1.-Marca-Oficial.png\",\"width\":2550,\"height\":1930,\"caption\":\"Lovel Beauty\"},\"image\":{\"@id\":\"https:\/\/lovelbeauty.mx\/#\/schema\/logo\/image\/\"},\"sameAs\":[\"https:\/\/www.facebook.com\/share\/1EyUQBTKqT\/?mibextid=wwXIfr\",\"https:\/\/www.instagram.com\/lovelbeauty_\"]}]}<\/script>\n<!-- \/ Yoast SEO plugin. -->","yoast_head_json":{"title":"Microblading \u00e0 Playa del Carmen | LOVEL BEAUTY","description":"Donnez forme et volume \u00e0 vos sourcils avec le microblading \u00e0 Playa del Carmen. R\u00e9sultat naturel et semi-permanent.","robots":{"index":"index","follow":"follow","max-snippet":"max-snippet:-1","max-image-preview":"max-image-preview:large","max-video-preview":"max-video-preview:-1"},"canonical":"https:\/\/lovelbeauty.mx\/microblading-playa-del-carmen\/","og_locale":"fr_FR","og_type":"article","og_title":"Microblading \u00e0 Playa del Carmen | LOVEL BEAUTY","og_description":"Donnez forme et volume \u00e0 vos sourcils avec le microblading \u00e0 Playa del Carmen. R\u00e9sultat naturel et semi-permanent.","og_url":"https:\/\/lovelbeauty.mx\/microblading-playa-del-carmen\/","og_site_name":"lovelbeauty.mx","article_publisher":"https:\/\/www.facebook.com\/share\/1EyUQBTKqT\/?mibextid=wwXIfr","article_modified_time":"2026-02-15T22:15:11+00:00","og_image":[{"url":"https:\/\/lovelbeauty.mx\/wp-content\/uploads\/elementor\/thumbs\/microblading-en-playa-del-carmen-r35ff63b8lls5mag0hymyw1nqn400ubt7axa37woso.webp","type":"","width":"","height":""}],"twitter_card":"summary_large_image","twitter_misc":{"Dur\u00e9e de lecture estim\u00e9e":"3 minutes"},"schema":{"@context":"https:\/\/schema.org","@graph":[{"@type":"WebPage","@id":"https:\/\/lovelbeauty.mx\/microblading-playa-del-carmen\/","url":"https:\/\/lovelbeauty.mx\/microblading-playa-del-carmen\/","name":"Microblading \u00e0 Playa del Carmen | LOVEL BEAUTY","isPartOf":{"@id":"https:\/\/lovelbeauty.mx\/#website"},"primaryImageOfPage":{"@id":"https:\/\/lovelbeauty.mx\/microblading-playa-del-carmen\/#primaryimage"},"image":{"@id":"https:\/\/lovelbeauty.mx\/microblading-playa-del-carmen\/#primaryimage"},"thumbnailUrl":"https:\/\/lovelbeauty.mx\/wp-content\/uploads\/elementor\/thumbs\/microblading-en-playa-del-carmen-r35ff63b8lls5mag0hymyw1nqn400ubt7axa37woso.webp","datePublished":"2025-02-12T16:34:52+00:00","dateModified":"2026-02-15T22:15:11+00:00","description":"Donnez forme et volume \u00e0 vos sourcils avec le microblading \u00e0 Playa del Carmen. R\u00e9sultat naturel et semi-permanent.","breadcrumb":{"@id":"https:\/\/lovelbeauty.mx\/microblading-playa-del-carmen\/#breadcrumb"},"inLanguage":"fr-FR","potentialAction":[{"@type":"ReadAction","target":["https:\/\/lovelbeauty.mx\/microblading-playa-del-carmen\/"]}]},{"@type":"ImageObject","inLanguage":"fr-FR","@id":"https:\/\/lovelbeauty.mx\/microblading-playa-del-carmen\/#primaryimage","url":"https:\/\/lovelbeauty.mx\/wp-content\/uploads\/elementor\/thumbs\/microblading-en-playa-del-carmen-r35ff63b8lls5mag0hymyw1nqn400ubt7axa37woso.webp","contentUrl":"https:\/\/lovelbeauty.mx\/wp-content\/uploads\/elementor\/thumbs\/microblading-en-playa-del-carmen-r35ff63b8lls5mag0hymyw1nqn400ubt7axa37woso.webp"},{"@type":"BreadcrumbList","@id":"https:\/\/lovelbeauty.mx\/microblading-playa-del-carmen\/#breadcrumb","itemListElement":[{"@type":"ListItem","position":1,"name":"Home","item":"https:\/\/lovelbeauty.mx\/"},{"@type":"ListItem","position":2,"name":"MICROBLADING"}]},{"@type":"WebSite","@id":"https:\/\/lovelbeauty.mx\/#website","url":"https:\/\/lovelbeauty.mx\/","name":"Lovel Beauty","description":"M\u00e1s Que Belleza... Actos De Amor | Playa Del Carmen","publisher":{"@id":"https:\/\/lovelbeauty.mx\/#organization"},"potentialAction":[{"@type":"SearchAction","target":{"@type":"EntryPoint","urlTemplate":"https:\/\/lovelbeauty.mx\/?s={search_term_string}"},"query-input":{"@type":"PropertyValueSpecification","valueRequired":true,"valueName":"search_term_string"}}],"inLanguage":"fr-FR"},{"@type":"Organization","@id":"https:\/\/lovelbeauty.mx\/#organization","name":"Lovel Beauty","url":"https:\/\/lovelbeauty.mx\/","logo":{"@type":"ImageObject","inLanguage":"fr-FR","@id":"https:\/\/lovelbeauty.mx\/#\/schema\/logo\/image\/","url":"https:\/\/lovelbeauty.mx\/wp-content\/uploads\/2025\/02\/1_1.-Marca-Oficial.png","contentUrl":"https:\/\/lovelbeauty.mx\/wp-content\/uploads\/2025\/02\/1_1.-Marca-Oficial.png","width":2550,"height":1930,"caption":"Lovel Beauty"},"image":{"@id":"https:\/\/lovelbeauty.mx\/#\/schema\/logo\/image\/"},"sameAs":["https:\/\/www.facebook.com\/share\/1EyUQBTKqT\/?mibextid=wwXIfr","https:\/\/www.instagram.com\/lovelbeauty_"]}]}},"_links":{"self":[{"href":"https:\/\/lovelbeauty.mx\/fr\/wp-json\/wp\/v2\/pages\/8674","targetHints":{"allow":["GET"]}}],"collection":[{"href":"https:\/\/lovelbeauty.mx\/fr\/wp-json\/wp\/v2\/pages"}],"about":[{"href":"https:\/\/lovelbeauty.mx\/fr\/wp-json\/wp\/v2\/types\/page"}],"author":[{"embeddable":true,"href":"https:\/\/lovelbeauty.mx\/fr\/wp-json\/wp\/v2\/users\/1"}],"replies":[{"embeddable":true,"href":"https:\/\/lovelbeauty.mx\/fr\/wp-json\/wp\/v2\/comments?post=8674"}],"version-history":[{"count":10,"href":"https:\/\/lovelbeauty.mx\/fr\/wp-json\/wp\/v2\/pages\/8674\/revisions"}],"predecessor-version":[{"id":9485,"href":"https:\/\/lovelbeauty.mx\/fr\/wp-json\/wp\/v2\/pages\/8674\/revisions\/9485"}],"wp:attachment":[{"href":"https:\/\/lovelbeauty.mx\/fr\/wp-json\/wp\/v2\/media?parent=8674"}],"curies":[{"name":"wp","href":"https:\/\/api.w.org\/{rel}","templated":true}]}}