{"id":8932,"date":"2020-07-03T10:56:25","date_gmt":"2020-07-03T10:56:25","guid":{"rendered":"https:\/\/lovelbeauty.mx\/our-story\/"},"modified":"2026-01-23T19:00:25","modified_gmt":"2026-01-23T19:00:25","slug":"qui-sommes-nous","status":"publish","type":"page","link":"https:\/\/lovelbeauty.mx\/fr\/qui-sommes-nous\/","title":{"rendered":"QUI SOMMES-NOUS"},"content":{"rendered":"\t\t<div data-elementor-type=\"wp-page\" data-elementor-id=\"8932\" class=\"elementor elementor-8932\">\n\t\t\t\t<div class=\"elementor-element elementor-element-1b6e2e9 e-flex e-con-boxed e-con e-parent\" data-id=\"1b6e2e9\" data-element_type=\"container\" data-settings=\"{&quot;background_background&quot;:&quot;classic&quot;}\">\n\t\t\t\t\t<div class=\"e-con-inner\">\n\t\t\t\t<div class=\"elementor-element elementor-element-4e5494d elementor-widget elementor-widget-heading\" data-id=\"4e5494d\" data-element_type=\"widget\" data-widget_type=\"heading.default\">\n\t\t\t\t<div class=\"elementor-widget-container\">\n\t\t\t\t\t<h1 class=\"elementor-heading-title elementor-size-default\">QUI SOMMES-NOUS<\/h1>\t\t\t\t<\/div>\n\t\t\t\t<\/div>\n\t\t\t\t\t<\/div>\n\t\t\t\t<\/div>\n\t\t\t\t<section class=\"elementor-section elementor-top-section elementor-element elementor-element-eaa711f elementor-section-boxed elementor-section-height-default elementor-section-height-default\" data-id=\"eaa711f\" data-element_type=\"section\">\n\t\t\t\t\t\t\t<div class=\"elementor-background-overlay\"><\/div>\n\t\t\t\t\t\t\t<div class=\"elementor-container elementor-column-gap-default\">\n\t\t\t\t\t<div class=\"elementor-column elementor-col-50 elementor-top-column elementor-element elementor-element-fbeade0\" data-id=\"fbeade0\" data-element_type=\"column\">\n\t\t\t<div class=\"elementor-widget-wrap elementor-element-populated\">\n\t\t\t\t\t\t<div class=\"elementor-element elementor-element-874e2d2 elementor-widget elementor-widget-image\" data-id=\"874e2d2\" data-element_type=\"widget\" data-widget_type=\"image.default\">\n\t\t\t\t<div class=\"elementor-widget-container\">\n\t\t\t\t\t\t\t\t\t\t\t\t\t\t\t<img fetchpriority=\"high\" decoding=\"async\" width=\"819\" height=\"1024\" src=\"https:\/\/lovelbeauty.mx\/wp-content\/uploads\/2025\/04\/quienessomos3-819x1024.webp\" class=\"attachment-large size-large wp-image-6995\" alt=\"\" srcset=\"https:\/\/lovelbeauty.mx\/wp-content\/uploads\/2025\/04\/quienessomos3-819x1024.webp 819w, https:\/\/lovelbeauty.mx\/wp-content\/uploads\/2025\/04\/quienessomos3-240x300.webp 240w, https:\/\/lovelbeauty.mx\/wp-content\/uploads\/2025\/04\/quienessomos3-768x960.webp 768w, https:\/\/lovelbeauty.mx\/wp-content\/uploads\/2025\/04\/quienessomos3-600x750.webp 600w, https:\/\/lovelbeauty.mx\/wp-content\/uploads\/2025\/04\/quienessomos3-120x150.webp 120w, https:\/\/lovelbeauty.mx\/wp-content\/uploads\/2025\/04\/quienessomos3.webp 1080w\" sizes=\"(max-width: 819px) 100vw, 819px\" \/>\t\t\t\t\t\t\t\t\t\t\t\t\t\t\t<\/div>\n\t\t\t\t<\/div>\n\t\t\t\t\t<\/div>\n\t\t<\/div>\n\t\t\t\t<div class=\"elementor-column elementor-col-50 elementor-top-column elementor-element elementor-element-a51993b\" data-id=\"a51993b\" data-element_type=\"column\">\n\t\t\t<div class=\"elementor-widget-wrap elementor-element-populated\">\n\t\t\t\t\t\t<div class=\"elementor-element elementor-element-3ed80e3 elementor-widget elementor-widget-heading\" data-id=\"3ed80e3\" data-element_type=\"widget\" data-widget_type=\"heading.default\">\n\t\t\t\t<div class=\"elementor-widget-container\">\n\t\t\t\t\t<h2 class=\"elementor-heading-title elementor-size-default\">Qui sommes-nous<\/h2>\t\t\t\t<\/div>\n\t\t\t\t<\/div>\n\t\t\t\t<div class=\"elementor-element elementor-element-4ec737a elementor-widget elementor-widget-text-editor\" data-id=\"4ec737a\" data-element_type=\"widget\" data-widget_type=\"text-editor.default\">\n\t\t\t\t<div class=\"elementor-widget-container\">\n\t\t\t\t\t\t\t\t\t<p class=\"p1\">Chez <span class=\"s1\"><b>LOVEL BEAUTY<\/b><\/span>, nous sommes une \u00e9quipe passionn\u00e9e et unie par l\u2019amour du soin personnel et de la beaut\u00e9. Nous travaillons ensemble pour vous offrir des exp\u00e9riences uniques et personnalis\u00e9es.<\/p><p class=\"p1\">Lorena est la sp\u00e9cialiste derri\u00e8re chaque traitement, avec 7 ans d\u2019exp\u00e9rience et un profond engagement pour sublimer la beaut\u00e9 naturelle de chaque personne.<\/p><p class=\"p1\">Lukas s\u2019occupe de l\u2019administration, du marketing et des r\u00e9seaux sociaux, veillant \u00e0 ce que chaque d\u00e9tail du studio soit parfaitement organis\u00e9 et que nos clientes restent toujours bien inform\u00e9es.<\/p><p class=\"p1\">Notre approche allie professionnalisme, cr\u00e9ativit\u00e9 et une atmosph\u00e8re chaleureuse afin que chaque visite soit bien plus qu\u2019un simple soin : c\u2019est un moment pour prendre soin de vous et vous faire plaisir.<\/p><p class=\"p1\">Chez <span class=\"s1\"><b>LOVEL BEAUTY<\/b><\/span>, votre bien-\u00eatre est notre priorit\u00e9.<\/p><p class=\"p3\"><b>Plus que de la beaut\u00e9, des actes d\u2019amour.<\/b><\/p>\t\t\t\t\t\t\t\t<\/div>\n\t\t\t\t<\/div>\n\t\t\t\t\t<\/div>\n\t\t<\/div>\n\t\t\t\t\t<\/div>\n\t\t<\/section>\n\t\t<div class=\"elementor-element elementor-element-4a22f71 e-flex e-con-boxed e-con e-parent\" data-id=\"4a22f71\" data-element_type=\"container\">\n\t\t\t\t\t<div class=\"e-con-inner\">\n\t\t\t\t<div class=\"elementor-element elementor-element-56eb8f0 elementor-widget elementor-widget-text-editor\" data-id=\"56eb8f0\" data-element_type=\"widget\" data-widget_type=\"text-editor.default\">\n\t\t\t\t<div class=\"elementor-widget-container\">\n\t\t\t\t\t\t\t\t\t<p style=\"margin-bottom: 30px;\">\n<span style=\"font-weight: 800; font-size: 30px; display: block; margin-bottom: 18px;\">Mission<\/span>\nChez LOVEL BEAUTY, nous croyons que l\u2019amour est une partie essentielle de la vie.\nC\u2019est pourquoi chaque service que nous proposons est pens\u00e9 pour offrir amour et soin \u00e0 celles et ceux qui nous font confiance, en sublimant leur beaut\u00e9 naturelle avec qualit\u00e9, attention personnalis\u00e9e et un espace qui invite au bien-\u00eatre.\nNous aidons les femmes \u00e0 se sentir s\u00fbres d\u2019elles, rayonnantes et en paix avec leur image, en transformant leur routine quotidienne en un v\u00e9ritable acte d\u2019amour de soi.\n<\/p>\n\n<p style=\"margin-top: 35px; margin-bottom: 30px;\">\n<span style=\"font-weight: 800; font-size: 30px; display: block; margin-bottom: 18px;\">Vision<\/span>\n\u00catre un studio de beaut\u00e9 de r\u00e9f\u00e9rence pour notre excellence, notre chaleur humaine et notre raison d\u2019\u00eatre, o\u00f9 chaque service devient un rappel que l\u2019amour s\u2019exprime aussi \u00e0 travers le soin personnel.\nNous souhaitons inspirer la confiance chez chaque cliente et, \u00e0 l\u2019avenir, former de nouvelles professionnelles qui transmettront ce m\u00eame engagement envers la beaut\u00e9, le d\u00e9tail et l\u2019\u00e2me.\n<\/p>\n\n<p style=\"margin-top: 35px;\">\n<span style=\"font-weight: 800; font-size: 30px; display: block; margin-bottom: 18px;\">Valeurs<\/span>\nChez LOVEL BEAUTY, nous sommes guid\u00e9s par ces principes :\n<br>Respect\n<br>Honn\u00eatet\u00e9\n<br>Responsabilit\u00e9\n<br>Ponctualit\u00e9\n<br>Bienveillance\n<br>Empathie\n<br>Int\u00e9grit\u00e9\n<br>\nNous souhaitons que ces valeurs soient pr\u00e9sentes \u00e0 chaque rendez-vous, chaque conversation, chaque d\u00e9cision, chaque apprentissage, chaque jour.\n<\/p>\t\t\t\t\t\t\t\t<\/div>\n\t\t\t\t<\/div>\n\t\t\t\t\t<\/div>\n\t\t\t\t<\/div>\n\t\t\t\t<section class=\"elementor-section elementor-top-section elementor-element elementor-element-2c13724 elementor-section-boxed elementor-section-height-default elementor-section-height-default\" data-id=\"2c13724\" data-element_type=\"section\">\n\t\t\t\t\t\t<div class=\"elementor-container elementor-column-gap-default\">\n\t\t\t\t\t<div class=\"elementor-column elementor-col-100 elementor-top-column elementor-element elementor-element-db89749\" data-id=\"db89749\" data-element_type=\"column\">\n\t\t\t<div class=\"elementor-widget-wrap elementor-element-populated\">\n\t\t\t\t\t\t<div class=\"elementor-element elementor-element-288393b elementor-widget elementor-widget-heading\" data-id=\"288393b\" data-element_type=\"widget\" data-widget_type=\"heading.default\">\n\t\t\t\t<div class=\"elementor-widget-container\">\n\t\t\t\t\t<h2 class=\"elementor-heading-title elementor-size-default\">Notre \u00e9quipe<\/h2>\t\t\t\t<\/div>\n\t\t\t\t<\/div>\n\t\t\t\t\t<\/div>\n\t\t<\/div>\n\t\t\t\t\t<\/div>\n\t\t<\/section>\n\t\t\t\t<section class=\"elementor-section elementor-top-section elementor-element elementor-element-1c628e5 elementor-section-boxed elementor-section-height-default elementor-section-height-default\" data-id=\"1c628e5\" data-element_type=\"section\">\n\t\t\t\t\t\t<div class=\"elementor-container elementor-column-gap-default\">\n\t\t\t\t\t<div class=\"elementor-column elementor-col-100 elementor-top-column elementor-element elementor-element-e310c5e\" data-id=\"e310c5e\" data-element_type=\"column\">\n\t\t\t<div class=\"elementor-widget-wrap elementor-element-populated\">\n\t\t\t\t\t\t<div class=\"elementor-element elementor-element-f4d1ba1 elementor-widget elementor-widget-team\" data-id=\"f4d1ba1\" data-element_type=\"widget\" data-widget_type=\"team.default\">\n\t\t\t\t<div class=\"elementor-widget-container\">\n\t\t\t\t\t\r\n\r\n\t\t<div class=\"art-widget-team\">\r\n\r\n\r\n\t\t\t<div class=\"art-all-members\">\r\n\r\n\r\n\t\t\t\t\t\t\t\t                \r\n\t\t\t\t\t<div class=\"art-team-member col-sm-6 col-lg-3\">\r\n\r\n\t\t\t\t\t\t<div class=\"art-team-wrap\">\r\n\r\n\t\t\t\t\t\t\t<a href=\"#art-team-member-69e68561f2737-popup-1\" class=\"open-team-popup-link\">\r\n\t\t\t\t\t\t\t\t<img decoding=\"async\" src=\"https:\/\/lovelbeauty.mx\/wp-content\/uploads\/2025\/04\/LOR-233-scaled.webp\" alt=\"Team Member\">\r\n\t\t\t\t\t\t\t<\/a>\r\n\r\n\t\t\t\t\t\t\t<a href=\"#art-team-member-69e68561f2737-popup-1\" class=\"open-team-popup-link art-member-title\">\r\n\t\t\t\t\t\t\t\t<span class=\"art-heading-seven\">Lorena<\/span>\r\n\t\t\t\t\t\t\t<\/a>\r\n\r\n\t\t\t\t\t\t\t<span class=\"art-body-three-font art-member-position\">Sp\u00e9cialiste en beaut\u00e9 & cr\u00e9atrice de LOVEL BEAUTY<\/span>\r\n\t\t\t\t\t\t<\/div>\r\n\r\n\t\t\t\t\t\t<div id=\"art-team-member-69e68561f2737-popup-1\" class=\"zoom-anim-dialog art-team-popap mfp-hide\">\r\n\t\t\t\t\t\t\t<div class=\"art-team-widget-popup\">\r\n\r\n\t\t\t\t\t\t\t\t<div class=\"art-team-popup-container\">\r\n\t\t\t\t\t\t\t\t\t<div class=\"art-team-popup-left\">\r\n\t\t\t\t\t\t\t\t\t\t<img decoding=\"async\" src=\"https:\/\/lovelbeauty.mx\/wp-content\/uploads\/2025\/04\/LOR-233-scaled.webp\" alt=\"Team Member\">\r\n\t\t\t\t\t\t\t\t\t<\/div>\r\n\t\t\t\t\t\t\t\t\t<div class=\"art-team-popup-right\">\r\n\t\t\t\t\t\t\t\t\t\t<div class=\"member-popup-title art-h2\">Lorena<\/div>\r\n\t\t\t\t\t\t\t\t\t\t<span class=\"member-popup-position art-heading-seven\">Sp\u00e9cialiste en beaut\u00e9 & cr\u00e9atrice de LOVEL BEAUTY<\/span>\r\n\t\t\t\t\t\t\t\t\t\t<div class=\"art-popup-member-description\">\r\n\t\t\t\t\t\t\t\t\t\t\t<p class=\"p1\">Sp\u00e9cialiste en beaut\u00e9 et fondatrice de LOVEL BEAUTY, avec des ann\u00e9es d\u2019exp\u00e9rience et une v\u00e9ritable passion pour r\u00e9v\u00e9ler le meilleur de chaque personne.<\/p>\t\t\t\t\t\t\t\t\t\t<\/div>\r\n\t\t\t\t\t\t\t\t\t<\/div>\r\n\t\t\t\t\t\t\t\t<\/div>\r\n\r\n\t\t\t\t\t\t\t<\/div>\r\n\t\t\t\t\t\t<\/div>\r\n\r\n\t\t\t\t\t<\/div>\r\n\r\n\t\t\t\t\t\t\t\t\t                \r\n\t\t\t\t\t<div class=\"art-team-member col-sm-6 col-lg-3\">\r\n\r\n\t\t\t\t\t\t<div class=\"art-team-wrap\">\r\n\r\n\t\t\t\t\t\t\t<a href=\"#art-team-member-69e68561f2739-popup-2\" class=\"open-team-popup-link\">\r\n\t\t\t\t\t\t\t\t<img decoding=\"async\" src=\"https:\/\/lovelbeauty.mx\/wp-content\/uploads\/2025\/04\/LOR-331-scaled.webp\" alt=\"Team Member\">\r\n\t\t\t\t\t\t\t<\/a>\r\n\r\n\t\t\t\t\t\t\t<a href=\"#art-team-member-69e68561f2739-popup-2\" class=\"open-team-popup-link art-member-title\">\r\n\t\t\t\t\t\t\t\t<span class=\"art-heading-seven\">Lukas<\/span>\r\n\t\t\t\t\t\t\t<\/a>\r\n\r\n\t\t\t\t\t\t\t<span class=\"art-body-three-font art-member-position\">Gestion & Communication<\/span>\r\n\t\t\t\t\t\t<\/div>\r\n\r\n\t\t\t\t\t\t<div id=\"art-team-member-69e68561f2739-popup-2\" class=\"zoom-anim-dialog art-team-popap mfp-hide\">\r\n\t\t\t\t\t\t\t<div class=\"art-team-widget-popup\">\r\n\r\n\t\t\t\t\t\t\t\t<div class=\"art-team-popup-container\">\r\n\t\t\t\t\t\t\t\t\t<div class=\"art-team-popup-left\">\r\n\t\t\t\t\t\t\t\t\t\t<img decoding=\"async\" src=\"https:\/\/lovelbeauty.mx\/wp-content\/uploads\/2025\/04\/LOR-331-scaled.webp\" alt=\"Team Member\">\r\n\t\t\t\t\t\t\t\t\t<\/div>\r\n\t\t\t\t\t\t\t\t\t<div class=\"art-team-popup-right\">\r\n\t\t\t\t\t\t\t\t\t\t<div class=\"member-popup-title art-h2\">Lukas<\/div>\r\n\t\t\t\t\t\t\t\t\t\t<span class=\"member-popup-position art-heading-seven\">Gestion & Communication<\/span>\r\n\t\t\t\t\t\t\t\t\t\t<div class=\"art-popup-member-description\">\r\n\t\t\t\t\t\t\t\t\t\t\t<p class=\"p1\">Gestion et communication du studio, en assurant une organisation optimale, une pr\u00e9sence digitale soign\u00e9e et une connexion constante avec notre communaut\u00e9.<\/p>\t\t\t\t\t\t\t\t\t\t<\/div>\r\n\t\t\t\t\t\t\t\t\t<\/div>\r\n\t\t\t\t\t\t\t\t<\/div>\r\n\r\n\t\t\t\t\t\t\t<\/div>\r\n\t\t\t\t\t\t<\/div>\r\n\r\n\t\t\t\t\t<\/div>\r\n\r\n\t\t\t\t\t\t\t\t\t\r\n\t\t\t<\/div>\r\n\r\n\t\t<\/div>\r\n\r\n\t\t\t\t\t<\/div>\n\t\t\t\t<\/div>\n\t\t\t\t\t<\/div>\n\t\t<\/div>\n\t\t\t\t\t<\/div>\n\t\t<\/section>\n\t\t\t\t<\/div>\n\t\t","protected":false},"excerpt":{"rendered":"<p>QUI SOMMES-NOUS Qui sommes-nous Chez LOVEL BEAUTY, nous sommes une \u00e9quipe passionn\u00e9e et unie par l\u2019amour du soin personnel et de la beaut\u00e9. Nous travaillons ensemble pour vous offrir des exp\u00e9riences uniques et personnalis\u00e9es. Lorena est la sp\u00e9cialiste derri\u00e8re chaque traitement, avec 7 ans d\u2019exp\u00e9rience et un profond engagement pour sublimer la beaut\u00e9 naturelle de [&hellip;]<\/p>\n","protected":false},"author":1,"featured_media":0,"parent":0,"menu_order":0,"comment_status":"closed","ping_status":"closed","template":"elementor-template.php","meta":{"inline_featured_image":false,"_monsterinsights_skip_tracking":false,"_monsterinsights_sitenote_active":false,"_monsterinsights_sitenote_note":"","_monsterinsights_sitenote_category":0,"footnotes":""},"class_list":["post-8932","page","type-page","status-publish","hentry"],"yoast_head":"<!-- This site is optimized with the Yoast SEO plugin v26.6 - https:\/\/yoast.com\/wordpress\/plugins\/seo\/ -->\n<title>Qui\u00e9nes somos | LOVEL BEAUTY<\/title>\n<meta name=\"description\" content=\"Conoce al d\u00fao detr\u00e1s de LOVEL BEAUTY. Creamos experiencias de belleza c\u00e1lidas y personalizadas en Playa del Carmen.\" \/>\n<meta name=\"robots\" content=\"index, follow, max-snippet:-1, max-image-preview:large, max-video-preview:-1\" \/>\n<link rel=\"canonical\" href=\"https:\/\/lovelbeauty.mx\/fr\/qui-sommes-nous\/\" \/>\n<meta property=\"og:locale\" content=\"fr_FR\" \/>\n<meta property=\"og:type\" content=\"article\" \/>\n<meta property=\"og:title\" content=\"Qui\u00e9nes somos | LOVEL BEAUTY\" \/>\n<meta property=\"og:description\" content=\"Conoce al d\u00fao detr\u00e1s de LOVEL BEAUTY. Creamos experiencias de belleza c\u00e1lidas y personalizadas en Playa del Carmen.\" \/>\n<meta property=\"og:url\" content=\"https:\/\/lovelbeauty.mx\/fr\/qui-sommes-nous\/\" \/>\n<meta property=\"og:site_name\" content=\"lovelbeauty.mx\" \/>\n<meta property=\"article:publisher\" content=\"https:\/\/www.facebook.com\/share\/1EyUQBTKqT\/?mibextid=wwXIfr\" \/>\n<meta property=\"article:modified_time\" content=\"2026-01-23T19:00:25+00:00\" \/>\n<meta property=\"og:image\" content=\"https:\/\/lovelbeauty.mx\/wp-content\/uploads\/2025\/04\/quienessomos3.webp\" \/>\n\t<meta property=\"og:image:width\" content=\"1080\" \/>\n\t<meta property=\"og:image:height\" content=\"1350\" \/>\n\t<meta property=\"og:image:type\" content=\"image\/webp\" \/>\n<meta name=\"twitter:card\" content=\"summary_large_image\" \/>\n<meta name=\"twitter:label1\" content=\"Dur\u00e9e de lecture estim\u00e9e\" \/>\n\t<meta name=\"twitter:data1\" content=\"3 minutes\" \/>\n<script type=\"application\/ld+json\" class=\"yoast-schema-graph\">{\"@context\":\"https:\/\/schema.org\",\"@graph\":[{\"@type\":\"WebPage\",\"@id\":\"https:\/\/lovelbeauty.mx\/fr\/qui-sommes-nous\/\",\"url\":\"https:\/\/lovelbeauty.mx\/fr\/qui-sommes-nous\/\",\"name\":\"Qui\u00e9nes somos | LOVEL BEAUTY\",\"isPartOf\":{\"@id\":\"https:\/\/lovelbeauty.mx\/#website\"},\"primaryImageOfPage\":{\"@id\":\"https:\/\/lovelbeauty.mx\/fr\/qui-sommes-nous\/#primaryimage\"},\"image\":{\"@id\":\"https:\/\/lovelbeauty.mx\/fr\/qui-sommes-nous\/#primaryimage\"},\"thumbnailUrl\":\"https:\/\/lovelbeauty.mx\/wp-content\/uploads\/2025\/04\/quienessomos3-819x1024.webp\",\"datePublished\":\"2020-07-03T10:56:25+00:00\",\"dateModified\":\"2026-01-23T19:00:25+00:00\",\"description\":\"Conoce al d\u00fao detr\u00e1s de LOVEL BEAUTY. Creamos experiencias de belleza c\u00e1lidas y personalizadas en Playa del Carmen.\",\"breadcrumb\":{\"@id\":\"https:\/\/lovelbeauty.mx\/fr\/qui-sommes-nous\/#breadcrumb\"},\"inLanguage\":\"fr-FR\",\"potentialAction\":[{\"@type\":\"ReadAction\",\"target\":[\"https:\/\/lovelbeauty.mx\/fr\/qui-sommes-nous\/\"]}]},{\"@type\":\"ImageObject\",\"inLanguage\":\"fr-FR\",\"@id\":\"https:\/\/lovelbeauty.mx\/fr\/qui-sommes-nous\/#primaryimage\",\"url\":\"https:\/\/lovelbeauty.mx\/wp-content\/uploads\/2025\/04\/quienessomos3-819x1024.webp\",\"contentUrl\":\"https:\/\/lovelbeauty.mx\/wp-content\/uploads\/2025\/04\/quienessomos3-819x1024.webp\"},{\"@type\":\"BreadcrumbList\",\"@id\":\"https:\/\/lovelbeauty.mx\/fr\/qui-sommes-nous\/#breadcrumb\",\"itemListElement\":[{\"@type\":\"ListItem\",\"position\":1,\"name\":\"Home\",\"item\":\"https:\/\/lovelbeauty.mx\/\"},{\"@type\":\"ListItem\",\"position\":2,\"name\":\"QUI SOMMES-NOUS\"}]},{\"@type\":\"WebSite\",\"@id\":\"https:\/\/lovelbeauty.mx\/#website\",\"url\":\"https:\/\/lovelbeauty.mx\/\",\"name\":\"Lovel Beauty\",\"description\":\"M\u00e1s Que Belleza... Actos De Amor | Playa Del Carmen\",\"publisher\":{\"@id\":\"https:\/\/lovelbeauty.mx\/#organization\"},\"potentialAction\":[{\"@type\":\"SearchAction\",\"target\":{\"@type\":\"EntryPoint\",\"urlTemplate\":\"https:\/\/lovelbeauty.mx\/?s={search_term_string}\"},\"query-input\":{\"@type\":\"PropertyValueSpecification\",\"valueRequired\":true,\"valueName\":\"search_term_string\"}}],\"inLanguage\":\"fr-FR\"},{\"@type\":\"Organization\",\"@id\":\"https:\/\/lovelbeauty.mx\/#organization\",\"name\":\"Lovel Beauty\",\"url\":\"https:\/\/lovelbeauty.mx\/\",\"logo\":{\"@type\":\"ImageObject\",\"inLanguage\":\"fr-FR\",\"@id\":\"https:\/\/lovelbeauty.mx\/#\/schema\/logo\/image\/\",\"url\":\"https:\/\/lovelbeauty.mx\/wp-content\/uploads\/2025\/02\/1_1.-Marca-Oficial.png\",\"contentUrl\":\"https:\/\/lovelbeauty.mx\/wp-content\/uploads\/2025\/02\/1_1.-Marca-Oficial.png\",\"width\":2550,\"height\":1930,\"caption\":\"Lovel Beauty\"},\"image\":{\"@id\":\"https:\/\/lovelbeauty.mx\/#\/schema\/logo\/image\/\"},\"sameAs\":[\"https:\/\/www.facebook.com\/share\/1EyUQBTKqT\/?mibextid=wwXIfr\",\"https:\/\/www.instagram.com\/lovelbeauty_\"]}]}<\/script>\n<!-- \/ Yoast SEO plugin. -->","yoast_head_json":{"title":"Qui\u00e9nes somos | LOVEL BEAUTY","description":"Conoce al d\u00fao detr\u00e1s de LOVEL BEAUTY. Creamos experiencias de belleza c\u00e1lidas y personalizadas en Playa del Carmen.","robots":{"index":"index","follow":"follow","max-snippet":"max-snippet:-1","max-image-preview":"max-image-preview:large","max-video-preview":"max-video-preview:-1"},"canonical":"https:\/\/lovelbeauty.mx\/fr\/qui-sommes-nous\/","og_locale":"fr_FR","og_type":"article","og_title":"Qui\u00e9nes somos | LOVEL BEAUTY","og_description":"Conoce al d\u00fao detr\u00e1s de LOVEL BEAUTY. Creamos experiencias de belleza c\u00e1lidas y personalizadas en Playa del Carmen.","og_url":"https:\/\/lovelbeauty.mx\/fr\/qui-sommes-nous\/","og_site_name":"lovelbeauty.mx","article_publisher":"https:\/\/www.facebook.com\/share\/1EyUQBTKqT\/?mibextid=wwXIfr","article_modified_time":"2026-01-23T19:00:25+00:00","og_image":[{"width":1080,"height":1350,"url":"https:\/\/lovelbeauty.mx\/wp-content\/uploads\/2025\/04\/quienessomos3.webp","type":"image\/webp"}],"twitter_card":"summary_large_image","twitter_misc":{"Dur\u00e9e de lecture estim\u00e9e":"3 minutes"},"schema":{"@context":"https:\/\/schema.org","@graph":[{"@type":"WebPage","@id":"https:\/\/lovelbeauty.mx\/fr\/qui-sommes-nous\/","url":"https:\/\/lovelbeauty.mx\/fr\/qui-sommes-nous\/","name":"Qui\u00e9nes somos | LOVEL BEAUTY","isPartOf":{"@id":"https:\/\/lovelbeauty.mx\/#website"},"primaryImageOfPage":{"@id":"https:\/\/lovelbeauty.mx\/fr\/qui-sommes-nous\/#primaryimage"},"image":{"@id":"https:\/\/lovelbeauty.mx\/fr\/qui-sommes-nous\/#primaryimage"},"thumbnailUrl":"https:\/\/lovelbeauty.mx\/wp-content\/uploads\/2025\/04\/quienessomos3-819x1024.webp","datePublished":"2020-07-03T10:56:25+00:00","dateModified":"2026-01-23T19:00:25+00:00","description":"Conoce al d\u00fao detr\u00e1s de LOVEL BEAUTY. Creamos experiencias de belleza c\u00e1lidas y personalizadas en Playa del Carmen.","breadcrumb":{"@id":"https:\/\/lovelbeauty.mx\/fr\/qui-sommes-nous\/#breadcrumb"},"inLanguage":"fr-FR","potentialAction":[{"@type":"ReadAction","target":["https:\/\/lovelbeauty.mx\/fr\/qui-sommes-nous\/"]}]},{"@type":"ImageObject","inLanguage":"fr-FR","@id":"https:\/\/lovelbeauty.mx\/fr\/qui-sommes-nous\/#primaryimage","url":"https:\/\/lovelbeauty.mx\/wp-content\/uploads\/2025\/04\/quienessomos3-819x1024.webp","contentUrl":"https:\/\/lovelbeauty.mx\/wp-content\/uploads\/2025\/04\/quienessomos3-819x1024.webp"},{"@type":"BreadcrumbList","@id":"https:\/\/lovelbeauty.mx\/fr\/qui-sommes-nous\/#breadcrumb","itemListElement":[{"@type":"ListItem","position":1,"name":"Home","item":"https:\/\/lovelbeauty.mx\/"},{"@type":"ListItem","position":2,"name":"QUI SOMMES-NOUS"}]},{"@type":"WebSite","@id":"https:\/\/lovelbeauty.mx\/#website","url":"https:\/\/lovelbeauty.mx\/","name":"Lovel Beauty","description":"M\u00e1s Que Belleza... Actos De Amor | Playa Del Carmen","publisher":{"@id":"https:\/\/lovelbeauty.mx\/#organization"},"potentialAction":[{"@type":"SearchAction","target":{"@type":"EntryPoint","urlTemplate":"https:\/\/lovelbeauty.mx\/?s={search_term_string}"},"query-input":{"@type":"PropertyValueSpecification","valueRequired":true,"valueName":"search_term_string"}}],"inLanguage":"fr-FR"},{"@type":"Organization","@id":"https:\/\/lovelbeauty.mx\/#organization","name":"Lovel Beauty","url":"https:\/\/lovelbeauty.mx\/","logo":{"@type":"ImageObject","inLanguage":"fr-FR","@id":"https:\/\/lovelbeauty.mx\/#\/schema\/logo\/image\/","url":"https:\/\/lovelbeauty.mx\/wp-content\/uploads\/2025\/02\/1_1.-Marca-Oficial.png","contentUrl":"https:\/\/lovelbeauty.mx\/wp-content\/uploads\/2025\/02\/1_1.-Marca-Oficial.png","width":2550,"height":1930,"caption":"Lovel Beauty"},"image":{"@id":"https:\/\/lovelbeauty.mx\/#\/schema\/logo\/image\/"},"sameAs":["https:\/\/www.facebook.com\/share\/1EyUQBTKqT\/?mibextid=wwXIfr","https:\/\/www.instagram.com\/lovelbeauty_"]}]}},"_links":{"self":[{"href":"https:\/\/lovelbeauty.mx\/fr\/wp-json\/wp\/v2\/pages\/8932","targetHints":{"allow":["GET"]}}],"collection":[{"href":"https:\/\/lovelbeauty.mx\/fr\/wp-json\/wp\/v2\/pages"}],"about":[{"href":"https:\/\/lovelbeauty.mx\/fr\/wp-json\/wp\/v2\/types\/page"}],"author":[{"embeddable":true,"href":"https:\/\/lovelbeauty.mx\/fr\/wp-json\/wp\/v2\/users\/1"}],"replies":[{"embeddable":true,"href":"https:\/\/lovelbeauty.mx\/fr\/wp-json\/wp\/v2\/comments?post=8932"}],"version-history":[{"count":4,"href":"https:\/\/lovelbeauty.mx\/fr\/wp-json\/wp\/v2\/pages\/8932\/revisions"}],"predecessor-version":[{"id":8957,"href":"https:\/\/lovelbeauty.mx\/fr\/wp-json\/wp\/v2\/pages\/8932\/revisions\/8957"}],"wp:attachment":[{"href":"https:\/\/lovelbeauty.mx\/fr\/wp-json\/wp\/v2\/media?parent=8932"}],"curies":[{"name":"wp","href":"https:\/\/api.w.org\/{rel}","templated":true}]}}